
{"id":4153,"date":"2014-08-11T16:34:43","date_gmt":"2014-08-11T19:34:43","guid":{"rendered":"https:\/\/www.academiabuenosaires.com\/?page_id=4153"},"modified":"2014-08-11T16:36:34","modified_gmt":"2014-08-11T19:36:34","slug":"faq-2","status":"publish","type":"page","link":"https:\/\/www.academiabuenosaires.com\/pt-br\/faq-2\/","title":{"rendered":"FAQ"},"content":{"rendered":"<p>Se voc\u00ea tiver d\u00favidas, sugerimos que veja nas categorias correspondentes \u00e0s perguntas frequentes (FAQ) abaixo. Voc\u00ea tamb\u00e9m pode entrar em <a title=\"Contato\" href=\"https:\/\/www.academiabuenosaires.com\/pt-br\/contato\/\" target=\"_blank\">contato <\/a>conosco por e-mail ou ligue para +54 11 4345 5954.\u00a0[qa permalinks=false animation=fade\u00a0collapsible=true\u00a0excerpts=false]<\/p>\n","protected":false},"excerpt":{"rendered":"<p>Se voc\u00ea tiver d\u00favidas, sugerimos que veja nas categorias correspondentes \u00e0s perguntas frequentes (FAQ) abaixo. Voc\u00ea tamb\u00e9m pode entrar em contato conosco por e-mail ou ligue para +54 11 4345 5954.\u00a0[qa permalinks=false animation=fade\u00a0collapsible=true\u00a0excerpts=false]<\/p>\n","protected":false},"author":5,"featured_media":0,"parent":0,"menu_order":38,"comment_status":"closed","ping_status":"closed","template":"","meta":{"footnotes":""},"class_list":["post-4153","page","type-page","status-publish","hentry","entry"],"yoast_head":"<!-- This site is optimized with the Yoast SEO plugin v26.0 - https:\/\/yoast.com\/wordpress\/plugins\/seo\/ -->\n<title>FAQ - Academia Buenos Aires<\/title>\n<meta name=\"robots\" content=\"index, follow, max-snippet:-1, max-image-preview:large, max-video-preview:-1\" \/>\n<link rel=\"canonical\" href=\"https:\/\/www.academiabuenosaires.com\/pt-br\/faq-2\/\" \/>\n<meta property=\"og:locale\" content=\"pt_BR\" \/>\n<meta property=\"og:type\" content=\"article\" \/>\n<meta property=\"og:title\" content=\"FAQ - Academia Buenos Aires\" \/>\n<meta property=\"og:description\" content=\"Se voc\u00ea tiver d\u00favidas, sugerimos que veja nas categorias correspondentes \u00e0s perguntas frequentes (FAQ) abaixo. Voc\u00ea tamb\u00e9m pode entrar em contato conosco por e-mail ou ligue para +54 11 4345 5954.\u00a0[qa permalinks=false animation=fade\u00a0collapsible=true\u00a0excerpts=false]\" \/>\n<meta property=\"og:url\" content=\"https:\/\/www.academiabuenosaires.com\/pt-br\/faq-2\/\" \/>\n<meta property=\"og:site_name\" content=\"Academia Buenos Aires\" \/>\n<meta property=\"article:modified_time\" content=\"2014-08-11T19:36:34+00:00\" \/>\n<script type=\"application\/ld+json\" class=\"yoast-schema-graph\">{\"@context\":\"https:\/\/schema.org\",\"@graph\":[{\"@type\":\"WebPage\",\"@id\":\"https:\/\/www.academiabuenosaires.com\/pt-br\/faq-2\/\",\"url\":\"https:\/\/www.academiabuenosaires.com\/pt-br\/faq-2\/\",\"name\":\"FAQ - Academia Buenos Aires\",\"isPartOf\":{\"@id\":\"https:\/\/www.academiabuenosaires.com\/pt-br\/#website\"},\"datePublished\":\"2014-08-11T19:34:43+00:00\",\"dateModified\":\"2014-08-11T19:36:34+00:00\",\"breadcrumb\":{\"@id\":\"https:\/\/www.academiabuenosaires.com\/pt-br\/faq-2\/#breadcrumb\"},\"inLanguage\":\"pt-BR\",\"potentialAction\":[{\"@type\":\"ReadAction\",\"target\":[\"https:\/\/www.academiabuenosaires.com\/pt-br\/faq-2\/\"]}]},{\"@type\":\"BreadcrumbList\",\"@id\":\"https:\/\/www.academiabuenosaires.com\/pt-br\/faq-2\/#breadcrumb\",\"itemListElement\":[{\"@type\":\"ListItem\",\"position\":1,\"name\":\"Home\",\"item\":\"https:\/\/www.academiabuenosaires.com\/pt-br\/\"},{\"@type\":\"ListItem\",\"position\":2,\"name\":\"FAQ\"}]},{\"@type\":\"WebSite\",\"@id\":\"https:\/\/www.academiabuenosaires.com\/pt-br\/#website\",\"url\":\"https:\/\/www.academiabuenosaires.com\/pt-br\/\",\"name\":\"Academia Buenos Aires\",\"description\":\"spanish courses\",\"potentialAction\":[{\"@type\":\"SearchAction\",\"target\":{\"@type\":\"EntryPoint\",\"urlTemplate\":\"https:\/\/www.academiabuenosaires.com\/pt-br\/?s={search_term_string}\"},\"query-input\":{\"@type\":\"PropertyValueSpecification\",\"valueRequired\":true,\"valueName\":\"search_term_string\"}}],\"inLanguage\":\"pt-BR\"}]}<\/script>\n<!-- \/ Yoast SEO plugin. -->","yoast_head_json":{"title":"FAQ - Academia Buenos Aires","robots":{"index":"index","follow":"follow","max-snippet":"max-snippet:-1","max-image-preview":"max-image-preview:large","max-video-preview":"max-video-preview:-1"},"canonical":"https:\/\/www.academiabuenosaires.com\/pt-br\/faq-2\/","og_locale":"pt_BR","og_type":"article","og_title":"FAQ - Academia Buenos Aires","og_description":"Se voc\u00ea tiver d\u00favidas, sugerimos que veja nas categorias correspondentes \u00e0s perguntas frequentes (FAQ) abaixo. Voc\u00ea tamb\u00e9m pode entrar em contato conosco por e-mail ou ligue para +54 11 4345 5954.\u00a0[qa permalinks=false animation=fade\u00a0collapsible=true\u00a0excerpts=false]","og_url":"https:\/\/www.academiabuenosaires.com\/pt-br\/faq-2\/","og_site_name":"Academia Buenos Aires","article_modified_time":"2014-08-11T19:36:34+00:00","schema":{"@context":"https:\/\/schema.org","@graph":[{"@type":"WebPage","@id":"https:\/\/www.academiabuenosaires.com\/pt-br\/faq-2\/","url":"https:\/\/www.academiabuenosaires.com\/pt-br\/faq-2\/","name":"FAQ - Academia Buenos Aires","isPartOf":{"@id":"https:\/\/www.academiabuenosaires.com\/pt-br\/#website"},"datePublished":"2014-08-11T19:34:43+00:00","dateModified":"2014-08-11T19:36:34+00:00","breadcrumb":{"@id":"https:\/\/www.academiabuenosaires.com\/pt-br\/faq-2\/#breadcrumb"},"inLanguage":"pt-BR","potentialAction":[{"@type":"ReadAction","target":["https:\/\/www.academiabuenosaires.com\/pt-br\/faq-2\/"]}]},{"@type":"BreadcrumbList","@id":"https:\/\/www.academiabuenosaires.com\/pt-br\/faq-2\/#breadcrumb","itemListElement":[{"@type":"ListItem","position":1,"name":"Home","item":"https:\/\/www.academiabuenosaires.com\/pt-br\/"},{"@type":"ListItem","position":2,"name":"FAQ"}]},{"@type":"WebSite","@id":"https:\/\/www.academiabuenosaires.com\/pt-br\/#website","url":"https:\/\/www.academiabuenosaires.com\/pt-br\/","name":"Academia Buenos Aires","description":"spanish courses","potentialAction":[{"@type":"SearchAction","target":{"@type":"EntryPoint","urlTemplate":"https:\/\/www.academiabuenosaires.com\/pt-br\/?s={search_term_string}"},"query-input":{"@type":"PropertyValueSpecification","valueRequired":true,"valueName":"search_term_string"}}],"inLanguage":"pt-BR"}]}},"_links":{"self":[{"href":"https:\/\/www.academiabuenosaires.com\/pt-br\/wp-json\/wp\/v2\/pages\/4153","targetHints":{"allow":["GET"]}}],"collection":[{"href":"https:\/\/www.academiabuenosaires.com\/pt-br\/wp-json\/wp\/v2\/pages"}],"about":[{"href":"https:\/\/www.academiabuenosaires.com\/pt-br\/wp-json\/wp\/v2\/types\/page"}],"author":[{"embeddable":true,"href":"https:\/\/www.academiabuenosaires.com\/pt-br\/wp-json\/wp\/v2\/users\/5"}],"replies":[{"embeddable":true,"href":"https:\/\/www.academiabuenosaires.com\/pt-br\/wp-json\/wp\/v2\/comments?post=4153"}],"version-history":[{"count":0,"href":"https:\/\/www.academiabuenosaires.com\/pt-br\/wp-json\/wp\/v2\/pages\/4153\/revisions"}],"wp:attachment":[{"href":"https:\/\/www.academiabuenosaires.com\/pt-br\/wp-json\/wp\/v2\/media?parent=4153"}],"curies":[{"name":"wp","href":"https:\/\/api.w.org\/{rel}","templated":true}]}}