
{"id":3949,"date":"2014-05-06T23:38:43","date_gmt":"2014-05-07T02:38:43","guid":{"rendered":"https:\/\/www.academiabuenosaires.com\/?page_id=3949"},"modified":"2014-07-07T12:32:57","modified_gmt":"2014-07-07T15:32:57","slug":"agentes","status":"publish","type":"page","link":"https:\/\/www.academiabuenosaires.com\/pt-br\/grupos-e-agentes\/agentes\/","title":{"rendered":"Agentes"},"content":{"rendered":"<p>Una-se a nossa rede. Academia Buenos Aires est\u00e1 pronta para ser o seu mais confi\u00e1vel parceiro na hora de organizar e oferecer programas de qualidade em viagens para aprender espanhol. Procuramos agentes estabelecidos nesta \u00e1rea que representem nossos programas e servi\u00e7os. N\u00f3s trabalhamos com agentes no exterior que ajudam os alunos e adultos de todo o mundo que querem participar dos programas de espanhol em Academia Buenos Aires. Quais s\u00e3o os benef\u00edcios de ser nosso agente?<\/p>\n<ul>\n<li>Profissionalismo empresarial: nossa experi\u00eancia, rede de contatos, reputa\u00e7\u00e3o acad\u00eamica e avalia\u00e7\u00f5es positivas de nossos alunos garantem um servi\u00e7o confi\u00e1vel.<\/li>\n<li>Temos uma vasta gama de cursos de espanhol, programas e alojamentos.<\/li>\n<li>Oferecemos excel\u00eancia acad\u00eamica a pre\u00e7os acess\u00edveis.<\/li>\n<li>Os nossos agentes disp\u00f5em de uma rede formada por nossas escolas de Buenos Aires, Montevid\u00e9u e Bariloche e por escolas parceiras na regi\u00e3o.\u2022Comunica\u00e7\u00e3o r\u00e1pida<\/li>\n<li>Comiss\u00e3o<\/li>\n<li>Materiais de marketing que s\u00e3o auto-explicativos.<\/li>\n<\/ul>\n<p>Para obter mais informa\u00e7\u00e3o sobre como se tornar um agente, por favor, entre em contato conosco.<\/p>\n","protected":false},"excerpt":{"rendered":"<p>Una-se a nossa rede. Academia Buenos Aires est\u00e1 pronta para ser o seu mais confi\u00e1vel parceiro na hora de organizar e oferecer programas de qualidade em viagens para aprender espanhol. Procuramos agentes estabelecidos nesta \u00e1rea que representem nossos programas e servi\u00e7os. N\u00f3s trabalhamos com agentes no exterior que ajudam os alunos e adultos de todo [&hellip;]<\/p>\n","protected":false},"author":5,"featured_media":0,"parent":3946,"menu_order":5,"comment_status":"closed","ping_status":"closed","template":"","meta":{"footnotes":""},"class_list":["post-3949","page","type-page","status-publish","hentry","entry"],"yoast_head":"<!-- This site is optimized with the Yoast SEO plugin v26.0 - https:\/\/yoast.com\/wordpress\/plugins\/seo\/ -->\n<title>Agentes - Academia Buenos Aires<\/title>\n<meta name=\"robots\" content=\"index, follow, max-snippet:-1, max-image-preview:large, max-video-preview:-1\" \/>\n<link rel=\"canonical\" href=\"https:\/\/www.academiabuenosaires.com\/pt-br\/grupos-e-agentes\/agentes\/\" \/>\n<meta property=\"og:locale\" content=\"pt_BR\" \/>\n<meta property=\"og:type\" content=\"article\" \/>\n<meta property=\"og:title\" content=\"Agentes - Academia Buenos Aires\" \/>\n<meta property=\"og:description\" content=\"Una-se a nossa rede. Academia Buenos Aires est\u00e1 pronta para ser o seu mais confi\u00e1vel parceiro na hora de organizar e oferecer programas de qualidade em viagens para aprender espanhol. Procuramos agentes estabelecidos nesta \u00e1rea que representem nossos programas e servi\u00e7os. N\u00f3s trabalhamos com agentes no exterior que ajudam os alunos e adultos de todo [&hellip;]\" \/>\n<meta property=\"og:url\" content=\"https:\/\/www.academiabuenosaires.com\/pt-br\/grupos-e-agentes\/agentes\/\" \/>\n<meta property=\"og:site_name\" content=\"Academia Buenos Aires\" \/>\n<meta property=\"article:modified_time\" content=\"2014-07-07T15:32:57+00:00\" \/>\n<meta name=\"twitter:label1\" content=\"Est. reading time\" \/>\n\t<meta name=\"twitter:data1\" content=\"1 minute\" \/>\n<script type=\"application\/ld+json\" class=\"yoast-schema-graph\">{\"@context\":\"https:\/\/schema.org\",\"@graph\":[{\"@type\":\"WebPage\",\"@id\":\"https:\/\/www.academiabuenosaires.com\/pt-br\/grupos-e-agentes\/agentes\/\",\"url\":\"https:\/\/www.academiabuenosaires.com\/pt-br\/grupos-e-agentes\/agentes\/\",\"name\":\"Agentes - Academia Buenos Aires\",\"isPartOf\":{\"@id\":\"https:\/\/www.academiabuenosaires.com\/pt-br\/#website\"},\"datePublished\":\"2014-05-07T02:38:43+00:00\",\"dateModified\":\"2014-07-07T15:32:57+00:00\",\"breadcrumb\":{\"@id\":\"https:\/\/www.academiabuenosaires.com\/pt-br\/grupos-e-agentes\/agentes\/#breadcrumb\"},\"inLanguage\":\"pt-BR\",\"potentialAction\":[{\"@type\":\"ReadAction\",\"target\":[\"https:\/\/www.academiabuenosaires.com\/pt-br\/grupos-e-agentes\/agentes\/\"]}]},{\"@type\":\"BreadcrumbList\",\"@id\":\"https:\/\/www.academiabuenosaires.com\/pt-br\/grupos-e-agentes\/agentes\/#breadcrumb\",\"itemListElement\":[{\"@type\":\"ListItem\",\"position\":1,\"name\":\"Home\",\"item\":\"https:\/\/www.academiabuenosaires.com\/pt-br\/\"},{\"@type\":\"ListItem\",\"position\":2,\"name\":\"Grupos e Agentes\",\"item\":\"https:\/\/www.academiabuenosaires.com\/pt-br\/grupos-e-agentes\/\"},{\"@type\":\"ListItem\",\"position\":3,\"name\":\"Agentes\"}]},{\"@type\":\"WebSite\",\"@id\":\"https:\/\/www.academiabuenosaires.com\/pt-br\/#website\",\"url\":\"https:\/\/www.academiabuenosaires.com\/pt-br\/\",\"name\":\"Academia Buenos Aires\",\"description\":\"spanish courses\",\"potentialAction\":[{\"@type\":\"SearchAction\",\"target\":{\"@type\":\"EntryPoint\",\"urlTemplate\":\"https:\/\/www.academiabuenosaires.com\/pt-br\/?s={search_term_string}\"},\"query-input\":{\"@type\":\"PropertyValueSpecification\",\"valueRequired\":true,\"valueName\":\"search_term_string\"}}],\"inLanguage\":\"pt-BR\"}]}<\/script>\n<!-- \/ Yoast SEO plugin. -->","yoast_head_json":{"title":"Agentes - Academia Buenos Aires","robots":{"index":"index","follow":"follow","max-snippet":"max-snippet:-1","max-image-preview":"max-image-preview:large","max-video-preview":"max-video-preview:-1"},"canonical":"https:\/\/www.academiabuenosaires.com\/pt-br\/grupos-e-agentes\/agentes\/","og_locale":"pt_BR","og_type":"article","og_title":"Agentes - Academia Buenos Aires","og_description":"Una-se a nossa rede. Academia Buenos Aires est\u00e1 pronta para ser o seu mais confi\u00e1vel parceiro na hora de organizar e oferecer programas de qualidade em viagens para aprender espanhol. Procuramos agentes estabelecidos nesta \u00e1rea que representem nossos programas e servi\u00e7os. N\u00f3s trabalhamos com agentes no exterior que ajudam os alunos e adultos de todo [&hellip;]","og_url":"https:\/\/www.academiabuenosaires.com\/pt-br\/grupos-e-agentes\/agentes\/","og_site_name":"Academia Buenos Aires","article_modified_time":"2014-07-07T15:32:57+00:00","twitter_misc":{"Est. reading time":"1 minute"},"schema":{"@context":"https:\/\/schema.org","@graph":[{"@type":"WebPage","@id":"https:\/\/www.academiabuenosaires.com\/pt-br\/grupos-e-agentes\/agentes\/","url":"https:\/\/www.academiabuenosaires.com\/pt-br\/grupos-e-agentes\/agentes\/","name":"Agentes - Academia Buenos Aires","isPartOf":{"@id":"https:\/\/www.academiabuenosaires.com\/pt-br\/#website"},"datePublished":"2014-05-07T02:38:43+00:00","dateModified":"2014-07-07T15:32:57+00:00","breadcrumb":{"@id":"https:\/\/www.academiabuenosaires.com\/pt-br\/grupos-e-agentes\/agentes\/#breadcrumb"},"inLanguage":"pt-BR","potentialAction":[{"@type":"ReadAction","target":["https:\/\/www.academiabuenosaires.com\/pt-br\/grupos-e-agentes\/agentes\/"]}]},{"@type":"BreadcrumbList","@id":"https:\/\/www.academiabuenosaires.com\/pt-br\/grupos-e-agentes\/agentes\/#breadcrumb","itemListElement":[{"@type":"ListItem","position":1,"name":"Home","item":"https:\/\/www.academiabuenosaires.com\/pt-br\/"},{"@type":"ListItem","position":2,"name":"Grupos e Agentes","item":"https:\/\/www.academiabuenosaires.com\/pt-br\/grupos-e-agentes\/"},{"@type":"ListItem","position":3,"name":"Agentes"}]},{"@type":"WebSite","@id":"https:\/\/www.academiabuenosaires.com\/pt-br\/#website","url":"https:\/\/www.academiabuenosaires.com\/pt-br\/","name":"Academia Buenos Aires","description":"spanish courses","potentialAction":[{"@type":"SearchAction","target":{"@type":"EntryPoint","urlTemplate":"https:\/\/www.academiabuenosaires.com\/pt-br\/?s={search_term_string}"},"query-input":{"@type":"PropertyValueSpecification","valueRequired":true,"valueName":"search_term_string"}}],"inLanguage":"pt-BR"}]}},"_links":{"self":[{"href":"https:\/\/www.academiabuenosaires.com\/pt-br\/wp-json\/wp\/v2\/pages\/3949","targetHints":{"allow":["GET"]}}],"collection":[{"href":"https:\/\/www.academiabuenosaires.com\/pt-br\/wp-json\/wp\/v2\/pages"}],"about":[{"href":"https:\/\/www.academiabuenosaires.com\/pt-br\/wp-json\/wp\/v2\/types\/page"}],"author":[{"embeddable":true,"href":"https:\/\/www.academiabuenosaires.com\/pt-br\/wp-json\/wp\/v2\/users\/5"}],"replies":[{"embeddable":true,"href":"https:\/\/www.academiabuenosaires.com\/pt-br\/wp-json\/wp\/v2\/comments?post=3949"}],"version-history":[{"count":0,"href":"https:\/\/www.academiabuenosaires.com\/pt-br\/wp-json\/wp\/v2\/pages\/3949\/revisions"}],"up":[{"embeddable":true,"href":"https:\/\/www.academiabuenosaires.com\/pt-br\/wp-json\/wp\/v2\/pages\/3946"}],"wp:attachment":[{"href":"https:\/\/www.academiabuenosaires.com\/pt-br\/wp-json\/wp\/v2\/media?parent=3949"}],"curies":[{"name":"wp","href":"https:\/\/api.w.org\/{rel}","templated":true}]}}