
{"id":3925,"date":"2014-05-06T23:13:40","date_gmt":"2014-05-07T02:13:40","guid":{"rendered":"https:\/\/www.academiabuenosaires.com\/?page_id=3925"},"modified":"2014-07-07T09:58:43","modified_gmt":"2014-07-07T12:58:43","slug":"noites-de-cinema","status":"publish","type":"page","link":"https:\/\/www.academiabuenosaires.com\/pt-br\/atividades-culturais\/noites-de-cinema\/","title":{"rendered":"Noites de cinema"},"content":{"rendered":"<p>Uma vez por semana convidamos os nossos alunos a <strong>uma noite especial de cinema em Academia Buenos Aires<\/strong>.<\/p>\n<p>Vemos filmes dos mais famosos e renomados diretores argentinos e, por sua vez, explicamos a hist\u00f3ria do cinema argentino com uma perspectiva diferente a cada semana. Tamb\u00e9m, motivamos os participantes a debater sobre os filmes vistos. As noites de cinema s\u00e3o um evento muito popular em nosso programa extracurricular: permitem que os estudantes melhorem sua compreens\u00e3o oral e suas habilidades comunicativas. Os participantes desenvolvem conceitos e ideias atrav\u00e9s do vital e vasto cinema argentino, enquanto se exp\u00f5em a informa\u00e7\u00e3o cultural aut\u00eantica e passam um bom momento com colegas e amigos.<\/p>\n<p>&nbsp;<\/p>\n<p style=\"text-align: center;\"><a href=\"https:\/\/www.academiabuenosaires.com\/wp-content\/uploads\/2013\/09\/argentine-movie-nights-academia-buenos-aires1.jpg\"><img loading=\"lazy\" decoding=\"async\" class=\"size-full wp-image-1593 aligncenter\" src=\"https:\/\/www.academiabuenosaires.com\/wp-content\/uploads\/2013\/09\/argentine-movie-nights-academia-buenos-aires1.jpg\" alt=\"learn spanish and watch argentine movies\" width=\"744\" height=\"355\" srcset=\"https:\/\/www.academiabuenosaires.com\/wp-content\/uploads\/2013\/09\/argentine-movie-nights-academia-buenos-aires1.jpg 744w, https:\/\/www.academiabuenosaires.com\/wp-content\/uploads\/2013\/09\/argentine-movie-nights-academia-buenos-aires1-160x76.jpg 160w, https:\/\/www.academiabuenosaires.com\/wp-content\/uploads\/2013\/09\/argentine-movie-nights-academia-buenos-aires1-338x161.jpg 338w\" sizes=\"auto, (max-width: 744px) 100vw, 744px\" \/><\/a><\/p>\n","protected":false},"excerpt":{"rendered":"<p>Uma vez por semana convidamos os nossos alunos a uma noite especial de cinema em Academia Buenos Aires. Vemos filmes dos mais famosos e renomados diretores argentinos e, por sua vez, explicamos a hist\u00f3ria do cinema argentino com uma perspectiva diferente a cada semana. Tamb\u00e9m, motivamos os participantes a debater sobre os filmes vistos. As [&hellip;]<\/p>\n","protected":false},"author":5,"featured_media":0,"parent":3919,"menu_order":0,"comment_status":"closed","ping_status":"closed","template":"","meta":{"footnotes":""},"class_list":["post-3925","page","type-page","status-publish","hentry","entry"],"yoast_head":"<!-- This site is optimized with the Yoast SEO plugin v26.0 - https:\/\/yoast.com\/wordpress\/plugins\/seo\/ -->\n<title>Noites de cinema - Academia Buenos Aires<\/title>\n<meta name=\"description\" content=\"Uma vez por semana convidamos os nossos alunos a uma noite especial de cinema em Academia Buenos Aires.\" \/>\n<meta name=\"robots\" content=\"index, follow, max-snippet:-1, max-image-preview:large, max-video-preview:-1\" \/>\n<link rel=\"canonical\" href=\"https:\/\/www.academiabuenosaires.com\/pt-br\/atividades-culturais\/noites-de-cinema\/\" \/>\n<meta property=\"og:locale\" content=\"pt_BR\" \/>\n<meta property=\"og:type\" content=\"article\" \/>\n<meta property=\"og:title\" content=\"Noites de cinema - Academia Buenos Aires\" \/>\n<meta property=\"og:description\" content=\"Uma vez por semana convidamos os nossos alunos a uma noite especial de cinema em Academia Buenos Aires.\" \/>\n<meta property=\"og:url\" content=\"https:\/\/www.academiabuenosaires.com\/pt-br\/atividades-culturais\/noites-de-cinema\/\" \/>\n<meta property=\"og:site_name\" content=\"Academia Buenos Aires\" \/>\n<meta property=\"article:modified_time\" content=\"2014-07-07T12:58:43+00:00\" \/>\n<meta property=\"og:image\" content=\"https:\/\/www.academiabuenosaires.com\/wp-content\/uploads\/2013\/09\/argentine-movie-nights-academia-buenos-aires1.jpg\" \/>\n<meta name=\"twitter:label1\" content=\"Est. reading time\" \/>\n\t<meta name=\"twitter:data1\" content=\"1 minute\" \/>\n<script type=\"application\/ld+json\" class=\"yoast-schema-graph\">{\"@context\":\"https:\/\/schema.org\",\"@graph\":[{\"@type\":\"WebPage\",\"@id\":\"https:\/\/www.academiabuenosaires.com\/pt-br\/atividades-culturais\/noites-de-cinema\/\",\"url\":\"https:\/\/www.academiabuenosaires.com\/pt-br\/atividades-culturais\/noites-de-cinema\/\",\"name\":\"Noites de cinema - Academia Buenos Aires\",\"isPartOf\":{\"@id\":\"https:\/\/www.academiabuenosaires.com\/pt-br\/#website\"},\"primaryImageOfPage\":{\"@id\":\"https:\/\/www.academiabuenosaires.com\/pt-br\/atividades-culturais\/noites-de-cinema\/#primaryimage\"},\"image\":{\"@id\":\"https:\/\/www.academiabuenosaires.com\/pt-br\/atividades-culturais\/noites-de-cinema\/#primaryimage\"},\"thumbnailUrl\":\"https:\/\/www.academiabuenosaires.com\/wp-content\/uploads\/2013\/09\/argentine-movie-nights-academia-buenos-aires1.jpg\",\"datePublished\":\"2014-05-07T02:13:40+00:00\",\"dateModified\":\"2014-07-07T12:58:43+00:00\",\"description\":\"Uma vez por semana convidamos os nossos alunos a uma noite especial de cinema em Academia Buenos Aires.\",\"breadcrumb\":{\"@id\":\"https:\/\/www.academiabuenosaires.com\/pt-br\/atividades-culturais\/noites-de-cinema\/#breadcrumb\"},\"inLanguage\":\"pt-BR\",\"potentialAction\":[{\"@type\":\"ReadAction\",\"target\":[\"https:\/\/www.academiabuenosaires.com\/pt-br\/atividades-culturais\/noites-de-cinema\/\"]}]},{\"@type\":\"ImageObject\",\"inLanguage\":\"pt-BR\",\"@id\":\"https:\/\/www.academiabuenosaires.com\/pt-br\/atividades-culturais\/noites-de-cinema\/#primaryimage\",\"url\":\"https:\/\/www.academiabuenosaires.com\/wp-content\/uploads\/2013\/09\/argentine-movie-nights-academia-buenos-aires1.jpg\",\"contentUrl\":\"https:\/\/www.academiabuenosaires.com\/wp-content\/uploads\/2013\/09\/argentine-movie-nights-academia-buenos-aires1.jpg\"},{\"@type\":\"BreadcrumbList\",\"@id\":\"https:\/\/www.academiabuenosaires.com\/pt-br\/atividades-culturais\/noites-de-cinema\/#breadcrumb\",\"itemListElement\":[{\"@type\":\"ListItem\",\"position\":1,\"name\":\"Home\",\"item\":\"https:\/\/www.academiabuenosaires.com\/pt-br\/\"},{\"@type\":\"ListItem\",\"position\":2,\"name\":\"Atividades culturais\",\"item\":\"https:\/\/www.academiabuenosaires.com\/pt-br\/atividades-culturais\/\"},{\"@type\":\"ListItem\",\"position\":3,\"name\":\"Noites de cinema\"}]},{\"@type\":\"WebSite\",\"@id\":\"https:\/\/www.academiabuenosaires.com\/pt-br\/#website\",\"url\":\"https:\/\/www.academiabuenosaires.com\/pt-br\/\",\"name\":\"Academia Buenos Aires\",\"description\":\"spanish courses\",\"potentialAction\":[{\"@type\":\"SearchAction\",\"target\":{\"@type\":\"EntryPoint\",\"urlTemplate\":\"https:\/\/www.academiabuenosaires.com\/pt-br\/?s={search_term_string}\"},\"query-input\":{\"@type\":\"PropertyValueSpecification\",\"valueRequired\":true,\"valueName\":\"search_term_string\"}}],\"inLanguage\":\"pt-BR\"}]}<\/script>\n<!-- \/ Yoast SEO plugin. -->","yoast_head_json":{"title":"Noites de cinema - Academia Buenos Aires","description":"Uma vez por semana convidamos os nossos alunos a uma noite especial de cinema em Academia Buenos Aires.","robots":{"index":"index","follow":"follow","max-snippet":"max-snippet:-1","max-image-preview":"max-image-preview:large","max-video-preview":"max-video-preview:-1"},"canonical":"https:\/\/www.academiabuenosaires.com\/pt-br\/atividades-culturais\/noites-de-cinema\/","og_locale":"pt_BR","og_type":"article","og_title":"Noites de cinema - Academia Buenos Aires","og_description":"Uma vez por semana convidamos os nossos alunos a uma noite especial de cinema em Academia Buenos Aires.","og_url":"https:\/\/www.academiabuenosaires.com\/pt-br\/atividades-culturais\/noites-de-cinema\/","og_site_name":"Academia Buenos Aires","article_modified_time":"2014-07-07T12:58:43+00:00","og_image":[{"url":"https:\/\/www.academiabuenosaires.com\/wp-content\/uploads\/2013\/09\/argentine-movie-nights-academia-buenos-aires1.jpg","type":"","width":"","height":""}],"twitter_misc":{"Est. reading time":"1 minute"},"schema":{"@context":"https:\/\/schema.org","@graph":[{"@type":"WebPage","@id":"https:\/\/www.academiabuenosaires.com\/pt-br\/atividades-culturais\/noites-de-cinema\/","url":"https:\/\/www.academiabuenosaires.com\/pt-br\/atividades-culturais\/noites-de-cinema\/","name":"Noites de cinema - Academia Buenos Aires","isPartOf":{"@id":"https:\/\/www.academiabuenosaires.com\/pt-br\/#website"},"primaryImageOfPage":{"@id":"https:\/\/www.academiabuenosaires.com\/pt-br\/atividades-culturais\/noites-de-cinema\/#primaryimage"},"image":{"@id":"https:\/\/www.academiabuenosaires.com\/pt-br\/atividades-culturais\/noites-de-cinema\/#primaryimage"},"thumbnailUrl":"https:\/\/www.academiabuenosaires.com\/wp-content\/uploads\/2013\/09\/argentine-movie-nights-academia-buenos-aires1.jpg","datePublished":"2014-05-07T02:13:40+00:00","dateModified":"2014-07-07T12:58:43+00:00","description":"Uma vez por semana convidamos os nossos alunos a uma noite especial de cinema em Academia Buenos Aires.","breadcrumb":{"@id":"https:\/\/www.academiabuenosaires.com\/pt-br\/atividades-culturais\/noites-de-cinema\/#breadcrumb"},"inLanguage":"pt-BR","potentialAction":[{"@type":"ReadAction","target":["https:\/\/www.academiabuenosaires.com\/pt-br\/atividades-culturais\/noites-de-cinema\/"]}]},{"@type":"ImageObject","inLanguage":"pt-BR","@id":"https:\/\/www.academiabuenosaires.com\/pt-br\/atividades-culturais\/noites-de-cinema\/#primaryimage","url":"https:\/\/www.academiabuenosaires.com\/wp-content\/uploads\/2013\/09\/argentine-movie-nights-academia-buenos-aires1.jpg","contentUrl":"https:\/\/www.academiabuenosaires.com\/wp-content\/uploads\/2013\/09\/argentine-movie-nights-academia-buenos-aires1.jpg"},{"@type":"BreadcrumbList","@id":"https:\/\/www.academiabuenosaires.com\/pt-br\/atividades-culturais\/noites-de-cinema\/#breadcrumb","itemListElement":[{"@type":"ListItem","position":1,"name":"Home","item":"https:\/\/www.academiabuenosaires.com\/pt-br\/"},{"@type":"ListItem","position":2,"name":"Atividades culturais","item":"https:\/\/www.academiabuenosaires.com\/pt-br\/atividades-culturais\/"},{"@type":"ListItem","position":3,"name":"Noites de cinema"}]},{"@type":"WebSite","@id":"https:\/\/www.academiabuenosaires.com\/pt-br\/#website","url":"https:\/\/www.academiabuenosaires.com\/pt-br\/","name":"Academia Buenos Aires","description":"spanish courses","potentialAction":[{"@type":"SearchAction","target":{"@type":"EntryPoint","urlTemplate":"https:\/\/www.academiabuenosaires.com\/pt-br\/?s={search_term_string}"},"query-input":{"@type":"PropertyValueSpecification","valueRequired":true,"valueName":"search_term_string"}}],"inLanguage":"pt-BR"}]}},"_links":{"self":[{"href":"https:\/\/www.academiabuenosaires.com\/pt-br\/wp-json\/wp\/v2\/pages\/3925","targetHints":{"allow":["GET"]}}],"collection":[{"href":"https:\/\/www.academiabuenosaires.com\/pt-br\/wp-json\/wp\/v2\/pages"}],"about":[{"href":"https:\/\/www.academiabuenosaires.com\/pt-br\/wp-json\/wp\/v2\/types\/page"}],"author":[{"embeddable":true,"href":"https:\/\/www.academiabuenosaires.com\/pt-br\/wp-json\/wp\/v2\/users\/5"}],"replies":[{"embeddable":true,"href":"https:\/\/www.academiabuenosaires.com\/pt-br\/wp-json\/wp\/v2\/comments?post=3925"}],"version-history":[{"count":0,"href":"https:\/\/www.academiabuenosaires.com\/pt-br\/wp-json\/wp\/v2\/pages\/3925\/revisions"}],"up":[{"embeddable":true,"href":"https:\/\/www.academiabuenosaires.com\/pt-br\/wp-json\/wp\/v2\/pages\/3919"}],"wp:attachment":[{"href":"https:\/\/www.academiabuenosaires.com\/pt-br\/wp-json\/wp\/v2\/media?parent=3925"}],"curies":[{"name":"wp","href":"https:\/\/api.w.org\/{rel}","templated":true}]}}