
{"id":3917,"date":"2014-05-06T23:04:51","date_gmt":"2014-05-07T02:04:51","guid":{"rendered":"https:\/\/www.academiabuenosaires.com\/?page_id=3917"},"modified":"2014-07-06T20:24:43","modified_gmt":"2014-07-06T23:24:43","slug":"localizacao-e-instalacoes","status":"publish","type":"page","link":"https:\/\/www.academiabuenosaires.com\/pt-br\/escola\/localizacao-e-instalacoes\/","title":{"rendered":"Localiza\u00e7\u00e3o e instala\u00e7\u00f5es"},"content":{"rendered":"<p>Academia Buenos Aires est\u00e1 localizada no centro da cidade de Buenos Aires, apenas a 50 metros da hist\u00f3rica Plaza de Mayo, no bairro de San Telmo. N\u00f3s temos um excelente acesso a transportes p\u00fablicos para ir a qualquer lugar da cidade. Como quase todo o centro de Buenos Aires, o lugar onde a nossa escola est\u00e1 localizada, \u00e9 muito seguro, tanto de dia quanto de noite. Estamos muito perto de muitos pontos de atra\u00e7\u00f5es tur\u00edsticas, teatros, cinemas, bares e outras atra\u00e7\u00f5es de divers\u00e3o noturna. Nosso endere\u00e7o \u00e9<\/p>\n<p>Academia Buenos Aires<br \/>Rua Hip\u00f3lito Yrigoyen 571, andar 4<br \/>Cidade Aut\u00f4noma de Buenos Aires<br \/>CP 1086 \u2013 Argentina<br \/>Tel: (+5411) 4345 5954<\/p>\n<p>O instituto tem salas de aula agrad\u00e1veis, funcionais e esteticamente equipadas com cadeiras confort\u00e1veis, quadros, pisos de madeira, ar condicionado, aquecedor, etc. A escola fica em um edif\u00edcio hist\u00f3rico totalmente restaurado em 2004 que, ao mesmo tempo, combina elementos modernos e antigos, provocando um efeito aconchegante e surpreendente.<br \/>Exposi\u00e7\u00f5es de arte itinerantes d\u00e3o um toque \u00fanico e o colocam no cen\u00e1rio da arte contempor\u00e2nea de Buenos Aires.<\/p>\n<p><a href=\"https:\/\/www.academiabuenosaires.com\/wp-content\/uploads\/2013\/06\/academia-buenos-aires-corridor.jpg\"><img loading=\"lazy\" decoding=\"async\" class=\"size-full wp-image-782 alignleft\" title=\"academia-buenos-aires-corridor\" src=\"https:\/\/www.academiabuenosaires.com\/wp-content\/uploads\/2013\/06\/academia-buenos-aires-corridor.jpg\" alt=\"spanish-school-in-the-center-of-Buenos-Aires\" width=\"300\" height=\"227\" srcset=\"https:\/\/www.academiabuenosaires.com\/wp-content\/uploads\/2013\/06\/academia-buenos-aires-corridor.jpg 300w, https:\/\/www.academiabuenosaires.com\/wp-content\/uploads\/2013\/06\/academia-buenos-aires-corridor-160x121.jpg 160w\" sizes=\"auto, (max-width: 300px) 100vw, 300px\" \/><\/a>Academia Buenos Aires ocupa o \u00faltimo andar do edif\u00edcio e tem acesso ao terra\u00e7o. Em todo momento, h\u00e1 11 salas dispon\u00edveis para as aulas, 7 delas com o seu pr\u00f3prio computador. Al\u00e9m disso, devemos somar mais tr\u00eas computadores em um espa\u00e7o comum para os estudantes, uma pequena biblioteca com livros e filmes, uma espa\u00e7osa recep\u00e7\u00e3o com caf\u00e9 pronto a toda hora, uma sala de proje\u00e7\u00e3o, uma sala de professores, uma pequena cozinha com micro-ondas e, \u00e9 claro, uma \u00e1rea onde os alunos compartilham suas pausas.<\/p>\n","protected":false},"excerpt":{"rendered":"<p>Academia Buenos Aires est\u00e1 localizada no centro da cidade de Buenos Aires, apenas a 50 metros da hist\u00f3rica Plaza de Mayo, no bairro de San Telmo. N\u00f3s temos um excelente acesso a transportes p\u00fablicos para ir a qualquer lugar da cidade. Como quase todo o centro de Buenos Aires, o lugar onde a nossa escola [&hellip;]<\/p>\n","protected":false},"author":5,"featured_media":0,"parent":3900,"menu_order":0,"comment_status":"open","ping_status":"open","template":"","meta":{"footnotes":""},"class_list":["post-3917","page","type-page","status-publish","hentry","entry"],"yoast_head":"<!-- This site is optimized with the Yoast SEO plugin v26.0 - https:\/\/yoast.com\/wordpress\/plugins\/seo\/ -->\n<title>Localiza\u00e7\u00e3o e instala\u00e7\u00f5es - Academia Buenos Aires<\/title>\n<meta name=\"description\" content=\"Academia Buenos Aires est\u00e1 localizada no centro da cidade de Buenos Aires, apenas a 50 metros da hist\u00f3rica Plaza de Mayo, no bairro de San Telmo.\" \/>\n<meta name=\"robots\" content=\"index, follow, max-snippet:-1, max-image-preview:large, max-video-preview:-1\" \/>\n<link rel=\"canonical\" href=\"https:\/\/www.academiabuenosaires.com\/pt-br\/escola\/localizacao-e-instalacoes\/\" \/>\n<meta property=\"og:locale\" content=\"pt_BR\" \/>\n<meta property=\"og:type\" content=\"article\" \/>\n<meta property=\"og:title\" content=\"Localiza\u00e7\u00e3o e instala\u00e7\u00f5es - Academia Buenos Aires\" \/>\n<meta property=\"og:description\" content=\"Academia Buenos Aires est\u00e1 localizada no centro da cidade de Buenos Aires, apenas a 50 metros da hist\u00f3rica Plaza de Mayo, no bairro de San Telmo.\" \/>\n<meta property=\"og:url\" content=\"https:\/\/www.academiabuenosaires.com\/pt-br\/escola\/localizacao-e-instalacoes\/\" \/>\n<meta property=\"og:site_name\" content=\"Academia Buenos Aires\" \/>\n<meta property=\"article:modified_time\" content=\"2014-07-06T23:24:43+00:00\" \/>\n<meta property=\"og:image\" content=\"https:\/\/www.academiabuenosaires.com\/wp-content\/uploads\/2013\/06\/academia-buenos-aires-corridor.jpg\" \/>\n<meta name=\"twitter:label1\" content=\"Est. reading time\" \/>\n\t<meta name=\"twitter:data1\" content=\"1 minute\" \/>\n<script type=\"application\/ld+json\" class=\"yoast-schema-graph\">{\"@context\":\"https:\/\/schema.org\",\"@graph\":[{\"@type\":\"WebPage\",\"@id\":\"https:\/\/www.academiabuenosaires.com\/pt-br\/escola\/localizacao-e-instalacoes\/\",\"url\":\"https:\/\/www.academiabuenosaires.com\/pt-br\/escola\/localizacao-e-instalacoes\/\",\"name\":\"Localiza\u00e7\u00e3o e instala\u00e7\u00f5es - Academia Buenos Aires\",\"isPartOf\":{\"@id\":\"https:\/\/www.academiabuenosaires.com\/pt-br\/#website\"},\"primaryImageOfPage\":{\"@id\":\"https:\/\/www.academiabuenosaires.com\/pt-br\/escola\/localizacao-e-instalacoes\/#primaryimage\"},\"image\":{\"@id\":\"https:\/\/www.academiabuenosaires.com\/pt-br\/escola\/localizacao-e-instalacoes\/#primaryimage\"},\"thumbnailUrl\":\"https:\/\/www.academiabuenosaires.com\/wp-content\/uploads\/2013\/06\/academia-buenos-aires-corridor.jpg\",\"datePublished\":\"2014-05-07T02:04:51+00:00\",\"dateModified\":\"2014-07-06T23:24:43+00:00\",\"description\":\"Academia Buenos Aires est\u00e1 localizada no centro da cidade de Buenos Aires, apenas a 50 metros da hist\u00f3rica Plaza de Mayo, no bairro de San Telmo.\",\"breadcrumb\":{\"@id\":\"https:\/\/www.academiabuenosaires.com\/pt-br\/escola\/localizacao-e-instalacoes\/#breadcrumb\"},\"inLanguage\":\"pt-BR\",\"potentialAction\":[{\"@type\":\"ReadAction\",\"target\":[\"https:\/\/www.academiabuenosaires.com\/pt-br\/escola\/localizacao-e-instalacoes\/\"]}]},{\"@type\":\"ImageObject\",\"inLanguage\":\"pt-BR\",\"@id\":\"https:\/\/www.academiabuenosaires.com\/pt-br\/escola\/localizacao-e-instalacoes\/#primaryimage\",\"url\":\"https:\/\/www.academiabuenosaires.com\/wp-content\/uploads\/2013\/06\/academia-buenos-aires-corridor.jpg\",\"contentUrl\":\"https:\/\/www.academiabuenosaires.com\/wp-content\/uploads\/2013\/06\/academia-buenos-aires-corridor.jpg\"},{\"@type\":\"BreadcrumbList\",\"@id\":\"https:\/\/www.academiabuenosaires.com\/pt-br\/escola\/localizacao-e-instalacoes\/#breadcrumb\",\"itemListElement\":[{\"@type\":\"ListItem\",\"position\":1,\"name\":\"Home\",\"item\":\"https:\/\/www.academiabuenosaires.com\/pt-br\/\"},{\"@type\":\"ListItem\",\"position\":2,\"name\":\"A escola\",\"item\":\"https:\/\/www.academiabuenosaires.com\/pt-br\/escola\/\"},{\"@type\":\"ListItem\",\"position\":3,\"name\":\"Localiza\u00e7\u00e3o e instala\u00e7\u00f5es\"}]},{\"@type\":\"WebSite\",\"@id\":\"https:\/\/www.academiabuenosaires.com\/pt-br\/#website\",\"url\":\"https:\/\/www.academiabuenosaires.com\/pt-br\/\",\"name\":\"Academia Buenos Aires\",\"description\":\"spanish courses\",\"potentialAction\":[{\"@type\":\"SearchAction\",\"target\":{\"@type\":\"EntryPoint\",\"urlTemplate\":\"https:\/\/www.academiabuenosaires.com\/pt-br\/?s={search_term_string}\"},\"query-input\":{\"@type\":\"PropertyValueSpecification\",\"valueRequired\":true,\"valueName\":\"search_term_string\"}}],\"inLanguage\":\"pt-BR\"}]}<\/script>\n<!-- \/ Yoast SEO plugin. -->","yoast_head_json":{"title":"Localiza\u00e7\u00e3o e instala\u00e7\u00f5es - Academia Buenos Aires","description":"Academia Buenos Aires est\u00e1 localizada no centro da cidade de Buenos Aires, apenas a 50 metros da hist\u00f3rica Plaza de Mayo, no bairro de San Telmo.","robots":{"index":"index","follow":"follow","max-snippet":"max-snippet:-1","max-image-preview":"max-image-preview:large","max-video-preview":"max-video-preview:-1"},"canonical":"https:\/\/www.academiabuenosaires.com\/pt-br\/escola\/localizacao-e-instalacoes\/","og_locale":"pt_BR","og_type":"article","og_title":"Localiza\u00e7\u00e3o e instala\u00e7\u00f5es - Academia Buenos Aires","og_description":"Academia Buenos Aires est\u00e1 localizada no centro da cidade de Buenos Aires, apenas a 50 metros da hist\u00f3rica Plaza de Mayo, no bairro de San Telmo.","og_url":"https:\/\/www.academiabuenosaires.com\/pt-br\/escola\/localizacao-e-instalacoes\/","og_site_name":"Academia Buenos Aires","article_modified_time":"2014-07-06T23:24:43+00:00","og_image":[{"url":"https:\/\/www.academiabuenosaires.com\/wp-content\/uploads\/2013\/06\/academia-buenos-aires-corridor.jpg","type":"","width":"","height":""}],"twitter_misc":{"Est. reading time":"1 minute"},"schema":{"@context":"https:\/\/schema.org","@graph":[{"@type":"WebPage","@id":"https:\/\/www.academiabuenosaires.com\/pt-br\/escola\/localizacao-e-instalacoes\/","url":"https:\/\/www.academiabuenosaires.com\/pt-br\/escola\/localizacao-e-instalacoes\/","name":"Localiza\u00e7\u00e3o e instala\u00e7\u00f5es - Academia Buenos Aires","isPartOf":{"@id":"https:\/\/www.academiabuenosaires.com\/pt-br\/#website"},"primaryImageOfPage":{"@id":"https:\/\/www.academiabuenosaires.com\/pt-br\/escola\/localizacao-e-instalacoes\/#primaryimage"},"image":{"@id":"https:\/\/www.academiabuenosaires.com\/pt-br\/escola\/localizacao-e-instalacoes\/#primaryimage"},"thumbnailUrl":"https:\/\/www.academiabuenosaires.com\/wp-content\/uploads\/2013\/06\/academia-buenos-aires-corridor.jpg","datePublished":"2014-05-07T02:04:51+00:00","dateModified":"2014-07-06T23:24:43+00:00","description":"Academia Buenos Aires est\u00e1 localizada no centro da cidade de Buenos Aires, apenas a 50 metros da hist\u00f3rica Plaza de Mayo, no bairro de San Telmo.","breadcrumb":{"@id":"https:\/\/www.academiabuenosaires.com\/pt-br\/escola\/localizacao-e-instalacoes\/#breadcrumb"},"inLanguage":"pt-BR","potentialAction":[{"@type":"ReadAction","target":["https:\/\/www.academiabuenosaires.com\/pt-br\/escola\/localizacao-e-instalacoes\/"]}]},{"@type":"ImageObject","inLanguage":"pt-BR","@id":"https:\/\/www.academiabuenosaires.com\/pt-br\/escola\/localizacao-e-instalacoes\/#primaryimage","url":"https:\/\/www.academiabuenosaires.com\/wp-content\/uploads\/2013\/06\/academia-buenos-aires-corridor.jpg","contentUrl":"https:\/\/www.academiabuenosaires.com\/wp-content\/uploads\/2013\/06\/academia-buenos-aires-corridor.jpg"},{"@type":"BreadcrumbList","@id":"https:\/\/www.academiabuenosaires.com\/pt-br\/escola\/localizacao-e-instalacoes\/#breadcrumb","itemListElement":[{"@type":"ListItem","position":1,"name":"Home","item":"https:\/\/www.academiabuenosaires.com\/pt-br\/"},{"@type":"ListItem","position":2,"name":"A escola","item":"https:\/\/www.academiabuenosaires.com\/pt-br\/escola\/"},{"@type":"ListItem","position":3,"name":"Localiza\u00e7\u00e3o e instala\u00e7\u00f5es"}]},{"@type":"WebSite","@id":"https:\/\/www.academiabuenosaires.com\/pt-br\/#website","url":"https:\/\/www.academiabuenosaires.com\/pt-br\/","name":"Academia Buenos Aires","description":"spanish courses","potentialAction":[{"@type":"SearchAction","target":{"@type":"EntryPoint","urlTemplate":"https:\/\/www.academiabuenosaires.com\/pt-br\/?s={search_term_string}"},"query-input":{"@type":"PropertyValueSpecification","valueRequired":true,"valueName":"search_term_string"}}],"inLanguage":"pt-BR"}]}},"_links":{"self":[{"href":"https:\/\/www.academiabuenosaires.com\/pt-br\/wp-json\/wp\/v2\/pages\/3917","targetHints":{"allow":["GET"]}}],"collection":[{"href":"https:\/\/www.academiabuenosaires.com\/pt-br\/wp-json\/wp\/v2\/pages"}],"about":[{"href":"https:\/\/www.academiabuenosaires.com\/pt-br\/wp-json\/wp\/v2\/types\/page"}],"author":[{"embeddable":true,"href":"https:\/\/www.academiabuenosaires.com\/pt-br\/wp-json\/wp\/v2\/users\/5"}],"replies":[{"embeddable":true,"href":"https:\/\/www.academiabuenosaires.com\/pt-br\/wp-json\/wp\/v2\/comments?post=3917"}],"version-history":[{"count":0,"href":"https:\/\/www.academiabuenosaires.com\/pt-br\/wp-json\/wp\/v2\/pages\/3917\/revisions"}],"up":[{"embeddable":true,"href":"https:\/\/www.academiabuenosaires.com\/pt-br\/wp-json\/wp\/v2\/pages\/3900"}],"wp:attachment":[{"href":"https:\/\/www.academiabuenosaires.com\/pt-br\/wp-json\/wp\/v2\/media?parent=3917"}],"curies":[{"name":"wp","href":"https:\/\/api.w.org\/{rel}","templated":true}]}}