
{"id":3910,"date":"2013-05-12T23:48:08","date_gmt":"2013-05-12T23:48:08","guid":{"rendered":"https:\/\/www.academiabuenosaires.com\/escola\/tandem-international\/"},"modified":"2018-03-01T19:00:21","modified_gmt":"2018-03-01T22:00:21","slug":"escolas-amigas","status":"publish","type":"page","link":"https:\/\/www.academiabuenosaires.com\/pt-br\/escola\/escolas-amigas\/","title":{"rendered":"Escolas amigas"},"content":{"rendered":"<p>&nbsp;<\/p>\n<p>Academia Buenos Aires tem escolas amigas,\u00a0membros da rede internacional de escolas de qualidade Tandem International\u00ae. As escolas s\u00e3o conhecidas por sua qualidade, efic\u00e1cia no ensino e atmosfera sempre cordial e amig\u00e1vel. Todas as escolas colocam especial \u00eanfase na integra\u00e7\u00e3o cultural de seus alunos e organizam, como complemento dos cursos de espanhol, encontros de interc\u00e2mbio lingu\u00edstico com falantes nativos para seus estudantes dos n\u00edveis intermedi\u00e1rio ou avan\u00e7ado de espanhol.<\/p>\n<p><strong>Cursos de alem\u00e3o<\/strong><\/p>\n<p>\u2022\u00a0Alemanha:\u00a0<a href=\"http:\/\/www.tandem-berlin.de\/\" target=\"_blank\">Berlin<\/a>\u00a0\/\u00a0<a href=\"http:\/\/www.tandem-bielefeld.de\/\" target=\"_blank\">Bielefeld<\/a>\u00a0\/\u00a0<a href=\"http:\/\/www.casa-bremen.de\/\" target=\"_blank\">Bremen<\/a>\u00a0\/\u00a0<a href=\"http:\/\/www.tandem-koeln.de\/\" target=\"_blank\">Colonia<\/a>\u00a0\/\u00a0<a href=\"http:\/\/www.sprachmobil.com\/\" target=\"_blank\">Dresden<\/a>\u00a0\/\u00a0<a href=\"http:\/\/www.tandem-frankfurt.de\/\" target=\"_blank\">Frankfurt<\/a>\u00a0\/\u00a0<a href=\"http:\/\/www.sprachzentrum.de\/\" target=\"_blank\">G\u00f6ttingen<\/a>\u00a0\/\u00a0<a href=\"http:\/\/www.tandem-hamburg.de\/\" target=\"_blank\">Hamburg<\/a>\u00a0\/\u00a0<a href=\"http:\/\/www.tandem-muenchen.de\/\" target=\"_blank\">Munich<\/a><\/p>\n<p><strong>Cursos de italiano<\/strong><\/p>\n<p>\u2022\u00a0It\u00e1lia:\u00a0<a href=\"http:\/\/www.centromachiavelli.it\/\" target=\"_blank\">Florencia<\/a>\u00a0\/\u00a0<a href=\"http:\/\/www.scuola-italiano-milano.it\/\" target=\"_blank\">Milan<\/a>\u00a0\/\u00a0<a href=\"http:\/\/www.torredibabele.com\/\" target=\"_blank\">Roma<\/a>\u00a0\/\u00a0<a href=\"http:\/\/www.istitutovenezia.com\/\" target=\"_blank\">Venecia<\/a><\/p>\n<p><strong>Cursos de espanhol<\/strong><\/p>\n<p>\u2022\u00a0Uruguai:\u00a0<a href=\"https:\/\/www.academiauruguay.com\/\" target=\"_blank\">Montevideo<br \/><\/a>\u2022\u00a0Espanha:\u00a0<a href=\"http:\/\/www.escuela-montalban.com\/\" target=\"_blank\">Granada<\/a>\u00a0\/\u00a0<a href=\"http:\/\/www.tandem-madrid.com\/\" target=\"_blank\">Madrid<\/a>\u00a0\/\u00a0<a href=\"http:\/\/www.tandemsansebastian.com\/\" target=\"_blank\">San Sebasti\u00e1n<br \/><\/a>\u2022 Chile:\u00a0<a href=\"http:\/\/www.tandemsantiago.cl\/\" target=\"_blank\">Santiago<br \/><\/a>\u2022 Argentina:\u00a0<a title=\"Academia Buenos Aires Spanish school\" href=\"academiabuenosaires.com\" target=\"_blank\">Buenos Aires<\/a><\/p>\n<p><strong>Cursos de franc\u00eas<\/strong><\/p>\n<p>\u2022\u00a0Fran\u00e7a:\u00a0<a href=\"http:\/\/www.langueonze.com\/\" target=\"_blank\">Toulouse<\/a>\u00a0\/\u00a0<a href=\"http:\/\/www.institut-europeen.com\/\" target=\"_blank\">Montpellie<\/a>r<\/p>\n<p>&nbsp;<\/p>\n<p><span lang=\"PT\">Com muito prazer Academia Buenos Aires recomenda os servi\u00e7os de assessoria educacional internacional de &#8220;<a href=\"http:\/\/www.viveenbuenosaires.com\" target=\"_blank\">Vive en Buenos Aires<\/a>&#8220;:<\/span><\/p>\n<p><a href=\"https:\/\/www.academiabuenosaires.com\/wp-content\/uploads\/2013\/05\/viveenbuenosaires.png\"><img loading=\"lazy\" decoding=\"async\" class=\"alignleft wp-image-5456 size-thumbnail\" src=\"https:\/\/www.academiabuenosaires.com\/wp-content\/uploads\/2013\/05\/viveenbuenosaires-160x32.png\" alt=\"viveenbuenosaires\" width=\"160\" height=\"32\" data-id=\"5456\" srcset=\"https:\/\/www.academiabuenosaires.com\/wp-content\/uploads\/2013\/05\/viveenbuenosaires-160x32.png 160w, https:\/\/www.academiabuenosaires.com\/wp-content\/uploads\/2013\/05\/viveenbuenosaires-338x67.png 338w, https:\/\/www.academiabuenosaires.com\/wp-content\/uploads\/2013\/05\/viveenbuenosaires.png 644w\" sizes=\"auto, (max-width: 160px) 100vw, 160px\" \/><\/a><\/p>\n","protected":false},"excerpt":{"rendered":"<p>&nbsp; Academia Buenos Aires tem escolas amigas,\u00a0membros da rede internacional de escolas de qualidade Tandem International\u00ae. As escolas s\u00e3o conhecidas por sua qualidade, efic\u00e1cia no ensino e atmosfera sempre cordial e amig\u00e1vel. Todas as escolas colocam especial \u00eanfase na integra\u00e7\u00e3o cultural de seus alunos e organizam, como complemento dos cursos de espanhol, encontros de interc\u00e2mbio [&hellip;]<\/p>\n","protected":false},"author":1,"featured_media":0,"parent":3900,"menu_order":37,"comment_status":"open","ping_status":"closed","template":"","meta":{"footnotes":""},"class_list":["post-3910","page","type-page","status-publish","hentry","entry"],"yoast_head":"<!-- This site is optimized with the Yoast SEO plugin v26.0 - https:\/\/yoast.com\/wordpress\/plugins\/seo\/ -->\n<title>TANDEM International Buenos Aires, Argentina<\/title>\n<meta name=\"description\" content=\"Academia Buenos Aires \u00e9 membro da rede internacional de escolas de qualidade Tandem International\u00ae. As escolas TANDEM s\u00e3o conhecidas por sua qualidade, efic\u00e1cia no ensino\" \/>\n<meta name=\"robots\" content=\"index, follow, max-snippet:-1, max-image-preview:large, max-video-preview:-1\" \/>\n<link rel=\"canonical\" href=\"https:\/\/www.academiabuenosaires.com\/pt-br\/escola\/escolas-amigas\/\" \/>\n<meta property=\"og:locale\" content=\"pt_BR\" \/>\n<meta property=\"og:type\" content=\"article\" \/>\n<meta property=\"og:title\" content=\"TANDEM International Buenos Aires, Argentina\" \/>\n<meta property=\"og:description\" content=\"Academia Buenos Aires \u00e9 membro da rede internacional de escolas de qualidade Tandem International\u00ae. As escolas TANDEM s\u00e3o conhecidas por sua qualidade, efic\u00e1cia no ensino\" \/>\n<meta property=\"og:url\" content=\"https:\/\/www.academiabuenosaires.com\/pt-br\/escola\/escolas-amigas\/\" \/>\n<meta property=\"og:site_name\" content=\"Academia Buenos Aires\" \/>\n<meta property=\"article:modified_time\" content=\"2018-03-01T22:00:21+00:00\" \/>\n<meta property=\"og:image\" content=\"https:\/\/www.academiabuenosaires.com\/wp-content\/uploads\/2013\/05\/viveenbuenosaires-160x32.png\" \/>\n<meta name=\"twitter:label1\" content=\"Est. reading time\" \/>\n\t<meta name=\"twitter:data1\" content=\"1 minute\" \/>\n<script type=\"application\/ld+json\" class=\"yoast-schema-graph\">{\"@context\":\"https:\/\/schema.org\",\"@graph\":[{\"@type\":\"WebPage\",\"@id\":\"https:\/\/www.academiabuenosaires.com\/pt-br\/escola\/escolas-amigas\/\",\"url\":\"https:\/\/www.academiabuenosaires.com\/pt-br\/escola\/escolas-amigas\/\",\"name\":\"TANDEM International Buenos Aires, Argentina\",\"isPartOf\":{\"@id\":\"https:\/\/www.academiabuenosaires.com\/pt-br\/#website\"},\"primaryImageOfPage\":{\"@id\":\"https:\/\/www.academiabuenosaires.com\/pt-br\/escola\/escolas-amigas\/#primaryimage\"},\"image\":{\"@id\":\"https:\/\/www.academiabuenosaires.com\/pt-br\/escola\/escolas-amigas\/#primaryimage\"},\"thumbnailUrl\":\"https:\/\/www.academiabuenosaires.com\/wp-content\/uploads\/2013\/05\/viveenbuenosaires-160x32.png\",\"datePublished\":\"2013-05-12T23:48:08+00:00\",\"dateModified\":\"2018-03-01T22:00:21+00:00\",\"description\":\"Academia Buenos Aires \u00e9 membro da rede internacional de escolas de qualidade Tandem International\u00ae. As escolas TANDEM s\u00e3o conhecidas por sua qualidade, efic\u00e1cia no ensino\",\"breadcrumb\":{\"@id\":\"https:\/\/www.academiabuenosaires.com\/pt-br\/escola\/escolas-amigas\/#breadcrumb\"},\"inLanguage\":\"pt-BR\",\"potentialAction\":[{\"@type\":\"ReadAction\",\"target\":[\"https:\/\/www.academiabuenosaires.com\/pt-br\/escola\/escolas-amigas\/\"]}]},{\"@type\":\"ImageObject\",\"inLanguage\":\"pt-BR\",\"@id\":\"https:\/\/www.academiabuenosaires.com\/pt-br\/escola\/escolas-amigas\/#primaryimage\",\"url\":\"https:\/\/www.academiabuenosaires.com\/wp-content\/uploads\/2013\/05\/viveenbuenosaires-160x32.png\",\"contentUrl\":\"https:\/\/www.academiabuenosaires.com\/wp-content\/uploads\/2013\/05\/viveenbuenosaires-160x32.png\"},{\"@type\":\"BreadcrumbList\",\"@id\":\"https:\/\/www.academiabuenosaires.com\/pt-br\/escola\/escolas-amigas\/#breadcrumb\",\"itemListElement\":[{\"@type\":\"ListItem\",\"position\":1,\"name\":\"Home\",\"item\":\"https:\/\/www.academiabuenosaires.com\/pt-br\/\"},{\"@type\":\"ListItem\",\"position\":2,\"name\":\"A escola\",\"item\":\"https:\/\/www.academiabuenosaires.com\/pt-br\/escola\/\"},{\"@type\":\"ListItem\",\"position\":3,\"name\":\"Escolas amigas\"}]},{\"@type\":\"WebSite\",\"@id\":\"https:\/\/www.academiabuenosaires.com\/pt-br\/#website\",\"url\":\"https:\/\/www.academiabuenosaires.com\/pt-br\/\",\"name\":\"Academia Buenos Aires\",\"description\":\"spanish courses\",\"potentialAction\":[{\"@type\":\"SearchAction\",\"target\":{\"@type\":\"EntryPoint\",\"urlTemplate\":\"https:\/\/www.academiabuenosaires.com\/pt-br\/?s={search_term_string}\"},\"query-input\":{\"@type\":\"PropertyValueSpecification\",\"valueRequired\":true,\"valueName\":\"search_term_string\"}}],\"inLanguage\":\"pt-BR\"}]}<\/script>\n<!-- \/ Yoast SEO plugin. -->","yoast_head_json":{"title":"TANDEM International Buenos Aires, Argentina","description":"Academia Buenos Aires \u00e9 membro da rede internacional de escolas de qualidade Tandem International\u00ae. As escolas TANDEM s\u00e3o conhecidas por sua qualidade, efic\u00e1cia no ensino","robots":{"index":"index","follow":"follow","max-snippet":"max-snippet:-1","max-image-preview":"max-image-preview:large","max-video-preview":"max-video-preview:-1"},"canonical":"https:\/\/www.academiabuenosaires.com\/pt-br\/escola\/escolas-amigas\/","og_locale":"pt_BR","og_type":"article","og_title":"TANDEM International Buenos Aires, Argentina","og_description":"Academia Buenos Aires \u00e9 membro da rede internacional de escolas de qualidade Tandem International\u00ae. As escolas TANDEM s\u00e3o conhecidas por sua qualidade, efic\u00e1cia no ensino","og_url":"https:\/\/www.academiabuenosaires.com\/pt-br\/escola\/escolas-amigas\/","og_site_name":"Academia Buenos Aires","article_modified_time":"2018-03-01T22:00:21+00:00","og_image":[{"url":"https:\/\/www.academiabuenosaires.com\/wp-content\/uploads\/2013\/05\/viveenbuenosaires-160x32.png","type":"","width":"","height":""}],"twitter_misc":{"Est. reading time":"1 minute"},"schema":{"@context":"https:\/\/schema.org","@graph":[{"@type":"WebPage","@id":"https:\/\/www.academiabuenosaires.com\/pt-br\/escola\/escolas-amigas\/","url":"https:\/\/www.academiabuenosaires.com\/pt-br\/escola\/escolas-amigas\/","name":"TANDEM International Buenos Aires, Argentina","isPartOf":{"@id":"https:\/\/www.academiabuenosaires.com\/pt-br\/#website"},"primaryImageOfPage":{"@id":"https:\/\/www.academiabuenosaires.com\/pt-br\/escola\/escolas-amigas\/#primaryimage"},"image":{"@id":"https:\/\/www.academiabuenosaires.com\/pt-br\/escola\/escolas-amigas\/#primaryimage"},"thumbnailUrl":"https:\/\/www.academiabuenosaires.com\/wp-content\/uploads\/2013\/05\/viveenbuenosaires-160x32.png","datePublished":"2013-05-12T23:48:08+00:00","dateModified":"2018-03-01T22:00:21+00:00","description":"Academia Buenos Aires \u00e9 membro da rede internacional de escolas de qualidade Tandem International\u00ae. As escolas TANDEM s\u00e3o conhecidas por sua qualidade, efic\u00e1cia no ensino","breadcrumb":{"@id":"https:\/\/www.academiabuenosaires.com\/pt-br\/escola\/escolas-amigas\/#breadcrumb"},"inLanguage":"pt-BR","potentialAction":[{"@type":"ReadAction","target":["https:\/\/www.academiabuenosaires.com\/pt-br\/escola\/escolas-amigas\/"]}]},{"@type":"ImageObject","inLanguage":"pt-BR","@id":"https:\/\/www.academiabuenosaires.com\/pt-br\/escola\/escolas-amigas\/#primaryimage","url":"https:\/\/www.academiabuenosaires.com\/wp-content\/uploads\/2013\/05\/viveenbuenosaires-160x32.png","contentUrl":"https:\/\/www.academiabuenosaires.com\/wp-content\/uploads\/2013\/05\/viveenbuenosaires-160x32.png"},{"@type":"BreadcrumbList","@id":"https:\/\/www.academiabuenosaires.com\/pt-br\/escola\/escolas-amigas\/#breadcrumb","itemListElement":[{"@type":"ListItem","position":1,"name":"Home","item":"https:\/\/www.academiabuenosaires.com\/pt-br\/"},{"@type":"ListItem","position":2,"name":"A escola","item":"https:\/\/www.academiabuenosaires.com\/pt-br\/escola\/"},{"@type":"ListItem","position":3,"name":"Escolas amigas"}]},{"@type":"WebSite","@id":"https:\/\/www.academiabuenosaires.com\/pt-br\/#website","url":"https:\/\/www.academiabuenosaires.com\/pt-br\/","name":"Academia Buenos Aires","description":"spanish courses","potentialAction":[{"@type":"SearchAction","target":{"@type":"EntryPoint","urlTemplate":"https:\/\/www.academiabuenosaires.com\/pt-br\/?s={search_term_string}"},"query-input":{"@type":"PropertyValueSpecification","valueRequired":true,"valueName":"search_term_string"}}],"inLanguage":"pt-BR"}]}},"_links":{"self":[{"href":"https:\/\/www.academiabuenosaires.com\/pt-br\/wp-json\/wp\/v2\/pages\/3910","targetHints":{"allow":["GET"]}}],"collection":[{"href":"https:\/\/www.academiabuenosaires.com\/pt-br\/wp-json\/wp\/v2\/pages"}],"about":[{"href":"https:\/\/www.academiabuenosaires.com\/pt-br\/wp-json\/wp\/v2\/types\/page"}],"author":[{"embeddable":true,"href":"https:\/\/www.academiabuenosaires.com\/pt-br\/wp-json\/wp\/v2\/users\/1"}],"replies":[{"embeddable":true,"href":"https:\/\/www.academiabuenosaires.com\/pt-br\/wp-json\/wp\/v2\/comments?post=3910"}],"version-history":[{"count":0,"href":"https:\/\/www.academiabuenosaires.com\/pt-br\/wp-json\/wp\/v2\/pages\/3910\/revisions"}],"up":[{"embeddable":true,"href":"https:\/\/www.academiabuenosaires.com\/pt-br\/wp-json\/wp\/v2\/pages\/3900"}],"wp:attachment":[{"href":"https:\/\/www.academiabuenosaires.com\/pt-br\/wp-json\/wp\/v2\/media?parent=3910"}],"curies":[{"name":"wp","href":"https:\/\/api.w.org\/{rel}","templated":true}]}}