
{"id":3908,"date":"2014-05-06T22:55:22","date_gmt":"2014-05-07T01:55:22","guid":{"rendered":"https:\/\/www.academiabuenosaires.com\/?page_id=3908"},"modified":"2014-07-06T22:24:31","modified_gmt":"2014-07-07T01:24:31","slug":"os-fundadores","status":"publish","type":"page","link":"https:\/\/www.academiabuenosaires.com\/pt-br\/escola\/os-fundadores\/","title":{"rendered":"Os fundadores"},"content":{"rendered":"<p><img loading=\"lazy\" decoding=\"async\" class=\"alignleft  wp-image-795\" title=\"founders of Academia Buenos Aires\" src=\"https:\/\/www.academiabuenosaires.com\/wp-content\/uploads\/2013\/06\/founders-academia-300x300.jpg\" alt=\"Founders of Academia Buenos Aires\" width=\"200\" height=\"200\" \/><\/p>\n<p><strong>Maria Marta<\/strong>, 40 anos, argentina. Maria \u00e9 psic\u00f3loga e tem um mestrado em Pol\u00edtica Social. Viajou muito pela Am\u00e9rica Latina. Tem um filho, Ulises.<\/p>\n<p><strong>Virginia<\/strong>, 38 anos, uruguaia. Virginia \u00e9 dan\u00e7arina contempor\u00e2nea profissional, e quando n\u00e3o viaja, trabalha como co-diretora de uma companhia de dan\u00e7a. Ela adora a literatura latino-americana, o chimarr\u00e3o e suas filhas, Olivia e Helena.<\/p>\n<p><strong>Francisco<\/strong>, 46 anos, argentino. Francisco trabalhou por muitos anos com crian\u00e7as de rua, no Consejo Nacional del Menor (Conselho Nacional da Crian\u00e7a). Tamb\u00e9m \u00e9 ator, organiza castings para filmes e desenha roupa para teatro.<\/p>\n<p><strong>Federico<\/strong>, 44 anos, alem\u00e3o. Federico tem um doutorado em Sociologia e trabalhou como professor em uma universidade de Buenos Aires. Ele morou muitos anos na Fran\u00e7a, mas se apaixonou por Buenos Aires e ficou morando nessa cidade.<\/p>\n","protected":false},"excerpt":{"rendered":"<p>Maria Marta, 40 anos, argentina. Maria \u00e9 psic\u00f3loga e tem um mestrado em Pol\u00edtica Social. Viajou muito pela Am\u00e9rica Latina. Tem um filho, Ulises. Virginia, 38 anos, uruguaia. Virginia \u00e9 dan\u00e7arina contempor\u00e2nea profissional, e quando n\u00e3o viaja, trabalha como co-diretora de uma companhia de dan\u00e7a. Ela adora a literatura latino-americana, o chimarr\u00e3o e suas filhas, [&hellip;]<\/p>\n","protected":false},"author":5,"featured_media":0,"parent":3900,"menu_order":34,"comment_status":"open","ping_status":"closed","template":"","meta":{"footnotes":""},"class_list":["post-3908","page","type-page","status-publish","hentry","entry"],"yoast_head":"<!-- This site is optimized with the Yoast SEO plugin v26.0 - https:\/\/yoast.com\/wordpress\/plugins\/seo\/ -->\n<title>Os fundadores - Academia Buenos Aires<\/title>\n<meta name=\"description\" content=\"Maria Marta, 40 anos, argentina. Maria \u00e9 psic\u00f3loga e tem um mestrado em Pol\u00edtica Social. Viajou muito pela Am\u00e9rica Latina. Tem um filho, Ulises.\" \/>\n<meta name=\"robots\" content=\"index, follow, max-snippet:-1, max-image-preview:large, max-video-preview:-1\" \/>\n<link rel=\"canonical\" href=\"https:\/\/www.academiabuenosaires.com\/pt-br\/escola\/os-fundadores\/\" \/>\n<meta property=\"og:locale\" content=\"pt_BR\" \/>\n<meta property=\"og:type\" content=\"article\" \/>\n<meta property=\"og:title\" content=\"Os fundadores - Academia Buenos Aires\" \/>\n<meta property=\"og:description\" content=\"Maria Marta, 40 anos, argentina. Maria \u00e9 psic\u00f3loga e tem um mestrado em Pol\u00edtica Social. Viajou muito pela Am\u00e9rica Latina. Tem um filho, Ulises.\" \/>\n<meta property=\"og:url\" content=\"https:\/\/www.academiabuenosaires.com\/pt-br\/escola\/os-fundadores\/\" \/>\n<meta property=\"og:site_name\" content=\"Academia Buenos Aires\" \/>\n<meta property=\"article:modified_time\" content=\"2014-07-07T01:24:31+00:00\" \/>\n<meta property=\"og:image\" content=\"https:\/\/www.academiabuenosaires.com\/wp-content\/uploads\/2013\/06\/founders-academia-300x300.jpg\" \/>\n<meta name=\"twitter:label1\" content=\"Est. reading time\" \/>\n\t<meta name=\"twitter:data1\" content=\"1 minute\" \/>\n<script type=\"application\/ld+json\" class=\"yoast-schema-graph\">{\"@context\":\"https:\/\/schema.org\",\"@graph\":[{\"@type\":\"WebPage\",\"@id\":\"https:\/\/www.academiabuenosaires.com\/pt-br\/escola\/os-fundadores\/\",\"url\":\"https:\/\/www.academiabuenosaires.com\/pt-br\/escola\/os-fundadores\/\",\"name\":\"Os fundadores - Academia Buenos Aires\",\"isPartOf\":{\"@id\":\"https:\/\/www.academiabuenosaires.com\/pt-br\/#website\"},\"primaryImageOfPage\":{\"@id\":\"https:\/\/www.academiabuenosaires.com\/pt-br\/escola\/os-fundadores\/#primaryimage\"},\"image\":{\"@id\":\"https:\/\/www.academiabuenosaires.com\/pt-br\/escola\/os-fundadores\/#primaryimage\"},\"thumbnailUrl\":\"https:\/\/www.academiabuenosaires.com\/wp-content\/uploads\/2013\/06\/founders-academia-300x300.jpg\",\"datePublished\":\"2014-05-07T01:55:22+00:00\",\"dateModified\":\"2014-07-07T01:24:31+00:00\",\"description\":\"Maria Marta, 40 anos, argentina. Maria \u00e9 psic\u00f3loga e tem um mestrado em Pol\u00edtica Social. Viajou muito pela Am\u00e9rica Latina. Tem um filho, Ulises.\",\"breadcrumb\":{\"@id\":\"https:\/\/www.academiabuenosaires.com\/pt-br\/escola\/os-fundadores\/#breadcrumb\"},\"inLanguage\":\"pt-BR\",\"potentialAction\":[{\"@type\":\"ReadAction\",\"target\":[\"https:\/\/www.academiabuenosaires.com\/pt-br\/escola\/os-fundadores\/\"]}]},{\"@type\":\"ImageObject\",\"inLanguage\":\"pt-BR\",\"@id\":\"https:\/\/www.academiabuenosaires.com\/pt-br\/escola\/os-fundadores\/#primaryimage\",\"url\":\"https:\/\/www.academiabuenosaires.com\/wp-content\/uploads\/2013\/06\/founders-academia-300x300.jpg\",\"contentUrl\":\"https:\/\/www.academiabuenosaires.com\/wp-content\/uploads\/2013\/06\/founders-academia-300x300.jpg\"},{\"@type\":\"BreadcrumbList\",\"@id\":\"https:\/\/www.academiabuenosaires.com\/pt-br\/escola\/os-fundadores\/#breadcrumb\",\"itemListElement\":[{\"@type\":\"ListItem\",\"position\":1,\"name\":\"Home\",\"item\":\"https:\/\/www.academiabuenosaires.com\/pt-br\/\"},{\"@type\":\"ListItem\",\"position\":2,\"name\":\"A escola\",\"item\":\"https:\/\/www.academiabuenosaires.com\/pt-br\/escola\/\"},{\"@type\":\"ListItem\",\"position\":3,\"name\":\"Os fundadores\"}]},{\"@type\":\"WebSite\",\"@id\":\"https:\/\/www.academiabuenosaires.com\/pt-br\/#website\",\"url\":\"https:\/\/www.academiabuenosaires.com\/pt-br\/\",\"name\":\"Academia Buenos Aires\",\"description\":\"spanish courses\",\"potentialAction\":[{\"@type\":\"SearchAction\",\"target\":{\"@type\":\"EntryPoint\",\"urlTemplate\":\"https:\/\/www.academiabuenosaires.com\/pt-br\/?s={search_term_string}\"},\"query-input\":{\"@type\":\"PropertyValueSpecification\",\"valueRequired\":true,\"valueName\":\"search_term_string\"}}],\"inLanguage\":\"pt-BR\"}]}<\/script>\n<!-- \/ Yoast SEO plugin. -->","yoast_head_json":{"title":"Os fundadores - Academia Buenos Aires","description":"Maria Marta, 40 anos, argentina. Maria \u00e9 psic\u00f3loga e tem um mestrado em Pol\u00edtica Social. Viajou muito pela Am\u00e9rica Latina. Tem um filho, Ulises.","robots":{"index":"index","follow":"follow","max-snippet":"max-snippet:-1","max-image-preview":"max-image-preview:large","max-video-preview":"max-video-preview:-1"},"canonical":"https:\/\/www.academiabuenosaires.com\/pt-br\/escola\/os-fundadores\/","og_locale":"pt_BR","og_type":"article","og_title":"Os fundadores - Academia Buenos Aires","og_description":"Maria Marta, 40 anos, argentina. Maria \u00e9 psic\u00f3loga e tem um mestrado em Pol\u00edtica Social. Viajou muito pela Am\u00e9rica Latina. Tem um filho, Ulises.","og_url":"https:\/\/www.academiabuenosaires.com\/pt-br\/escola\/os-fundadores\/","og_site_name":"Academia Buenos Aires","article_modified_time":"2014-07-07T01:24:31+00:00","og_image":[{"url":"https:\/\/www.academiabuenosaires.com\/wp-content\/uploads\/2013\/06\/founders-academia-300x300.jpg","type":"","width":"","height":""}],"twitter_misc":{"Est. reading time":"1 minute"},"schema":{"@context":"https:\/\/schema.org","@graph":[{"@type":"WebPage","@id":"https:\/\/www.academiabuenosaires.com\/pt-br\/escola\/os-fundadores\/","url":"https:\/\/www.academiabuenosaires.com\/pt-br\/escola\/os-fundadores\/","name":"Os fundadores - Academia Buenos Aires","isPartOf":{"@id":"https:\/\/www.academiabuenosaires.com\/pt-br\/#website"},"primaryImageOfPage":{"@id":"https:\/\/www.academiabuenosaires.com\/pt-br\/escola\/os-fundadores\/#primaryimage"},"image":{"@id":"https:\/\/www.academiabuenosaires.com\/pt-br\/escola\/os-fundadores\/#primaryimage"},"thumbnailUrl":"https:\/\/www.academiabuenosaires.com\/wp-content\/uploads\/2013\/06\/founders-academia-300x300.jpg","datePublished":"2014-05-07T01:55:22+00:00","dateModified":"2014-07-07T01:24:31+00:00","description":"Maria Marta, 40 anos, argentina. Maria \u00e9 psic\u00f3loga e tem um mestrado em Pol\u00edtica Social. Viajou muito pela Am\u00e9rica Latina. Tem um filho, Ulises.","breadcrumb":{"@id":"https:\/\/www.academiabuenosaires.com\/pt-br\/escola\/os-fundadores\/#breadcrumb"},"inLanguage":"pt-BR","potentialAction":[{"@type":"ReadAction","target":["https:\/\/www.academiabuenosaires.com\/pt-br\/escola\/os-fundadores\/"]}]},{"@type":"ImageObject","inLanguage":"pt-BR","@id":"https:\/\/www.academiabuenosaires.com\/pt-br\/escola\/os-fundadores\/#primaryimage","url":"https:\/\/www.academiabuenosaires.com\/wp-content\/uploads\/2013\/06\/founders-academia-300x300.jpg","contentUrl":"https:\/\/www.academiabuenosaires.com\/wp-content\/uploads\/2013\/06\/founders-academia-300x300.jpg"},{"@type":"BreadcrumbList","@id":"https:\/\/www.academiabuenosaires.com\/pt-br\/escola\/os-fundadores\/#breadcrumb","itemListElement":[{"@type":"ListItem","position":1,"name":"Home","item":"https:\/\/www.academiabuenosaires.com\/pt-br\/"},{"@type":"ListItem","position":2,"name":"A escola","item":"https:\/\/www.academiabuenosaires.com\/pt-br\/escola\/"},{"@type":"ListItem","position":3,"name":"Os fundadores"}]},{"@type":"WebSite","@id":"https:\/\/www.academiabuenosaires.com\/pt-br\/#website","url":"https:\/\/www.academiabuenosaires.com\/pt-br\/","name":"Academia Buenos Aires","description":"spanish courses","potentialAction":[{"@type":"SearchAction","target":{"@type":"EntryPoint","urlTemplate":"https:\/\/www.academiabuenosaires.com\/pt-br\/?s={search_term_string}"},"query-input":{"@type":"PropertyValueSpecification","valueRequired":true,"valueName":"search_term_string"}}],"inLanguage":"pt-BR"}]}},"_links":{"self":[{"href":"https:\/\/www.academiabuenosaires.com\/pt-br\/wp-json\/wp\/v2\/pages\/3908","targetHints":{"allow":["GET"]}}],"collection":[{"href":"https:\/\/www.academiabuenosaires.com\/pt-br\/wp-json\/wp\/v2\/pages"}],"about":[{"href":"https:\/\/www.academiabuenosaires.com\/pt-br\/wp-json\/wp\/v2\/types\/page"}],"author":[{"embeddable":true,"href":"https:\/\/www.academiabuenosaires.com\/pt-br\/wp-json\/wp\/v2\/users\/5"}],"replies":[{"embeddable":true,"href":"https:\/\/www.academiabuenosaires.com\/pt-br\/wp-json\/wp\/v2\/comments?post=3908"}],"version-history":[{"count":0,"href":"https:\/\/www.academiabuenosaires.com\/pt-br\/wp-json\/wp\/v2\/pages\/3908\/revisions"}],"up":[{"embeddable":true,"href":"https:\/\/www.academiabuenosaires.com\/pt-br\/wp-json\/wp\/v2\/pages\/3900"}],"wp:attachment":[{"href":"https:\/\/www.academiabuenosaires.com\/pt-br\/wp-json\/wp\/v2\/media?parent=3908"}],"curies":[{"name":"wp","href":"https:\/\/api.w.org\/{rel}","templated":true}]}}