
{"id":3905,"date":"2014-05-06T22:51:57","date_gmt":"2014-05-07T01:51:57","guid":{"rendered":"https:\/\/www.academiabuenosaires.com\/?page_id=3905"},"modified":"2017-06-30T11:39:27","modified_gmt":"2017-06-30T14:39:27","slug":"professores","status":"publish","type":"page","link":"https:\/\/www.academiabuenosaires.com\/pt-br\/escola\/professores\/","title":{"rendered":"Professores"},"content":{"rendered":"<p>Nossos professores s\u00e3o profissionais com t\u00edtulo universit\u00e1rio (ou prestes a se formarem) das melhores universidades da Argentina. Todos s\u00e3o, \u00e9 claro, falantes nativos de espanhol. A maioria deles fala, pelo menos, duas l\u00ednguas estrangeiras e t\u00eam vasta experi\u00eancia no ensino para estrangeiros.<\/p>\n<p>O objetivo da nossa diretora acad\u00eamica \u00e9 duplo: por um lado, coordenar as aulas e tarefas dos professores, por outro, manter e melhorar os nossos elevados padr\u00f5es de qualidade na educa\u00e7\u00e3o. Mariela ensinou idiomas tanto no setor p\u00fablico quanto no particular, por quase vinte anos. Al\u00e9m de suas credenciais na \u00e1rea de l\u00ednguas, Mariela \u00e9 Bacharel em Psicologia e tem trabalhado neste campo dentro da pr\u00e1tica cl\u00ednica e da coordena\u00e7\u00e3o de grupos em institui\u00e7\u00f5es de sa\u00fade. Tanto Mariela quanto suas asistentes t\u00eam uma variada gama de fun\u00e7\u00f5es na escola, incluindo as avalia\u00e7\u00f5es de nivelamento dos estudantes, o desenvolvimento curricular, a distribui\u00e7\u00e3o de cursos e salas de aula, entre outras.<\/p>\n<p><a href=\"https:\/\/www.academiabuenosaires.com\/wp-content\/uploads\/2013\/06\/spanish-teachers-at-academia-buenos-aires.jpg\"><img loading=\"lazy\" decoding=\"async\" class=\" wp-image-5415 size-full aligncenter\" title=\"spanish teachers at Academia Buenos Aires\" src=\"https:\/\/www.academiabuenosaires.com\/wp-content\/uploads\/2013\/06\/spanish-teachers-at-academia-buenos-aires.jpg\" alt=\"Academia Buenos Aires\" width=\"714\" height=\"341\" data-id=\"2814\" srcset=\"https:\/\/www.academiabuenosaires.com\/wp-content\/uploads\/2013\/06\/spanish-teachers-at-academia-buenos-aires.jpg 714w, https:\/\/www.academiabuenosaires.com\/wp-content\/uploads\/2013\/06\/spanish-teachers-at-academia-buenos-aires-160x76.jpg 160w, https:\/\/www.academiabuenosaires.com\/wp-content\/uploads\/2013\/06\/spanish-teachers-at-academia-buenos-aires-338x161.jpg 338w\" sizes=\"auto, (max-width: 714px) 100vw, 714px\" \/><\/a><\/p>\n","protected":false},"excerpt":{"rendered":"<p>Nossos professores s\u00e3o profissionais com t\u00edtulo universit\u00e1rio (ou prestes a se formarem) das melhores universidades da Argentina. Todos s\u00e3o, \u00e9 claro, falantes nativos de espanhol. A maioria deles fala, pelo menos, duas l\u00ednguas estrangeiras e t\u00eam vasta experi\u00eancia no ensino para estrangeiros. O objetivo da nossa diretora acad\u00eamica \u00e9 duplo: por um lado, coordenar as [&hellip;]<\/p>\n","protected":false},"author":5,"featured_media":0,"parent":3900,"menu_order":13,"comment_status":"open","ping_status":"open","template":"","meta":{"footnotes":""},"class_list":["post-3905","page","type-page","status-publish","hentry","entry"],"yoast_head":"<!-- This site is optimized with the Yoast SEO plugin v26.0 - https:\/\/yoast.com\/wordpress\/plugins\/seo\/ -->\n<title>Professores - Academia Buenos Aires<\/title>\n<meta name=\"description\" content=\"Nossos professores s\u00e3o profissionais com t\u00edtulo universit\u00e1rio (ou prestes a se formarem) das melhores universidades da Argentina.\" \/>\n<meta name=\"robots\" content=\"index, follow, max-snippet:-1, max-image-preview:large, max-video-preview:-1\" \/>\n<link rel=\"canonical\" href=\"https:\/\/www.academiabuenosaires.com\/pt-br\/escola\/professores\/\" \/>\n<meta property=\"og:locale\" content=\"pt_BR\" \/>\n<meta property=\"og:type\" content=\"article\" \/>\n<meta property=\"og:title\" content=\"Professores - Academia Buenos Aires\" \/>\n<meta property=\"og:description\" content=\"Nossos professores s\u00e3o profissionais com t\u00edtulo universit\u00e1rio (ou prestes a se formarem) das melhores universidades da Argentina.\" \/>\n<meta property=\"og:url\" content=\"https:\/\/www.academiabuenosaires.com\/pt-br\/escola\/professores\/\" \/>\n<meta property=\"og:site_name\" content=\"Academia Buenos Aires\" \/>\n<meta property=\"article:modified_time\" content=\"2017-06-30T14:39:27+00:00\" \/>\n<meta property=\"og:image\" content=\"https:\/\/www.academiabuenosaires.com\/wp-content\/uploads\/2013\/06\/spanish-teachers-at-academia-buenos-aires.jpg\" \/>\n<meta name=\"twitter:label1\" content=\"Est. reading time\" \/>\n\t<meta name=\"twitter:data1\" content=\"1 minute\" \/>\n<script type=\"application\/ld+json\" class=\"yoast-schema-graph\">{\"@context\":\"https:\/\/schema.org\",\"@graph\":[{\"@type\":\"WebPage\",\"@id\":\"https:\/\/www.academiabuenosaires.com\/pt-br\/escola\/professores\/\",\"url\":\"https:\/\/www.academiabuenosaires.com\/pt-br\/escola\/professores\/\",\"name\":\"Professores - Academia Buenos Aires\",\"isPartOf\":{\"@id\":\"https:\/\/www.academiabuenosaires.com\/pt-br\/#website\"},\"primaryImageOfPage\":{\"@id\":\"https:\/\/www.academiabuenosaires.com\/pt-br\/escola\/professores\/#primaryimage\"},\"image\":{\"@id\":\"https:\/\/www.academiabuenosaires.com\/pt-br\/escola\/professores\/#primaryimage\"},\"thumbnailUrl\":\"https:\/\/www.academiabuenosaires.com\/wp-content\/uploads\/2013\/06\/spanish-teachers-at-academia-buenos-aires.jpg\",\"datePublished\":\"2014-05-07T01:51:57+00:00\",\"dateModified\":\"2017-06-30T14:39:27+00:00\",\"description\":\"Nossos professores s\u00e3o profissionais com t\u00edtulo universit\u00e1rio (ou prestes a se formarem) das melhores universidades da Argentina.\",\"breadcrumb\":{\"@id\":\"https:\/\/www.academiabuenosaires.com\/pt-br\/escola\/professores\/#breadcrumb\"},\"inLanguage\":\"pt-BR\",\"potentialAction\":[{\"@type\":\"ReadAction\",\"target\":[\"https:\/\/www.academiabuenosaires.com\/pt-br\/escola\/professores\/\"]}]},{\"@type\":\"ImageObject\",\"inLanguage\":\"pt-BR\",\"@id\":\"https:\/\/www.academiabuenosaires.com\/pt-br\/escola\/professores\/#primaryimage\",\"url\":\"https:\/\/www.academiabuenosaires.com\/wp-content\/uploads\/2013\/06\/spanish-teachers-at-academia-buenos-aires.jpg\",\"contentUrl\":\"https:\/\/www.academiabuenosaires.com\/wp-content\/uploads\/2013\/06\/spanish-teachers-at-academia-buenos-aires.jpg\"},{\"@type\":\"BreadcrumbList\",\"@id\":\"https:\/\/www.academiabuenosaires.com\/pt-br\/escola\/professores\/#breadcrumb\",\"itemListElement\":[{\"@type\":\"ListItem\",\"position\":1,\"name\":\"Home\",\"item\":\"https:\/\/www.academiabuenosaires.com\/pt-br\/\"},{\"@type\":\"ListItem\",\"position\":2,\"name\":\"A escola\",\"item\":\"https:\/\/www.academiabuenosaires.com\/pt-br\/escola\/\"},{\"@type\":\"ListItem\",\"position\":3,\"name\":\"Professores\"}]},{\"@type\":\"WebSite\",\"@id\":\"https:\/\/www.academiabuenosaires.com\/pt-br\/#website\",\"url\":\"https:\/\/www.academiabuenosaires.com\/pt-br\/\",\"name\":\"Academia Buenos Aires\",\"description\":\"spanish courses\",\"potentialAction\":[{\"@type\":\"SearchAction\",\"target\":{\"@type\":\"EntryPoint\",\"urlTemplate\":\"https:\/\/www.academiabuenosaires.com\/pt-br\/?s={search_term_string}\"},\"query-input\":{\"@type\":\"PropertyValueSpecification\",\"valueRequired\":true,\"valueName\":\"search_term_string\"}}],\"inLanguage\":\"pt-BR\"}]}<\/script>\n<!-- \/ Yoast SEO plugin. -->","yoast_head_json":{"title":"Professores - Academia Buenos Aires","description":"Nossos professores s\u00e3o profissionais com t\u00edtulo universit\u00e1rio (ou prestes a se formarem) das melhores universidades da Argentina.","robots":{"index":"index","follow":"follow","max-snippet":"max-snippet:-1","max-image-preview":"max-image-preview:large","max-video-preview":"max-video-preview:-1"},"canonical":"https:\/\/www.academiabuenosaires.com\/pt-br\/escola\/professores\/","og_locale":"pt_BR","og_type":"article","og_title":"Professores - Academia Buenos Aires","og_description":"Nossos professores s\u00e3o profissionais com t\u00edtulo universit\u00e1rio (ou prestes a se formarem) das melhores universidades da Argentina.","og_url":"https:\/\/www.academiabuenosaires.com\/pt-br\/escola\/professores\/","og_site_name":"Academia Buenos Aires","article_modified_time":"2017-06-30T14:39:27+00:00","og_image":[{"url":"https:\/\/www.academiabuenosaires.com\/wp-content\/uploads\/2013\/06\/spanish-teachers-at-academia-buenos-aires.jpg","type":"","width":"","height":""}],"twitter_misc":{"Est. reading time":"1 minute"},"schema":{"@context":"https:\/\/schema.org","@graph":[{"@type":"WebPage","@id":"https:\/\/www.academiabuenosaires.com\/pt-br\/escola\/professores\/","url":"https:\/\/www.academiabuenosaires.com\/pt-br\/escola\/professores\/","name":"Professores - Academia Buenos Aires","isPartOf":{"@id":"https:\/\/www.academiabuenosaires.com\/pt-br\/#website"},"primaryImageOfPage":{"@id":"https:\/\/www.academiabuenosaires.com\/pt-br\/escola\/professores\/#primaryimage"},"image":{"@id":"https:\/\/www.academiabuenosaires.com\/pt-br\/escola\/professores\/#primaryimage"},"thumbnailUrl":"https:\/\/www.academiabuenosaires.com\/wp-content\/uploads\/2013\/06\/spanish-teachers-at-academia-buenos-aires.jpg","datePublished":"2014-05-07T01:51:57+00:00","dateModified":"2017-06-30T14:39:27+00:00","description":"Nossos professores s\u00e3o profissionais com t\u00edtulo universit\u00e1rio (ou prestes a se formarem) das melhores universidades da Argentina.","breadcrumb":{"@id":"https:\/\/www.academiabuenosaires.com\/pt-br\/escola\/professores\/#breadcrumb"},"inLanguage":"pt-BR","potentialAction":[{"@type":"ReadAction","target":["https:\/\/www.academiabuenosaires.com\/pt-br\/escola\/professores\/"]}]},{"@type":"ImageObject","inLanguage":"pt-BR","@id":"https:\/\/www.academiabuenosaires.com\/pt-br\/escola\/professores\/#primaryimage","url":"https:\/\/www.academiabuenosaires.com\/wp-content\/uploads\/2013\/06\/spanish-teachers-at-academia-buenos-aires.jpg","contentUrl":"https:\/\/www.academiabuenosaires.com\/wp-content\/uploads\/2013\/06\/spanish-teachers-at-academia-buenos-aires.jpg"},{"@type":"BreadcrumbList","@id":"https:\/\/www.academiabuenosaires.com\/pt-br\/escola\/professores\/#breadcrumb","itemListElement":[{"@type":"ListItem","position":1,"name":"Home","item":"https:\/\/www.academiabuenosaires.com\/pt-br\/"},{"@type":"ListItem","position":2,"name":"A escola","item":"https:\/\/www.academiabuenosaires.com\/pt-br\/escola\/"},{"@type":"ListItem","position":3,"name":"Professores"}]},{"@type":"WebSite","@id":"https:\/\/www.academiabuenosaires.com\/pt-br\/#website","url":"https:\/\/www.academiabuenosaires.com\/pt-br\/","name":"Academia Buenos Aires","description":"spanish courses","potentialAction":[{"@type":"SearchAction","target":{"@type":"EntryPoint","urlTemplate":"https:\/\/www.academiabuenosaires.com\/pt-br\/?s={search_term_string}"},"query-input":{"@type":"PropertyValueSpecification","valueRequired":true,"valueName":"search_term_string"}}],"inLanguage":"pt-BR"}]}},"_links":{"self":[{"href":"https:\/\/www.academiabuenosaires.com\/pt-br\/wp-json\/wp\/v2\/pages\/3905","targetHints":{"allow":["GET"]}}],"collection":[{"href":"https:\/\/www.academiabuenosaires.com\/pt-br\/wp-json\/wp\/v2\/pages"}],"about":[{"href":"https:\/\/www.academiabuenosaires.com\/pt-br\/wp-json\/wp\/v2\/types\/page"}],"author":[{"embeddable":true,"href":"https:\/\/www.academiabuenosaires.com\/pt-br\/wp-json\/wp\/v2\/users\/5"}],"replies":[{"embeddable":true,"href":"https:\/\/www.academiabuenosaires.com\/pt-br\/wp-json\/wp\/v2\/comments?post=3905"}],"version-history":[{"count":0,"href":"https:\/\/www.academiabuenosaires.com\/pt-br\/wp-json\/wp\/v2\/pages\/3905\/revisions"}],"up":[{"embeddable":true,"href":"https:\/\/www.academiabuenosaires.com\/pt-br\/wp-json\/wp\/v2\/pages\/3900"}],"wp:attachment":[{"href":"https:\/\/www.academiabuenosaires.com\/pt-br\/wp-json\/wp\/v2\/media?parent=3905"}],"curies":[{"name":"wp","href":"https:\/\/api.w.org\/{rel}","templated":true}]}}