
{"id":3874,"date":"2013-05-13T10:15:05","date_gmt":"2013-05-13T10:15:05","guid":{"rendered":"https:\/\/www.academiabuenosaires.com\/courses-rates\/class-size\/"},"modified":"2025-07-01T15:43:34","modified_gmt":"2025-07-01T18:43:34","slug":"class-size","status":"publish","type":"page","link":"https:\/\/www.academiabuenosaires.com\/pt-br\/courses-rates\/class-size\/","title":{"rendered":"Tamanho das classes"},"content":{"rendered":"<p>As turmas pequenas e a forma\u00e7\u00e3o dos nossos professores s\u00e3o a base da nossa metodologia de ensino. Oferecemos cursos de espanhol em diferentes formatos:<\/p>\n<p>1. Aulas individuais: Neste caso, um dos nossos professores dar\u00e1 aulas para um aluno. \u00c9 uma aula intensa e \u00e9 ideal para aqueles alunos que querem acelerar o processo de aprendizagem em determinadas \u00e1reas e\/ou que tem necessidades particulares. As aulas individuais t\u00eam maior flexibilidade, metodologia e conte\u00fado personalizados e uma maximiza\u00e7\u00e3o do tempo dedicado \u00e0 pr\u00e1tica oral.<\/p>\n<p>2. Aulas em grupo: Estas aulas permitem uma aprendizagem muito interativa e cooperativa. O tamanho dos grupos, geralmente varia entre 2 e 8 alunos. Oferecemos 9 n\u00edveis diferentes para garantir uma homogeneidade dos grupos e acelerar a aprendizagem. Se um estudante fica sozinho em um grupo, a quantidade de horas di\u00e1rias desce de 4 a 2.<\/p>\n<p>3. A combina\u00e7\u00e3o de ambos: A combina\u00e7\u00e3o de aulas em grupo e individuais oferece a possibilidade de desfrutar da din\u00e2mica de um curso em grupo e de, tamb\u00e9m, trabalhar especialmente junto com um professor s necessidades e objetivos pessoais.<\/p>\n","protected":false},"excerpt":{"rendered":"<p>As turmas pequenas e a forma\u00e7\u00e3o dos nossos professores s\u00e3o a base da nossa metodologia de ensino. Oferecemos cursos de espanhol em diferentes formatos: 1. Aulas individuais: Neste caso, um dos nossos professores dar\u00e1 aulas para um aluno. \u00c9 uma aula intensa e \u00e9 ideal para aqueles alunos que querem acelerar o processo de aprendizagem [&hellip;]<\/p>\n","protected":false},"author":1,"featured_media":0,"parent":3867,"menu_order":21,"comment_status":"closed","ping_status":"closed","template":"","meta":{"footnotes":""},"class_list":["post-3874","page","type-page","status-publish","hentry","entry"],"yoast_head":"<!-- This site is optimized with the Yoast SEO plugin v26.0 - https:\/\/yoast.com\/wordpress\/plugins\/seo\/ -->\n<title>Tamanho das classes - Academia Buenos Aires<\/title>\n<meta name=\"description\" content=\"As turmas pequenas e a forma\u00e7\u00e3o dos nossos professores s\u00e3o a base da nossa metodologia de ensino. Oferecemos cursos de espanhol em diferentes formatos...\" \/>\n<meta name=\"robots\" content=\"index, follow, max-snippet:-1, max-image-preview:large, max-video-preview:-1\" \/>\n<link rel=\"canonical\" href=\"https:\/\/www.academiabuenosaires.com\/pt-br\/courses-rates\/class-size\/\" \/>\n<meta property=\"og:locale\" content=\"pt_BR\" \/>\n<meta property=\"og:type\" content=\"article\" \/>\n<meta property=\"og:title\" content=\"Tamanho das classes - Academia Buenos Aires\" \/>\n<meta property=\"og:description\" content=\"As turmas pequenas e a forma\u00e7\u00e3o dos nossos professores s\u00e3o a base da nossa metodologia de ensino. Oferecemos cursos de espanhol em diferentes formatos...\" \/>\n<meta property=\"og:url\" content=\"https:\/\/www.academiabuenosaires.com\/pt-br\/courses-rates\/class-size\/\" \/>\n<meta property=\"og:site_name\" content=\"Academia Buenos Aires\" \/>\n<meta property=\"article:modified_time\" content=\"2025-07-01T18:43:34+00:00\" \/>\n<meta name=\"twitter:label1\" content=\"Est. reading time\" \/>\n\t<meta name=\"twitter:data1\" content=\"1 minute\" \/>\n<script type=\"application\/ld+json\" class=\"yoast-schema-graph\">{\"@context\":\"https:\/\/schema.org\",\"@graph\":[{\"@type\":\"WebPage\",\"@id\":\"https:\/\/www.academiabuenosaires.com\/pt-br\/courses-rates\/class-size\/\",\"url\":\"https:\/\/www.academiabuenosaires.com\/pt-br\/courses-rates\/class-size\/\",\"name\":\"Tamanho das classes - Academia Buenos Aires\",\"isPartOf\":{\"@id\":\"https:\/\/www.academiabuenosaires.com\/pt-br\/#website\"},\"datePublished\":\"2013-05-13T10:15:05+00:00\",\"dateModified\":\"2025-07-01T18:43:34+00:00\",\"description\":\"As turmas pequenas e a forma\u00e7\u00e3o dos nossos professores s\u00e3o a base da nossa metodologia de ensino. Oferecemos cursos de espanhol em diferentes formatos...\",\"breadcrumb\":{\"@id\":\"https:\/\/www.academiabuenosaires.com\/pt-br\/courses-rates\/class-size\/#breadcrumb\"},\"inLanguage\":\"pt-BR\",\"potentialAction\":[{\"@type\":\"ReadAction\",\"target\":[\"https:\/\/www.academiabuenosaires.com\/pt-br\/courses-rates\/class-size\/\"]}]},{\"@type\":\"BreadcrumbList\",\"@id\":\"https:\/\/www.academiabuenosaires.com\/pt-br\/courses-rates\/class-size\/#breadcrumb\",\"itemListElement\":[{\"@type\":\"ListItem\",\"position\":1,\"name\":\"Home\",\"item\":\"https:\/\/www.academiabuenosaires.com\/pt-br\/\"},{\"@type\":\"ListItem\",\"position\":2,\"name\":\"Courses and rates\",\"item\":\"https:\/\/www.academiabuenosaires.com\/pt-br\/courses-rates\/\"},{\"@type\":\"ListItem\",\"position\":3,\"name\":\"Tamanho das classes\"}]},{\"@type\":\"WebSite\",\"@id\":\"https:\/\/www.academiabuenosaires.com\/pt-br\/#website\",\"url\":\"https:\/\/www.academiabuenosaires.com\/pt-br\/\",\"name\":\"Academia Buenos Aires\",\"description\":\"spanish courses\",\"potentialAction\":[{\"@type\":\"SearchAction\",\"target\":{\"@type\":\"EntryPoint\",\"urlTemplate\":\"https:\/\/www.academiabuenosaires.com\/pt-br\/?s={search_term_string}\"},\"query-input\":{\"@type\":\"PropertyValueSpecification\",\"valueRequired\":true,\"valueName\":\"search_term_string\"}}],\"inLanguage\":\"pt-BR\"}]}<\/script>\n<!-- \/ Yoast SEO plugin. -->","yoast_head_json":{"title":"Tamanho das classes - Academia Buenos Aires","description":"As turmas pequenas e a forma\u00e7\u00e3o dos nossos professores s\u00e3o a base da nossa metodologia de ensino. Oferecemos cursos de espanhol em diferentes formatos...","robots":{"index":"index","follow":"follow","max-snippet":"max-snippet:-1","max-image-preview":"max-image-preview:large","max-video-preview":"max-video-preview:-1"},"canonical":"https:\/\/www.academiabuenosaires.com\/pt-br\/courses-rates\/class-size\/","og_locale":"pt_BR","og_type":"article","og_title":"Tamanho das classes - Academia Buenos Aires","og_description":"As turmas pequenas e a forma\u00e7\u00e3o dos nossos professores s\u00e3o a base da nossa metodologia de ensino. Oferecemos cursos de espanhol em diferentes formatos...","og_url":"https:\/\/www.academiabuenosaires.com\/pt-br\/courses-rates\/class-size\/","og_site_name":"Academia Buenos Aires","article_modified_time":"2025-07-01T18:43:34+00:00","twitter_misc":{"Est. reading time":"1 minute"},"schema":{"@context":"https:\/\/schema.org","@graph":[{"@type":"WebPage","@id":"https:\/\/www.academiabuenosaires.com\/pt-br\/courses-rates\/class-size\/","url":"https:\/\/www.academiabuenosaires.com\/pt-br\/courses-rates\/class-size\/","name":"Tamanho das classes - Academia Buenos Aires","isPartOf":{"@id":"https:\/\/www.academiabuenosaires.com\/pt-br\/#website"},"datePublished":"2013-05-13T10:15:05+00:00","dateModified":"2025-07-01T18:43:34+00:00","description":"As turmas pequenas e a forma\u00e7\u00e3o dos nossos professores s\u00e3o a base da nossa metodologia de ensino. Oferecemos cursos de espanhol em diferentes formatos...","breadcrumb":{"@id":"https:\/\/www.academiabuenosaires.com\/pt-br\/courses-rates\/class-size\/#breadcrumb"},"inLanguage":"pt-BR","potentialAction":[{"@type":"ReadAction","target":["https:\/\/www.academiabuenosaires.com\/pt-br\/courses-rates\/class-size\/"]}]},{"@type":"BreadcrumbList","@id":"https:\/\/www.academiabuenosaires.com\/pt-br\/courses-rates\/class-size\/#breadcrumb","itemListElement":[{"@type":"ListItem","position":1,"name":"Home","item":"https:\/\/www.academiabuenosaires.com\/pt-br\/"},{"@type":"ListItem","position":2,"name":"Courses and rates","item":"https:\/\/www.academiabuenosaires.com\/pt-br\/courses-rates\/"},{"@type":"ListItem","position":3,"name":"Tamanho das classes"}]},{"@type":"WebSite","@id":"https:\/\/www.academiabuenosaires.com\/pt-br\/#website","url":"https:\/\/www.academiabuenosaires.com\/pt-br\/","name":"Academia Buenos Aires","description":"spanish courses","potentialAction":[{"@type":"SearchAction","target":{"@type":"EntryPoint","urlTemplate":"https:\/\/www.academiabuenosaires.com\/pt-br\/?s={search_term_string}"},"query-input":{"@type":"PropertyValueSpecification","valueRequired":true,"valueName":"search_term_string"}}],"inLanguage":"pt-BR"}]}},"_links":{"self":[{"href":"https:\/\/www.academiabuenosaires.com\/pt-br\/wp-json\/wp\/v2\/pages\/3874","targetHints":{"allow":["GET"]}}],"collection":[{"href":"https:\/\/www.academiabuenosaires.com\/pt-br\/wp-json\/wp\/v2\/pages"}],"about":[{"href":"https:\/\/www.academiabuenosaires.com\/pt-br\/wp-json\/wp\/v2\/types\/page"}],"author":[{"embeddable":true,"href":"https:\/\/www.academiabuenosaires.com\/pt-br\/wp-json\/wp\/v2\/users\/1"}],"replies":[{"embeddable":true,"href":"https:\/\/www.academiabuenosaires.com\/pt-br\/wp-json\/wp\/v2\/comments?post=3874"}],"version-history":[{"count":0,"href":"https:\/\/www.academiabuenosaires.com\/pt-br\/wp-json\/wp\/v2\/pages\/3874\/revisions"}],"up":[{"embeddable":true,"href":"https:\/\/www.academiabuenosaires.com\/pt-br\/wp-json\/wp\/v2\/pages\/3867"}],"wp:attachment":[{"href":"https:\/\/www.academiabuenosaires.com\/pt-br\/wp-json\/wp\/v2\/media?parent=3874"}],"curies":[{"name":"wp","href":"https:\/\/api.w.org\/{rel}","templated":true}]}}