
{"id":3864,"date":"2013-10-22T08:24:23","date_gmt":"2013-10-22T08:24:23","guid":{"rendered":"https:\/\/www.academiabuenosaires.com\/buenos-aires-argentina\/argentina\/getting-around\/"},"modified":"2014-07-07T12:26:19","modified_gmt":"2014-07-07T15:26:19","slug":"passeando","status":"publish","type":"page","link":"https:\/\/www.academiabuenosaires.com\/pt-br\/buenos-aires-argentina\/argentina\/passeando\/","title":{"rendered":"Passeando"},"content":{"rendered":"<p>O tamanho do pa\u00eds e as limita\u00e7\u00f5es de tempo, geralmente justificam pegar um <strong>avi\u00e3o<\/strong> para viajar pelo pa\u00eds ou para o exterior. Buenos Aires tem dois aeroportos: os voos internacionais chegam a Ezeiza, a uns quarenta minutos do centro de Buenos Aires, enquanto os voos dom\u00e9sticos e regionais chegam ao Aeroporto Jorge Newbery, a uns vinte minutos do centro da cidade de t\u00e1xi. Atualmente, existem duas grandes companhias a\u00e9reas operando para voos internacionais. Os pre\u00e7os variam segundo a \u00e9poca do ano e em alguns casos ficam mais caros para estrangeiros. O custo m\u00e9dio de um bilhete de ida e volta em um voo nacional pode variar entre US$ 200 e US$ 500. Voar do extremo norte ao sul leva cerca de cinco horas. Os voos devem ser reservados localmente. \u00c9 poss\u00edvel fazer viagens de ida s\u00f3. Voc\u00ea pode visitar os sites das companhias Aerol\u00edneas Argentinas e LAN para voos e hor\u00e1rios.<\/p>\n<p>Das grandes companhias a\u00e9reas internacionais operam: Avianca, Aerol\u00edneas Argentinas, Air France, American Airlines, Alitalia, Aeroperu, Austral, BQB, British Airways, Canadian Airlines, Dinar, Iberia, KLM, Lan Chile, Lloyd Aero Boliviano, Lufthansa, Malaysia Airlines, South African Airways, Swissair, TAM, Vasp.<\/p>\n<p>Viajar de <strong>\u00f4nibus<\/strong> (de longa dist\u00e2ncia) pela Am\u00e9rica Latina pode mudar seus preconceitos sobre as travessias de \u00f4nibus. Aqueles de longa dist\u00e2ncia s\u00e3o r\u00e1pidos e confort\u00e1veis; alguns deles at\u00e9 oferecem refei\u00e7\u00f5es a bordo. A maioria das tarifas s\u00e3o relativamente baratas para os padr\u00f5es internacionais, por\u00e9m os pre\u00e7os podem variar. As viagens podem ser bastante longas e geralmente incluem uma noite (Buenos Aires-Ushuaia, por exemplo: 48 horas). Voc\u00ea pode ver e comparar os pre\u00e7os e op\u00e7\u00f5es de v\u00e1rias empresas de \u00f4nibus aqui.<\/p>\n<p>Os operadores privados manejam algumas das <strong>linhas ferrovi\u00e1rias<\/strong>, enquanto outras est\u00e3o sob controle p\u00fablico. Salvo exce\u00e7\u00f5es, t\u00eam demonstrado pouco interesse em manter o servi\u00e7o nas linhas de passageiros, at\u00e9 mesmo nas superlotadas e deficienteslinhas urbanas e suburbanas de Buenos Aires. Uma linha a resgatar \u00e9 aquela que liga Buenos Aires e Bah\u00eda Blanca, pela costa. Uma linha bastante lenta agora conecta Buenos Aires com a prov\u00edncia de Formosa, no norte. E outra nova linha vai do litoral atl\u00e2ntico da Prov\u00edncia de Buenos Aires \u00e0 cidade patag\u00f4nica de San Mart\u00edn de los Andes.<\/p>\n","protected":false},"excerpt":{"rendered":"<p>O tamanho do pa\u00eds e as limita\u00e7\u00f5es de tempo, geralmente justificam pegar um avi\u00e3o para viajar pelo pa\u00eds ou para o exterior. Buenos Aires tem dois aeroportos: os voos internacionais chegam a Ezeiza, a uns quarenta minutos do centro de Buenos Aires, enquanto os voos dom\u00e9sticos e regionais chegam ao Aeroporto Jorge Newbery, a uns [&hellip;]<\/p>\n","protected":false},"author":5,"featured_media":0,"parent":3853,"menu_order":12,"comment_status":"closed","ping_status":"closed","template":"discover-arg.php","meta":{"footnotes":""},"class_list":["post-3864","page","type-page","status-publish","hentry","entry"],"yoast_head":"<!-- This site is optimized with the Yoast SEO plugin v26.0 - https:\/\/yoast.com\/wordpress\/plugins\/seo\/ -->\n<title>Passeando - Academia Buenos Aires<\/title>\n<meta name=\"robots\" content=\"index, follow, max-snippet:-1, max-image-preview:large, max-video-preview:-1\" \/>\n<link rel=\"canonical\" href=\"https:\/\/www.academiabuenosaires.com\/pt-br\/buenos-aires-argentina\/argentina\/passeando\/\" \/>\n<meta property=\"og:locale\" content=\"pt_BR\" \/>\n<meta property=\"og:type\" content=\"article\" \/>\n<meta property=\"og:title\" content=\"Passeando - Academia Buenos Aires\" \/>\n<meta property=\"og:description\" content=\"O tamanho do pa\u00eds e as limita\u00e7\u00f5es de tempo, geralmente justificam pegar um avi\u00e3o para viajar pelo pa\u00eds ou para o exterior. Buenos Aires tem dois aeroportos: os voos internacionais chegam a Ezeiza, a uns quarenta minutos do centro de Buenos Aires, enquanto os voos dom\u00e9sticos e regionais chegam ao Aeroporto Jorge Newbery, a uns [&hellip;]\" \/>\n<meta property=\"og:url\" content=\"https:\/\/www.academiabuenosaires.com\/pt-br\/buenos-aires-argentina\/argentina\/passeando\/\" \/>\n<meta property=\"og:site_name\" content=\"Academia Buenos Aires\" \/>\n<meta property=\"article:modified_time\" content=\"2014-07-07T15:26:19+00:00\" \/>\n<meta name=\"twitter:label1\" content=\"Est. reading time\" \/>\n\t<meta name=\"twitter:data1\" content=\"2 minutes\" \/>\n<script type=\"application\/ld+json\" class=\"yoast-schema-graph\">{\"@context\":\"https:\/\/schema.org\",\"@graph\":[{\"@type\":\"WebPage\",\"@id\":\"https:\/\/www.academiabuenosaires.com\/pt-br\/buenos-aires-argentina\/argentina\/passeando\/\",\"url\":\"https:\/\/www.academiabuenosaires.com\/pt-br\/buenos-aires-argentina\/argentina\/passeando\/\",\"name\":\"Passeando - Academia Buenos Aires\",\"isPartOf\":{\"@id\":\"https:\/\/www.academiabuenosaires.com\/pt-br\/#website\"},\"datePublished\":\"2013-10-22T08:24:23+00:00\",\"dateModified\":\"2014-07-07T15:26:19+00:00\",\"breadcrumb\":{\"@id\":\"https:\/\/www.academiabuenosaires.com\/pt-br\/buenos-aires-argentina\/argentina\/passeando\/#breadcrumb\"},\"inLanguage\":\"pt-BR\",\"potentialAction\":[{\"@type\":\"ReadAction\",\"target\":[\"https:\/\/www.academiabuenosaires.com\/pt-br\/buenos-aires-argentina\/argentina\/passeando\/\"]}]},{\"@type\":\"BreadcrumbList\",\"@id\":\"https:\/\/www.academiabuenosaires.com\/pt-br\/buenos-aires-argentina\/argentina\/passeando\/#breadcrumb\",\"itemListElement\":[{\"@type\":\"ListItem\",\"position\":1,\"name\":\"Home\",\"item\":\"https:\/\/www.academiabuenosaires.com\/pt-br\/\"},{\"@type\":\"ListItem\",\"position\":2,\"name\":\"Buenos Aires &#038; Argentina\",\"item\":\"https:\/\/www.academiabuenosaires.com\/pt-br\/buenos-aires-argentina\/\"},{\"@type\":\"ListItem\",\"position\":3,\"name\":\"Descobrir Argentina\",\"item\":\"https:\/\/www.academiabuenosaires.com\/pt-br\/buenos-aires-argentina\/argentina\/\"},{\"@type\":\"ListItem\",\"position\":4,\"name\":\"Passeando\"}]},{\"@type\":\"WebSite\",\"@id\":\"https:\/\/www.academiabuenosaires.com\/pt-br\/#website\",\"url\":\"https:\/\/www.academiabuenosaires.com\/pt-br\/\",\"name\":\"Academia Buenos Aires\",\"description\":\"spanish courses\",\"potentialAction\":[{\"@type\":\"SearchAction\",\"target\":{\"@type\":\"EntryPoint\",\"urlTemplate\":\"https:\/\/www.academiabuenosaires.com\/pt-br\/?s={search_term_string}\"},\"query-input\":{\"@type\":\"PropertyValueSpecification\",\"valueRequired\":true,\"valueName\":\"search_term_string\"}}],\"inLanguage\":\"pt-BR\"}]}<\/script>\n<!-- \/ Yoast SEO plugin. -->","yoast_head_json":{"title":"Passeando - Academia Buenos Aires","robots":{"index":"index","follow":"follow","max-snippet":"max-snippet:-1","max-image-preview":"max-image-preview:large","max-video-preview":"max-video-preview:-1"},"canonical":"https:\/\/www.academiabuenosaires.com\/pt-br\/buenos-aires-argentina\/argentina\/passeando\/","og_locale":"pt_BR","og_type":"article","og_title":"Passeando - Academia Buenos Aires","og_description":"O tamanho do pa\u00eds e as limita\u00e7\u00f5es de tempo, geralmente justificam pegar um avi\u00e3o para viajar pelo pa\u00eds ou para o exterior. Buenos Aires tem dois aeroportos: os voos internacionais chegam a Ezeiza, a uns quarenta minutos do centro de Buenos Aires, enquanto os voos dom\u00e9sticos e regionais chegam ao Aeroporto Jorge Newbery, a uns [&hellip;]","og_url":"https:\/\/www.academiabuenosaires.com\/pt-br\/buenos-aires-argentina\/argentina\/passeando\/","og_site_name":"Academia Buenos Aires","article_modified_time":"2014-07-07T15:26:19+00:00","twitter_misc":{"Est. reading time":"2 minutes"},"schema":{"@context":"https:\/\/schema.org","@graph":[{"@type":"WebPage","@id":"https:\/\/www.academiabuenosaires.com\/pt-br\/buenos-aires-argentina\/argentina\/passeando\/","url":"https:\/\/www.academiabuenosaires.com\/pt-br\/buenos-aires-argentina\/argentina\/passeando\/","name":"Passeando - Academia Buenos Aires","isPartOf":{"@id":"https:\/\/www.academiabuenosaires.com\/pt-br\/#website"},"datePublished":"2013-10-22T08:24:23+00:00","dateModified":"2014-07-07T15:26:19+00:00","breadcrumb":{"@id":"https:\/\/www.academiabuenosaires.com\/pt-br\/buenos-aires-argentina\/argentina\/passeando\/#breadcrumb"},"inLanguage":"pt-BR","potentialAction":[{"@type":"ReadAction","target":["https:\/\/www.academiabuenosaires.com\/pt-br\/buenos-aires-argentina\/argentina\/passeando\/"]}]},{"@type":"BreadcrumbList","@id":"https:\/\/www.academiabuenosaires.com\/pt-br\/buenos-aires-argentina\/argentina\/passeando\/#breadcrumb","itemListElement":[{"@type":"ListItem","position":1,"name":"Home","item":"https:\/\/www.academiabuenosaires.com\/pt-br\/"},{"@type":"ListItem","position":2,"name":"Buenos Aires &#038; Argentina","item":"https:\/\/www.academiabuenosaires.com\/pt-br\/buenos-aires-argentina\/"},{"@type":"ListItem","position":3,"name":"Descobrir Argentina","item":"https:\/\/www.academiabuenosaires.com\/pt-br\/buenos-aires-argentina\/argentina\/"},{"@type":"ListItem","position":4,"name":"Passeando"}]},{"@type":"WebSite","@id":"https:\/\/www.academiabuenosaires.com\/pt-br\/#website","url":"https:\/\/www.academiabuenosaires.com\/pt-br\/","name":"Academia Buenos Aires","description":"spanish courses","potentialAction":[{"@type":"SearchAction","target":{"@type":"EntryPoint","urlTemplate":"https:\/\/www.academiabuenosaires.com\/pt-br\/?s={search_term_string}"},"query-input":{"@type":"PropertyValueSpecification","valueRequired":true,"valueName":"search_term_string"}}],"inLanguage":"pt-BR"}]}},"_links":{"self":[{"href":"https:\/\/www.academiabuenosaires.com\/pt-br\/wp-json\/wp\/v2\/pages\/3864","targetHints":{"allow":["GET"]}}],"collection":[{"href":"https:\/\/www.academiabuenosaires.com\/pt-br\/wp-json\/wp\/v2\/pages"}],"about":[{"href":"https:\/\/www.academiabuenosaires.com\/pt-br\/wp-json\/wp\/v2\/types\/page"}],"author":[{"embeddable":true,"href":"https:\/\/www.academiabuenosaires.com\/pt-br\/wp-json\/wp\/v2\/users\/5"}],"replies":[{"embeddable":true,"href":"https:\/\/www.academiabuenosaires.com\/pt-br\/wp-json\/wp\/v2\/comments?post=3864"}],"version-history":[{"count":0,"href":"https:\/\/www.academiabuenosaires.com\/pt-br\/wp-json\/wp\/v2\/pages\/3864\/revisions"}],"up":[{"embeddable":true,"href":"https:\/\/www.academiabuenosaires.com\/pt-br\/wp-json\/wp\/v2\/pages\/3853"}],"wp:attachment":[{"href":"https:\/\/www.academiabuenosaires.com\/pt-br\/wp-json\/wp\/v2\/media?parent=3864"}],"curies":[{"name":"wp","href":"https:\/\/api.w.org\/{rel}","templated":true}]}}