
{"id":878,"date":"2013-06-24T15:57:22","date_gmt":"2013-06-24T15:57:22","guid":{"rendered":"https:\/\/www.academiabuenosaires.com\/?page_id=878"},"modified":"2013-11-20T08:17:55","modified_gmt":"2013-11-20T08:17:55","slug":"hebergement-2","status":"publish","type":"page","link":"https:\/\/www.academiabuenosaires.com\/fr\/hebergement-2\/","title":{"rendered":"H\u00e9bergement"},"content":{"rendered":"<p>\u00c9tant donn\u00e9 qu\u2019un h\u00e9bergement de qualit\u00e9 contribue \u00e0 la r\u00e9ussite d\u2019un s\u00e9jour linguistique, il constitue une partie importante de notre offre. Academia Buenos Aires vous offre plusieurs options pour vous loger pendant votre s\u00e9jour \u00e0 Buenos Aires. C\u2019est \u00e0 vous de nous dire si vous pr\u00e9f\u00e9rez loger dans une <a title=\"h\u00e9bergement en famille d\u2019accueil \u00e0 Buenos Aires\" href=\"https:\/\/www.academiabuenosaires.com\/fr\/blog\/hebergement-famille-daccueil\/?lang=fr\" target=\"_blank\">famille d\u2019accueil argentine<\/a>, dans un <a title=\"appartement \u00e0 Buenos Aires\" href=\"https:\/\/www.academiabuenosaires.com\/fr\/blog\/appartement\/?lang=fr\" target=\"_blank\">appartement<\/a> (partag\u00e9 ou non), dans un <a title=\"h\u00f4tel \u00e0 Buenos Aires\" href=\"https:\/\/www.academiabuenosaires.com\/fr\/blog\/hotel-2\/?lang=fr\" target=\"_blank\">h\u00f4tel<\/a> ou une <a title=\"auberge de jeunesse \u00e0 Buenos Aires\" href=\"https:\/\/www.academiabuenosaires.com\/fr\/blog\/auberge-de-jeunesse\/?lang=fr\" target=\"_blank\">auberge de jeunesse<\/a>. La recherche de logement \u00e0 Buenos Aires est difficile, particuli\u00e8rement si vous n&rsquo;\u00eates pas encore dans la ville. Vos pr\u00e9occupations sont importantes pour nous. Si vous le souhaitez, informez-nous de vos pr\u00e9f\u00e9rences et nous nous occuperons des arrangements et de tous les d\u00e9tails de votre s\u00e9jour.<\/p>\n","protected":false},"excerpt":{"rendered":"<p>\u00c9tant donn\u00e9 qu\u2019un h\u00e9bergement de qualit\u00e9 contribue \u00e0 la r\u00e9ussite d\u2019un s\u00e9jour linguistique, il constitue une partie importante de notre offre. Academia Buenos Aires vous offre plusieurs options pour vous loger pendant votre s\u00e9jour \u00e0 Buenos Aires. C\u2019est \u00e0 vous de nous dire si vous pr\u00e9f\u00e9rez loger dans une famille d\u2019accueil argentine, dans un appartement [&hellip;]<\/p>\n","protected":false},"author":5,"featured_media":0,"parent":0,"menu_order":38,"comment_status":"open","ping_status":"open","template":"","meta":{"footnotes":""},"class_list":["post-878","page","type-page","status-publish","hentry","entry"],"yoast_head":"<!-- This site is optimized with the Yoast SEO plugin v26.0 - https:\/\/yoast.com\/wordpress\/plugins\/seo\/ -->\n<title>H\u00e9bergement - Academia Buenos Aires<\/title>\n<meta name=\"robots\" content=\"index, follow, max-snippet:-1, max-image-preview:large, max-video-preview:-1\" \/>\n<link rel=\"canonical\" href=\"https:\/\/www.academiabuenosaires.com\/fr\/hebergement-2\/\" \/>\n<meta property=\"og:locale\" content=\"fr_FR\" \/>\n<meta property=\"og:type\" content=\"article\" \/>\n<meta property=\"og:title\" content=\"H\u00e9bergement - Academia Buenos Aires\" \/>\n<meta property=\"og:description\" content=\"\u00c9tant donn\u00e9 qu\u2019un h\u00e9bergement de qualit\u00e9 contribue \u00e0 la r\u00e9ussite d\u2019un s\u00e9jour linguistique, il constitue une partie importante de notre offre. Academia Buenos Aires vous offre plusieurs options pour vous loger pendant votre s\u00e9jour \u00e0 Buenos Aires. C\u2019est \u00e0 vous de nous dire si vous pr\u00e9f\u00e9rez loger dans une famille d\u2019accueil argentine, dans un appartement [&hellip;]\" \/>\n<meta property=\"og:url\" content=\"https:\/\/www.academiabuenosaires.com\/fr\/hebergement-2\/\" \/>\n<meta property=\"og:site_name\" content=\"Academia Buenos Aires\" \/>\n<meta property=\"article:modified_time\" content=\"2013-11-20T08:17:55+00:00\" \/>\n<meta name=\"twitter:label1\" content=\"Est. reading time\" \/>\n\t<meta name=\"twitter:data1\" content=\"1 minute\" \/>\n<script type=\"application\/ld+json\" class=\"yoast-schema-graph\">{\"@context\":\"https:\/\/schema.org\",\"@graph\":[{\"@type\":\"WebPage\",\"@id\":\"https:\/\/www.academiabuenosaires.com\/fr\/hebergement-2\/\",\"url\":\"https:\/\/www.academiabuenosaires.com\/fr\/hebergement-2\/\",\"name\":\"H\u00e9bergement - Academia Buenos Aires\",\"isPartOf\":{\"@id\":\"https:\/\/www.academiabuenosaires.com\/fr\/#website\"},\"datePublished\":\"2013-06-24T15:57:22+00:00\",\"dateModified\":\"2013-11-20T08:17:55+00:00\",\"breadcrumb\":{\"@id\":\"https:\/\/www.academiabuenosaires.com\/fr\/hebergement-2\/#breadcrumb\"},\"inLanguage\":\"fr-FR\",\"potentialAction\":[{\"@type\":\"ReadAction\",\"target\":[\"https:\/\/www.academiabuenosaires.com\/fr\/hebergement-2\/\"]}]},{\"@type\":\"BreadcrumbList\",\"@id\":\"https:\/\/www.academiabuenosaires.com\/fr\/hebergement-2\/#breadcrumb\",\"itemListElement\":[{\"@type\":\"ListItem\",\"position\":1,\"name\":\"Home\",\"item\":\"https:\/\/www.academiabuenosaires.com\/fr\/\"},{\"@type\":\"ListItem\",\"position\":2,\"name\":\"H\u00e9bergement\"}]},{\"@type\":\"WebSite\",\"@id\":\"https:\/\/www.academiabuenosaires.com\/fr\/#website\",\"url\":\"https:\/\/www.academiabuenosaires.com\/fr\/\",\"name\":\"Academia Buenos Aires\",\"description\":\"spanish courses\",\"potentialAction\":[{\"@type\":\"SearchAction\",\"target\":{\"@type\":\"EntryPoint\",\"urlTemplate\":\"https:\/\/www.academiabuenosaires.com\/fr\/?s={search_term_string}\"},\"query-input\":{\"@type\":\"PropertyValueSpecification\",\"valueRequired\":true,\"valueName\":\"search_term_string\"}}],\"inLanguage\":\"fr-FR\"}]}<\/script>\n<!-- \/ Yoast SEO plugin. -->","yoast_head_json":{"title":"H\u00e9bergement - Academia Buenos Aires","robots":{"index":"index","follow":"follow","max-snippet":"max-snippet:-1","max-image-preview":"max-image-preview:large","max-video-preview":"max-video-preview:-1"},"canonical":"https:\/\/www.academiabuenosaires.com\/fr\/hebergement-2\/","og_locale":"fr_FR","og_type":"article","og_title":"H\u00e9bergement - Academia Buenos Aires","og_description":"\u00c9tant donn\u00e9 qu\u2019un h\u00e9bergement de qualit\u00e9 contribue \u00e0 la r\u00e9ussite d\u2019un s\u00e9jour linguistique, il constitue une partie importante de notre offre. Academia Buenos Aires vous offre plusieurs options pour vous loger pendant votre s\u00e9jour \u00e0 Buenos Aires. C\u2019est \u00e0 vous de nous dire si vous pr\u00e9f\u00e9rez loger dans une famille d\u2019accueil argentine, dans un appartement [&hellip;]","og_url":"https:\/\/www.academiabuenosaires.com\/fr\/hebergement-2\/","og_site_name":"Academia Buenos Aires","article_modified_time":"2013-11-20T08:17:55+00:00","twitter_misc":{"Est. reading time":"1 minute"},"schema":{"@context":"https:\/\/schema.org","@graph":[{"@type":"WebPage","@id":"https:\/\/www.academiabuenosaires.com\/fr\/hebergement-2\/","url":"https:\/\/www.academiabuenosaires.com\/fr\/hebergement-2\/","name":"H\u00e9bergement - Academia Buenos Aires","isPartOf":{"@id":"https:\/\/www.academiabuenosaires.com\/fr\/#website"},"datePublished":"2013-06-24T15:57:22+00:00","dateModified":"2013-11-20T08:17:55+00:00","breadcrumb":{"@id":"https:\/\/www.academiabuenosaires.com\/fr\/hebergement-2\/#breadcrumb"},"inLanguage":"fr-FR","potentialAction":[{"@type":"ReadAction","target":["https:\/\/www.academiabuenosaires.com\/fr\/hebergement-2\/"]}]},{"@type":"BreadcrumbList","@id":"https:\/\/www.academiabuenosaires.com\/fr\/hebergement-2\/#breadcrumb","itemListElement":[{"@type":"ListItem","position":1,"name":"Home","item":"https:\/\/www.academiabuenosaires.com\/fr\/"},{"@type":"ListItem","position":2,"name":"H\u00e9bergement"}]},{"@type":"WebSite","@id":"https:\/\/www.academiabuenosaires.com\/fr\/#website","url":"https:\/\/www.academiabuenosaires.com\/fr\/","name":"Academia Buenos Aires","description":"spanish courses","potentialAction":[{"@type":"SearchAction","target":{"@type":"EntryPoint","urlTemplate":"https:\/\/www.academiabuenosaires.com\/fr\/?s={search_term_string}"},"query-input":{"@type":"PropertyValueSpecification","valueRequired":true,"valueName":"search_term_string"}}],"inLanguage":"fr-FR"}]}},"_links":{"self":[{"href":"https:\/\/www.academiabuenosaires.com\/fr\/wp-json\/wp\/v2\/pages\/878","targetHints":{"allow":["GET"]}}],"collection":[{"href":"https:\/\/www.academiabuenosaires.com\/fr\/wp-json\/wp\/v2\/pages"}],"about":[{"href":"https:\/\/www.academiabuenosaires.com\/fr\/wp-json\/wp\/v2\/types\/page"}],"author":[{"embeddable":true,"href":"https:\/\/www.academiabuenosaires.com\/fr\/wp-json\/wp\/v2\/users\/5"}],"replies":[{"embeddable":true,"href":"https:\/\/www.academiabuenosaires.com\/fr\/wp-json\/wp\/v2\/comments?post=878"}],"version-history":[{"count":0,"href":"https:\/\/www.academiabuenosaires.com\/fr\/wp-json\/wp\/v2\/pages\/878\/revisions"}],"wp:attachment":[{"href":"https:\/\/www.academiabuenosaires.com\/fr\/wp-json\/wp\/v2\/media?parent=878"}],"curies":[{"name":"wp","href":"https:\/\/api.w.org\/{rel}","templated":true}]}}