
{"id":846,"date":"2013-06-22T21:55:15","date_gmt":"2013-06-22T21:55:15","guid":{"rendered":"https:\/\/www.academiabuenosaires.com\/?page_id=846"},"modified":"2024-12-10T10:59:19","modified_gmt":"2024-12-10T13:59:19","slug":"conditions-de-paiement","status":"publish","type":"page","link":"https:\/\/www.academiabuenosaires.com\/fr\/cours-et-tarifs\/conditions-de-paiement\/","title":{"rendered":"Conditions de paiement"},"content":{"rendered":"<ul>\n<li>Vous devez payer les cours et logement au 1i\u00e8r ou 2i\u00e8me jour de votre s\u00e9jour \u00e0 l&rsquo;Academia.<\/li>\n<li>Vous pouvez payer en liquide (USD, EUR, ARS), avec une carte de cr\u00e9dit (des co\u00fbts suppl\u00e9mentaires pourraient s&rsquo;appliquer) ou exceptionnellement par traite bancaire.<\/li>\n<li>Nous ne demandons pas d\u2019accointe avant votre arriv\u00e9e. Sauf pour une location d&rsquo;appartement.<\/li>\n<li>Il n&rsquo;y a absolument jamais remboursement, m\u00eame en cas de force majeure, de l&rsquo;argent pay\u00e9 pour des cours ou le logement. Cependant, nous vous offrons la possibilit\u00e9 de prendre plus tard des cours d\u00e9j\u00e0 pay\u00e9s ou de transf\u00e9rer ce &laquo;&nbsp;cr\u00e9dit&nbsp;&raquo; \u00e0 d&rsquo;autres \u00e9tudiants (qui ne sont pas les \u00e9tudiants actuels de l&rsquo;Academia.)<\/li>\n<li>La seule r\u00e9duction que nous offrons est pour des partenaires de voyage (25 % du prix de cours pour la deuxi\u00e8me personne. Voir conditions).<\/li>\n<li>Les prix incluent tous les imp\u00f4ts et charges.<\/li>\n<li>Le prix de cours inclue des mat\u00e9riaux d&rsquo;\u00e9tude, au moins deux activit\u00e9s hors cours par semaine, caf\u00e9 et th\u00e9 \u00e0 volont\u00e9, l&rsquo;acc\u00e8s \u00e0 internet et WIFI, le test d\u2019\u00e9valuation, des examens \u00e0 la fin de chaque niveau, votre dipl\u00f4me.<\/li>\n<li>Le prix du logement inclut le linge et le service de nettoyage au moins une fois par semaine.<\/li>\n<li>Si n\u00e9cessaire, vous pouvez changer une fois gratuitement votre famille d\u2019accueil ou l&rsquo;appartement partag\u00e9. Pour ce faire, vous devez prendre le contact \u00e0 la r\u00e9ception, expliquer les raisons de changement et remplir un nouveau formulaire de logement. Dans les 48 heures vous aurez un nouvel endroit.<\/li>\n<li>Si, pour quelque raison, l&rsquo;Academia ne fournit pas ou ne peut pas fournir une partie importante du service promis et pay\u00e9 par l\u2019\u00e9tudiant et ne peut pas non plus fournir un service comparable, l&rsquo;Academia lui propose le remboursement. Academia ne rembourse pas les frais a cause de gr\u00e8ves g\u00e9n\u00e9rales ou force majeure.<\/li>\n<li>Academia Buenos Aires a le droit de changer ces prix \u00e0 cause d\u2019augmentations d\u2019imp\u00f4ts, d\u2019actions gouvernementales ou autres \u00e9v\u00e9nements au-del\u00e0 de notre contr\u00f4le.<\/li>\n<\/ul>\n","protected":false},"excerpt":{"rendered":"<p>Vous devez payer les cours et logement au 1i\u00e8r ou 2i\u00e8me jour de votre s\u00e9jour \u00e0 l&rsquo;Academia. Vous pouvez payer en liquide (USD, EUR, ARS), avec une carte de cr\u00e9dit (des co\u00fbts suppl\u00e9mentaires pourraient s&rsquo;appliquer) ou exceptionnellement par traite bancaire. Nous ne demandons pas d\u2019accointe avant votre arriv\u00e9e. Sauf pour une location d&rsquo;appartement. Il n&rsquo;y [&hellip;]<\/p>\n","protected":false},"author":5,"featured_media":0,"parent":839,"menu_order":26,"comment_status":"closed","ping_status":"closed","template":"","meta":{"footnotes":""},"class_list":["post-846","page","type-page","status-publish","hentry","entry"],"yoast_head":"<!-- This site is optimized with the Yoast SEO plugin v26.0 - https:\/\/yoast.com\/wordpress\/plugins\/seo\/ -->\n<title>Conditions de paiement - Academia Buenos Aires<\/title>\n<meta name=\"robots\" content=\"index, follow, max-snippet:-1, max-image-preview:large, max-video-preview:-1\" \/>\n<link rel=\"canonical\" href=\"https:\/\/www.academiabuenosaires.com\/fr\/cours-et-tarifs\/conditions-de-paiement\/\" \/>\n<meta property=\"og:locale\" content=\"fr_FR\" \/>\n<meta property=\"og:type\" content=\"article\" \/>\n<meta property=\"og:title\" content=\"Conditions de paiement - Academia Buenos Aires\" \/>\n<meta property=\"og:description\" content=\"Vous devez payer les cours et logement au 1i\u00e8r ou 2i\u00e8me jour de votre s\u00e9jour \u00e0 l&rsquo;Academia. Vous pouvez payer en liquide (USD, EUR, ARS), avec une carte de cr\u00e9dit (des co\u00fbts suppl\u00e9mentaires pourraient s&rsquo;appliquer) ou exceptionnellement par traite bancaire. Nous ne demandons pas d\u2019accointe avant votre arriv\u00e9e. Sauf pour une location d&rsquo;appartement. Il n&rsquo;y [&hellip;]\" \/>\n<meta property=\"og:url\" content=\"https:\/\/www.academiabuenosaires.com\/fr\/cours-et-tarifs\/conditions-de-paiement\/\" \/>\n<meta property=\"og:site_name\" content=\"Academia Buenos Aires\" \/>\n<meta property=\"article:modified_time\" content=\"2024-12-10T13:59:19+00:00\" \/>\n<meta name=\"twitter:label1\" content=\"Est. reading time\" \/>\n\t<meta name=\"twitter:data1\" content=\"2 minutes\" \/>\n<script type=\"application\/ld+json\" class=\"yoast-schema-graph\">{\"@context\":\"https:\/\/schema.org\",\"@graph\":[{\"@type\":\"WebPage\",\"@id\":\"https:\/\/www.academiabuenosaires.com\/fr\/cours-et-tarifs\/conditions-de-paiement\/\",\"url\":\"https:\/\/www.academiabuenosaires.com\/fr\/cours-et-tarifs\/conditions-de-paiement\/\",\"name\":\"Conditions de paiement - Academia Buenos Aires\",\"isPartOf\":{\"@id\":\"https:\/\/www.academiabuenosaires.com\/fr\/#website\"},\"datePublished\":\"2013-06-22T21:55:15+00:00\",\"dateModified\":\"2024-12-10T13:59:19+00:00\",\"breadcrumb\":{\"@id\":\"https:\/\/www.academiabuenosaires.com\/fr\/cours-et-tarifs\/conditions-de-paiement\/#breadcrumb\"},\"inLanguage\":\"fr-FR\",\"potentialAction\":[{\"@type\":\"ReadAction\",\"target\":[\"https:\/\/www.academiabuenosaires.com\/fr\/cours-et-tarifs\/conditions-de-paiement\/\"]}]},{\"@type\":\"BreadcrumbList\",\"@id\":\"https:\/\/www.academiabuenosaires.com\/fr\/cours-et-tarifs\/conditions-de-paiement\/#breadcrumb\",\"itemListElement\":[{\"@type\":\"ListItem\",\"position\":1,\"name\":\"Home\",\"item\":\"https:\/\/www.academiabuenosaires.com\/fr\/\"},{\"@type\":\"ListItem\",\"position\":2,\"name\":\"Cours et tarifs\",\"item\":\"https:\/\/www.academiabuenosaires.com\/fr\/cours-et-tarifs\/\"},{\"@type\":\"ListItem\",\"position\":3,\"name\":\"Conditions de paiement\"}]},{\"@type\":\"WebSite\",\"@id\":\"https:\/\/www.academiabuenosaires.com\/fr\/#website\",\"url\":\"https:\/\/www.academiabuenosaires.com\/fr\/\",\"name\":\"Academia Buenos Aires\",\"description\":\"spanish courses\",\"potentialAction\":[{\"@type\":\"SearchAction\",\"target\":{\"@type\":\"EntryPoint\",\"urlTemplate\":\"https:\/\/www.academiabuenosaires.com\/fr\/?s={search_term_string}\"},\"query-input\":{\"@type\":\"PropertyValueSpecification\",\"valueRequired\":true,\"valueName\":\"search_term_string\"}}],\"inLanguage\":\"fr-FR\"}]}<\/script>\n<!-- \/ Yoast SEO plugin. -->","yoast_head_json":{"title":"Conditions de paiement - Academia Buenos Aires","robots":{"index":"index","follow":"follow","max-snippet":"max-snippet:-1","max-image-preview":"max-image-preview:large","max-video-preview":"max-video-preview:-1"},"canonical":"https:\/\/www.academiabuenosaires.com\/fr\/cours-et-tarifs\/conditions-de-paiement\/","og_locale":"fr_FR","og_type":"article","og_title":"Conditions de paiement - Academia Buenos Aires","og_description":"Vous devez payer les cours et logement au 1i\u00e8r ou 2i\u00e8me jour de votre s\u00e9jour \u00e0 l&rsquo;Academia. Vous pouvez payer en liquide (USD, EUR, ARS), avec une carte de cr\u00e9dit (des co\u00fbts suppl\u00e9mentaires pourraient s&rsquo;appliquer) ou exceptionnellement par traite bancaire. Nous ne demandons pas d\u2019accointe avant votre arriv\u00e9e. Sauf pour une location d&rsquo;appartement. Il n&rsquo;y [&hellip;]","og_url":"https:\/\/www.academiabuenosaires.com\/fr\/cours-et-tarifs\/conditions-de-paiement\/","og_site_name":"Academia Buenos Aires","article_modified_time":"2024-12-10T13:59:19+00:00","twitter_misc":{"Est. reading time":"2 minutes"},"schema":{"@context":"https:\/\/schema.org","@graph":[{"@type":"WebPage","@id":"https:\/\/www.academiabuenosaires.com\/fr\/cours-et-tarifs\/conditions-de-paiement\/","url":"https:\/\/www.academiabuenosaires.com\/fr\/cours-et-tarifs\/conditions-de-paiement\/","name":"Conditions de paiement - Academia Buenos Aires","isPartOf":{"@id":"https:\/\/www.academiabuenosaires.com\/fr\/#website"},"datePublished":"2013-06-22T21:55:15+00:00","dateModified":"2024-12-10T13:59:19+00:00","breadcrumb":{"@id":"https:\/\/www.academiabuenosaires.com\/fr\/cours-et-tarifs\/conditions-de-paiement\/#breadcrumb"},"inLanguage":"fr-FR","potentialAction":[{"@type":"ReadAction","target":["https:\/\/www.academiabuenosaires.com\/fr\/cours-et-tarifs\/conditions-de-paiement\/"]}]},{"@type":"BreadcrumbList","@id":"https:\/\/www.academiabuenosaires.com\/fr\/cours-et-tarifs\/conditions-de-paiement\/#breadcrumb","itemListElement":[{"@type":"ListItem","position":1,"name":"Home","item":"https:\/\/www.academiabuenosaires.com\/fr\/"},{"@type":"ListItem","position":2,"name":"Cours et tarifs","item":"https:\/\/www.academiabuenosaires.com\/fr\/cours-et-tarifs\/"},{"@type":"ListItem","position":3,"name":"Conditions de paiement"}]},{"@type":"WebSite","@id":"https:\/\/www.academiabuenosaires.com\/fr\/#website","url":"https:\/\/www.academiabuenosaires.com\/fr\/","name":"Academia Buenos Aires","description":"spanish courses","potentialAction":[{"@type":"SearchAction","target":{"@type":"EntryPoint","urlTemplate":"https:\/\/www.academiabuenosaires.com\/fr\/?s={search_term_string}"},"query-input":{"@type":"PropertyValueSpecification","valueRequired":true,"valueName":"search_term_string"}}],"inLanguage":"fr-FR"}]}},"_links":{"self":[{"href":"https:\/\/www.academiabuenosaires.com\/fr\/wp-json\/wp\/v2\/pages\/846","targetHints":{"allow":["GET"]}}],"collection":[{"href":"https:\/\/www.academiabuenosaires.com\/fr\/wp-json\/wp\/v2\/pages"}],"about":[{"href":"https:\/\/www.academiabuenosaires.com\/fr\/wp-json\/wp\/v2\/types\/page"}],"author":[{"embeddable":true,"href":"https:\/\/www.academiabuenosaires.com\/fr\/wp-json\/wp\/v2\/users\/5"}],"replies":[{"embeddable":true,"href":"https:\/\/www.academiabuenosaires.com\/fr\/wp-json\/wp\/v2\/comments?post=846"}],"version-history":[{"count":0,"href":"https:\/\/www.academiabuenosaires.com\/fr\/wp-json\/wp\/v2\/pages\/846\/revisions"}],"up":[{"embeddable":true,"href":"https:\/\/www.academiabuenosaires.com\/fr\/wp-json\/wp\/v2\/pages\/839"}],"wp:attachment":[{"href":"https:\/\/www.academiabuenosaires.com\/fr\/wp-json\/wp\/v2\/media?parent=846"}],"curies":[{"name":"wp","href":"https:\/\/api.w.org\/{rel}","templated":true}]}}