
{"id":841,"date":"2013-06-17T19:09:48","date_gmt":"2013-06-17T19:09:48","guid":{"rendered":"https:\/\/www.academiabuenosaires.com\/?page_id=841"},"modified":"2025-07-01T15:42:34","modified_gmt":"2025-07-01T18:42:34","slug":"taille-de-la-classe","status":"publish","type":"page","link":"https:\/\/www.academiabuenosaires.com\/fr\/cours-et-tarifs\/taille-de-la-classe\/","title":{"rendered":"Taille de la classe"},"content":{"rendered":"<p>Le nombre limit\u00e9 d\u2019\u00e9tudiants par classe constitue un\u00a0axe majeur de notre programme \u00e9ducatif<i>. <\/i>Nous offrons trois diff\u00e9rents types de cours d\u00b4espagnol, qui ont \u00e9t\u00e9 d\u00e9velopp\u00e9s pour s\u2019adapter \u00e0 vos exigences.<\/p>\n<p><strong>1. <a title=\"cours d'espagnol individuels\" href=\"https:\/\/www.academiabuenosaires.com\/fr\/courses\/cours-individuels\/\" target=\"_blank\" rel=\"noopener\">Cours individuels<\/a><\/strong>:<strong>\u00a0<\/strong>Dans ce cas, un de nos professeurs donne des cours priv\u00e9s \u00e0 un \u00e9tudiant. Ce type de cours est tr\u00e8s intensif et id\u00e9al pour les \u00e9tudiants qui veulent acc\u00e9l\u00e9rer leur processus d\u2019apprentissage dans certains domaines. Des cours individuels vous offrent plus de flexibilit\u00e9, un programme et une m\u00e9thode de formation personnalis\u00e9es et un maximum de temps pour les conversations individualis\u00e9es.<\/p>\n<p><strong>2. Cours en groupe<\/strong>:<strong>\u00a0<\/strong>Ces cours ont l\u2019avantage de l\u2019interactivit\u00e9 et du travail en groupe. Le nombre de participants au cours varie de 2 \u00e0 8. Academia Buenos Aires vous propose 9 niveaux diff\u00e9rents pour assurer une certaine homog\u00e9n\u00e9it\u00e9 des groupes, essentielle pour un d\u00e9roulement productive de la formation. Dans le cas o\u00f9 l\u2019\u00e9tudiant est le seul membre du groupe, le nombre d&rsquo;heures par jour passe de 4 \u00e0 2.<\/p>\n<p><strong>3. La combination des deux options ant\u00e9rieures<\/strong>:\u00a0Nos \u00e9tudiants peuvent \u00e9galement choisir de cumuler des cours individuels avec des cours en groupe. Ainsi, ils profitent au maximum du dynamisme du groupe et du temps consacr\u00e9 par un professeur priv\u00e9 \u00e0 leurs souhaits particuliers.<\/p>\n","protected":false},"excerpt":{"rendered":"<p>Le nombre limit\u00e9 d\u2019\u00e9tudiants par classe constitue un\u00a0axe majeur de notre programme \u00e9ducatif. Nous offrons trois diff\u00e9rents types de cours d\u00b4espagnol, qui ont \u00e9t\u00e9 d\u00e9velopp\u00e9s pour s\u2019adapter \u00e0 vos exigences. 1. Cours individuels:\u00a0Dans ce cas, un de nos professeurs donne des cours priv\u00e9s \u00e0 un \u00e9tudiant. Ce type de cours est tr\u00e8s intensif et id\u00e9al [&hellip;]<\/p>\n","protected":false},"author":5,"featured_media":0,"parent":839,"menu_order":21,"comment_status":"closed","ping_status":"closed","template":"","meta":{"footnotes":""},"class_list":["post-841","page","type-page","status-publish","hentry","entry"],"yoast_head":"<!-- This site is optimized with the Yoast SEO plugin v26.0 - https:\/\/yoast.com\/wordpress\/plugins\/seo\/ -->\n<title>Taille de la classe - Academia Buenos Aires<\/title>\n<meta name=\"robots\" content=\"index, follow, max-snippet:-1, max-image-preview:large, max-video-preview:-1\" \/>\n<link rel=\"canonical\" href=\"https:\/\/www.academiabuenosaires.com\/fr\/cours-et-tarifs\/taille-de-la-classe\/\" \/>\n<meta property=\"og:locale\" content=\"fr_FR\" \/>\n<meta property=\"og:type\" content=\"article\" \/>\n<meta property=\"og:title\" content=\"Taille de la classe - Academia Buenos Aires\" \/>\n<meta property=\"og:description\" content=\"Le nombre limit\u00e9 d\u2019\u00e9tudiants par classe constitue un\u00a0axe majeur de notre programme \u00e9ducatif. Nous offrons trois diff\u00e9rents types de cours d\u00b4espagnol, qui ont \u00e9t\u00e9 d\u00e9velopp\u00e9s pour s\u2019adapter \u00e0 vos exigences. 1. Cours individuels:\u00a0Dans ce cas, un de nos professeurs donne des cours priv\u00e9s \u00e0 un \u00e9tudiant. Ce type de cours est tr\u00e8s intensif et id\u00e9al [&hellip;]\" \/>\n<meta property=\"og:url\" content=\"https:\/\/www.academiabuenosaires.com\/fr\/cours-et-tarifs\/taille-de-la-classe\/\" \/>\n<meta property=\"og:site_name\" content=\"Academia Buenos Aires\" \/>\n<meta property=\"article:modified_time\" content=\"2025-07-01T18:42:34+00:00\" \/>\n<meta name=\"twitter:label1\" content=\"Est. reading time\" \/>\n\t<meta name=\"twitter:data1\" content=\"1 minute\" \/>\n<script type=\"application\/ld+json\" class=\"yoast-schema-graph\">{\"@context\":\"https:\/\/schema.org\",\"@graph\":[{\"@type\":\"WebPage\",\"@id\":\"https:\/\/www.academiabuenosaires.com\/fr\/cours-et-tarifs\/taille-de-la-classe\/\",\"url\":\"https:\/\/www.academiabuenosaires.com\/fr\/cours-et-tarifs\/taille-de-la-classe\/\",\"name\":\"Taille de la classe - Academia Buenos Aires\",\"isPartOf\":{\"@id\":\"https:\/\/www.academiabuenosaires.com\/fr\/#website\"},\"datePublished\":\"2013-06-17T19:09:48+00:00\",\"dateModified\":\"2025-07-01T18:42:34+00:00\",\"breadcrumb\":{\"@id\":\"https:\/\/www.academiabuenosaires.com\/fr\/cours-et-tarifs\/taille-de-la-classe\/#breadcrumb\"},\"inLanguage\":\"fr-FR\",\"potentialAction\":[{\"@type\":\"ReadAction\",\"target\":[\"https:\/\/www.academiabuenosaires.com\/fr\/cours-et-tarifs\/taille-de-la-classe\/\"]}]},{\"@type\":\"BreadcrumbList\",\"@id\":\"https:\/\/www.academiabuenosaires.com\/fr\/cours-et-tarifs\/taille-de-la-classe\/#breadcrumb\",\"itemListElement\":[{\"@type\":\"ListItem\",\"position\":1,\"name\":\"Home\",\"item\":\"https:\/\/www.academiabuenosaires.com\/fr\/\"},{\"@type\":\"ListItem\",\"position\":2,\"name\":\"Cours et tarifs\",\"item\":\"https:\/\/www.academiabuenosaires.com\/fr\/cours-et-tarifs\/\"},{\"@type\":\"ListItem\",\"position\":3,\"name\":\"Taille de la classe\"}]},{\"@type\":\"WebSite\",\"@id\":\"https:\/\/www.academiabuenosaires.com\/fr\/#website\",\"url\":\"https:\/\/www.academiabuenosaires.com\/fr\/\",\"name\":\"Academia Buenos Aires\",\"description\":\"spanish courses\",\"potentialAction\":[{\"@type\":\"SearchAction\",\"target\":{\"@type\":\"EntryPoint\",\"urlTemplate\":\"https:\/\/www.academiabuenosaires.com\/fr\/?s={search_term_string}\"},\"query-input\":{\"@type\":\"PropertyValueSpecification\",\"valueRequired\":true,\"valueName\":\"search_term_string\"}}],\"inLanguage\":\"fr-FR\"}]}<\/script>\n<!-- \/ Yoast SEO plugin. -->","yoast_head_json":{"title":"Taille de la classe - Academia Buenos Aires","robots":{"index":"index","follow":"follow","max-snippet":"max-snippet:-1","max-image-preview":"max-image-preview:large","max-video-preview":"max-video-preview:-1"},"canonical":"https:\/\/www.academiabuenosaires.com\/fr\/cours-et-tarifs\/taille-de-la-classe\/","og_locale":"fr_FR","og_type":"article","og_title":"Taille de la classe - Academia Buenos Aires","og_description":"Le nombre limit\u00e9 d\u2019\u00e9tudiants par classe constitue un\u00a0axe majeur de notre programme \u00e9ducatif. Nous offrons trois diff\u00e9rents types de cours d\u00b4espagnol, qui ont \u00e9t\u00e9 d\u00e9velopp\u00e9s pour s\u2019adapter \u00e0 vos exigences. 1. Cours individuels:\u00a0Dans ce cas, un de nos professeurs donne des cours priv\u00e9s \u00e0 un \u00e9tudiant. Ce type de cours est tr\u00e8s intensif et id\u00e9al [&hellip;]","og_url":"https:\/\/www.academiabuenosaires.com\/fr\/cours-et-tarifs\/taille-de-la-classe\/","og_site_name":"Academia Buenos Aires","article_modified_time":"2025-07-01T18:42:34+00:00","twitter_misc":{"Est. reading time":"1 minute"},"schema":{"@context":"https:\/\/schema.org","@graph":[{"@type":"WebPage","@id":"https:\/\/www.academiabuenosaires.com\/fr\/cours-et-tarifs\/taille-de-la-classe\/","url":"https:\/\/www.academiabuenosaires.com\/fr\/cours-et-tarifs\/taille-de-la-classe\/","name":"Taille de la classe - Academia Buenos Aires","isPartOf":{"@id":"https:\/\/www.academiabuenosaires.com\/fr\/#website"},"datePublished":"2013-06-17T19:09:48+00:00","dateModified":"2025-07-01T18:42:34+00:00","breadcrumb":{"@id":"https:\/\/www.academiabuenosaires.com\/fr\/cours-et-tarifs\/taille-de-la-classe\/#breadcrumb"},"inLanguage":"fr-FR","potentialAction":[{"@type":"ReadAction","target":["https:\/\/www.academiabuenosaires.com\/fr\/cours-et-tarifs\/taille-de-la-classe\/"]}]},{"@type":"BreadcrumbList","@id":"https:\/\/www.academiabuenosaires.com\/fr\/cours-et-tarifs\/taille-de-la-classe\/#breadcrumb","itemListElement":[{"@type":"ListItem","position":1,"name":"Home","item":"https:\/\/www.academiabuenosaires.com\/fr\/"},{"@type":"ListItem","position":2,"name":"Cours et tarifs","item":"https:\/\/www.academiabuenosaires.com\/fr\/cours-et-tarifs\/"},{"@type":"ListItem","position":3,"name":"Taille de la classe"}]},{"@type":"WebSite","@id":"https:\/\/www.academiabuenosaires.com\/fr\/#website","url":"https:\/\/www.academiabuenosaires.com\/fr\/","name":"Academia Buenos Aires","description":"spanish courses","potentialAction":[{"@type":"SearchAction","target":{"@type":"EntryPoint","urlTemplate":"https:\/\/www.academiabuenosaires.com\/fr\/?s={search_term_string}"},"query-input":{"@type":"PropertyValueSpecification","valueRequired":true,"valueName":"search_term_string"}}],"inLanguage":"fr-FR"}]}},"_links":{"self":[{"href":"https:\/\/www.academiabuenosaires.com\/fr\/wp-json\/wp\/v2\/pages\/841","targetHints":{"allow":["GET"]}}],"collection":[{"href":"https:\/\/www.academiabuenosaires.com\/fr\/wp-json\/wp\/v2\/pages"}],"about":[{"href":"https:\/\/www.academiabuenosaires.com\/fr\/wp-json\/wp\/v2\/types\/page"}],"author":[{"embeddable":true,"href":"https:\/\/www.academiabuenosaires.com\/fr\/wp-json\/wp\/v2\/users\/5"}],"replies":[{"embeddable":true,"href":"https:\/\/www.academiabuenosaires.com\/fr\/wp-json\/wp\/v2\/comments?post=841"}],"version-history":[{"count":0,"href":"https:\/\/www.academiabuenosaires.com\/fr\/wp-json\/wp\/v2\/pages\/841\/revisions"}],"up":[{"embeddable":true,"href":"https:\/\/www.academiabuenosaires.com\/fr\/wp-json\/wp\/v2\/pages\/839"}],"wp:attachment":[{"href":"https:\/\/www.academiabuenosaires.com\/fr\/wp-json\/wp\/v2\/media?parent=841"}],"curies":[{"name":"wp","href":"https:\/\/api.w.org\/{rel}","templated":true}]}}