
{"id":839,"date":"2013-06-17T18:41:05","date_gmt":"2013-06-17T18:41:05","guid":{"rendered":"https:\/\/www.academiabuenosaires.com\/?page_id=839"},"modified":"2014-05-04T21:04:48","modified_gmt":"2014-05-05T00:04:48","slug":"cours-et-tarifs","status":"publish","type":"page","link":"https:\/\/www.academiabuenosaires.com\/fr\/cours-et-tarifs\/","title":{"rendered":"Cours et tarifs"},"content":{"rendered":"<p>Academia Buenos Aires vous offre des cours d\u2019espagnol pour tous niveaux et pour des int\u00e9r\u00eats particuliers, ce qui permet un apprentissage rapide. Tous les cours se donnent exclusivement en espagnol et nos documents p\u00e9dagogiques ont \u00e9t\u00e9 con\u00e7us sp\u00e9cialement pour des \u00e9tudiants \u00e9trangers. Vous pouvez commencer un cours \u00e0 tout moment de l&rsquo;ann\u00e9e. Vous choisissez le type de cours et le nombre d\u2019heures qui vous conviennent le mieux. Nous vous renseignons et vous inscrivons au cours choisi. Vous pouvez aussi compl\u00e9ter notre <a title=\"Online reservation form\" href=\"http:\/\/academiabuenosaires.com\/reservas\/\" target=\"_blank\">formulaire de r\u00e9servation<\/a> en ligne. \u00c9tant donn\u00e9 les diff\u00e9rences de parcours et d\u2019attentes de nos \u00e9tudiants, nous offrons une s\u00e9rie de programmes d\u2019apprentissage pour les <a title=\"cours d\u2019espagnol pour des \u00e9tudiants en \u00e9change\" href=\"https:\/\/www.academiabuenosaires.com\/fr\/courses\/cours-despagnol-pour-des-etudiants-en-echange\/\" target=\"_blank\">\u00e9tudiants du secondaire ou universitaire en \u00e9change<\/a>, <a title=\"espagnol des affaires\" href=\"https:\/\/www.academiabuenosaires.com\/fr\/courses\/espagnol-des-affaires\/\" target=\"_blank\">les cadres du monde des affaires<\/a> et les <a title=\"cours d\u2019espagnol m\u00e9dical\" href=\"https:\/\/www.academiabuenosaires.com\/fr\/courses\/cours-despagnol-medical\/\" target=\"_blank\">m\u00e9decins<\/a>. <a title=\"contactez l'Academia\" href=\"https:\/\/www.academiabuenosaires.com\/fr\/contact-2\/\" target=\"_blank\">Consultez-nous<\/a> pour en savoir plus (nous parlons fran\u00e7ais).<\/p>\n<p><a href=\"https:\/\/www.academiabuenosaires.com\/wp-content\/uploads\/2013\/05\/students3.jpg\"><img loading=\"lazy\" decoding=\"async\" class=\"aligncenter size-full wp-image-2506\" alt=\"students3\" src=\"https:\/\/www.academiabuenosaires.com\/wp-content\/uploads\/2013\/05\/students3.jpg\" width=\"744\" height=\"329\" srcset=\"https:\/\/www.academiabuenosaires.com\/wp-content\/uploads\/2013\/05\/students3.jpg 744w, https:\/\/www.academiabuenosaires.com\/wp-content\/uploads\/2013\/05\/students3-160x70.jpg 160w, https:\/\/www.academiabuenosaires.com\/wp-content\/uploads\/2013\/05\/students3-338x149.jpg 338w\" sizes=\"auto, (max-width: 744px) 100vw, 744px\" \/><\/a><\/p>\n","protected":false},"excerpt":{"rendered":"<p>Academia Buenos Aires vous offre des cours d\u2019espagnol pour tous niveaux et pour des int\u00e9r\u00eats particuliers, ce qui permet un apprentissage rapide. Tous les cours se donnent exclusivement en espagnol et nos documents p\u00e9dagogiques ont \u00e9t\u00e9 con\u00e7us sp\u00e9cialement pour des \u00e9tudiants \u00e9trangers. Vous pouvez commencer un cours \u00e0 tout moment de l&rsquo;ann\u00e9e. Vous choisissez le [&hellip;]<\/p>\n","protected":false},"author":5,"featured_media":0,"parent":0,"menu_order":38,"comment_status":"open","ping_status":"open","template":"","meta":{"footnotes":""},"class_list":["post-839","page","type-page","status-publish","hentry","entry"],"yoast_head":"<!-- This site is optimized with the Yoast SEO plugin v26.0 - https:\/\/yoast.com\/wordpress\/plugins\/seo\/ -->\n<title>Cours et tarifs - Academia Buenos Aires<\/title>\n<meta name=\"description\" content=\"Academia Buenos Aires vous offre des cours d\u2019espagnol pour tous niveaux et pour des int\u00e9r\u00eats particuliers, ce qui permet un apprentissage rapide.\" \/>\n<meta name=\"robots\" content=\"index, follow, max-snippet:-1, max-image-preview:large, max-video-preview:-1\" \/>\n<link rel=\"canonical\" href=\"https:\/\/www.academiabuenosaires.com\/fr\/cours-et-tarifs\/\" \/>\n<meta property=\"og:locale\" content=\"fr_FR\" \/>\n<meta property=\"og:type\" content=\"article\" \/>\n<meta property=\"og:title\" content=\"Cours et tarifs - Academia Buenos Aires\" \/>\n<meta property=\"og:description\" content=\"Academia Buenos Aires vous offre des cours d\u2019espagnol pour tous niveaux et pour des int\u00e9r\u00eats particuliers, ce qui permet un apprentissage rapide.\" \/>\n<meta property=\"og:url\" content=\"https:\/\/www.academiabuenosaires.com\/fr\/cours-et-tarifs\/\" \/>\n<meta property=\"og:site_name\" content=\"Academia Buenos Aires\" \/>\n<meta property=\"article:modified_time\" content=\"2014-05-05T00:04:48+00:00\" \/>\n<meta property=\"og:image\" content=\"https:\/\/www.academiabuenosaires.com\/wp-content\/uploads\/2013\/05\/students3.jpg\" \/>\n<meta name=\"twitter:label1\" content=\"Est. reading time\" \/>\n\t<meta name=\"twitter:data1\" content=\"1 minute\" \/>\n<script type=\"application\/ld+json\" class=\"yoast-schema-graph\">{\"@context\":\"https:\/\/schema.org\",\"@graph\":[{\"@type\":\"WebPage\",\"@id\":\"https:\/\/www.academiabuenosaires.com\/fr\/cours-et-tarifs\/\",\"url\":\"https:\/\/www.academiabuenosaires.com\/fr\/cours-et-tarifs\/\",\"name\":\"Cours et tarifs - Academia Buenos Aires\",\"isPartOf\":{\"@id\":\"https:\/\/www.academiabuenosaires.com\/fr\/#website\"},\"primaryImageOfPage\":{\"@id\":\"https:\/\/www.academiabuenosaires.com\/fr\/cours-et-tarifs\/#primaryimage\"},\"image\":{\"@id\":\"https:\/\/www.academiabuenosaires.com\/fr\/cours-et-tarifs\/#primaryimage\"},\"thumbnailUrl\":\"https:\/\/www.academiabuenosaires.com\/wp-content\/uploads\/2013\/05\/students3.jpg\",\"datePublished\":\"2013-06-17T18:41:05+00:00\",\"dateModified\":\"2014-05-05T00:04:48+00:00\",\"description\":\"Academia Buenos Aires vous offre des cours d\u2019espagnol pour tous niveaux et pour des int\u00e9r\u00eats particuliers, ce qui permet un apprentissage rapide.\",\"breadcrumb\":{\"@id\":\"https:\/\/www.academiabuenosaires.com\/fr\/cours-et-tarifs\/#breadcrumb\"},\"inLanguage\":\"fr-FR\",\"potentialAction\":[{\"@type\":\"ReadAction\",\"target\":[\"https:\/\/www.academiabuenosaires.com\/fr\/cours-et-tarifs\/\"]}]},{\"@type\":\"ImageObject\",\"inLanguage\":\"fr-FR\",\"@id\":\"https:\/\/www.academiabuenosaires.com\/fr\/cours-et-tarifs\/#primaryimage\",\"url\":\"https:\/\/www.academiabuenosaires.com\/wp-content\/uploads\/2013\/05\/students3.jpg\",\"contentUrl\":\"https:\/\/www.academiabuenosaires.com\/wp-content\/uploads\/2013\/05\/students3.jpg\"},{\"@type\":\"BreadcrumbList\",\"@id\":\"https:\/\/www.academiabuenosaires.com\/fr\/cours-et-tarifs\/#breadcrumb\",\"itemListElement\":[{\"@type\":\"ListItem\",\"position\":1,\"name\":\"Home\",\"item\":\"https:\/\/www.academiabuenosaires.com\/fr\/\"},{\"@type\":\"ListItem\",\"position\":2,\"name\":\"Cours et tarifs\"}]},{\"@type\":\"WebSite\",\"@id\":\"https:\/\/www.academiabuenosaires.com\/fr\/#website\",\"url\":\"https:\/\/www.academiabuenosaires.com\/fr\/\",\"name\":\"Academia Buenos Aires\",\"description\":\"spanish courses\",\"potentialAction\":[{\"@type\":\"SearchAction\",\"target\":{\"@type\":\"EntryPoint\",\"urlTemplate\":\"https:\/\/www.academiabuenosaires.com\/fr\/?s={search_term_string}\"},\"query-input\":{\"@type\":\"PropertyValueSpecification\",\"valueRequired\":true,\"valueName\":\"search_term_string\"}}],\"inLanguage\":\"fr-FR\"}]}<\/script>\n<!-- \/ Yoast SEO plugin. -->","yoast_head_json":{"title":"Cours et tarifs - Academia Buenos Aires","description":"Academia Buenos Aires vous offre des cours d\u2019espagnol pour tous niveaux et pour des int\u00e9r\u00eats particuliers, ce qui permet un apprentissage rapide.","robots":{"index":"index","follow":"follow","max-snippet":"max-snippet:-1","max-image-preview":"max-image-preview:large","max-video-preview":"max-video-preview:-1"},"canonical":"https:\/\/www.academiabuenosaires.com\/fr\/cours-et-tarifs\/","og_locale":"fr_FR","og_type":"article","og_title":"Cours et tarifs - Academia Buenos Aires","og_description":"Academia Buenos Aires vous offre des cours d\u2019espagnol pour tous niveaux et pour des int\u00e9r\u00eats particuliers, ce qui permet un apprentissage rapide.","og_url":"https:\/\/www.academiabuenosaires.com\/fr\/cours-et-tarifs\/","og_site_name":"Academia Buenos Aires","article_modified_time":"2014-05-05T00:04:48+00:00","og_image":[{"url":"https:\/\/www.academiabuenosaires.com\/wp-content\/uploads\/2013\/05\/students3.jpg","type":"","width":"","height":""}],"twitter_misc":{"Est. reading time":"1 minute"},"schema":{"@context":"https:\/\/schema.org","@graph":[{"@type":"WebPage","@id":"https:\/\/www.academiabuenosaires.com\/fr\/cours-et-tarifs\/","url":"https:\/\/www.academiabuenosaires.com\/fr\/cours-et-tarifs\/","name":"Cours et tarifs - Academia Buenos Aires","isPartOf":{"@id":"https:\/\/www.academiabuenosaires.com\/fr\/#website"},"primaryImageOfPage":{"@id":"https:\/\/www.academiabuenosaires.com\/fr\/cours-et-tarifs\/#primaryimage"},"image":{"@id":"https:\/\/www.academiabuenosaires.com\/fr\/cours-et-tarifs\/#primaryimage"},"thumbnailUrl":"https:\/\/www.academiabuenosaires.com\/wp-content\/uploads\/2013\/05\/students3.jpg","datePublished":"2013-06-17T18:41:05+00:00","dateModified":"2014-05-05T00:04:48+00:00","description":"Academia Buenos Aires vous offre des cours d\u2019espagnol pour tous niveaux et pour des int\u00e9r\u00eats particuliers, ce qui permet un apprentissage rapide.","breadcrumb":{"@id":"https:\/\/www.academiabuenosaires.com\/fr\/cours-et-tarifs\/#breadcrumb"},"inLanguage":"fr-FR","potentialAction":[{"@type":"ReadAction","target":["https:\/\/www.academiabuenosaires.com\/fr\/cours-et-tarifs\/"]}]},{"@type":"ImageObject","inLanguage":"fr-FR","@id":"https:\/\/www.academiabuenosaires.com\/fr\/cours-et-tarifs\/#primaryimage","url":"https:\/\/www.academiabuenosaires.com\/wp-content\/uploads\/2013\/05\/students3.jpg","contentUrl":"https:\/\/www.academiabuenosaires.com\/wp-content\/uploads\/2013\/05\/students3.jpg"},{"@type":"BreadcrumbList","@id":"https:\/\/www.academiabuenosaires.com\/fr\/cours-et-tarifs\/#breadcrumb","itemListElement":[{"@type":"ListItem","position":1,"name":"Home","item":"https:\/\/www.academiabuenosaires.com\/fr\/"},{"@type":"ListItem","position":2,"name":"Cours et tarifs"}]},{"@type":"WebSite","@id":"https:\/\/www.academiabuenosaires.com\/fr\/#website","url":"https:\/\/www.academiabuenosaires.com\/fr\/","name":"Academia Buenos Aires","description":"spanish courses","potentialAction":[{"@type":"SearchAction","target":{"@type":"EntryPoint","urlTemplate":"https:\/\/www.academiabuenosaires.com\/fr\/?s={search_term_string}"},"query-input":{"@type":"PropertyValueSpecification","valueRequired":true,"valueName":"search_term_string"}}],"inLanguage":"fr-FR"}]}},"_links":{"self":[{"href":"https:\/\/www.academiabuenosaires.com\/fr\/wp-json\/wp\/v2\/pages\/839","targetHints":{"allow":["GET"]}}],"collection":[{"href":"https:\/\/www.academiabuenosaires.com\/fr\/wp-json\/wp\/v2\/pages"}],"about":[{"href":"https:\/\/www.academiabuenosaires.com\/fr\/wp-json\/wp\/v2\/types\/page"}],"author":[{"embeddable":true,"href":"https:\/\/www.academiabuenosaires.com\/fr\/wp-json\/wp\/v2\/users\/5"}],"replies":[{"embeddable":true,"href":"https:\/\/www.academiabuenosaires.com\/fr\/wp-json\/wp\/v2\/comments?post=839"}],"version-history":[{"count":0,"href":"https:\/\/www.academiabuenosaires.com\/fr\/wp-json\/wp\/v2\/pages\/839\/revisions"}],"wp:attachment":[{"href":"https:\/\/www.academiabuenosaires.com\/fr\/wp-json\/wp\/v2\/media?parent=839"}],"curies":[{"name":"wp","href":"https:\/\/api.w.org\/{rel}","templated":true}]}}