
{"id":5843,"date":"2021-03-22T19:46:26","date_gmt":"2021-03-22T22:46:26","guid":{"rendered":"http:\/\/www.academiabuenosaires.com\/?page_id=5843"},"modified":"2021-04-22T15:30:09","modified_gmt":"2021-04-22T18:30:09","slug":"certification-de-niveau","status":"publish","type":"page","link":"https:\/\/www.academiabuenosaires.com\/fr\/cours-et-tarifs\/certification-de-niveau\/","title":{"rendered":"Certification de niveau"},"content":{"rendered":"<p class=\"Predeterminado\"><a href=\"http:\/\/www.academiabuenosaires.com\/wp-content\/uploads\/2021\/03\/taele.jpg\"><img loading=\"lazy\" decoding=\"async\" class=\"alignleft size-full wp-image-5837\" src=\"http:\/\/www.academiabuenosaires.com\/wp-content\/uploads\/2021\/03\/taele.jpg\" alt=\"Certification de niveau d'Espagnol online\" width=\"900\" height=\"600\" data-id=\"5837\" srcset=\"https:\/\/www.academiabuenosaires.com\/wp-content\/uploads\/2021\/03\/taele.jpg 900w, https:\/\/www.academiabuenosaires.com\/wp-content\/uploads\/2021\/03\/taele-160x107.jpg 160w, https:\/\/www.academiabuenosaires.com\/wp-content\/uploads\/2021\/03\/taele-338x225.jpg 338w\" sizes=\"auto, (max-width: 900px) 100vw, 900px\" \/><\/a><\/p>\n<p class=\"Predeterminado\"><span class=\"Ninguno\"><span lang=\"FR\">Vous cherchez un moyen de tester et de certifier votre niveau d\u2019espagnol ? Votre employeur actuel ou futur vous demande de passer un test d\u2019espagnol, vous devez prouver vos comp\u00e9tences en espagnol dans un cadre professionnel ou priv\u00e9 ou vous souhaitez simplement faire figurer votre niveau de comp\u00e9tence en espagnol certifi\u00e9 sur votre CV ? <\/span><\/span><\/p>\n<p class=\"Predeterminado\"><span class=\"Ninguno\"><span lang=\"FR\">Academia vous propose un examen en ligne \u00e0 distance que vous pouvez passer o\u00f9 que vous soyez dans le monde, \u00e0 tout moment, ind\u00e9pendamment de votre \u00e2ge ou de votre parcours et sans avoir \u00e0 vous rendre dans un centre de test. Nous examinons les quatre comp\u00e9tences de base que sont la compr\u00e9hension orale, la compr\u00e9hension \u00e9crite, l\u2019\u00e9criture et l\u2019expression orale et vous remettons dans un d\u00e9lai de 24 \u00e0 72\u00a0heures un certificat d\u00e9livr\u00e9 par Academia Buenos Aires, un centre de langues accr\u00e9dit\u00e9 par l\u2019Instituto Cervantes espagnol. <\/span><\/span><\/p>\n<p class=\"Predeterminado\"><span class=\"Ninguno\"><span lang=\"FR\">L\u2019examen fournit une mesure de votre niveau d\u2019espagnol sur une \u00e9chelle internationalement reconnue telle que le Cadre europ\u00e9en commun de r\u00e9f\u00e9rence pour les langues et l\u2019\u00e9chelle nord-am\u00e9ricaine de l\u2019ACTFL. Nous certifions \u00e0 partir du niveau europ\u00e9en A2 jusqu\u2019au niveau C2 inclus, ce qui sur l\u2019\u00e9chelle ACTFL correspond \u00e0 <\/span><\/span><span class=\"Ninguno\"><span lang=\"FR\">\u00ab<\/span><\/span><span class=\"Ninguno\"><span lang=\"FR\">\u00a0Novice III\u00a0\u00bb et \u00ab\u00a0Distingu\u00e9\u00a0\u00bb. Nous ne certifions pas le niveau A1. Notre certificat distingue votre niveau dans chacune des quatre comp\u00e9tences de base (\u00e9couter, lire, \u00e9crire, parler) et certifie \u00e9galement un niveau g\u00e9n\u00e9ral.<\/span><\/span><\/p>\n<p class=\"Predeterminado\"><span class=\"Ninguno\"><span lang=\"FR\">De nombreux candidats nous interrogent sur la validit\u00e9 de nos examens. La r\u00e9ponse est qu\u2019il n\u2019existe pas d\u2019examen international officiel unique reconnu dans le monde entier. M\u00eame l\u2019examen DELE, qui est propos\u00e9 hors ligne, six fois par an par le minist\u00e8re espagnol de la Culture et qui est probablement le test de langue espagnole le plus largement accept\u00e9, n\u2019est valable que si le destinataire du score le d\u00e9termine (Academia Buenos Aires est d\u2019ailleurs un centre d\u2019examen officiel de l\u2019examen DELE et nous recommandons \u00e0 nos \u00e9tudiants de passer cet examen). S\u2019agissant des examens \u00e0 distance en ligne, le n\u00f4tre est tout \u00e0 fait r\u00e9put\u00e9 et cr\u00e9dible et est assur\u00e9 par un centre lui-m\u00eame accr\u00e9dit\u00e9 par l\u2019Instituto Cervantes.<\/span><\/span><\/p>\n<p class=\"Predeterminado\"><span class=\"Ninguno\"><span lang=\"FR\">Selon votre niveau d\u2019espagnol, l\u2019examen dure entre 1 et 3\u00a0heures et se d\u00e9roule enti\u00e8rement en ligne. Depuis votre domicile, votre lieu de travail ou un autre lieu de votre choix, vous vous connecterez \u00e0 notre plateforme en ligne, vous vous authentifierez \u00e0 l\u2019aide d\u2019un identifiant (v\u00e9rification biom\u00e9trique d\u2019identit\u00e9 bas\u00e9e sur l\u2019IA) et vous commencerez le test. Vous avez seulement besoin d\u2019une pi\u00e8ce \u00e0 l\u2019abri de toute distraction o\u00f9 vous serez seul(e), d\u2019un ordinateur, d\u2019une webcam et d\u2019un acc\u00e8s \u00e0 Internet. Nous vous enregistrons (audio et vid\u00e9o) pendant que vous passez le test et utilisons un syst\u00e8me de surveillance \u00e0 distance avec intelligence artificielle pour emp\u00eacher les candidats de tricher.<\/span><\/span><\/p>\n<p class=\"Predeterminado\"><span class=\"Ninguno\"><span lang=\"FR\">Nous certifions votre niveau d\u2019espagnol et apposons notre nom et notre cachet reconnus sur le certificat. L\u2019int\u00e9grit\u00e9, l\u2019authenticit\u00e9 et la cr\u00e9dibilit\u00e9 de notre solution d\u2019examen sont essentielles et nous utilisons pour cela une technologie allemande de pointe en mati\u00e8re de surveillance. Notre examen en ligne surveill\u00e9 \u00e0 distance est enregistr\u00e9 et not\u00e9 par des professionnels de la langue ayant des ann\u00e9es d\u2019exp\u00e9rience dans les tests de niveau de comp\u00e9tence et ayant \u00e9valu\u00e9 des milliers d\u2019\u00e9tudiants. <\/span><\/span><\/p>\n<p class=\"Predeterminado\"><span class=\"Ninguno\"><span lang=\"FR\">Toutes les informations personnelles, les dossiers d\u2019examen et autres d\u00e9tails sensibles des candidats et des clients sont stock\u00e9s dans un environnement de stockage \u00e0 s\u00e9curit\u00e9 maximale \u00e0 toute \u00e9preuve. Nous respectons le r\u00e8glement RGPD et ne stockons les donn\u00e9es que sur des serveurs s\u00e9curis\u00e9s situ\u00e9s dans l\u2019UE. Apr\u00e8s un certain temps, les donn\u00e9es seront automatiquement supprim\u00e9es. Les donn\u00e9es personnelles stock\u00e9es ne peuvent \u00eatre consult\u00e9es que par les examinateurs et les candidats suivant un protocole de s\u00e9curit\u00e9 strict.<\/span><\/span><\/p>\n<p class=\"Predeterminado\"><span class=\"Ninguno\"><span lang=\"FR\">Envoyez-nous un <a href=\"mailto:info@academiabuenosaires.com\" target=\"_blank\">courrier \u00e9lectronique ici<\/a> si vous avez des questions. Pour vous inscrire \u00e0 l\u2019examen, faites une <a href=\"https:\/\/www.academiabuenosaires.com\/fr\/reservation-2\/\" target=\"_blank\">r\u00e9servation ici<\/a> et attendez que nous vous envoyions les instructions dans les 24\u00a0heures ouvrables. Si vous voulez acc\u00e9l\u00e9rer le processus, vous pouvez d\u2019ores et d\u00e9j\u00e0 effectuer le paiement de 120\u00a0USD <a href=\"http:\/\/goo.gl\/cLl1lI\" target=\"_blank\">par carte de cr\u00e9dit ici<\/a> en saisissant EXAM dans le champ \u00ab\u00a0Identifiant \u00e9tudiant\u00a0\u00bb. <\/span><\/span><\/p>\n<p class=\"Predeterminado\"><span class=\"Ninguno\"><span lang=\"FR\">Nous vous garantissons que vous pourrez passer le test en ligne dans les 48\u00a0heures suivant votre premier contact avec nous ou alors vous serez rembours\u00e9(e).<\/span><\/span><\/p>\n<p class=\"Predeterminado\"><span class=\"Ninguno\"><span lang=\"FR\"> La correction des parties audio et \u00e9crite de l\u2019examen prend du temps. Si vous souhaitez obtenir les r\u00e9sultats de l\u2019examen et le certificat dans les 24\u00a0heures ouvrables suivant l\u2019examen, nous facturons un suppl\u00e9ment de 100\u00a0USD. Avec la m\u00e9thode standard, vous obtiendrez les r\u00e9sultats dans les 72\u00a0heures ouvrables suivant la date du test. Aucun autre test d\u2019espagnol en ligne ne fournit de r\u00e9sultats certifi\u00e9s plus rapidement.<\/span><\/span><\/p>\n","protected":false},"excerpt":{"rendered":"<p>Vous cherchez un moyen de tester et de certifier votre niveau d\u2019espagnol ? Votre employeur actuel ou futur vous demande de passer un test d\u2019espagnol, vous devez prouver vos comp\u00e9tences en espagnol dans un cadre professionnel ou priv\u00e9 ou vous souhaitez simplement faire figurer votre niveau de comp\u00e9tence en espagnol certifi\u00e9 sur votre CV ? [&hellip;]<\/p>\n","protected":false},"author":7,"featured_media":0,"parent":839,"menu_order":0,"comment_status":"closed","ping_status":"open","template":"","meta":{"footnotes":""},"class_list":["post-5843","page","type-page","status-publish","hentry","entry"],"yoast_head":"<!-- This site is optimized with the Yoast SEO plugin v26.0 - https:\/\/yoast.com\/wordpress\/plugins\/seo\/ -->\n<title>Certification de niveau - Academia Buenos Aires<\/title>\n<meta name=\"robots\" content=\"index, follow, max-snippet:-1, max-image-preview:large, max-video-preview:-1\" \/>\n<link rel=\"canonical\" href=\"https:\/\/www.academiabuenosaires.com\/fr\/cours-et-tarifs\/certification-de-niveau\/\" \/>\n<meta property=\"og:locale\" content=\"fr_FR\" \/>\n<meta property=\"og:type\" content=\"article\" \/>\n<meta property=\"og:title\" content=\"Certification de niveau - Academia Buenos Aires\" \/>\n<meta property=\"og:description\" content=\"Vous cherchez un moyen de tester et de certifier votre niveau d\u2019espagnol ? Votre employeur actuel ou futur vous demande de passer un test d\u2019espagnol, vous devez prouver vos comp\u00e9tences en espagnol dans un cadre professionnel ou priv\u00e9 ou vous souhaitez simplement faire figurer votre niveau de comp\u00e9tence en espagnol certifi\u00e9 sur votre CV ? [&hellip;]\" \/>\n<meta property=\"og:url\" content=\"https:\/\/www.academiabuenosaires.com\/fr\/cours-et-tarifs\/certification-de-niveau\/\" \/>\n<meta property=\"og:site_name\" content=\"Academia Buenos Aires\" \/>\n<meta property=\"article:modified_time\" content=\"2021-04-22T18:30:09+00:00\" \/>\n<meta property=\"og:image\" content=\"http:\/\/www.academiabuenosaires.com\/wp-content\/uploads\/2021\/03\/taele.jpg\" \/>\n<meta name=\"twitter:label1\" content=\"Est. reading time\" \/>\n\t<meta name=\"twitter:data1\" content=\"4 minutes\" \/>\n<script type=\"application\/ld+json\" class=\"yoast-schema-graph\">{\"@context\":\"https:\/\/schema.org\",\"@graph\":[{\"@type\":\"WebPage\",\"@id\":\"https:\/\/www.academiabuenosaires.com\/fr\/cours-et-tarifs\/certification-de-niveau\/\",\"url\":\"https:\/\/www.academiabuenosaires.com\/fr\/cours-et-tarifs\/certification-de-niveau\/\",\"name\":\"Certification de niveau - Academia Buenos Aires\",\"isPartOf\":{\"@id\":\"https:\/\/www.academiabuenosaires.com\/fr\/#website\"},\"primaryImageOfPage\":{\"@id\":\"https:\/\/www.academiabuenosaires.com\/fr\/cours-et-tarifs\/certification-de-niveau\/#primaryimage\"},\"image\":{\"@id\":\"https:\/\/www.academiabuenosaires.com\/fr\/cours-et-tarifs\/certification-de-niveau\/#primaryimage\"},\"thumbnailUrl\":\"http:\/\/www.academiabuenosaires.com\/wp-content\/uploads\/2021\/03\/taele.jpg\",\"datePublished\":\"2021-03-22T22:46:26+00:00\",\"dateModified\":\"2021-04-22T18:30:09+00:00\",\"breadcrumb\":{\"@id\":\"https:\/\/www.academiabuenosaires.com\/fr\/cours-et-tarifs\/certification-de-niveau\/#breadcrumb\"},\"inLanguage\":\"fr-FR\",\"potentialAction\":[{\"@type\":\"ReadAction\",\"target\":[\"https:\/\/www.academiabuenosaires.com\/fr\/cours-et-tarifs\/certification-de-niveau\/\"]}]},{\"@type\":\"ImageObject\",\"inLanguage\":\"fr-FR\",\"@id\":\"https:\/\/www.academiabuenosaires.com\/fr\/cours-et-tarifs\/certification-de-niveau\/#primaryimage\",\"url\":\"http:\/\/www.academiabuenosaires.com\/wp-content\/uploads\/2021\/03\/taele.jpg\",\"contentUrl\":\"http:\/\/www.academiabuenosaires.com\/wp-content\/uploads\/2021\/03\/taele.jpg\"},{\"@type\":\"BreadcrumbList\",\"@id\":\"https:\/\/www.academiabuenosaires.com\/fr\/cours-et-tarifs\/certification-de-niveau\/#breadcrumb\",\"itemListElement\":[{\"@type\":\"ListItem\",\"position\":1,\"name\":\"Home\",\"item\":\"https:\/\/www.academiabuenosaires.com\/fr\/\"},{\"@type\":\"ListItem\",\"position\":2,\"name\":\"Cours et tarifs\",\"item\":\"https:\/\/www.academiabuenosaires.com\/fr\/cours-et-tarifs\/\"},{\"@type\":\"ListItem\",\"position\":3,\"name\":\"Certification de niveau\"}]},{\"@type\":\"WebSite\",\"@id\":\"https:\/\/www.academiabuenosaires.com\/fr\/#website\",\"url\":\"https:\/\/www.academiabuenosaires.com\/fr\/\",\"name\":\"Academia Buenos Aires\",\"description\":\"spanish courses\",\"potentialAction\":[{\"@type\":\"SearchAction\",\"target\":{\"@type\":\"EntryPoint\",\"urlTemplate\":\"https:\/\/www.academiabuenosaires.com\/fr\/?s={search_term_string}\"},\"query-input\":{\"@type\":\"PropertyValueSpecification\",\"valueRequired\":true,\"valueName\":\"search_term_string\"}}],\"inLanguage\":\"fr-FR\"}]}<\/script>\n<!-- \/ Yoast SEO plugin. -->","yoast_head_json":{"title":"Certification de niveau - Academia Buenos Aires","robots":{"index":"index","follow":"follow","max-snippet":"max-snippet:-1","max-image-preview":"max-image-preview:large","max-video-preview":"max-video-preview:-1"},"canonical":"https:\/\/www.academiabuenosaires.com\/fr\/cours-et-tarifs\/certification-de-niveau\/","og_locale":"fr_FR","og_type":"article","og_title":"Certification de niveau - Academia Buenos Aires","og_description":"Vous cherchez un moyen de tester et de certifier votre niveau d\u2019espagnol ? Votre employeur actuel ou futur vous demande de passer un test d\u2019espagnol, vous devez prouver vos comp\u00e9tences en espagnol dans un cadre professionnel ou priv\u00e9 ou vous souhaitez simplement faire figurer votre niveau de comp\u00e9tence en espagnol certifi\u00e9 sur votre CV ? [&hellip;]","og_url":"https:\/\/www.academiabuenosaires.com\/fr\/cours-et-tarifs\/certification-de-niveau\/","og_site_name":"Academia Buenos Aires","article_modified_time":"2021-04-22T18:30:09+00:00","og_image":[{"url":"http:\/\/www.academiabuenosaires.com\/wp-content\/uploads\/2021\/03\/taele.jpg","type":"","width":"","height":""}],"twitter_misc":{"Est. reading time":"4 minutes"},"schema":{"@context":"https:\/\/schema.org","@graph":[{"@type":"WebPage","@id":"https:\/\/www.academiabuenosaires.com\/fr\/cours-et-tarifs\/certification-de-niveau\/","url":"https:\/\/www.academiabuenosaires.com\/fr\/cours-et-tarifs\/certification-de-niveau\/","name":"Certification de niveau - Academia Buenos Aires","isPartOf":{"@id":"https:\/\/www.academiabuenosaires.com\/fr\/#website"},"primaryImageOfPage":{"@id":"https:\/\/www.academiabuenosaires.com\/fr\/cours-et-tarifs\/certification-de-niveau\/#primaryimage"},"image":{"@id":"https:\/\/www.academiabuenosaires.com\/fr\/cours-et-tarifs\/certification-de-niveau\/#primaryimage"},"thumbnailUrl":"http:\/\/www.academiabuenosaires.com\/wp-content\/uploads\/2021\/03\/taele.jpg","datePublished":"2021-03-22T22:46:26+00:00","dateModified":"2021-04-22T18:30:09+00:00","breadcrumb":{"@id":"https:\/\/www.academiabuenosaires.com\/fr\/cours-et-tarifs\/certification-de-niveau\/#breadcrumb"},"inLanguage":"fr-FR","potentialAction":[{"@type":"ReadAction","target":["https:\/\/www.academiabuenosaires.com\/fr\/cours-et-tarifs\/certification-de-niveau\/"]}]},{"@type":"ImageObject","inLanguage":"fr-FR","@id":"https:\/\/www.academiabuenosaires.com\/fr\/cours-et-tarifs\/certification-de-niveau\/#primaryimage","url":"http:\/\/www.academiabuenosaires.com\/wp-content\/uploads\/2021\/03\/taele.jpg","contentUrl":"http:\/\/www.academiabuenosaires.com\/wp-content\/uploads\/2021\/03\/taele.jpg"},{"@type":"BreadcrumbList","@id":"https:\/\/www.academiabuenosaires.com\/fr\/cours-et-tarifs\/certification-de-niveau\/#breadcrumb","itemListElement":[{"@type":"ListItem","position":1,"name":"Home","item":"https:\/\/www.academiabuenosaires.com\/fr\/"},{"@type":"ListItem","position":2,"name":"Cours et tarifs","item":"https:\/\/www.academiabuenosaires.com\/fr\/cours-et-tarifs\/"},{"@type":"ListItem","position":3,"name":"Certification de niveau"}]},{"@type":"WebSite","@id":"https:\/\/www.academiabuenosaires.com\/fr\/#website","url":"https:\/\/www.academiabuenosaires.com\/fr\/","name":"Academia Buenos Aires","description":"spanish courses","potentialAction":[{"@type":"SearchAction","target":{"@type":"EntryPoint","urlTemplate":"https:\/\/www.academiabuenosaires.com\/fr\/?s={search_term_string}"},"query-input":{"@type":"PropertyValueSpecification","valueRequired":true,"valueName":"search_term_string"}}],"inLanguage":"fr-FR"}]}},"_links":{"self":[{"href":"https:\/\/www.academiabuenosaires.com\/fr\/wp-json\/wp\/v2\/pages\/5843","targetHints":{"allow":["GET"]}}],"collection":[{"href":"https:\/\/www.academiabuenosaires.com\/fr\/wp-json\/wp\/v2\/pages"}],"about":[{"href":"https:\/\/www.academiabuenosaires.com\/fr\/wp-json\/wp\/v2\/types\/page"}],"author":[{"embeddable":true,"href":"https:\/\/www.academiabuenosaires.com\/fr\/wp-json\/wp\/v2\/users\/7"}],"replies":[{"embeddable":true,"href":"https:\/\/www.academiabuenosaires.com\/fr\/wp-json\/wp\/v2\/comments?post=5843"}],"version-history":[{"count":0,"href":"https:\/\/www.academiabuenosaires.com\/fr\/wp-json\/wp\/v2\/pages\/5843\/revisions"}],"up":[{"embeddable":true,"href":"https:\/\/www.academiabuenosaires.com\/fr\/wp-json\/wp\/v2\/pages\/839"}],"wp:attachment":[{"href":"https:\/\/www.academiabuenosaires.com\/fr\/wp-json\/wp\/v2\/media?parent=5843"}],"curies":[{"name":"wp","href":"https:\/\/api.w.org\/{rel}","templated":true}]}}