
{"id":5075,"date":"2017-01-01T14:23:40","date_gmt":"2017-01-01T17:23:40","guid":{"rendered":"https:\/\/www.academiabuenosaires.com\/?page_id=5075"},"modified":"2017-01-04T13:25:19","modified_gmt":"2017-01-04T16:25:19","slug":"instituto-cervantes","status":"publish","type":"page","link":"https:\/\/www.academiabuenosaires.com\/fr\/linstitut\/instituto-cervantes\/","title":{"rendered":"Instituto Cervantes"},"content":{"rendered":"<p>Academia Buenos Aires a obtenu l\u2019agr\u00e9ment de l\u2019Institut Cervantes, ce qui signifie que l&rsquo;\u00e9cole\u00a0satisfait aux exigences du Syst\u00e8me d\u2019agr\u00e9ment de centres <strong>Instituto Cervantes<\/strong>. Cet agr\u00e9ment est le seul \u00e0 l\u2019\u00e9chelle internationale visant exclusivement l\u2019enseignement de l\u2019espagnol comme langue \u00e9trang\u00e8re.<\/p>\n<div id=\"attachment_5070\" style=\"width: 170px\" class=\"wp-caption alignright\"><a href=\"https:\/\/www.academiabuenosaires.com\/wp-content\/uploads\/2017\/01\/Acredita2.jpg\"><img loading=\"lazy\" decoding=\"async\" aria-describedby=\"caption-attachment-5070\" class=\"wp-image-5070 size-thumbnail\" src=\"https:\/\/www.academiabuenosaires.com\/wp-content\/uploads\/2017\/01\/Acredita2-160x132.jpg\" alt=\"Instituto Cervantes a Buenos Aires, Argentine\" width=\"160\" height=\"132\" data-id=\"5070\" srcset=\"https:\/\/www.academiabuenosaires.com\/wp-content\/uploads\/2017\/01\/Acredita2-160x132.jpg 160w, https:\/\/www.academiabuenosaires.com\/wp-content\/uploads\/2017\/01\/Acredita2-338x279.jpg 338w, https:\/\/www.academiabuenosaires.com\/wp-content\/uploads\/2017\/01\/Acredita2.jpg 837w\" sizes=\"auto, (max-width: 160px) 100vw, 160px\" \/><\/a><p id=\"caption-attachment-5070\" class=\"wp-caption-text\">Instituto Cervantes a Buenos Aires, Argentine<\/p><\/div>\n<p>Academia Buenos Aires est la premi\u00e8re \u00e9cole d\u2019Espagnol \u00e0 <strong>Buenos Aires, Argentine<\/strong>, qui re\u00e7oit ce label de qualit\u00e9. L\u2019accr\u00e9ditation est le r\u00e9sultat d\u2019un long processus de qualit\u00e9 totale, tant sur le plan acad\u00e9mique qu\u2019organisationnel.<\/p>\n<p>L\u2019Instituto Cervantes est une institution espagnole semi-gouvernementale, qui est reconnue comme autorit\u00e9 mondiale sur le plan de l\u2019enseignement de l\u2019Espagnol. Cela dit, Academia Buenos Aires a aussi pour\u00a0but d&rsquo;enseigner les particularit\u00e9s culturelles et linguistiques de l\u2019Argentine, qui nous ont valu notre renom en Am\u00e9rique Latine.<\/p>\n<p>Notre \u00e9cole \u00e0 Montevideo, Academia Uruguay, est aussi membre du r\u00e9seau Cervantes.<\/p>\n","protected":false},"excerpt":{"rendered":"<p>Academia Buenos Aires a obtenu l\u2019agr\u00e9ment de l\u2019Institut Cervantes, ce qui signifie que l&rsquo;\u00e9cole\u00a0satisfait aux exigences du Syst\u00e8me d\u2019agr\u00e9ment de centres Instituto Cervantes. Cet agr\u00e9ment est le seul \u00e0 l\u2019\u00e9chelle internationale visant exclusivement l\u2019enseignement de l\u2019espagnol comme langue \u00e9trang\u00e8re. Academia Buenos Aires est la premi\u00e8re \u00e9cole d\u2019Espagnol \u00e0 Buenos Aires, Argentine, qui re\u00e7oit ce label [&hellip;]<\/p>\n","protected":false},"author":7,"featured_media":0,"parent":955,"menu_order":0,"comment_status":"closed","ping_status":"open","template":"","meta":{"footnotes":""},"class_list":["post-5075","page","type-page","status-publish","hentry","entry"],"yoast_head":"<!-- This site is optimized with the Yoast SEO plugin v26.0 - https:\/\/yoast.com\/wordpress\/plugins\/seo\/ -->\n<title>Espagnol Argentine - Instituto Cervantes - Academia Buenos Aires<\/title>\n<meta name=\"robots\" content=\"index, follow, max-snippet:-1, max-image-preview:large, max-video-preview:-1\" \/>\n<link rel=\"canonical\" href=\"https:\/\/www.academiabuenosaires.com\/fr\/linstitut\/instituto-cervantes\/\" \/>\n<meta property=\"og:locale\" content=\"fr_FR\" \/>\n<meta property=\"og:type\" content=\"article\" \/>\n<meta property=\"og:title\" content=\"Espagnol Argentine - Instituto Cervantes - Academia Buenos Aires\" \/>\n<meta property=\"og:description\" content=\"Academia Buenos Aires a obtenu l\u2019agr\u00e9ment de l\u2019Institut Cervantes, ce qui signifie que l&rsquo;\u00e9cole\u00a0satisfait aux exigences du Syst\u00e8me d\u2019agr\u00e9ment de centres Instituto Cervantes. Cet agr\u00e9ment est le seul \u00e0 l\u2019\u00e9chelle internationale visant exclusivement l\u2019enseignement de l\u2019espagnol comme langue \u00e9trang\u00e8re. Academia Buenos Aires est la premi\u00e8re \u00e9cole d\u2019Espagnol \u00e0 Buenos Aires, Argentine, qui re\u00e7oit ce label [&hellip;]\" \/>\n<meta property=\"og:url\" content=\"https:\/\/www.academiabuenosaires.com\/fr\/linstitut\/instituto-cervantes\/\" \/>\n<meta property=\"og:site_name\" content=\"Academia Buenos Aires\" \/>\n<meta property=\"article:modified_time\" content=\"2017-01-04T16:25:19+00:00\" \/>\n<meta property=\"og:image\" content=\"https:\/\/www.academiabuenosaires.com\/wp-content\/uploads\/2017\/01\/Acredita2-160x132.jpg\" \/>\n<meta name=\"twitter:label1\" content=\"Est. reading time\" \/>\n\t<meta name=\"twitter:data1\" content=\"1 minute\" \/>\n<script type=\"application\/ld+json\" class=\"yoast-schema-graph\">{\"@context\":\"https:\/\/schema.org\",\"@graph\":[{\"@type\":\"WebPage\",\"@id\":\"https:\/\/www.academiabuenosaires.com\/fr\/linstitut\/instituto-cervantes\/\",\"url\":\"https:\/\/www.academiabuenosaires.com\/fr\/linstitut\/instituto-cervantes\/\",\"name\":\"Espagnol Argentine - Instituto Cervantes - Academia Buenos Aires\",\"isPartOf\":{\"@id\":\"https:\/\/www.academiabuenosaires.com\/fr\/#website\"},\"primaryImageOfPage\":{\"@id\":\"https:\/\/www.academiabuenosaires.com\/fr\/linstitut\/instituto-cervantes\/#primaryimage\"},\"image\":{\"@id\":\"https:\/\/www.academiabuenosaires.com\/fr\/linstitut\/instituto-cervantes\/#primaryimage\"},\"thumbnailUrl\":\"https:\/\/www.academiabuenosaires.com\/wp-content\/uploads\/2017\/01\/Acredita2-160x132.jpg\",\"datePublished\":\"2017-01-01T17:23:40+00:00\",\"dateModified\":\"2017-01-04T16:25:19+00:00\",\"breadcrumb\":{\"@id\":\"https:\/\/www.academiabuenosaires.com\/fr\/linstitut\/instituto-cervantes\/#breadcrumb\"},\"inLanguage\":\"fr-FR\",\"potentialAction\":[{\"@type\":\"ReadAction\",\"target\":[\"https:\/\/www.academiabuenosaires.com\/fr\/linstitut\/instituto-cervantes\/\"]}]},{\"@type\":\"ImageObject\",\"inLanguage\":\"fr-FR\",\"@id\":\"https:\/\/www.academiabuenosaires.com\/fr\/linstitut\/instituto-cervantes\/#primaryimage\",\"url\":\"https:\/\/www.academiabuenosaires.com\/wp-content\/uploads\/2017\/01\/Acredita2-160x132.jpg\",\"contentUrl\":\"https:\/\/www.academiabuenosaires.com\/wp-content\/uploads\/2017\/01\/Acredita2-160x132.jpg\"},{\"@type\":\"BreadcrumbList\",\"@id\":\"https:\/\/www.academiabuenosaires.com\/fr\/linstitut\/instituto-cervantes\/#breadcrumb\",\"itemListElement\":[{\"@type\":\"ListItem\",\"position\":1,\"name\":\"Home\",\"item\":\"https:\/\/www.academiabuenosaires.com\/fr\/\"},{\"@type\":\"ListItem\",\"position\":2,\"name\":\"L\u2019Institut\",\"item\":\"https:\/\/www.academiabuenosaires.com\/fr\/linstitut\/\"},{\"@type\":\"ListItem\",\"position\":3,\"name\":\"Instituto Cervantes\"}]},{\"@type\":\"WebSite\",\"@id\":\"https:\/\/www.academiabuenosaires.com\/fr\/#website\",\"url\":\"https:\/\/www.academiabuenosaires.com\/fr\/\",\"name\":\"Academia Buenos Aires\",\"description\":\"spanish courses\",\"potentialAction\":[{\"@type\":\"SearchAction\",\"target\":{\"@type\":\"EntryPoint\",\"urlTemplate\":\"https:\/\/www.academiabuenosaires.com\/fr\/?s={search_term_string}\"},\"query-input\":{\"@type\":\"PropertyValueSpecification\",\"valueRequired\":true,\"valueName\":\"search_term_string\"}}],\"inLanguage\":\"fr-FR\"}]}<\/script>\n<!-- \/ Yoast SEO plugin. -->","yoast_head_json":{"title":"Espagnol Argentine - Instituto Cervantes - Academia Buenos Aires","robots":{"index":"index","follow":"follow","max-snippet":"max-snippet:-1","max-image-preview":"max-image-preview:large","max-video-preview":"max-video-preview:-1"},"canonical":"https:\/\/www.academiabuenosaires.com\/fr\/linstitut\/instituto-cervantes\/","og_locale":"fr_FR","og_type":"article","og_title":"Espagnol Argentine - Instituto Cervantes - Academia Buenos Aires","og_description":"Academia Buenos Aires a obtenu l\u2019agr\u00e9ment de l\u2019Institut Cervantes, ce qui signifie que l&rsquo;\u00e9cole\u00a0satisfait aux exigences du Syst\u00e8me d\u2019agr\u00e9ment de centres Instituto Cervantes. Cet agr\u00e9ment est le seul \u00e0 l\u2019\u00e9chelle internationale visant exclusivement l\u2019enseignement de l\u2019espagnol comme langue \u00e9trang\u00e8re. Academia Buenos Aires est la premi\u00e8re \u00e9cole d\u2019Espagnol \u00e0 Buenos Aires, Argentine, qui re\u00e7oit ce label [&hellip;]","og_url":"https:\/\/www.academiabuenosaires.com\/fr\/linstitut\/instituto-cervantes\/","og_site_name":"Academia Buenos Aires","article_modified_time":"2017-01-04T16:25:19+00:00","og_image":[{"url":"https:\/\/www.academiabuenosaires.com\/wp-content\/uploads\/2017\/01\/Acredita2-160x132.jpg","type":"","width":"","height":""}],"twitter_misc":{"Est. reading time":"1 minute"},"schema":{"@context":"https:\/\/schema.org","@graph":[{"@type":"WebPage","@id":"https:\/\/www.academiabuenosaires.com\/fr\/linstitut\/instituto-cervantes\/","url":"https:\/\/www.academiabuenosaires.com\/fr\/linstitut\/instituto-cervantes\/","name":"Espagnol Argentine - Instituto Cervantes - Academia Buenos Aires","isPartOf":{"@id":"https:\/\/www.academiabuenosaires.com\/fr\/#website"},"primaryImageOfPage":{"@id":"https:\/\/www.academiabuenosaires.com\/fr\/linstitut\/instituto-cervantes\/#primaryimage"},"image":{"@id":"https:\/\/www.academiabuenosaires.com\/fr\/linstitut\/instituto-cervantes\/#primaryimage"},"thumbnailUrl":"https:\/\/www.academiabuenosaires.com\/wp-content\/uploads\/2017\/01\/Acredita2-160x132.jpg","datePublished":"2017-01-01T17:23:40+00:00","dateModified":"2017-01-04T16:25:19+00:00","breadcrumb":{"@id":"https:\/\/www.academiabuenosaires.com\/fr\/linstitut\/instituto-cervantes\/#breadcrumb"},"inLanguage":"fr-FR","potentialAction":[{"@type":"ReadAction","target":["https:\/\/www.academiabuenosaires.com\/fr\/linstitut\/instituto-cervantes\/"]}]},{"@type":"ImageObject","inLanguage":"fr-FR","@id":"https:\/\/www.academiabuenosaires.com\/fr\/linstitut\/instituto-cervantes\/#primaryimage","url":"https:\/\/www.academiabuenosaires.com\/wp-content\/uploads\/2017\/01\/Acredita2-160x132.jpg","contentUrl":"https:\/\/www.academiabuenosaires.com\/wp-content\/uploads\/2017\/01\/Acredita2-160x132.jpg"},{"@type":"BreadcrumbList","@id":"https:\/\/www.academiabuenosaires.com\/fr\/linstitut\/instituto-cervantes\/#breadcrumb","itemListElement":[{"@type":"ListItem","position":1,"name":"Home","item":"https:\/\/www.academiabuenosaires.com\/fr\/"},{"@type":"ListItem","position":2,"name":"L\u2019Institut","item":"https:\/\/www.academiabuenosaires.com\/fr\/linstitut\/"},{"@type":"ListItem","position":3,"name":"Instituto Cervantes"}]},{"@type":"WebSite","@id":"https:\/\/www.academiabuenosaires.com\/fr\/#website","url":"https:\/\/www.academiabuenosaires.com\/fr\/","name":"Academia Buenos Aires","description":"spanish courses","potentialAction":[{"@type":"SearchAction","target":{"@type":"EntryPoint","urlTemplate":"https:\/\/www.academiabuenosaires.com\/fr\/?s={search_term_string}"},"query-input":{"@type":"PropertyValueSpecification","valueRequired":true,"valueName":"search_term_string"}}],"inLanguage":"fr-FR"}]}},"_links":{"self":[{"href":"https:\/\/www.academiabuenosaires.com\/fr\/wp-json\/wp\/v2\/pages\/5075","targetHints":{"allow":["GET"]}}],"collection":[{"href":"https:\/\/www.academiabuenosaires.com\/fr\/wp-json\/wp\/v2\/pages"}],"about":[{"href":"https:\/\/www.academiabuenosaires.com\/fr\/wp-json\/wp\/v2\/types\/page"}],"author":[{"embeddable":true,"href":"https:\/\/www.academiabuenosaires.com\/fr\/wp-json\/wp\/v2\/users\/7"}],"replies":[{"embeddable":true,"href":"https:\/\/www.academiabuenosaires.com\/fr\/wp-json\/wp\/v2\/comments?post=5075"}],"version-history":[{"count":0,"href":"https:\/\/www.academiabuenosaires.com\/fr\/wp-json\/wp\/v2\/pages\/5075\/revisions"}],"up":[{"embeddable":true,"href":"https:\/\/www.academiabuenosaires.com\/fr\/wp-json\/wp\/v2\/pages\/955"}],"wp:attachment":[{"href":"https:\/\/www.academiabuenosaires.com\/fr\/wp-json\/wp\/v2\/media?parent=5075"}],"curies":[{"name":"wp","href":"https:\/\/api.w.org\/{rel}","templated":true}]}}