
{"id":3680,"date":"2014-03-05T00:59:04","date_gmt":"2014-03-05T03:59:04","guid":{"rendered":"https:\/\/www.academiabuenosaires.com\/?page_id=3680"},"modified":"2024-08-23T16:06:36","modified_gmt":"2024-08-23T19:06:36","slug":"utile","status":"publish","type":"page","link":"https:\/\/www.academiabuenosaires.com\/fr\/utile\/","title":{"rendered":"Utile"},"content":{"rendered":"<p><span style=\"font-size: 14pt;\"><strong>Liens et informations utiles<\/strong><\/span><\/p>\n<p><strong>Accueil \u00e0 l&rsquo;a\u00e9roport<\/strong><\/p>\n<p>Vous arriverez probablement \u00e0 l&rsquo;a\u00e9roport international de Buenos Aires, l&rsquo;a\u00e9roport international Ministro Pistarini, \u00e9galement connu sous le nom d&rsquo;Ezeiza (EZE). Pour que votre arriv\u00e9e \u00e0 Buenos Aires soit la plus simple et la plus pratique possible, nous sommes heureux d&rsquo;organiser votre transfert depuis l&rsquo;a\u00e9roport. Si vous avez choisi cette option, vous serez pris en charge par \u00ab On Baires \u00bb, un service de limousine qui vous conduira \u00e0 votre logement. \u00c0 l&rsquo;a\u00e9roport international d&rsquo;Ezeiza, le service se trouve juste apr\u00e8s la douane, sur le c\u00f4t\u00e9 gauche. On Baires vous attendra \u00e0 son bureau, vous devez vous y pr\u00e9senter, et vous conduira directement \u00e0 votre adresse. Ils ne vous factureront pas directement le transfert (vous nous payez ici \u00e0 l&rsquo;Acad\u00e9mie). D\u00e8s la sortie de la douane, vous remarquerez que de nombreuses personnes proposent des services de transfert vers la capitale. Nous vous recommandons de n&rsquo;accepter aucun de ces services car ils profitent g\u00e9n\u00e9ralement des touristes.<\/p>\n<p><strong>Comment payer en ligne ?<\/strong><br \/><a href=\"http:\/\/goo.gl\/cLl1lI\" target=\"_blank\">http:\/\/goo.gl\/cLl1lI<\/a><\/p>\n<p><strong>\u00c9tudier l&rsquo;espagnol dans d&rsquo;autres villes<\/strong><br \/>Il est possible de poursuivre vos \u00e9tudes d&rsquo;espagnol dans nos autres instituts \u00e0 Montevideo ou Bariloche. Si vous \u00eates int\u00e9ress\u00e9 par des \u00e9coles partenaires dans toute la r\u00e9gion, renseignez-vous aupr\u00e8s de nous pour obtenir des r\u00e9ductions.<\/p>\n<p><strong>\u00c9coles sous la m\u00eame direction<\/strong><br \/>Montevideo, Uruguay : <a href=\"http:\/\/www.academiauruguay.com\" target=\"_blank\">www.academiauruguay.com<\/a><\/p>\n<p><strong>Nos \u00e9coles partenaires dans la r\u00e9gion<\/strong><br \/>Santiago, Chili : <a href=\"http:\/\/www.tandemsantiago.cl\" target=\"_blank\">www.tandemsantiago.cl<\/a><br \/>Cordoba, Argentine : <a href=\"http:\/\/www.learningspanish.com.ar\" target=\"_blank\">www.learningspanish.com.ar<\/a><br \/>Mendoza, Argentine : <a title=\"SP Spanish courses\" href=\"http:\/\/www.spanishcourses.com.ar\" target=\"_blank\">www.spanishcourses.com.ar<\/a><\/p>\n<p><strong>Sant\u00e9<\/strong><br \/>H\u00f4pital allemand : www.hospitalaleman.org.ar<\/p>\n<p><strong>Responsable tourisme<\/strong><br \/>Toute une liste de prestataires d&rsquo;h\u00f4tels, d&rsquo;h\u00e9bergements, d&rsquo;agences de voyage, etc.<\/p>\n<p><strong>Guides \/ Guidebooks<\/strong><br \/>Footprint : www.footprinttravelguides.com\/latin-america\/argentina\/<br \/>Lonely Planet : www.lonelyplanet.com<\/p>\n<p><strong>Agences de voyage<\/strong><br \/>Il en existe de nombreuses.\u00a0<\/p>\n<p><strong>Actualit\u00e9s &#8211; Restez \u00e0 jour<\/strong> !<br \/>www.clarin.com<br \/>www.pagina12.com.ar<br \/>www.lanacion.com.ar<\/p>\n<p>&nbsp;<\/p>\n<p><strong>What to do in BsAs<\/strong><\/p>\n<p><a href=\"http:\/\/www.buenosaires.gov.ar\" target=\"_blank\">www.buenosaires.gov.ar<\/a><\/p>\n","protected":false},"excerpt":{"rendered":"<p>Liens et informations utiles Accueil \u00e0 l&rsquo;a\u00e9roport Vous arriverez probablement \u00e0 l&rsquo;a\u00e9roport international de Buenos Aires, l&rsquo;a\u00e9roport international Ministro Pistarini, \u00e9galement connu sous le nom d&rsquo;Ezeiza (EZE). Pour que votre arriv\u00e9e \u00e0 Buenos Aires soit la plus simple et la plus pratique possible, nous sommes heureux d&rsquo;organiser votre transfert depuis l&rsquo;a\u00e9roport. Si vous avez choisi [&hellip;]<\/p>\n","protected":false},"author":5,"featured_media":0,"parent":0,"menu_order":38,"comment_status":"closed","ping_status":"closed","template":"","meta":{"footnotes":""},"class_list":["post-3680","page","type-page","status-publish","hentry","entry"],"yoast_head":"<!-- This site is optimized with the Yoast SEO plugin v26.0 - https:\/\/yoast.com\/wordpress\/plugins\/seo\/ -->\n<title>Utile - Academia Buenos Aires<\/title>\n<meta name=\"robots\" content=\"index, follow, max-snippet:-1, max-image-preview:large, max-video-preview:-1\" \/>\n<link rel=\"canonical\" href=\"https:\/\/www.academiabuenosaires.com\/fr\/utile\/\" \/>\n<meta property=\"og:locale\" content=\"fr_FR\" \/>\n<meta property=\"og:type\" content=\"article\" \/>\n<meta property=\"og:title\" content=\"Utile - Academia Buenos Aires\" \/>\n<meta property=\"og:description\" content=\"Liens et informations utiles Accueil \u00e0 l&rsquo;a\u00e9roport Vous arriverez probablement \u00e0 l&rsquo;a\u00e9roport international de Buenos Aires, l&rsquo;a\u00e9roport international Ministro Pistarini, \u00e9galement connu sous le nom d&rsquo;Ezeiza (EZE). Pour que votre arriv\u00e9e \u00e0 Buenos Aires soit la plus simple et la plus pratique possible, nous sommes heureux d&rsquo;organiser votre transfert depuis l&rsquo;a\u00e9roport. Si vous avez choisi [&hellip;]\" \/>\n<meta property=\"og:url\" content=\"https:\/\/www.academiabuenosaires.com\/fr\/utile\/\" \/>\n<meta property=\"og:site_name\" content=\"Academia Buenos Aires\" \/>\n<meta property=\"article:modified_time\" content=\"2024-08-23T19:06:36+00:00\" \/>\n<meta name=\"twitter:label1\" content=\"Est. reading time\" \/>\n\t<meta name=\"twitter:data1\" content=\"2 minutes\" \/>\n<script type=\"application\/ld+json\" class=\"yoast-schema-graph\">{\"@context\":\"https:\/\/schema.org\",\"@graph\":[{\"@type\":\"WebPage\",\"@id\":\"https:\/\/www.academiabuenosaires.com\/fr\/utile\/\",\"url\":\"https:\/\/www.academiabuenosaires.com\/fr\/utile\/\",\"name\":\"Utile - Academia Buenos Aires\",\"isPartOf\":{\"@id\":\"https:\/\/www.academiabuenosaires.com\/fr\/#website\"},\"datePublished\":\"2014-03-05T03:59:04+00:00\",\"dateModified\":\"2024-08-23T19:06:36+00:00\",\"breadcrumb\":{\"@id\":\"https:\/\/www.academiabuenosaires.com\/fr\/utile\/#breadcrumb\"},\"inLanguage\":\"fr-FR\",\"potentialAction\":[{\"@type\":\"ReadAction\",\"target\":[\"https:\/\/www.academiabuenosaires.com\/fr\/utile\/\"]}]},{\"@type\":\"BreadcrumbList\",\"@id\":\"https:\/\/www.academiabuenosaires.com\/fr\/utile\/#breadcrumb\",\"itemListElement\":[{\"@type\":\"ListItem\",\"position\":1,\"name\":\"Home\",\"item\":\"https:\/\/www.academiabuenosaires.com\/fr\/\"},{\"@type\":\"ListItem\",\"position\":2,\"name\":\"Utile\"}]},{\"@type\":\"WebSite\",\"@id\":\"https:\/\/www.academiabuenosaires.com\/fr\/#website\",\"url\":\"https:\/\/www.academiabuenosaires.com\/fr\/\",\"name\":\"Academia Buenos Aires\",\"description\":\"spanish courses\",\"potentialAction\":[{\"@type\":\"SearchAction\",\"target\":{\"@type\":\"EntryPoint\",\"urlTemplate\":\"https:\/\/www.academiabuenosaires.com\/fr\/?s={search_term_string}\"},\"query-input\":{\"@type\":\"PropertyValueSpecification\",\"valueRequired\":true,\"valueName\":\"search_term_string\"}}],\"inLanguage\":\"fr-FR\"}]}<\/script>\n<!-- \/ Yoast SEO plugin. -->","yoast_head_json":{"title":"Utile - Academia Buenos Aires","robots":{"index":"index","follow":"follow","max-snippet":"max-snippet:-1","max-image-preview":"max-image-preview:large","max-video-preview":"max-video-preview:-1"},"canonical":"https:\/\/www.academiabuenosaires.com\/fr\/utile\/","og_locale":"fr_FR","og_type":"article","og_title":"Utile - Academia Buenos Aires","og_description":"Liens et informations utiles Accueil \u00e0 l&rsquo;a\u00e9roport Vous arriverez probablement \u00e0 l&rsquo;a\u00e9roport international de Buenos Aires, l&rsquo;a\u00e9roport international Ministro Pistarini, \u00e9galement connu sous le nom d&rsquo;Ezeiza (EZE). Pour que votre arriv\u00e9e \u00e0 Buenos Aires soit la plus simple et la plus pratique possible, nous sommes heureux d&rsquo;organiser votre transfert depuis l&rsquo;a\u00e9roport. Si vous avez choisi [&hellip;]","og_url":"https:\/\/www.academiabuenosaires.com\/fr\/utile\/","og_site_name":"Academia Buenos Aires","article_modified_time":"2024-08-23T19:06:36+00:00","twitter_misc":{"Est. reading time":"2 minutes"},"schema":{"@context":"https:\/\/schema.org","@graph":[{"@type":"WebPage","@id":"https:\/\/www.academiabuenosaires.com\/fr\/utile\/","url":"https:\/\/www.academiabuenosaires.com\/fr\/utile\/","name":"Utile - Academia Buenos Aires","isPartOf":{"@id":"https:\/\/www.academiabuenosaires.com\/fr\/#website"},"datePublished":"2014-03-05T03:59:04+00:00","dateModified":"2024-08-23T19:06:36+00:00","breadcrumb":{"@id":"https:\/\/www.academiabuenosaires.com\/fr\/utile\/#breadcrumb"},"inLanguage":"fr-FR","potentialAction":[{"@type":"ReadAction","target":["https:\/\/www.academiabuenosaires.com\/fr\/utile\/"]}]},{"@type":"BreadcrumbList","@id":"https:\/\/www.academiabuenosaires.com\/fr\/utile\/#breadcrumb","itemListElement":[{"@type":"ListItem","position":1,"name":"Home","item":"https:\/\/www.academiabuenosaires.com\/fr\/"},{"@type":"ListItem","position":2,"name":"Utile"}]},{"@type":"WebSite","@id":"https:\/\/www.academiabuenosaires.com\/fr\/#website","url":"https:\/\/www.academiabuenosaires.com\/fr\/","name":"Academia Buenos Aires","description":"spanish courses","potentialAction":[{"@type":"SearchAction","target":{"@type":"EntryPoint","urlTemplate":"https:\/\/www.academiabuenosaires.com\/fr\/?s={search_term_string}"},"query-input":{"@type":"PropertyValueSpecification","valueRequired":true,"valueName":"search_term_string"}}],"inLanguage":"fr-FR"}]}},"_links":{"self":[{"href":"https:\/\/www.academiabuenosaires.com\/fr\/wp-json\/wp\/v2\/pages\/3680","targetHints":{"allow":["GET"]}}],"collection":[{"href":"https:\/\/www.academiabuenosaires.com\/fr\/wp-json\/wp\/v2\/pages"}],"about":[{"href":"https:\/\/www.academiabuenosaires.com\/fr\/wp-json\/wp\/v2\/types\/page"}],"author":[{"embeddable":true,"href":"https:\/\/www.academiabuenosaires.com\/fr\/wp-json\/wp\/v2\/users\/5"}],"replies":[{"embeddable":true,"href":"https:\/\/www.academiabuenosaires.com\/fr\/wp-json\/wp\/v2\/comments?post=3680"}],"version-history":[{"count":0,"href":"https:\/\/www.academiabuenosaires.com\/fr\/wp-json\/wp\/v2\/pages\/3680\/revisions"}],"wp:attachment":[{"href":"https:\/\/www.academiabuenosaires.com\/fr\/wp-json\/wp\/v2\/media?parent=3680"}],"curies":[{"name":"wp","href":"https:\/\/api.w.org\/{rel}","templated":true}]}}