
{"id":3049,"date":"2013-11-10T23:01:23","date_gmt":"2013-11-10T23:01:23","guid":{"rendered":"https:\/\/www.academiabuenosaires.com\/?page_id=3049"},"modified":"2013-11-10T23:01:23","modified_gmt":"2013-11-10T23:01:23","slug":"se-deplacer","status":"publish","type":"page","link":"https:\/\/www.academiabuenosaires.com\/fr\/buenos-aires-argentina-2\/decouvrez-largentine\/se-deplacer\/","title":{"rendered":"Se d\u00e9placer"},"content":{"rendered":"<p>La taille du pays et les limites de temps justifient g\u00e9n\u00e9ralement de prendre un <strong>vol<\/strong> lorsque vous partez en voyage \u00e0 l&rsquo;int\u00e9rieur ou \u00e0 l&rsquo;ext\u00e9rieur du pays. Buenos Aires dispose de deux a\u00e9roports: les vols internationaux arrivent \u00e0 Ezeiza, \u00e0 environ 40 minutes du centre-ville de Buenos Aires, tandis que les vols domestiques et r\u00e9gionaux d\u00e9collent d\u2019Aeroparque Jorge Newbery, \u00e0 20 minutes en taxi du centre-ville. Il existe actuellement deux grandes compagnies a\u00e9riennes op\u00e9rant des vols nationaux. Les prix varient selon la saison et dans certains cas, ils sont plus \u00e9lev\u00e9s pour les \u00e9trangers. L&rsquo; aller-retour domestique moyen vous co\u00fbtera entre USD200 et USD500 . Voler de l&rsquo;extr\u00eame nord \u00e0 l\u2019extr\u00eame sud prend environ 5 heures. Les vols devraient \u00eatre r\u00e9serv\u00e9s sur place. Les allers simples sont possibles. Vous pouvez consulter le site de l\u2019Aerolineas Argentina et LAN pour les vols et les horaires. Les principaux transporteurs internationaux incluent: Aeroflot, Avianca, Aerolineas Argentinas, Air France, American Airlines , Alitalia, Aeroperu , Austral , BQB , British Airways, Canadian airlines, Dinar, Iberia, KLM, Lan Chile, Lloyd Aero Boliviano, Lufthansa, Malaysia Airlines, South African Airways , Swissair, TAM, Vasp.<\/p>\n<p>Les <a title=\"les horaires de bus de longue distance\" href=\" www.plataforma10.com.ar\" target=\"_blank\"><strong>omnibus<\/strong> de longue distance<\/a> sont rapides et confortables. Quelques-uns ont m\u00eame un service de restauration \u00e0 bord. La plupart des tarifs sont relativement bon march\u00e9 en comparaison avec d\u2019autres pays mais les prix varient fortement en fonction de la destination et de la compagnie. Le temps de voyage peut \u00eatre relativement long et incluent en g\u00e9n\u00e9ral des travaux de nuit (Buenos Aires \u2013 Ushuaia = 48 hours).<\/p>\n<p>Anciennement des compagnies nationales, les <strong>services ferroviaires<\/strong> sont maintenant privatis\u00e9s et ont montr\u00e9 peu d\u00b4int\u00e9r\u00eat au transport de passagers, sauf dans l\u2019agglom\u00e9ration de Buenos Aires, o\u00f9 il existe des lignes qui transportent plusieurs centaines de milles de passagers par jour. Une ligne de longue distance a surv\u00e9cu et relie Buenos Aires \u00e0 Bahia Blanca. Une autre qui vient de rentrer en, service, est celle entre Buenos Aires et Formosa, un voyage qui dure plus d\u2019un jour en g\u00e9n\u00e9ral. La derni\u00e8re r\u00e9-ouverture a \u00e9t\u00e9 une ligne de train entre la c\u00f4te Atlantique et San Mart\u00edn de los Andes.<\/p>\n","protected":false},"excerpt":{"rendered":"<p>La taille du pays et les limites de temps justifient g\u00e9n\u00e9ralement de prendre un vol lorsque vous partez en voyage \u00e0 l&rsquo;int\u00e9rieur ou \u00e0 l&rsquo;ext\u00e9rieur du pays. Buenos Aires dispose de deux a\u00e9roports: les vols internationaux arrivent \u00e0 Ezeiza, \u00e0 environ 40 minutes du centre-ville de Buenos Aires, tandis que les vols domestiques et r\u00e9gionaux [&hellip;]<\/p>\n","protected":false},"author":5,"featured_media":0,"parent":2830,"menu_order":12,"comment_status":"closed","ping_status":"closed","template":"discover-arg.php","meta":{"footnotes":""},"class_list":["post-3049","page","type-page","status-publish","hentry","entry"],"yoast_head":"<!-- This site is optimized with the Yoast SEO plugin v26.0 - https:\/\/yoast.com\/wordpress\/plugins\/seo\/ -->\n<title>Se d\u00e9placer - Academia Buenos Aires<\/title>\n<meta name=\"robots\" content=\"index, follow, max-snippet:-1, max-image-preview:large, max-video-preview:-1\" \/>\n<link rel=\"canonical\" href=\"https:\/\/www.academiabuenosaires.com\/fr\/buenos-aires-argentina-2\/decouvrez-largentine\/se-deplacer\/\" \/>\n<meta property=\"og:locale\" content=\"fr_FR\" \/>\n<meta property=\"og:type\" content=\"article\" \/>\n<meta property=\"og:title\" content=\"Se d\u00e9placer - Academia Buenos Aires\" \/>\n<meta property=\"og:description\" content=\"La taille du pays et les limites de temps justifient g\u00e9n\u00e9ralement de prendre un vol lorsque vous partez en voyage \u00e0 l&rsquo;int\u00e9rieur ou \u00e0 l&rsquo;ext\u00e9rieur du pays. Buenos Aires dispose de deux a\u00e9roports: les vols internationaux arrivent \u00e0 Ezeiza, \u00e0 environ 40 minutes du centre-ville de Buenos Aires, tandis que les vols domestiques et r\u00e9gionaux [&hellip;]\" \/>\n<meta property=\"og:url\" content=\"https:\/\/www.academiabuenosaires.com\/fr\/buenos-aires-argentina-2\/decouvrez-largentine\/se-deplacer\/\" \/>\n<meta property=\"og:site_name\" content=\"Academia Buenos Aires\" \/>\n<meta name=\"twitter:label1\" content=\"Est. reading time\" \/>\n\t<meta name=\"twitter:data1\" content=\"2 minutes\" \/>\n<script type=\"application\/ld+json\" class=\"yoast-schema-graph\">{\"@context\":\"https:\/\/schema.org\",\"@graph\":[{\"@type\":\"WebPage\",\"@id\":\"https:\/\/www.academiabuenosaires.com\/fr\/buenos-aires-argentina-2\/decouvrez-largentine\/se-deplacer\/\",\"url\":\"https:\/\/www.academiabuenosaires.com\/fr\/buenos-aires-argentina-2\/decouvrez-largentine\/se-deplacer\/\",\"name\":\"Se d\u00e9placer - Academia Buenos Aires\",\"isPartOf\":{\"@id\":\"https:\/\/www.academiabuenosaires.com\/fr\/#website\"},\"datePublished\":\"2013-11-10T23:01:23+00:00\",\"breadcrumb\":{\"@id\":\"https:\/\/www.academiabuenosaires.com\/fr\/buenos-aires-argentina-2\/decouvrez-largentine\/se-deplacer\/#breadcrumb\"},\"inLanguage\":\"fr-FR\",\"potentialAction\":[{\"@type\":\"ReadAction\",\"target\":[\"https:\/\/www.academiabuenosaires.com\/fr\/buenos-aires-argentina-2\/decouvrez-largentine\/se-deplacer\/\"]}]},{\"@type\":\"BreadcrumbList\",\"@id\":\"https:\/\/www.academiabuenosaires.com\/fr\/buenos-aires-argentina-2\/decouvrez-largentine\/se-deplacer\/#breadcrumb\",\"itemListElement\":[{\"@type\":\"ListItem\",\"position\":1,\"name\":\"Home\",\"item\":\"https:\/\/www.academiabuenosaires.com\/fr\/\"},{\"@type\":\"ListItem\",\"position\":2,\"name\":\"Buenos Aires &#038; Argentine\",\"item\":\"https:\/\/www.academiabuenosaires.com\/fr\/buenos-aires-argentina-2\/\"},{\"@type\":\"ListItem\",\"position\":3,\"name\":\"D\u00e9couvrez l&rsquo;Argentine\",\"item\":\"https:\/\/www.academiabuenosaires.com\/fr\/buenos-aires-argentina-2\/decouvrez-largentine\/\"},{\"@type\":\"ListItem\",\"position\":4,\"name\":\"Se d\u00e9placer\"}]},{\"@type\":\"WebSite\",\"@id\":\"https:\/\/www.academiabuenosaires.com\/fr\/#website\",\"url\":\"https:\/\/www.academiabuenosaires.com\/fr\/\",\"name\":\"Academia Buenos Aires\",\"description\":\"spanish courses\",\"potentialAction\":[{\"@type\":\"SearchAction\",\"target\":{\"@type\":\"EntryPoint\",\"urlTemplate\":\"https:\/\/www.academiabuenosaires.com\/fr\/?s={search_term_string}\"},\"query-input\":{\"@type\":\"PropertyValueSpecification\",\"valueRequired\":true,\"valueName\":\"search_term_string\"}}],\"inLanguage\":\"fr-FR\"}]}<\/script>\n<!-- \/ Yoast SEO plugin. -->","yoast_head_json":{"title":"Se d\u00e9placer - Academia Buenos Aires","robots":{"index":"index","follow":"follow","max-snippet":"max-snippet:-1","max-image-preview":"max-image-preview:large","max-video-preview":"max-video-preview:-1"},"canonical":"https:\/\/www.academiabuenosaires.com\/fr\/buenos-aires-argentina-2\/decouvrez-largentine\/se-deplacer\/","og_locale":"fr_FR","og_type":"article","og_title":"Se d\u00e9placer - Academia Buenos Aires","og_description":"La taille du pays et les limites de temps justifient g\u00e9n\u00e9ralement de prendre un vol lorsque vous partez en voyage \u00e0 l&rsquo;int\u00e9rieur ou \u00e0 l&rsquo;ext\u00e9rieur du pays. Buenos Aires dispose de deux a\u00e9roports: les vols internationaux arrivent \u00e0 Ezeiza, \u00e0 environ 40 minutes du centre-ville de Buenos Aires, tandis que les vols domestiques et r\u00e9gionaux [&hellip;]","og_url":"https:\/\/www.academiabuenosaires.com\/fr\/buenos-aires-argentina-2\/decouvrez-largentine\/se-deplacer\/","og_site_name":"Academia Buenos Aires","twitter_misc":{"Est. reading time":"2 minutes"},"schema":{"@context":"https:\/\/schema.org","@graph":[{"@type":"WebPage","@id":"https:\/\/www.academiabuenosaires.com\/fr\/buenos-aires-argentina-2\/decouvrez-largentine\/se-deplacer\/","url":"https:\/\/www.academiabuenosaires.com\/fr\/buenos-aires-argentina-2\/decouvrez-largentine\/se-deplacer\/","name":"Se d\u00e9placer - Academia Buenos Aires","isPartOf":{"@id":"https:\/\/www.academiabuenosaires.com\/fr\/#website"},"datePublished":"2013-11-10T23:01:23+00:00","breadcrumb":{"@id":"https:\/\/www.academiabuenosaires.com\/fr\/buenos-aires-argentina-2\/decouvrez-largentine\/se-deplacer\/#breadcrumb"},"inLanguage":"fr-FR","potentialAction":[{"@type":"ReadAction","target":["https:\/\/www.academiabuenosaires.com\/fr\/buenos-aires-argentina-2\/decouvrez-largentine\/se-deplacer\/"]}]},{"@type":"BreadcrumbList","@id":"https:\/\/www.academiabuenosaires.com\/fr\/buenos-aires-argentina-2\/decouvrez-largentine\/se-deplacer\/#breadcrumb","itemListElement":[{"@type":"ListItem","position":1,"name":"Home","item":"https:\/\/www.academiabuenosaires.com\/fr\/"},{"@type":"ListItem","position":2,"name":"Buenos Aires &#038; Argentine","item":"https:\/\/www.academiabuenosaires.com\/fr\/buenos-aires-argentina-2\/"},{"@type":"ListItem","position":3,"name":"D\u00e9couvrez l&rsquo;Argentine","item":"https:\/\/www.academiabuenosaires.com\/fr\/buenos-aires-argentina-2\/decouvrez-largentine\/"},{"@type":"ListItem","position":4,"name":"Se d\u00e9placer"}]},{"@type":"WebSite","@id":"https:\/\/www.academiabuenosaires.com\/fr\/#website","url":"https:\/\/www.academiabuenosaires.com\/fr\/","name":"Academia Buenos Aires","description":"spanish courses","potentialAction":[{"@type":"SearchAction","target":{"@type":"EntryPoint","urlTemplate":"https:\/\/www.academiabuenosaires.com\/fr\/?s={search_term_string}"},"query-input":{"@type":"PropertyValueSpecification","valueRequired":true,"valueName":"search_term_string"}}],"inLanguage":"fr-FR"}]}},"_links":{"self":[{"href":"https:\/\/www.academiabuenosaires.com\/fr\/wp-json\/wp\/v2\/pages\/3049","targetHints":{"allow":["GET"]}}],"collection":[{"href":"https:\/\/www.academiabuenosaires.com\/fr\/wp-json\/wp\/v2\/pages"}],"about":[{"href":"https:\/\/www.academiabuenosaires.com\/fr\/wp-json\/wp\/v2\/types\/page"}],"author":[{"embeddable":true,"href":"https:\/\/www.academiabuenosaires.com\/fr\/wp-json\/wp\/v2\/users\/5"}],"replies":[{"embeddable":true,"href":"https:\/\/www.academiabuenosaires.com\/fr\/wp-json\/wp\/v2\/comments?post=3049"}],"version-history":[{"count":0,"href":"https:\/\/www.academiabuenosaires.com\/fr\/wp-json\/wp\/v2\/pages\/3049\/revisions"}],"up":[{"embeddable":true,"href":"https:\/\/www.academiabuenosaires.com\/fr\/wp-json\/wp\/v2\/pages\/2830"}],"wp:attachment":[{"href":"https:\/\/www.academiabuenosaires.com\/fr\/wp-json\/wp\/v2\/media?parent=3049"}],"curies":[{"name":"wp","href":"https:\/\/api.w.org\/{rel}","templated":true}]}}