
{"id":3020,"date":"2013-11-06T14:11:51","date_gmt":"2013-11-06T14:11:51","guid":{"rendered":"https:\/\/www.academiabuenosaires.com\/?page_id=3020"},"modified":"2013-11-06T14:11:51","modified_gmt":"2013-11-06T14:11:51","slug":"excursions-dune-journee","status":"publish","type":"page","link":"https:\/\/www.academiabuenosaires.com\/fr\/buenos-aires-argentina-2\/decouvrez-largentine\/excursions-dune-journee\/","title":{"rendered":"Excursions d&rsquo;une journ\u00e9e"},"content":{"rendered":"<p>Que vous soyez \u00e0 Buenos Aires pour une courte visite ou un plus long s\u00e9jour, une excursion dans le Gran Buenos Aires peut \u00eatre une exp\u00e9rience rafra\u00eechissante. Tout juste sorti de la ville il ya beaucoup de beaux endroits \u00e0 visiter pour passer la journ\u00e9e, pique-niquer ou tout simplement profiter de quelques-uns des plus beaux paysages c\u00f4tiers. En moins d&rsquo;une heure, vous pouvez rejoindre les attractions suivantes et d\u00e9couvrir quelques-uns des tr\u00e9sors cach\u00e9s de la capitale.<\/p>\n<p>Certains dimanches, Buenos Aires f\u00eate sa culture gaucho au <strong>march\u00e9 traditionnel de Mataderos<\/strong>, o\u00f9 l\u2019on trouve un curieux m\u00e9lange de vie urbaine et rurale. On y trouve une foire aux antiquaires (antiquit\u00e9s en bois, argent, cuir etc.), et plein de traditions populaires, comme des festivals avec de la musique folklorique o\u00f9 la musique et la danse se m\u00e9langent avec des shows de gauchos \u00e0 la recherche de la gloire. C\u2019est l\u2019endroit r\u00eav\u00e9 pour conna\u00eetre les diff\u00e9rents aspects et coutumes des gauchos argentins, et pour ceux que \u00e7a int\u00e9resse, c\u2019est l\u2019endroit o\u00f9 les gauchos montrent leurs comp\u00e9tences \u00e9questres.<\/p>\n<p><strong>San Isidro<\/strong> est une municipalit\u00e9 dans le Grand Buenos Aires, accessible par deux lignes de chemin de fer. La ville poss\u00e8de un petit centre historique avec une cath\u00e9drale n\u00e9o-gothique sur la Place Mitre. La place m\u00e8ne au R\u00edo de la Plata, la principale attraction de San Isidro. Le long de la rivi\u00e8re, vous pouvez trouver des \u00ab beachclubs \u00bb o\u00f9 vous pouvez louer des \u00e9quipements de sport nautique (kayaks, kite-surf, planche \u00e0 voile). Vous pouvez m\u00eame prendre des cours si cela vous int\u00e9resse. Un autre point fort de San Isidro est son hippodrome, l&rsquo;un des plus importants d\u2019Argentine.<\/p>\n<p><strong>Le Tigre:\u00a0<\/strong>Non, ce n\u2019est pas un animal, mais le nom d\u2019un fleuve qui se jette dans le Rio de la Plata, pr\u00e8s de la ville de Buenos Aires. Vous pouvez profiter du fleuve, du soleil et des \u00eeles pr\u00e8s de la c\u00f4te. Vous pouvez faire un tour en bateau dans le delta du Tigre ou encore visiter le march\u00e9 aux fruits ou le march\u00e9 des artisans (o\u00f9 se vendent de l\u2019artisanat de tout type).<\/p>\n","protected":false},"excerpt":{"rendered":"<p>Que vous soyez \u00e0 Buenos Aires pour une courte visite ou un plus long s\u00e9jour, une excursion dans le Gran Buenos Aires peut \u00eatre une exp\u00e9rience rafra\u00eechissante. Tout juste sorti de la ville il ya beaucoup de beaux endroits \u00e0 visiter pour passer la journ\u00e9e, pique-niquer ou tout simplement profiter de quelques-uns des plus beaux [&hellip;]<\/p>\n","protected":false},"author":5,"featured_media":0,"parent":2830,"menu_order":7,"comment_status":"closed","ping_status":"closed","template":"discover-arg.php","meta":{"footnotes":""},"class_list":["post-3020","page","type-page","status-publish","hentry","entry"],"yoast_head":"<!-- This site is optimized with the Yoast SEO plugin v26.0 - https:\/\/yoast.com\/wordpress\/plugins\/seo\/ -->\n<title>Excursions d&#039;une journ\u00e9e - Academia Buenos Aires<\/title>\n<meta name=\"robots\" content=\"index, follow, max-snippet:-1, max-image-preview:large, max-video-preview:-1\" \/>\n<link rel=\"canonical\" href=\"https:\/\/www.academiabuenosaires.com\/fr\/buenos-aires-argentina-2\/decouvrez-largentine\/excursions-dune-journee\/\" \/>\n<meta property=\"og:locale\" content=\"fr_FR\" \/>\n<meta property=\"og:type\" content=\"article\" \/>\n<meta property=\"og:title\" content=\"Excursions d&#039;une journ\u00e9e - Academia Buenos Aires\" \/>\n<meta property=\"og:description\" content=\"Que vous soyez \u00e0 Buenos Aires pour une courte visite ou un plus long s\u00e9jour, une excursion dans le Gran Buenos Aires peut \u00eatre une exp\u00e9rience rafra\u00eechissante. Tout juste sorti de la ville il ya beaucoup de beaux endroits \u00e0 visiter pour passer la journ\u00e9e, pique-niquer ou tout simplement profiter de quelques-uns des plus beaux [&hellip;]\" \/>\n<meta property=\"og:url\" content=\"https:\/\/www.academiabuenosaires.com\/fr\/buenos-aires-argentina-2\/decouvrez-largentine\/excursions-dune-journee\/\" \/>\n<meta property=\"og:site_name\" content=\"Academia Buenos Aires\" \/>\n<meta name=\"twitter:label1\" content=\"Est. reading time\" \/>\n\t<meta name=\"twitter:data1\" content=\"2 minutes\" \/>\n<script type=\"application\/ld+json\" class=\"yoast-schema-graph\">{\"@context\":\"https:\/\/schema.org\",\"@graph\":[{\"@type\":\"WebPage\",\"@id\":\"https:\/\/www.academiabuenosaires.com\/fr\/buenos-aires-argentina-2\/decouvrez-largentine\/excursions-dune-journee\/\",\"url\":\"https:\/\/www.academiabuenosaires.com\/fr\/buenos-aires-argentina-2\/decouvrez-largentine\/excursions-dune-journee\/\",\"name\":\"Excursions d'une journ\u00e9e - Academia Buenos Aires\",\"isPartOf\":{\"@id\":\"https:\/\/www.academiabuenosaires.com\/fr\/#website\"},\"datePublished\":\"2013-11-06T14:11:51+00:00\",\"breadcrumb\":{\"@id\":\"https:\/\/www.academiabuenosaires.com\/fr\/buenos-aires-argentina-2\/decouvrez-largentine\/excursions-dune-journee\/#breadcrumb\"},\"inLanguage\":\"fr-FR\",\"potentialAction\":[{\"@type\":\"ReadAction\",\"target\":[\"https:\/\/www.academiabuenosaires.com\/fr\/buenos-aires-argentina-2\/decouvrez-largentine\/excursions-dune-journee\/\"]}]},{\"@type\":\"BreadcrumbList\",\"@id\":\"https:\/\/www.academiabuenosaires.com\/fr\/buenos-aires-argentina-2\/decouvrez-largentine\/excursions-dune-journee\/#breadcrumb\",\"itemListElement\":[{\"@type\":\"ListItem\",\"position\":1,\"name\":\"Home\",\"item\":\"https:\/\/www.academiabuenosaires.com\/fr\/\"},{\"@type\":\"ListItem\",\"position\":2,\"name\":\"Buenos Aires &#038; Argentine\",\"item\":\"https:\/\/www.academiabuenosaires.com\/fr\/buenos-aires-argentina-2\/\"},{\"@type\":\"ListItem\",\"position\":3,\"name\":\"D\u00e9couvrez l&rsquo;Argentine\",\"item\":\"https:\/\/www.academiabuenosaires.com\/fr\/buenos-aires-argentina-2\/decouvrez-largentine\/\"},{\"@type\":\"ListItem\",\"position\":4,\"name\":\"Excursions d&#8217;une journ\u00e9e\"}]},{\"@type\":\"WebSite\",\"@id\":\"https:\/\/www.academiabuenosaires.com\/fr\/#website\",\"url\":\"https:\/\/www.academiabuenosaires.com\/fr\/\",\"name\":\"Academia Buenos Aires\",\"description\":\"spanish courses\",\"potentialAction\":[{\"@type\":\"SearchAction\",\"target\":{\"@type\":\"EntryPoint\",\"urlTemplate\":\"https:\/\/www.academiabuenosaires.com\/fr\/?s={search_term_string}\"},\"query-input\":{\"@type\":\"PropertyValueSpecification\",\"valueRequired\":true,\"valueName\":\"search_term_string\"}}],\"inLanguage\":\"fr-FR\"}]}<\/script>\n<!-- \/ Yoast SEO plugin. -->","yoast_head_json":{"title":"Excursions d'une journ\u00e9e - Academia Buenos Aires","robots":{"index":"index","follow":"follow","max-snippet":"max-snippet:-1","max-image-preview":"max-image-preview:large","max-video-preview":"max-video-preview:-1"},"canonical":"https:\/\/www.academiabuenosaires.com\/fr\/buenos-aires-argentina-2\/decouvrez-largentine\/excursions-dune-journee\/","og_locale":"fr_FR","og_type":"article","og_title":"Excursions d'une journ\u00e9e - Academia Buenos Aires","og_description":"Que vous soyez \u00e0 Buenos Aires pour une courte visite ou un plus long s\u00e9jour, une excursion dans le Gran Buenos Aires peut \u00eatre une exp\u00e9rience rafra\u00eechissante. Tout juste sorti de la ville il ya beaucoup de beaux endroits \u00e0 visiter pour passer la journ\u00e9e, pique-niquer ou tout simplement profiter de quelques-uns des plus beaux [&hellip;]","og_url":"https:\/\/www.academiabuenosaires.com\/fr\/buenos-aires-argentina-2\/decouvrez-largentine\/excursions-dune-journee\/","og_site_name":"Academia Buenos Aires","twitter_misc":{"Est. reading time":"2 minutes"},"schema":{"@context":"https:\/\/schema.org","@graph":[{"@type":"WebPage","@id":"https:\/\/www.academiabuenosaires.com\/fr\/buenos-aires-argentina-2\/decouvrez-largentine\/excursions-dune-journee\/","url":"https:\/\/www.academiabuenosaires.com\/fr\/buenos-aires-argentina-2\/decouvrez-largentine\/excursions-dune-journee\/","name":"Excursions d'une journ\u00e9e - Academia Buenos Aires","isPartOf":{"@id":"https:\/\/www.academiabuenosaires.com\/fr\/#website"},"datePublished":"2013-11-06T14:11:51+00:00","breadcrumb":{"@id":"https:\/\/www.academiabuenosaires.com\/fr\/buenos-aires-argentina-2\/decouvrez-largentine\/excursions-dune-journee\/#breadcrumb"},"inLanguage":"fr-FR","potentialAction":[{"@type":"ReadAction","target":["https:\/\/www.academiabuenosaires.com\/fr\/buenos-aires-argentina-2\/decouvrez-largentine\/excursions-dune-journee\/"]}]},{"@type":"BreadcrumbList","@id":"https:\/\/www.academiabuenosaires.com\/fr\/buenos-aires-argentina-2\/decouvrez-largentine\/excursions-dune-journee\/#breadcrumb","itemListElement":[{"@type":"ListItem","position":1,"name":"Home","item":"https:\/\/www.academiabuenosaires.com\/fr\/"},{"@type":"ListItem","position":2,"name":"Buenos Aires &#038; Argentine","item":"https:\/\/www.academiabuenosaires.com\/fr\/buenos-aires-argentina-2\/"},{"@type":"ListItem","position":3,"name":"D\u00e9couvrez l&rsquo;Argentine","item":"https:\/\/www.academiabuenosaires.com\/fr\/buenos-aires-argentina-2\/decouvrez-largentine\/"},{"@type":"ListItem","position":4,"name":"Excursions d&#8217;une journ\u00e9e"}]},{"@type":"WebSite","@id":"https:\/\/www.academiabuenosaires.com\/fr\/#website","url":"https:\/\/www.academiabuenosaires.com\/fr\/","name":"Academia Buenos Aires","description":"spanish courses","potentialAction":[{"@type":"SearchAction","target":{"@type":"EntryPoint","urlTemplate":"https:\/\/www.academiabuenosaires.com\/fr\/?s={search_term_string}"},"query-input":{"@type":"PropertyValueSpecification","valueRequired":true,"valueName":"search_term_string"}}],"inLanguage":"fr-FR"}]}},"_links":{"self":[{"href":"https:\/\/www.academiabuenosaires.com\/fr\/wp-json\/wp\/v2\/pages\/3020","targetHints":{"allow":["GET"]}}],"collection":[{"href":"https:\/\/www.academiabuenosaires.com\/fr\/wp-json\/wp\/v2\/pages"}],"about":[{"href":"https:\/\/www.academiabuenosaires.com\/fr\/wp-json\/wp\/v2\/types\/page"}],"author":[{"embeddable":true,"href":"https:\/\/www.academiabuenosaires.com\/fr\/wp-json\/wp\/v2\/users\/5"}],"replies":[{"embeddable":true,"href":"https:\/\/www.academiabuenosaires.com\/fr\/wp-json\/wp\/v2\/comments?post=3020"}],"version-history":[{"count":0,"href":"https:\/\/www.academiabuenosaires.com\/fr\/wp-json\/wp\/v2\/pages\/3020\/revisions"}],"up":[{"embeddable":true,"href":"https:\/\/www.academiabuenosaires.com\/fr\/wp-json\/wp\/v2\/pages\/2830"}],"wp:attachment":[{"href":"https:\/\/www.academiabuenosaires.com\/fr\/wp-json\/wp\/v2\/media?parent=3020"}],"curies":[{"name":"wp","href":"https:\/\/api.w.org\/{rel}","templated":true}]}}