
{"id":3014,"date":"2013-11-06T10:28:38","date_gmt":"2013-11-06T10:28:38","guid":{"rendered":"https:\/\/www.academiabuenosaires.com\/?page_id=3014"},"modified":"2013-11-06T10:28:38","modified_gmt":"2013-11-06T10:28:38","slug":"la-vie-nocturne","status":"publish","type":"page","link":"https:\/\/www.academiabuenosaires.com\/fr\/buenos-aires-argentina-2\/la-vie-buenos-aires\/la-vie-nocturne\/","title":{"rendered":"La vie nocturne"},"content":{"rendered":"<p>Tel que pendant la journ\u00e9e, Buenos Aires est une ville tr\u00e8s dynamique pendant la nuit. C\u2019est bien ce que l\u2019on suppose de la ville qui a invent\u00e9 le tango. Les avenues se remplissent de gens qui vont manger au restaurant ou voir une pi\u00e8ce de th\u00e9\u00e2tre, surtout dans le centre, \u00e0 Recoleta, Palermo ou \u00e0 Puerto Madero. Les gens aiment sortir bien habill\u00e9 et ne rentrer que le lendemain matin. Les quartiers de Palermo et Belgrano attirent une foule de gens dans ses bars et ses bo\u00eetes de nuit.<\/p>\n<p>Les options pour sortir sont tr\u00e8s nombreuses et il y en a pour tous les go\u00fbts. Des restaurants \u00e9l\u00e9gants, des bo\u00eetes de nuit branch\u00e9es et des pistes de danse fascinantes attendent les visiteurs, tandis que des barsoffrent une ambiance agr\u00e9able pour ceux qui cherchent plus d&rsquo;intimit\u00e9. Tous les visiteurs de la ville de Buenos Aires doivent avoir vu un show de Tango! Il y a plusieurs endroits qui s\u2019imposent, la plupart d\u2019entre eux sont \u00e0 San Telmo. Apr\u00e8s une nuit de f\u00eate, au petit matin les Porte\u00f1os aiment prendre un petit d\u00e9jeuner dans un des nombreux caf\u00e9s de Buenos Aires.<\/p>\n","protected":false},"excerpt":{"rendered":"<p>Tel que pendant la journ\u00e9e, Buenos Aires est une ville tr\u00e8s dynamique pendant la nuit. C\u2019est bien ce que l\u2019on suppose de la ville qui a invent\u00e9 le tango. Les avenues se remplissent de gens qui vont manger au restaurant ou voir une pi\u00e8ce de th\u00e9\u00e2tre, surtout dans le centre, \u00e0 Recoleta, Palermo ou \u00e0 [&hellip;]<\/p>\n","protected":false},"author":5,"featured_media":0,"parent":2831,"menu_order":8,"comment_status":"closed","ping_status":"closed","template":"living-in-bsas.php","meta":{"footnotes":""},"class_list":["post-3014","page","type-page","status-publish","hentry","entry"],"yoast_head":"<!-- This site is optimized with the Yoast SEO plugin v26.0 - https:\/\/yoast.com\/wordpress\/plugins\/seo\/ -->\n<title>La vie nocturne - Academia Buenos Aires<\/title>\n<meta name=\"robots\" content=\"index, follow, max-snippet:-1, max-image-preview:large, max-video-preview:-1\" \/>\n<link rel=\"canonical\" href=\"https:\/\/www.academiabuenosaires.com\/fr\/buenos-aires-argentina-2\/la-vie-buenos-aires\/la-vie-nocturne\/\" \/>\n<meta property=\"og:locale\" content=\"fr_FR\" \/>\n<meta property=\"og:type\" content=\"article\" \/>\n<meta property=\"og:title\" content=\"La vie nocturne - Academia Buenos Aires\" \/>\n<meta property=\"og:description\" content=\"Tel que pendant la journ\u00e9e, Buenos Aires est une ville tr\u00e8s dynamique pendant la nuit. C\u2019est bien ce que l\u2019on suppose de la ville qui a invent\u00e9 le tango. Les avenues se remplissent de gens qui vont manger au restaurant ou voir une pi\u00e8ce de th\u00e9\u00e2tre, surtout dans le centre, \u00e0 Recoleta, Palermo ou \u00e0 [&hellip;]\" \/>\n<meta property=\"og:url\" content=\"https:\/\/www.academiabuenosaires.com\/fr\/buenos-aires-argentina-2\/la-vie-buenos-aires\/la-vie-nocturne\/\" \/>\n<meta property=\"og:site_name\" content=\"Academia Buenos Aires\" \/>\n<meta name=\"twitter:label1\" content=\"Est. reading time\" \/>\n\t<meta name=\"twitter:data1\" content=\"1 minute\" \/>\n<script type=\"application\/ld+json\" class=\"yoast-schema-graph\">{\"@context\":\"https:\/\/schema.org\",\"@graph\":[{\"@type\":\"WebPage\",\"@id\":\"https:\/\/www.academiabuenosaires.com\/fr\/buenos-aires-argentina-2\/la-vie-buenos-aires\/la-vie-nocturne\/\",\"url\":\"https:\/\/www.academiabuenosaires.com\/fr\/buenos-aires-argentina-2\/la-vie-buenos-aires\/la-vie-nocturne\/\",\"name\":\"La vie nocturne - Academia Buenos Aires\",\"isPartOf\":{\"@id\":\"https:\/\/www.academiabuenosaires.com\/fr\/#website\"},\"datePublished\":\"2013-11-06T10:28:38+00:00\",\"breadcrumb\":{\"@id\":\"https:\/\/www.academiabuenosaires.com\/fr\/buenos-aires-argentina-2\/la-vie-buenos-aires\/la-vie-nocturne\/#breadcrumb\"},\"inLanguage\":\"fr-FR\",\"potentialAction\":[{\"@type\":\"ReadAction\",\"target\":[\"https:\/\/www.academiabuenosaires.com\/fr\/buenos-aires-argentina-2\/la-vie-buenos-aires\/la-vie-nocturne\/\"]}]},{\"@type\":\"BreadcrumbList\",\"@id\":\"https:\/\/www.academiabuenosaires.com\/fr\/buenos-aires-argentina-2\/la-vie-buenos-aires\/la-vie-nocturne\/#breadcrumb\",\"itemListElement\":[{\"@type\":\"ListItem\",\"position\":1,\"name\":\"Home\",\"item\":\"https:\/\/www.academiabuenosaires.com\/fr\/\"},{\"@type\":\"ListItem\",\"position\":2,\"name\":\"Buenos Aires &#038; Argentine\",\"item\":\"https:\/\/www.academiabuenosaires.com\/fr\/buenos-aires-argentina-2\/\"},{\"@type\":\"ListItem\",\"position\":3,\"name\":\"La vie \u00e0 Buenos Aires\",\"item\":\"https:\/\/www.academiabuenosaires.com\/fr\/buenos-aires-argentina-2\/la-vie-buenos-aires\/\"},{\"@type\":\"ListItem\",\"position\":4,\"name\":\"La vie nocturne\"}]},{\"@type\":\"WebSite\",\"@id\":\"https:\/\/www.academiabuenosaires.com\/fr\/#website\",\"url\":\"https:\/\/www.academiabuenosaires.com\/fr\/\",\"name\":\"Academia Buenos Aires\",\"description\":\"spanish courses\",\"potentialAction\":[{\"@type\":\"SearchAction\",\"target\":{\"@type\":\"EntryPoint\",\"urlTemplate\":\"https:\/\/www.academiabuenosaires.com\/fr\/?s={search_term_string}\"},\"query-input\":{\"@type\":\"PropertyValueSpecification\",\"valueRequired\":true,\"valueName\":\"search_term_string\"}}],\"inLanguage\":\"fr-FR\"}]}<\/script>\n<!-- \/ Yoast SEO plugin. -->","yoast_head_json":{"title":"La vie nocturne - Academia Buenos Aires","robots":{"index":"index","follow":"follow","max-snippet":"max-snippet:-1","max-image-preview":"max-image-preview:large","max-video-preview":"max-video-preview:-1"},"canonical":"https:\/\/www.academiabuenosaires.com\/fr\/buenos-aires-argentina-2\/la-vie-buenos-aires\/la-vie-nocturne\/","og_locale":"fr_FR","og_type":"article","og_title":"La vie nocturne - Academia Buenos Aires","og_description":"Tel que pendant la journ\u00e9e, Buenos Aires est une ville tr\u00e8s dynamique pendant la nuit. C\u2019est bien ce que l\u2019on suppose de la ville qui a invent\u00e9 le tango. Les avenues se remplissent de gens qui vont manger au restaurant ou voir une pi\u00e8ce de th\u00e9\u00e2tre, surtout dans le centre, \u00e0 Recoleta, Palermo ou \u00e0 [&hellip;]","og_url":"https:\/\/www.academiabuenosaires.com\/fr\/buenos-aires-argentina-2\/la-vie-buenos-aires\/la-vie-nocturne\/","og_site_name":"Academia Buenos Aires","twitter_misc":{"Est. reading time":"1 minute"},"schema":{"@context":"https:\/\/schema.org","@graph":[{"@type":"WebPage","@id":"https:\/\/www.academiabuenosaires.com\/fr\/buenos-aires-argentina-2\/la-vie-buenos-aires\/la-vie-nocturne\/","url":"https:\/\/www.academiabuenosaires.com\/fr\/buenos-aires-argentina-2\/la-vie-buenos-aires\/la-vie-nocturne\/","name":"La vie nocturne - Academia Buenos Aires","isPartOf":{"@id":"https:\/\/www.academiabuenosaires.com\/fr\/#website"},"datePublished":"2013-11-06T10:28:38+00:00","breadcrumb":{"@id":"https:\/\/www.academiabuenosaires.com\/fr\/buenos-aires-argentina-2\/la-vie-buenos-aires\/la-vie-nocturne\/#breadcrumb"},"inLanguage":"fr-FR","potentialAction":[{"@type":"ReadAction","target":["https:\/\/www.academiabuenosaires.com\/fr\/buenos-aires-argentina-2\/la-vie-buenos-aires\/la-vie-nocturne\/"]}]},{"@type":"BreadcrumbList","@id":"https:\/\/www.academiabuenosaires.com\/fr\/buenos-aires-argentina-2\/la-vie-buenos-aires\/la-vie-nocturne\/#breadcrumb","itemListElement":[{"@type":"ListItem","position":1,"name":"Home","item":"https:\/\/www.academiabuenosaires.com\/fr\/"},{"@type":"ListItem","position":2,"name":"Buenos Aires &#038; Argentine","item":"https:\/\/www.academiabuenosaires.com\/fr\/buenos-aires-argentina-2\/"},{"@type":"ListItem","position":3,"name":"La vie \u00e0 Buenos Aires","item":"https:\/\/www.academiabuenosaires.com\/fr\/buenos-aires-argentina-2\/la-vie-buenos-aires\/"},{"@type":"ListItem","position":4,"name":"La vie nocturne"}]},{"@type":"WebSite","@id":"https:\/\/www.academiabuenosaires.com\/fr\/#website","url":"https:\/\/www.academiabuenosaires.com\/fr\/","name":"Academia Buenos Aires","description":"spanish courses","potentialAction":[{"@type":"SearchAction","target":{"@type":"EntryPoint","urlTemplate":"https:\/\/www.academiabuenosaires.com\/fr\/?s={search_term_string}"},"query-input":{"@type":"PropertyValueSpecification","valueRequired":true,"valueName":"search_term_string"}}],"inLanguage":"fr-FR"}]}},"_links":{"self":[{"href":"https:\/\/www.academiabuenosaires.com\/fr\/wp-json\/wp\/v2\/pages\/3014","targetHints":{"allow":["GET"]}}],"collection":[{"href":"https:\/\/www.academiabuenosaires.com\/fr\/wp-json\/wp\/v2\/pages"}],"about":[{"href":"https:\/\/www.academiabuenosaires.com\/fr\/wp-json\/wp\/v2\/types\/page"}],"author":[{"embeddable":true,"href":"https:\/\/www.academiabuenosaires.com\/fr\/wp-json\/wp\/v2\/users\/5"}],"replies":[{"embeddable":true,"href":"https:\/\/www.academiabuenosaires.com\/fr\/wp-json\/wp\/v2\/comments?post=3014"}],"version-history":[{"count":0,"href":"https:\/\/www.academiabuenosaires.com\/fr\/wp-json\/wp\/v2\/pages\/3014\/revisions"}],"up":[{"embeddable":true,"href":"https:\/\/www.academiabuenosaires.com\/fr\/wp-json\/wp\/v2\/pages\/2831"}],"wp:attachment":[{"href":"https:\/\/www.academiabuenosaires.com\/fr\/wp-json\/wp\/v2\/media?parent=3014"}],"curies":[{"name":"wp","href":"https:\/\/api.w.org\/{rel}","templated":true}]}}