
{"id":2799,"date":"2013-10-24T10:14:25","date_gmt":"2013-10-24T10:14:25","guid":{"rendered":"https:\/\/www.academiabuenosaires.com\/?page_id=2799"},"modified":"2013-10-24T15:10:27","modified_gmt":"2013-10-24T15:10:27","slug":"groupes-agents","status":"publish","type":"page","link":"https:\/\/www.academiabuenosaires.com\/fr\/groupes-agents\/","title":{"rendered":"Groupes &#038; Agents"},"content":{"rendered":"<p><b>Pour vos programmes linguistiques en Argentine vous pouvez compter sur l\u2019Academia Buenos Aires en tant que partenaire comp\u00e9tent.<\/b><\/p>\n<p>Nous avons de plus de 10 d&rsquo;ann\u00e9es d&rsquo;exp\u00e9rience dans l&rsquo;organisation de programmes linguistiques. Vos pr\u00e9occupations sont les n\u00f4tres. Nous faisons de notre mieux pour comprendre vos besoins et vous offrir une formation linguistique remarquable pour des jeunes \u00e9tudiants, aussi que pour des adultes. Notre approche personnelle et notre professionnalisme garantissent que notre service de haute qualit\u00e9 correspond \u00e0 vos attentes. Nos s\u00e9jours linguistiques et programmes culturels en Argentine sont con\u00e7us pour vous. Nous avons d\u00e9j\u00e0 re\u00e7u des groupes de toutes les nationalit\u00e9s et de diff\u00e9rents groupes d&rsquo;\u00e2ge.<\/p>\n<p>Nous serons heureux de vous fournir les r\u00e9f\u00e9rences \u00e0 votre demande.<\/p>\n","protected":false},"excerpt":{"rendered":"<p>Pour vos programmes linguistiques en Argentine vous pouvez compter sur l\u2019Academia Buenos Aires en tant que partenaire comp\u00e9tent. Nous avons de plus de 10 d&rsquo;ann\u00e9es d&rsquo;exp\u00e9rience dans l&rsquo;organisation de programmes linguistiques. Vos pr\u00e9occupations sont les n\u00f4tres. Nous faisons de notre mieux pour comprendre vos besoins et vous offrir une formation linguistique remarquable pour des jeunes [&hellip;]<\/p>\n","protected":false},"author":5,"featured_media":0,"parent":0,"menu_order":38,"comment_status":"closed","ping_status":"closed","template":"","meta":{"footnotes":""},"class_list":["post-2799","page","type-page","status-publish","hentry","entry"],"yoast_head":"<!-- This site is optimized with the Yoast SEO plugin v26.0 - https:\/\/yoast.com\/wordpress\/plugins\/seo\/ -->\n<title>Groupes &amp; Agents - Academia Buenos Aires<\/title>\n<meta name=\"robots\" content=\"index, follow, max-snippet:-1, max-image-preview:large, max-video-preview:-1\" \/>\n<link rel=\"canonical\" href=\"https:\/\/www.academiabuenosaires.com\/fr\/groupes-agents\/\" \/>\n<meta property=\"og:locale\" content=\"fr_FR\" \/>\n<meta property=\"og:type\" content=\"article\" \/>\n<meta property=\"og:title\" content=\"Groupes &amp; Agents - Academia Buenos Aires\" \/>\n<meta property=\"og:description\" content=\"Pour vos programmes linguistiques en Argentine vous pouvez compter sur l\u2019Academia Buenos Aires en tant que partenaire comp\u00e9tent. Nous avons de plus de 10 d&rsquo;ann\u00e9es d&rsquo;exp\u00e9rience dans l&rsquo;organisation de programmes linguistiques. Vos pr\u00e9occupations sont les n\u00f4tres. Nous faisons de notre mieux pour comprendre vos besoins et vous offrir une formation linguistique remarquable pour des jeunes [&hellip;]\" \/>\n<meta property=\"og:url\" content=\"https:\/\/www.academiabuenosaires.com\/fr\/groupes-agents\/\" \/>\n<meta property=\"og:site_name\" content=\"Academia Buenos Aires\" \/>\n<meta property=\"article:modified_time\" content=\"2013-10-24T15:10:27+00:00\" \/>\n<meta name=\"twitter:label1\" content=\"Est. reading time\" \/>\n\t<meta name=\"twitter:data1\" content=\"1 minute\" \/>\n<script type=\"application\/ld+json\" class=\"yoast-schema-graph\">{\"@context\":\"https:\/\/schema.org\",\"@graph\":[{\"@type\":\"WebPage\",\"@id\":\"https:\/\/www.academiabuenosaires.com\/fr\/groupes-agents\/\",\"url\":\"https:\/\/www.academiabuenosaires.com\/fr\/groupes-agents\/\",\"name\":\"Groupes & Agents - Academia Buenos Aires\",\"isPartOf\":{\"@id\":\"https:\/\/www.academiabuenosaires.com\/fr\/#website\"},\"datePublished\":\"2013-10-24T10:14:25+00:00\",\"dateModified\":\"2013-10-24T15:10:27+00:00\",\"breadcrumb\":{\"@id\":\"https:\/\/www.academiabuenosaires.com\/fr\/groupes-agents\/#breadcrumb\"},\"inLanguage\":\"fr-FR\",\"potentialAction\":[{\"@type\":\"ReadAction\",\"target\":[\"https:\/\/www.academiabuenosaires.com\/fr\/groupes-agents\/\"]}]},{\"@type\":\"BreadcrumbList\",\"@id\":\"https:\/\/www.academiabuenosaires.com\/fr\/groupes-agents\/#breadcrumb\",\"itemListElement\":[{\"@type\":\"ListItem\",\"position\":1,\"name\":\"Home\",\"item\":\"https:\/\/www.academiabuenosaires.com\/fr\/\"},{\"@type\":\"ListItem\",\"position\":2,\"name\":\"Groupes &#038; Agents\"}]},{\"@type\":\"WebSite\",\"@id\":\"https:\/\/www.academiabuenosaires.com\/fr\/#website\",\"url\":\"https:\/\/www.academiabuenosaires.com\/fr\/\",\"name\":\"Academia Buenos Aires\",\"description\":\"spanish courses\",\"potentialAction\":[{\"@type\":\"SearchAction\",\"target\":{\"@type\":\"EntryPoint\",\"urlTemplate\":\"https:\/\/www.academiabuenosaires.com\/fr\/?s={search_term_string}\"},\"query-input\":{\"@type\":\"PropertyValueSpecification\",\"valueRequired\":true,\"valueName\":\"search_term_string\"}}],\"inLanguage\":\"fr-FR\"}]}<\/script>\n<!-- \/ Yoast SEO plugin. -->","yoast_head_json":{"title":"Groupes & Agents - Academia Buenos Aires","robots":{"index":"index","follow":"follow","max-snippet":"max-snippet:-1","max-image-preview":"max-image-preview:large","max-video-preview":"max-video-preview:-1"},"canonical":"https:\/\/www.academiabuenosaires.com\/fr\/groupes-agents\/","og_locale":"fr_FR","og_type":"article","og_title":"Groupes & Agents - Academia Buenos Aires","og_description":"Pour vos programmes linguistiques en Argentine vous pouvez compter sur l\u2019Academia Buenos Aires en tant que partenaire comp\u00e9tent. Nous avons de plus de 10 d&rsquo;ann\u00e9es d&rsquo;exp\u00e9rience dans l&rsquo;organisation de programmes linguistiques. Vos pr\u00e9occupations sont les n\u00f4tres. Nous faisons de notre mieux pour comprendre vos besoins et vous offrir une formation linguistique remarquable pour des jeunes [&hellip;]","og_url":"https:\/\/www.academiabuenosaires.com\/fr\/groupes-agents\/","og_site_name":"Academia Buenos Aires","article_modified_time":"2013-10-24T15:10:27+00:00","twitter_misc":{"Est. reading time":"1 minute"},"schema":{"@context":"https:\/\/schema.org","@graph":[{"@type":"WebPage","@id":"https:\/\/www.academiabuenosaires.com\/fr\/groupes-agents\/","url":"https:\/\/www.academiabuenosaires.com\/fr\/groupes-agents\/","name":"Groupes & Agents - Academia Buenos Aires","isPartOf":{"@id":"https:\/\/www.academiabuenosaires.com\/fr\/#website"},"datePublished":"2013-10-24T10:14:25+00:00","dateModified":"2013-10-24T15:10:27+00:00","breadcrumb":{"@id":"https:\/\/www.academiabuenosaires.com\/fr\/groupes-agents\/#breadcrumb"},"inLanguage":"fr-FR","potentialAction":[{"@type":"ReadAction","target":["https:\/\/www.academiabuenosaires.com\/fr\/groupes-agents\/"]}]},{"@type":"BreadcrumbList","@id":"https:\/\/www.academiabuenosaires.com\/fr\/groupes-agents\/#breadcrumb","itemListElement":[{"@type":"ListItem","position":1,"name":"Home","item":"https:\/\/www.academiabuenosaires.com\/fr\/"},{"@type":"ListItem","position":2,"name":"Groupes &#038; Agents"}]},{"@type":"WebSite","@id":"https:\/\/www.academiabuenosaires.com\/fr\/#website","url":"https:\/\/www.academiabuenosaires.com\/fr\/","name":"Academia Buenos Aires","description":"spanish courses","potentialAction":[{"@type":"SearchAction","target":{"@type":"EntryPoint","urlTemplate":"https:\/\/www.academiabuenosaires.com\/fr\/?s={search_term_string}"},"query-input":{"@type":"PropertyValueSpecification","valueRequired":true,"valueName":"search_term_string"}}],"inLanguage":"fr-FR"}]}},"_links":{"self":[{"href":"https:\/\/www.academiabuenosaires.com\/fr\/wp-json\/wp\/v2\/pages\/2799","targetHints":{"allow":["GET"]}}],"collection":[{"href":"https:\/\/www.academiabuenosaires.com\/fr\/wp-json\/wp\/v2\/pages"}],"about":[{"href":"https:\/\/www.academiabuenosaires.com\/fr\/wp-json\/wp\/v2\/types\/page"}],"author":[{"embeddable":true,"href":"https:\/\/www.academiabuenosaires.com\/fr\/wp-json\/wp\/v2\/users\/5"}],"replies":[{"embeddable":true,"href":"https:\/\/www.academiabuenosaires.com\/fr\/wp-json\/wp\/v2\/comments?post=2799"}],"version-history":[{"count":0,"href":"https:\/\/www.academiabuenosaires.com\/fr\/wp-json\/wp\/v2\/pages\/2799\/revisions"}],"wp:attachment":[{"href":"https:\/\/www.academiabuenosaires.com\/fr\/wp-json\/wp\/v2\/media?parent=2799"}],"curies":[{"name":"wp","href":"https:\/\/api.w.org\/{rel}","templated":true}]}}