
{"id":1707,"date":"2024-10-04T10:22:00","date_gmt":"2024-10-04T13:22:00","guid":{"rendered":"https:\/\/www.academiabuenosaires.com\/?page_id=1707"},"modified":"2025-05-21T22:27:56","modified_gmt":"2025-05-22T01:27:56","slug":"home-2","status":"publish","type":"page","link":"https:\/\/www.academiabuenosaires.com\/fr\/","title":{"rendered":"Home"},"content":{"rendered":"","protected":false},"excerpt":{"rendered":"","protected":false},"author":5,"featured_media":0,"parent":0,"menu_order":38,"comment_status":"closed","ping_status":"closed","template":"home.php","meta":{"footnotes":""},"class_list":["post-1707","page","type-page","status-publish","hentry","entry"],"yoast_head":"<!-- This site is optimized with the Yoast SEO plugin v26.0 - https:\/\/yoast.com\/wordpress\/plugins\/seo\/ -->\n<title>Academia Buenos Aires - Apprendre l&#039;Espagnol a Buenos Aires, Argentine<\/title>\n<meta name=\"description\" content=\"Academia Buenos Aires, Argentine, est la premi\u00e8re \u00e9cole d\u2019Espagnol accr\u00e9dit\u00e9e par l&#039;Instituto Cervantes \u00e0 Buenos Aires. Des cours d\u2019Espagnol tous les lundis.\" \/>\n<meta name=\"robots\" content=\"index, follow, max-snippet:-1, max-image-preview:large, max-video-preview:-1\" \/>\n<link rel=\"canonical\" href=\"https:\/\/www.academiabuenosaires.com\/fr\/\" \/>\n<meta property=\"og:locale\" content=\"fr_FR\" \/>\n<meta property=\"og:type\" content=\"article\" \/>\n<meta property=\"og:title\" content=\"Academia Buenos Aires - Apprendre l&#039;Espagnol a Buenos Aires, Argentine\" \/>\n<meta property=\"og:description\" content=\"Academia Buenos Aires, Argentine, est la premi\u00e8re \u00e9cole d\u2019Espagnol accr\u00e9dit\u00e9e par l&#039;Instituto Cervantes \u00e0 Buenos Aires. Des cours d\u2019Espagnol tous les lundis.\" \/>\n<meta property=\"og:url\" content=\"https:\/\/www.academiabuenosaires.com\/fr\/\" \/>\n<meta property=\"og:site_name\" content=\"Academia Buenos Aires\" \/>\n<meta property=\"article:modified_time\" content=\"2025-05-22T01:27:56+00:00\" \/>\n<script type=\"application\/ld+json\" class=\"yoast-schema-graph\">{\"@context\":\"https:\/\/schema.org\",\"@graph\":[{\"@type\":\"WebPage\",\"@id\":\"https:\/\/www.academiabuenosaires.com\/fr\/\",\"url\":\"https:\/\/www.academiabuenosaires.com\/fr\/\",\"name\":\"Academia Buenos Aires - Apprendre l'Espagnol a Buenos Aires, Argentine\",\"isPartOf\":{\"@id\":\"https:\/\/www.academiabuenosaires.com\/fr\/#website\"},\"datePublished\":\"2024-10-04T13:22:00+00:00\",\"dateModified\":\"2025-05-22T01:27:56+00:00\",\"description\":\"Academia Buenos Aires, Argentine, est la premi\u00e8re \u00e9cole d\u2019Espagnol accr\u00e9dit\u00e9e par l'Instituto Cervantes \u00e0 Buenos Aires. Des cours d\u2019Espagnol tous les lundis.\",\"breadcrumb\":{\"@id\":\"https:\/\/www.academiabuenosaires.com\/fr\/#breadcrumb\"},\"inLanguage\":\"fr-FR\",\"potentialAction\":[{\"@type\":\"ReadAction\",\"target\":[\"https:\/\/www.academiabuenosaires.com\/fr\/\"]}]},{\"@type\":\"BreadcrumbList\",\"@id\":\"https:\/\/www.academiabuenosaires.com\/fr\/#breadcrumb\",\"itemListElement\":[{\"@type\":\"ListItem\",\"position\":1,\"name\":\"Home\",\"item\":\"https:\/\/www.academiabuenosaires.com\/fr\/\"},{\"@type\":\"ListItem\",\"position\":2,\"name\":\"Home\"}]},{\"@type\":\"WebSite\",\"@id\":\"https:\/\/www.academiabuenosaires.com\/fr\/#website\",\"url\":\"https:\/\/www.academiabuenosaires.com\/fr\/\",\"name\":\"Academia Buenos Aires\",\"description\":\"spanish courses\",\"potentialAction\":[{\"@type\":\"SearchAction\",\"target\":{\"@type\":\"EntryPoint\",\"urlTemplate\":\"https:\/\/www.academiabuenosaires.com\/fr\/?s={search_term_string}\"},\"query-input\":{\"@type\":\"PropertyValueSpecification\",\"valueRequired\":true,\"valueName\":\"search_term_string\"}}],\"inLanguage\":\"fr-FR\"}]}<\/script>\n<!-- \/ Yoast SEO plugin. -->","yoast_head_json":{"title":"Academia Buenos Aires - Apprendre l'Espagnol a Buenos Aires, Argentine","description":"Academia Buenos Aires, Argentine, est la premi\u00e8re \u00e9cole d\u2019Espagnol accr\u00e9dit\u00e9e par l'Instituto Cervantes \u00e0 Buenos Aires. Des cours d\u2019Espagnol tous les lundis.","robots":{"index":"index","follow":"follow","max-snippet":"max-snippet:-1","max-image-preview":"max-image-preview:large","max-video-preview":"max-video-preview:-1"},"canonical":"https:\/\/www.academiabuenosaires.com\/fr\/","og_locale":"fr_FR","og_type":"article","og_title":"Academia Buenos Aires - Apprendre l'Espagnol a Buenos Aires, Argentine","og_description":"Academia Buenos Aires, Argentine, est la premi\u00e8re \u00e9cole d\u2019Espagnol accr\u00e9dit\u00e9e par l'Instituto Cervantes \u00e0 Buenos Aires. Des cours d\u2019Espagnol tous les lundis.","og_url":"https:\/\/www.academiabuenosaires.com\/fr\/","og_site_name":"Academia Buenos Aires","article_modified_time":"2025-05-22T01:27:56+00:00","schema":{"@context":"https:\/\/schema.org","@graph":[{"@type":"WebPage","@id":"https:\/\/www.academiabuenosaires.com\/fr\/","url":"https:\/\/www.academiabuenosaires.com\/fr\/","name":"Academia Buenos Aires - Apprendre l'Espagnol a Buenos Aires, Argentine","isPartOf":{"@id":"https:\/\/www.academiabuenosaires.com\/fr\/#website"},"datePublished":"2024-10-04T13:22:00+00:00","dateModified":"2025-05-22T01:27:56+00:00","description":"Academia Buenos Aires, Argentine, est la premi\u00e8re \u00e9cole d\u2019Espagnol accr\u00e9dit\u00e9e par l'Instituto Cervantes \u00e0 Buenos Aires. Des cours d\u2019Espagnol tous les lundis.","breadcrumb":{"@id":"https:\/\/www.academiabuenosaires.com\/fr\/#breadcrumb"},"inLanguage":"fr-FR","potentialAction":[{"@type":"ReadAction","target":["https:\/\/www.academiabuenosaires.com\/fr\/"]}]},{"@type":"BreadcrumbList","@id":"https:\/\/www.academiabuenosaires.com\/fr\/#breadcrumb","itemListElement":[{"@type":"ListItem","position":1,"name":"Home","item":"https:\/\/www.academiabuenosaires.com\/fr\/"},{"@type":"ListItem","position":2,"name":"Home"}]},{"@type":"WebSite","@id":"https:\/\/www.academiabuenosaires.com\/fr\/#website","url":"https:\/\/www.academiabuenosaires.com\/fr\/","name":"Academia Buenos Aires","description":"spanish courses","potentialAction":[{"@type":"SearchAction","target":{"@type":"EntryPoint","urlTemplate":"https:\/\/www.academiabuenosaires.com\/fr\/?s={search_term_string}"},"query-input":{"@type":"PropertyValueSpecification","valueRequired":true,"valueName":"search_term_string"}}],"inLanguage":"fr-FR"}]}},"_links":{"self":[{"href":"https:\/\/www.academiabuenosaires.com\/fr\/wp-json\/wp\/v2\/pages\/1707","targetHints":{"allow":["GET"]}}],"collection":[{"href":"https:\/\/www.academiabuenosaires.com\/fr\/wp-json\/wp\/v2\/pages"}],"about":[{"href":"https:\/\/www.academiabuenosaires.com\/fr\/wp-json\/wp\/v2\/types\/page"}],"author":[{"embeddable":true,"href":"https:\/\/www.academiabuenosaires.com\/fr\/wp-json\/wp\/v2\/users\/5"}],"replies":[{"embeddable":true,"href":"https:\/\/www.academiabuenosaires.com\/fr\/wp-json\/wp\/v2\/comments?post=1707"}],"version-history":[{"count":0,"href":"https:\/\/www.academiabuenosaires.com\/fr\/wp-json\/wp\/v2\/pages\/1707\/revisions"}],"wp:attachment":[{"href":"https:\/\/www.academiabuenosaires.com\/fr\/wp-json\/wp\/v2\/media?parent=1707"}],"curies":[{"name":"wp","href":"https:\/\/api.w.org\/{rel}","templated":true}]}}