
{"id":1531,"date":"2013-09-30T14:45:13","date_gmt":"2013-09-30T14:45:13","guid":{"rendered":"https:\/\/www.academiabuenosaires.com\/?page_id=1531"},"modified":"2014-04-09T16:25:30","modified_gmt":"2014-04-09T19:25:30","slug":"sports","status":"publish","type":"page","link":"https:\/\/www.academiabuenosaires.com\/fr\/activites-culturelles\/sports\/","title":{"rendered":"Sports"},"content":{"rendered":"<p><strong>A Buenos Aires vous pouvez assister aux\u00a0matches de football les plus passionn\u00e9s\u00a0d\u2019Am\u00e9rique latine.<\/strong> Nous vous accompagnons aux stades pour aller voir un match le dimanche apr\u00e8s-midi, si vous le souhaitez.\u00a0Vous aurez s\u00fbrement entendu parler des \u00ab classiques \u00bb entre River Plate et Boca Juniors, deux des meilleures \u00e9quipes mondiales.<\/p>\n<p><img loading=\"lazy\" decoding=\"async\" class=\"alignright size-medium wp-image-1629\" alt=\"students watching an argentne polo match\" src=\"https:\/\/www.academiabuenosaires.com\/wp-content\/uploads\/2013\/09\/argentine-polo1-338x217.jpg\" width=\"338\" height=\"217\" srcset=\"https:\/\/www.academiabuenosaires.com\/wp-content\/uploads\/2013\/09\/argentine-polo1-338x217.jpg 338w, https:\/\/www.academiabuenosaires.com\/wp-content\/uploads\/2013\/09\/argentine-polo1-160x102.jpg 160w, https:\/\/www.academiabuenosaires.com\/wp-content\/uploads\/2013\/09\/argentine-polo1.jpg 691w\" sizes=\"auto, (max-width: 338px) 100vw, 338px\" \/>Il est \u00e9galement recommand\u00e9 d\u2019aller voir un match de polo. L\u2019exp\u00e9rience sera bien diff\u00e9rente: un spectacle \u00e9l\u00e9gant et hallucinant de vitesse et de prises de risque sur le terrain, sous les yeux d\u2019un public s\u00e9lect et r\u00e9serv\u00e9. Vous serez impressionn\u00e9s par les remarquables capacit\u00e9s techniques des joueurs.<\/p>\n<p>Vous pouvez \u00e9galement assister \u00e0 d\u2019autres sports dans les diff\u00e9rents clubs de la ville (\u00e9quitation, tennis, etc.)\u2026et pourquoi pas les pratiquer!\u00a0Les locaux vont le plus souvent aux <span style=\"text-decoration: underline;\">Parques de Palermo<\/span> pour faire du sport et profiter de l\u2019air frais. Si vous aimez faire de l\u2019escalade (<a title=\"escalade buenos aires\" href=\"http:\/\/puntocumbre.com\/\" target=\"_blank\">Boulder<\/a>) on peut vous mettre en contact avec un centre a quelques minutes de l\u2019\u00e9cole.<\/p>\n","protected":false},"excerpt":{"rendered":"<p>A Buenos Aires vous pouvez assister aux\u00a0matches de football les plus passionn\u00e9s\u00a0d\u2019Am\u00e9rique latine. Nous vous accompagnons aux stades pour aller voir un match le dimanche apr\u00e8s-midi, si vous le souhaitez.\u00a0Vous aurez s\u00fbrement entendu parler des \u00ab classiques \u00bb entre River Plate et Boca Juniors, deux des meilleures \u00e9quipes mondiales. Il est \u00e9galement recommand\u00e9 d\u2019aller voir [&hellip;]<\/p>\n","protected":false},"author":5,"featured_media":0,"parent":1400,"menu_order":0,"comment_status":"closed","ping_status":"closed","template":"","meta":{"footnotes":""},"class_list":["post-1531","page","type-page","status-publish","hentry","entry"],"yoast_head":"<!-- This site is optimized with the Yoast SEO plugin v26.0 - https:\/\/yoast.com\/wordpress\/plugins\/seo\/ -->\n<title>Sports  - Academia Buenos Aires<\/title>\n<meta name=\"robots\" content=\"index, follow, max-snippet:-1, max-image-preview:large, max-video-preview:-1\" \/>\n<link rel=\"canonical\" href=\"https:\/\/www.academiabuenosaires.com\/fr\/activites-culturelles\/sports\/\" \/>\n<meta property=\"og:locale\" content=\"fr_FR\" \/>\n<meta property=\"og:type\" content=\"article\" \/>\n<meta property=\"og:title\" content=\"Sports  - Academia Buenos Aires\" \/>\n<meta property=\"og:description\" content=\"A Buenos Aires vous pouvez assister aux\u00a0matches de football les plus passionn\u00e9s\u00a0d\u2019Am\u00e9rique latine. Nous vous accompagnons aux stades pour aller voir un match le dimanche apr\u00e8s-midi, si vous le souhaitez.\u00a0Vous aurez s\u00fbrement entendu parler des \u00ab classiques \u00bb entre River Plate et Boca Juniors, deux des meilleures \u00e9quipes mondiales. Il est \u00e9galement recommand\u00e9 d\u2019aller voir [&hellip;]\" \/>\n<meta property=\"og:url\" content=\"https:\/\/www.academiabuenosaires.com\/fr\/activites-culturelles\/sports\/\" \/>\n<meta property=\"og:site_name\" content=\"Academia Buenos Aires\" \/>\n<meta property=\"article:modified_time\" content=\"2014-04-09T19:25:30+00:00\" \/>\n<meta property=\"og:image\" content=\"https:\/\/www.academiabuenosaires.com\/wp-content\/uploads\/2013\/09\/argentine-polo1-338x217.jpg\" \/>\n<meta name=\"twitter:label1\" content=\"Est. reading time\" \/>\n\t<meta name=\"twitter:data1\" content=\"1 minute\" \/>\n<script type=\"application\/ld+json\" class=\"yoast-schema-graph\">{\"@context\":\"https:\/\/schema.org\",\"@graph\":[{\"@type\":\"WebPage\",\"@id\":\"https:\/\/www.academiabuenosaires.com\/fr\/activites-culturelles\/sports\/\",\"url\":\"https:\/\/www.academiabuenosaires.com\/fr\/activites-culturelles\/sports\/\",\"name\":\"Sports - Academia Buenos Aires\",\"isPartOf\":{\"@id\":\"https:\/\/www.academiabuenosaires.com\/fr\/#website\"},\"primaryImageOfPage\":{\"@id\":\"https:\/\/www.academiabuenosaires.com\/fr\/activites-culturelles\/sports\/#primaryimage\"},\"image\":{\"@id\":\"https:\/\/www.academiabuenosaires.com\/fr\/activites-culturelles\/sports\/#primaryimage\"},\"thumbnailUrl\":\"https:\/\/www.academiabuenosaires.com\/wp-content\/uploads\/2013\/09\/argentine-polo1-338x217.jpg\",\"datePublished\":\"2013-09-30T14:45:13+00:00\",\"dateModified\":\"2014-04-09T19:25:30+00:00\",\"breadcrumb\":{\"@id\":\"https:\/\/www.academiabuenosaires.com\/fr\/activites-culturelles\/sports\/#breadcrumb\"},\"inLanguage\":\"fr-FR\",\"potentialAction\":[{\"@type\":\"ReadAction\",\"target\":[\"https:\/\/www.academiabuenosaires.com\/fr\/activites-culturelles\/sports\/\"]}]},{\"@type\":\"ImageObject\",\"inLanguage\":\"fr-FR\",\"@id\":\"https:\/\/www.academiabuenosaires.com\/fr\/activites-culturelles\/sports\/#primaryimage\",\"url\":\"https:\/\/www.academiabuenosaires.com\/wp-content\/uploads\/2013\/09\/argentine-polo1-338x217.jpg\",\"contentUrl\":\"https:\/\/www.academiabuenosaires.com\/wp-content\/uploads\/2013\/09\/argentine-polo1-338x217.jpg\"},{\"@type\":\"BreadcrumbList\",\"@id\":\"https:\/\/www.academiabuenosaires.com\/fr\/activites-culturelles\/sports\/#breadcrumb\",\"itemListElement\":[{\"@type\":\"ListItem\",\"position\":1,\"name\":\"Home\",\"item\":\"https:\/\/www.academiabuenosaires.com\/fr\/\"},{\"@type\":\"ListItem\",\"position\":2,\"name\":\"Activit\u00e9s culturelles\",\"item\":\"https:\/\/www.academiabuenosaires.com\/fr\/activites-culturelles\/\"},{\"@type\":\"ListItem\",\"position\":3,\"name\":\"Sports\"}]},{\"@type\":\"WebSite\",\"@id\":\"https:\/\/www.academiabuenosaires.com\/fr\/#website\",\"url\":\"https:\/\/www.academiabuenosaires.com\/fr\/\",\"name\":\"Academia Buenos Aires\",\"description\":\"spanish courses\",\"potentialAction\":[{\"@type\":\"SearchAction\",\"target\":{\"@type\":\"EntryPoint\",\"urlTemplate\":\"https:\/\/www.academiabuenosaires.com\/fr\/?s={search_term_string}\"},\"query-input\":{\"@type\":\"PropertyValueSpecification\",\"valueRequired\":true,\"valueName\":\"search_term_string\"}}],\"inLanguage\":\"fr-FR\"}]}<\/script>\n<!-- \/ Yoast SEO plugin. -->","yoast_head_json":{"title":"Sports  - Academia Buenos Aires","robots":{"index":"index","follow":"follow","max-snippet":"max-snippet:-1","max-image-preview":"max-image-preview:large","max-video-preview":"max-video-preview:-1"},"canonical":"https:\/\/www.academiabuenosaires.com\/fr\/activites-culturelles\/sports\/","og_locale":"fr_FR","og_type":"article","og_title":"Sports  - Academia Buenos Aires","og_description":"A Buenos Aires vous pouvez assister aux\u00a0matches de football les plus passionn\u00e9s\u00a0d\u2019Am\u00e9rique latine. Nous vous accompagnons aux stades pour aller voir un match le dimanche apr\u00e8s-midi, si vous le souhaitez.\u00a0Vous aurez s\u00fbrement entendu parler des \u00ab classiques \u00bb entre River Plate et Boca Juniors, deux des meilleures \u00e9quipes mondiales. Il est \u00e9galement recommand\u00e9 d\u2019aller voir [&hellip;]","og_url":"https:\/\/www.academiabuenosaires.com\/fr\/activites-culturelles\/sports\/","og_site_name":"Academia Buenos Aires","article_modified_time":"2014-04-09T19:25:30+00:00","og_image":[{"url":"https:\/\/www.academiabuenosaires.com\/wp-content\/uploads\/2013\/09\/argentine-polo1-338x217.jpg","type":"","width":"","height":""}],"twitter_misc":{"Est. reading time":"1 minute"},"schema":{"@context":"https:\/\/schema.org","@graph":[{"@type":"WebPage","@id":"https:\/\/www.academiabuenosaires.com\/fr\/activites-culturelles\/sports\/","url":"https:\/\/www.academiabuenosaires.com\/fr\/activites-culturelles\/sports\/","name":"Sports - Academia Buenos Aires","isPartOf":{"@id":"https:\/\/www.academiabuenosaires.com\/fr\/#website"},"primaryImageOfPage":{"@id":"https:\/\/www.academiabuenosaires.com\/fr\/activites-culturelles\/sports\/#primaryimage"},"image":{"@id":"https:\/\/www.academiabuenosaires.com\/fr\/activites-culturelles\/sports\/#primaryimage"},"thumbnailUrl":"https:\/\/www.academiabuenosaires.com\/wp-content\/uploads\/2013\/09\/argentine-polo1-338x217.jpg","datePublished":"2013-09-30T14:45:13+00:00","dateModified":"2014-04-09T19:25:30+00:00","breadcrumb":{"@id":"https:\/\/www.academiabuenosaires.com\/fr\/activites-culturelles\/sports\/#breadcrumb"},"inLanguage":"fr-FR","potentialAction":[{"@type":"ReadAction","target":["https:\/\/www.academiabuenosaires.com\/fr\/activites-culturelles\/sports\/"]}]},{"@type":"ImageObject","inLanguage":"fr-FR","@id":"https:\/\/www.academiabuenosaires.com\/fr\/activites-culturelles\/sports\/#primaryimage","url":"https:\/\/www.academiabuenosaires.com\/wp-content\/uploads\/2013\/09\/argentine-polo1-338x217.jpg","contentUrl":"https:\/\/www.academiabuenosaires.com\/wp-content\/uploads\/2013\/09\/argentine-polo1-338x217.jpg"},{"@type":"BreadcrumbList","@id":"https:\/\/www.academiabuenosaires.com\/fr\/activites-culturelles\/sports\/#breadcrumb","itemListElement":[{"@type":"ListItem","position":1,"name":"Home","item":"https:\/\/www.academiabuenosaires.com\/fr\/"},{"@type":"ListItem","position":2,"name":"Activit\u00e9s culturelles","item":"https:\/\/www.academiabuenosaires.com\/fr\/activites-culturelles\/"},{"@type":"ListItem","position":3,"name":"Sports"}]},{"@type":"WebSite","@id":"https:\/\/www.academiabuenosaires.com\/fr\/#website","url":"https:\/\/www.academiabuenosaires.com\/fr\/","name":"Academia Buenos Aires","description":"spanish courses","potentialAction":[{"@type":"SearchAction","target":{"@type":"EntryPoint","urlTemplate":"https:\/\/www.academiabuenosaires.com\/fr\/?s={search_term_string}"},"query-input":{"@type":"PropertyValueSpecification","valueRequired":true,"valueName":"search_term_string"}}],"inLanguage":"fr-FR"}]}},"_links":{"self":[{"href":"https:\/\/www.academiabuenosaires.com\/fr\/wp-json\/wp\/v2\/pages\/1531","targetHints":{"allow":["GET"]}}],"collection":[{"href":"https:\/\/www.academiabuenosaires.com\/fr\/wp-json\/wp\/v2\/pages"}],"about":[{"href":"https:\/\/www.academiabuenosaires.com\/fr\/wp-json\/wp\/v2\/types\/page"}],"author":[{"embeddable":true,"href":"https:\/\/www.academiabuenosaires.com\/fr\/wp-json\/wp\/v2\/users\/5"}],"replies":[{"embeddable":true,"href":"https:\/\/www.academiabuenosaires.com\/fr\/wp-json\/wp\/v2\/comments?post=1531"}],"version-history":[{"count":0,"href":"https:\/\/www.academiabuenosaires.com\/fr\/wp-json\/wp\/v2\/pages\/1531\/revisions"}],"up":[{"embeddable":true,"href":"https:\/\/www.academiabuenosaires.com\/fr\/wp-json\/wp\/v2\/pages\/1400"}],"wp:attachment":[{"href":"https:\/\/www.academiabuenosaires.com\/fr\/wp-json\/wp\/v2\/media?parent=1531"}],"curies":[{"name":"wp","href":"https:\/\/api.w.org\/{rel}","templated":true}]}}