
{"id":1530,"date":"2013-09-30T14:44:03","date_gmt":"2013-09-30T14:44:03","guid":{"rendered":"https:\/\/www.academiabuenosaires.com\/?page_id=1530"},"modified":"2013-10-04T10:19:55","modified_gmt":"2013-10-04T10:19:55","slug":"tango","status":"publish","type":"page","link":"https:\/\/www.academiabuenosaires.com\/fr\/activites-culturelles\/tango\/","title":{"rendered":"Tango"},"content":{"rendered":"<p><strong>Pourriez-vous trouver ailleurs que dans la capitale de tango un show de tango authentique ou apprendre \u00e0 le danser? <\/strong><\/p>\n<p>L\u2019Argentine a red\u00e9couvert le tango comme une de ses racines et aujourd\u2019hui Buenos Aires est impr\u00e9gn\u00e9e de cette danse myst\u00e9rieuse. Vous pourrez vous familiariser avec le tango et le danser dans les nombreuses \u00e9coles de tango ou dans les milongas. Le tango est tellement envo\u00fbtant que m\u00eame les visiteurs sans exp\u00e9rience s\u2019enthousiasment et prennent des cours de tango.<\/p>\n<p>Nous vous proposons d\u2019apprendre les secrets de cette danse sensuelle, typiquement argentine. Vous apprendrez avec les professeurs les plus exp\u00e9riment\u00e9s dans les meilleures acad\u00e9mies de tango de Buenos Aires.<\/p>\n<p>Voir aussi <a title=\"cours d\u2019espagnol et tango\" href=\"https:\/\/www.academiabuenosaires.com\/fr\/courses\/cours-despagnol-tango\/\" target=\"_blank\">Espa\u00f1ol et Tango<\/a> dans la partie <a title=\"cours d'espagnol en Buenos Aires\" href=\"https:\/\/www.academiabuenosaires.com\/fr\/cours-et-tarifs\/\" target=\"_blank\">Cours et tarifs<\/a>.<\/p>\n<p><a href=\"https:\/\/www.academiabuenosaires.com\/wp-content\/uploads\/2013\/09\/tango-classes-buenos-aires.jpg\"><img loading=\"lazy\" decoding=\"async\" class=\"aligncenter size-full wp-image-1594\" alt=\"tango shows and classes\" src=\"https:\/\/www.academiabuenosaires.com\/wp-content\/uploads\/2013\/09\/tango-classes-buenos-aires.jpg\" width=\"838\" height=\"400\" srcset=\"https:\/\/www.academiabuenosaires.com\/wp-content\/uploads\/2013\/09\/tango-classes-buenos-aires.jpg 838w, https:\/\/www.academiabuenosaires.com\/wp-content\/uploads\/2013\/09\/tango-classes-buenos-aires-160x76.jpg 160w, https:\/\/www.academiabuenosaires.com\/wp-content\/uploads\/2013\/09\/tango-classes-buenos-aires-338x161.jpg 338w\" sizes=\"auto, (max-width: 838px) 100vw, 838px\" \/> <\/a><\/p>\n","protected":false},"excerpt":{"rendered":"<p>Pourriez-vous trouver ailleurs que dans la capitale de tango un show de tango authentique ou apprendre \u00e0 le danser? L\u2019Argentine a red\u00e9couvert le tango comme une de ses racines et aujourd\u2019hui Buenos Aires est impr\u00e9gn\u00e9e de cette danse myst\u00e9rieuse. Vous pourrez vous familiariser avec le tango et le danser dans les nombreuses \u00e9coles de tango [&hellip;]<\/p>\n","protected":false},"author":5,"featured_media":0,"parent":1400,"menu_order":0,"comment_status":"closed","ping_status":"closed","template":"","meta":{"footnotes":""},"class_list":["post-1530","page","type-page","status-publish","hentry","entry"],"yoast_head":"<!-- This site is optimized with the Yoast SEO plugin v26.0 - https:\/\/yoast.com\/wordpress\/plugins\/seo\/ -->\n<title>Tango  - Academia Buenos Aires<\/title>\n<meta name=\"robots\" content=\"index, follow, max-snippet:-1, max-image-preview:large, max-video-preview:-1\" \/>\n<link rel=\"canonical\" href=\"https:\/\/www.academiabuenosaires.com\/fr\/activites-culturelles\/tango\/\" \/>\n<meta property=\"og:locale\" content=\"fr_FR\" \/>\n<meta property=\"og:type\" content=\"article\" \/>\n<meta property=\"og:title\" content=\"Tango  - Academia Buenos Aires\" \/>\n<meta property=\"og:description\" content=\"Pourriez-vous trouver ailleurs que dans la capitale de tango un show de tango authentique ou apprendre \u00e0 le danser? L\u2019Argentine a red\u00e9couvert le tango comme une de ses racines et aujourd\u2019hui Buenos Aires est impr\u00e9gn\u00e9e de cette danse myst\u00e9rieuse. Vous pourrez vous familiariser avec le tango et le danser dans les nombreuses \u00e9coles de tango [&hellip;]\" \/>\n<meta property=\"og:url\" content=\"https:\/\/www.academiabuenosaires.com\/fr\/activites-culturelles\/tango\/\" \/>\n<meta property=\"og:site_name\" content=\"Academia Buenos Aires\" \/>\n<meta property=\"article:modified_time\" content=\"2013-10-04T10:19:55+00:00\" \/>\n<meta property=\"og:image\" content=\"https:\/\/www.academiabuenosaires.com\/wp-content\/uploads\/2013\/09\/tango-classes-buenos-aires.jpg\" \/>\n<meta name=\"twitter:label1\" content=\"Est. reading time\" \/>\n\t<meta name=\"twitter:data1\" content=\"1 minute\" \/>\n<script type=\"application\/ld+json\" class=\"yoast-schema-graph\">{\"@context\":\"https:\/\/schema.org\",\"@graph\":[{\"@type\":\"WebPage\",\"@id\":\"https:\/\/www.academiabuenosaires.com\/fr\/activites-culturelles\/tango\/\",\"url\":\"https:\/\/www.academiabuenosaires.com\/fr\/activites-culturelles\/tango\/\",\"name\":\"Tango - Academia Buenos Aires\",\"isPartOf\":{\"@id\":\"https:\/\/www.academiabuenosaires.com\/fr\/#website\"},\"primaryImageOfPage\":{\"@id\":\"https:\/\/www.academiabuenosaires.com\/fr\/activites-culturelles\/tango\/#primaryimage\"},\"image\":{\"@id\":\"https:\/\/www.academiabuenosaires.com\/fr\/activites-culturelles\/tango\/#primaryimage\"},\"thumbnailUrl\":\"https:\/\/www.academiabuenosaires.com\/wp-content\/uploads\/2013\/09\/tango-classes-buenos-aires.jpg\",\"datePublished\":\"2013-09-30T14:44:03+00:00\",\"dateModified\":\"2013-10-04T10:19:55+00:00\",\"breadcrumb\":{\"@id\":\"https:\/\/www.academiabuenosaires.com\/fr\/activites-culturelles\/tango\/#breadcrumb\"},\"inLanguage\":\"fr-FR\",\"potentialAction\":[{\"@type\":\"ReadAction\",\"target\":[\"https:\/\/www.academiabuenosaires.com\/fr\/activites-culturelles\/tango\/\"]}]},{\"@type\":\"ImageObject\",\"inLanguage\":\"fr-FR\",\"@id\":\"https:\/\/www.academiabuenosaires.com\/fr\/activites-culturelles\/tango\/#primaryimage\",\"url\":\"https:\/\/www.academiabuenosaires.com\/wp-content\/uploads\/2013\/09\/tango-classes-buenos-aires.jpg\",\"contentUrl\":\"https:\/\/www.academiabuenosaires.com\/wp-content\/uploads\/2013\/09\/tango-classes-buenos-aires.jpg\"},{\"@type\":\"BreadcrumbList\",\"@id\":\"https:\/\/www.academiabuenosaires.com\/fr\/activites-culturelles\/tango\/#breadcrumb\",\"itemListElement\":[{\"@type\":\"ListItem\",\"position\":1,\"name\":\"Home\",\"item\":\"https:\/\/www.academiabuenosaires.com\/fr\/\"},{\"@type\":\"ListItem\",\"position\":2,\"name\":\"Activit\u00e9s culturelles\",\"item\":\"https:\/\/www.academiabuenosaires.com\/fr\/activites-culturelles\/\"},{\"@type\":\"ListItem\",\"position\":3,\"name\":\"Tango\"}]},{\"@type\":\"WebSite\",\"@id\":\"https:\/\/www.academiabuenosaires.com\/fr\/#website\",\"url\":\"https:\/\/www.academiabuenosaires.com\/fr\/\",\"name\":\"Academia Buenos Aires\",\"description\":\"spanish courses\",\"potentialAction\":[{\"@type\":\"SearchAction\",\"target\":{\"@type\":\"EntryPoint\",\"urlTemplate\":\"https:\/\/www.academiabuenosaires.com\/fr\/?s={search_term_string}\"},\"query-input\":{\"@type\":\"PropertyValueSpecification\",\"valueRequired\":true,\"valueName\":\"search_term_string\"}}],\"inLanguage\":\"fr-FR\"}]}<\/script>\n<!-- \/ Yoast SEO plugin. -->","yoast_head_json":{"title":"Tango  - Academia Buenos Aires","robots":{"index":"index","follow":"follow","max-snippet":"max-snippet:-1","max-image-preview":"max-image-preview:large","max-video-preview":"max-video-preview:-1"},"canonical":"https:\/\/www.academiabuenosaires.com\/fr\/activites-culturelles\/tango\/","og_locale":"fr_FR","og_type":"article","og_title":"Tango  - Academia Buenos Aires","og_description":"Pourriez-vous trouver ailleurs que dans la capitale de tango un show de tango authentique ou apprendre \u00e0 le danser? L\u2019Argentine a red\u00e9couvert le tango comme une de ses racines et aujourd\u2019hui Buenos Aires est impr\u00e9gn\u00e9e de cette danse myst\u00e9rieuse. Vous pourrez vous familiariser avec le tango et le danser dans les nombreuses \u00e9coles de tango [&hellip;]","og_url":"https:\/\/www.academiabuenosaires.com\/fr\/activites-culturelles\/tango\/","og_site_name":"Academia Buenos Aires","article_modified_time":"2013-10-04T10:19:55+00:00","og_image":[{"url":"https:\/\/www.academiabuenosaires.com\/wp-content\/uploads\/2013\/09\/tango-classes-buenos-aires.jpg","type":"","width":"","height":""}],"twitter_misc":{"Est. reading time":"1 minute"},"schema":{"@context":"https:\/\/schema.org","@graph":[{"@type":"WebPage","@id":"https:\/\/www.academiabuenosaires.com\/fr\/activites-culturelles\/tango\/","url":"https:\/\/www.academiabuenosaires.com\/fr\/activites-culturelles\/tango\/","name":"Tango - Academia Buenos Aires","isPartOf":{"@id":"https:\/\/www.academiabuenosaires.com\/fr\/#website"},"primaryImageOfPage":{"@id":"https:\/\/www.academiabuenosaires.com\/fr\/activites-culturelles\/tango\/#primaryimage"},"image":{"@id":"https:\/\/www.academiabuenosaires.com\/fr\/activites-culturelles\/tango\/#primaryimage"},"thumbnailUrl":"https:\/\/www.academiabuenosaires.com\/wp-content\/uploads\/2013\/09\/tango-classes-buenos-aires.jpg","datePublished":"2013-09-30T14:44:03+00:00","dateModified":"2013-10-04T10:19:55+00:00","breadcrumb":{"@id":"https:\/\/www.academiabuenosaires.com\/fr\/activites-culturelles\/tango\/#breadcrumb"},"inLanguage":"fr-FR","potentialAction":[{"@type":"ReadAction","target":["https:\/\/www.academiabuenosaires.com\/fr\/activites-culturelles\/tango\/"]}]},{"@type":"ImageObject","inLanguage":"fr-FR","@id":"https:\/\/www.academiabuenosaires.com\/fr\/activites-culturelles\/tango\/#primaryimage","url":"https:\/\/www.academiabuenosaires.com\/wp-content\/uploads\/2013\/09\/tango-classes-buenos-aires.jpg","contentUrl":"https:\/\/www.academiabuenosaires.com\/wp-content\/uploads\/2013\/09\/tango-classes-buenos-aires.jpg"},{"@type":"BreadcrumbList","@id":"https:\/\/www.academiabuenosaires.com\/fr\/activites-culturelles\/tango\/#breadcrumb","itemListElement":[{"@type":"ListItem","position":1,"name":"Home","item":"https:\/\/www.academiabuenosaires.com\/fr\/"},{"@type":"ListItem","position":2,"name":"Activit\u00e9s culturelles","item":"https:\/\/www.academiabuenosaires.com\/fr\/activites-culturelles\/"},{"@type":"ListItem","position":3,"name":"Tango"}]},{"@type":"WebSite","@id":"https:\/\/www.academiabuenosaires.com\/fr\/#website","url":"https:\/\/www.academiabuenosaires.com\/fr\/","name":"Academia Buenos Aires","description":"spanish courses","potentialAction":[{"@type":"SearchAction","target":{"@type":"EntryPoint","urlTemplate":"https:\/\/www.academiabuenosaires.com\/fr\/?s={search_term_string}"},"query-input":{"@type":"PropertyValueSpecification","valueRequired":true,"valueName":"search_term_string"}}],"inLanguage":"fr-FR"}]}},"_links":{"self":[{"href":"https:\/\/www.academiabuenosaires.com\/fr\/wp-json\/wp\/v2\/pages\/1530","targetHints":{"allow":["GET"]}}],"collection":[{"href":"https:\/\/www.academiabuenosaires.com\/fr\/wp-json\/wp\/v2\/pages"}],"about":[{"href":"https:\/\/www.academiabuenosaires.com\/fr\/wp-json\/wp\/v2\/types\/page"}],"author":[{"embeddable":true,"href":"https:\/\/www.academiabuenosaires.com\/fr\/wp-json\/wp\/v2\/users\/5"}],"replies":[{"embeddable":true,"href":"https:\/\/www.academiabuenosaires.com\/fr\/wp-json\/wp\/v2\/comments?post=1530"}],"version-history":[{"count":0,"href":"https:\/\/www.academiabuenosaires.com\/fr\/wp-json\/wp\/v2\/pages\/1530\/revisions"}],"up":[{"embeddable":true,"href":"https:\/\/www.academiabuenosaires.com\/fr\/wp-json\/wp\/v2\/pages\/1400"}],"wp:attachment":[{"href":"https:\/\/www.academiabuenosaires.com\/fr\/wp-json\/wp\/v2\/media?parent=1530"}],"curies":[{"name":"wp","href":"https:\/\/api.w.org\/{rel}","templated":true}]}}