
{"id":1508,"date":"2013-09-30T13:45:47","date_gmt":"2013-09-30T13:45:47","guid":{"rendered":"https:\/\/www.academiabuenosaires.com\/?page_id=1508"},"modified":"2014-04-16T09:36:07","modified_gmt":"2014-04-16T12:36:07","slug":"visites-guidees-de-la-ville","status":"publish","type":"page","link":"https:\/\/www.academiabuenosaires.com\/fr\/activites-culturelles\/visites-guidees-de-la-ville\/","title":{"rendered":"Visites guid\u00e9es"},"content":{"rendered":"<p><b>Au cours de visites guid\u00e9es, d\u00e9couvrez les diff\u00e9rents quartiers de Buenos Aires. <\/b> Academia Buenos Aires vous organise deux visites guid\u00e9es en ville chaque semaine, pour vous familiariser, tant avec les quartiers renomm\u00e9s, que les moins connus. Les tours sont toujours men\u00e9s par des sp\u00e9cialistes locaux, enthousiastes et d\u00e9sireux de partager leurs connaissances. Ils vous permettent de d\u00e9couvrir la ville d\u2019une mani\u00e8re plus vivante que des guides touristiques. Gr\u00e2ce \u00e0 leurs r\u00e9cits, nos guides illustrent les \u00e9v\u00e9nements de l\u2019histoire, et les caract\u00e9ristiques de la culture argentine. <a href=\"https:\/\/www.academiabuenosaires.com\/wp-content\/uploads\/2013\/09\/guided-tours-spanish-buenos-aires.jpg\"><img loading=\"lazy\" decoding=\"async\" class=\" wp-image-1509 alignnone\" alt=\"free spanish walking tours Academia Buenos Aires\" src=\"https:\/\/www.academiabuenosaires.com\/wp-content\/uploads\/2013\/09\/guided-tours-spanish-buenos-aires-338x184.jpg\" width=\"338\" height=\"184\" srcset=\"https:\/\/www.academiabuenosaires.com\/wp-content\/uploads\/2013\/09\/guided-tours-spanish-buenos-aires-338x184.jpg 338w, https:\/\/www.academiabuenosaires.com\/wp-content\/uploads\/2013\/09\/guided-tours-spanish-buenos-aires-160x87.jpg 160w, https:\/\/www.academiabuenosaires.com\/wp-content\/uploads\/2013\/09\/guided-tours-spanish-buenos-aires.jpg 676w\" sizes=\"auto, (max-width: 338px) 100vw, 338px\" \/><\/a><a href=\"https:\/\/www.academiabuenosaires.com\/wp-content\/uploads\/2013\/09\/free-walking-tours-buenos-aires1.jpg\"><img loading=\"lazy\" decoding=\"async\" class=\"alignright size-medium wp-image-1561\" alt=\"discover Buenos Ares with Academia\" src=\"https:\/\/www.academiabuenosaires.com\/wp-content\/uploads\/2013\/09\/free-walking-tours-buenos-aires1-338x184.jpg\" width=\"338\" height=\"184\" srcset=\"https:\/\/www.academiabuenosaires.com\/wp-content\/uploads\/2013\/09\/free-walking-tours-buenos-aires1-338x184.jpg 338w, https:\/\/www.academiabuenosaires.com\/wp-content\/uploads\/2013\/09\/free-walking-tours-buenos-aires1-160x87.jpg 160w, https:\/\/www.academiabuenosaires.com\/wp-content\/uploads\/2013\/09\/free-walking-tours-buenos-aires1.jpg 676w\" sizes=\"auto, (max-width: 338px) 100vw, 338px\" \/><\/a> Les participants d\u00e9couvriront diff\u00e9rents aspects de Buenos Aires et notamment les diff\u00e9rentes influences architecturales, dues aux vagues d\u2019immigration europ\u00e9en de la fin du XIXi\u00e8me et du d\u00e9but du XXi\u00e8me si\u00e8cle. Vous pourrez \u00e9galement appr\u00e9cier les plus importantes transformations urbaines r\u00e9centes et de nombreux b\u00e2timents modernes. Au cours de ces visites, les participants d\u00e9couvriront entre outre:<\/p>\n<ul>\n<li>Le Teatro Col\u00f3n, le plus important th\u00e9\u00e2tre de l\u2019Am\u00e9rique Latine<\/li>\n<li>Le Mus\u00e9e National des Beaux Arts<\/li>\n<li>Le MALBA, Museo de Arte Latinoamericano de Buenos Aires<\/li>\n<li>La Plaza de Mayo: Casa Rosada, la Cath\u00e9drale, Avenida de Mayo et Cabildo<\/li>\n<li>Le Congr\u00e8s, un b\u00e2timent formidable inspir\u00e9 par le\u00a0Capitole\u00a0des \u00c9tats-Unis<\/li>\n<li>Le quartier de San Telmo, o\u00f9 l\u2019on trouve surtout des maisons du XIXi\u00e8me si\u00e8cle<\/li>\n<li>Le quartier de la Boca, o\u00f9 les premiers immigrants se sont install\u00e9s et o\u00f9 se trouve le Mus\u00e9e Quinquela Mart\u00edn<\/li>\n<li>Le Puerto Madero, La Costanera, La R\u00e9serve Ecologique<\/li>\n<li>Le Cimeti\u00e8re de Recoleta<\/li>\n<\/ul>\n<p>Outre la d\u00e9couverte de divers quartiers fameux et d&rsquo;innombrables endroits inconnus de Buenos Aires, nous vous proposons plusieurs itin\u00e9raires th\u00e9matiques autour de fameux argentins, comme Jorge Luis Borges, Carlos Gardel, Eva Per\u00f3n et bien d\u2019autres. Les tours se font \u00e0 pied et sont remis en cas de pluie.<\/p>\n","protected":false},"excerpt":{"rendered":"<p>Au cours de visites guid\u00e9es, d\u00e9couvrez les diff\u00e9rents quartiers de Buenos Aires. Academia Buenos Aires vous organise deux visites guid\u00e9es en ville chaque semaine, pour vous familiariser, tant avec les quartiers renomm\u00e9s, que les moins connus. Les tours sont toujours men\u00e9s par des sp\u00e9cialistes locaux, enthousiastes et d\u00e9sireux de partager leurs connaissances. Ils vous permettent [&hellip;]<\/p>\n","protected":false},"author":5,"featured_media":0,"parent":1400,"menu_order":0,"comment_status":"closed","ping_status":"closed","template":"","meta":{"footnotes":""},"class_list":["post-1508","page","type-page","status-publish","hentry","entry"],"yoast_head":"<!-- This site is optimized with the Yoast SEO plugin v26.0 - https:\/\/yoast.com\/wordpress\/plugins\/seo\/ -->\n<title>Visites guid\u00e9es - Academia Buenos Aires<\/title>\n<meta name=\"robots\" content=\"index, follow, max-snippet:-1, max-image-preview:large, max-video-preview:-1\" \/>\n<link rel=\"canonical\" href=\"https:\/\/www.academiabuenosaires.com\/fr\/activites-culturelles\/visites-guidees-de-la-ville\/\" \/>\n<meta property=\"og:locale\" content=\"fr_FR\" \/>\n<meta property=\"og:type\" content=\"article\" \/>\n<meta property=\"og:title\" content=\"Visites guid\u00e9es - Academia Buenos Aires\" \/>\n<meta property=\"og:description\" content=\"Au cours de visites guid\u00e9es, d\u00e9couvrez les diff\u00e9rents quartiers de Buenos Aires. Academia Buenos Aires vous organise deux visites guid\u00e9es en ville chaque semaine, pour vous familiariser, tant avec les quartiers renomm\u00e9s, que les moins connus. Les tours sont toujours men\u00e9s par des sp\u00e9cialistes locaux, enthousiastes et d\u00e9sireux de partager leurs connaissances. Ils vous permettent [&hellip;]\" \/>\n<meta property=\"og:url\" content=\"https:\/\/www.academiabuenosaires.com\/fr\/activites-culturelles\/visites-guidees-de-la-ville\/\" \/>\n<meta property=\"og:site_name\" content=\"Academia Buenos Aires\" \/>\n<meta property=\"article:modified_time\" content=\"2014-04-16T12:36:07+00:00\" \/>\n<meta property=\"og:image\" content=\"https:\/\/www.academiabuenosaires.com\/wp-content\/uploads\/2013\/09\/guided-tours-spanish-buenos-aires-338x184.jpg\" \/>\n<meta name=\"twitter:label1\" content=\"Est. reading time\" \/>\n\t<meta name=\"twitter:data1\" content=\"2 minutes\" \/>\n<script type=\"application\/ld+json\" class=\"yoast-schema-graph\">{\"@context\":\"https:\/\/schema.org\",\"@graph\":[{\"@type\":\"WebPage\",\"@id\":\"https:\/\/www.academiabuenosaires.com\/fr\/activites-culturelles\/visites-guidees-de-la-ville\/\",\"url\":\"https:\/\/www.academiabuenosaires.com\/fr\/activites-culturelles\/visites-guidees-de-la-ville\/\",\"name\":\"Visites guid\u00e9es - Academia Buenos Aires\",\"isPartOf\":{\"@id\":\"https:\/\/www.academiabuenosaires.com\/fr\/#website\"},\"primaryImageOfPage\":{\"@id\":\"https:\/\/www.academiabuenosaires.com\/fr\/activites-culturelles\/visites-guidees-de-la-ville\/#primaryimage\"},\"image\":{\"@id\":\"https:\/\/www.academiabuenosaires.com\/fr\/activites-culturelles\/visites-guidees-de-la-ville\/#primaryimage\"},\"thumbnailUrl\":\"https:\/\/www.academiabuenosaires.com\/wp-content\/uploads\/2013\/09\/guided-tours-spanish-buenos-aires-338x184.jpg\",\"datePublished\":\"2013-09-30T13:45:47+00:00\",\"dateModified\":\"2014-04-16T12:36:07+00:00\",\"breadcrumb\":{\"@id\":\"https:\/\/www.academiabuenosaires.com\/fr\/activites-culturelles\/visites-guidees-de-la-ville\/#breadcrumb\"},\"inLanguage\":\"fr-FR\",\"potentialAction\":[{\"@type\":\"ReadAction\",\"target\":[\"https:\/\/www.academiabuenosaires.com\/fr\/activites-culturelles\/visites-guidees-de-la-ville\/\"]}]},{\"@type\":\"ImageObject\",\"inLanguage\":\"fr-FR\",\"@id\":\"https:\/\/www.academiabuenosaires.com\/fr\/activites-culturelles\/visites-guidees-de-la-ville\/#primaryimage\",\"url\":\"https:\/\/www.academiabuenosaires.com\/wp-content\/uploads\/2013\/09\/guided-tours-spanish-buenos-aires-338x184.jpg\",\"contentUrl\":\"https:\/\/www.academiabuenosaires.com\/wp-content\/uploads\/2013\/09\/guided-tours-spanish-buenos-aires-338x184.jpg\"},{\"@type\":\"BreadcrumbList\",\"@id\":\"https:\/\/www.academiabuenosaires.com\/fr\/activites-culturelles\/visites-guidees-de-la-ville\/#breadcrumb\",\"itemListElement\":[{\"@type\":\"ListItem\",\"position\":1,\"name\":\"Home\",\"item\":\"https:\/\/www.academiabuenosaires.com\/fr\/\"},{\"@type\":\"ListItem\",\"position\":2,\"name\":\"Activit\u00e9s culturelles\",\"item\":\"https:\/\/www.academiabuenosaires.com\/fr\/activites-culturelles\/\"},{\"@type\":\"ListItem\",\"position\":3,\"name\":\"Visites guid\u00e9es\"}]},{\"@type\":\"WebSite\",\"@id\":\"https:\/\/www.academiabuenosaires.com\/fr\/#website\",\"url\":\"https:\/\/www.academiabuenosaires.com\/fr\/\",\"name\":\"Academia Buenos Aires\",\"description\":\"spanish courses\",\"potentialAction\":[{\"@type\":\"SearchAction\",\"target\":{\"@type\":\"EntryPoint\",\"urlTemplate\":\"https:\/\/www.academiabuenosaires.com\/fr\/?s={search_term_string}\"},\"query-input\":{\"@type\":\"PropertyValueSpecification\",\"valueRequired\":true,\"valueName\":\"search_term_string\"}}],\"inLanguage\":\"fr-FR\"}]}<\/script>\n<!-- \/ Yoast SEO plugin. -->","yoast_head_json":{"title":"Visites guid\u00e9es - Academia Buenos Aires","robots":{"index":"index","follow":"follow","max-snippet":"max-snippet:-1","max-image-preview":"max-image-preview:large","max-video-preview":"max-video-preview:-1"},"canonical":"https:\/\/www.academiabuenosaires.com\/fr\/activites-culturelles\/visites-guidees-de-la-ville\/","og_locale":"fr_FR","og_type":"article","og_title":"Visites guid\u00e9es - Academia Buenos Aires","og_description":"Au cours de visites guid\u00e9es, d\u00e9couvrez les diff\u00e9rents quartiers de Buenos Aires. Academia Buenos Aires vous organise deux visites guid\u00e9es en ville chaque semaine, pour vous familiariser, tant avec les quartiers renomm\u00e9s, que les moins connus. Les tours sont toujours men\u00e9s par des sp\u00e9cialistes locaux, enthousiastes et d\u00e9sireux de partager leurs connaissances. Ils vous permettent [&hellip;]","og_url":"https:\/\/www.academiabuenosaires.com\/fr\/activites-culturelles\/visites-guidees-de-la-ville\/","og_site_name":"Academia Buenos Aires","article_modified_time":"2014-04-16T12:36:07+00:00","og_image":[{"url":"https:\/\/www.academiabuenosaires.com\/wp-content\/uploads\/2013\/09\/guided-tours-spanish-buenos-aires-338x184.jpg","type":"","width":"","height":""}],"twitter_misc":{"Est. reading time":"2 minutes"},"schema":{"@context":"https:\/\/schema.org","@graph":[{"@type":"WebPage","@id":"https:\/\/www.academiabuenosaires.com\/fr\/activites-culturelles\/visites-guidees-de-la-ville\/","url":"https:\/\/www.academiabuenosaires.com\/fr\/activites-culturelles\/visites-guidees-de-la-ville\/","name":"Visites guid\u00e9es - Academia Buenos Aires","isPartOf":{"@id":"https:\/\/www.academiabuenosaires.com\/fr\/#website"},"primaryImageOfPage":{"@id":"https:\/\/www.academiabuenosaires.com\/fr\/activites-culturelles\/visites-guidees-de-la-ville\/#primaryimage"},"image":{"@id":"https:\/\/www.academiabuenosaires.com\/fr\/activites-culturelles\/visites-guidees-de-la-ville\/#primaryimage"},"thumbnailUrl":"https:\/\/www.academiabuenosaires.com\/wp-content\/uploads\/2013\/09\/guided-tours-spanish-buenos-aires-338x184.jpg","datePublished":"2013-09-30T13:45:47+00:00","dateModified":"2014-04-16T12:36:07+00:00","breadcrumb":{"@id":"https:\/\/www.academiabuenosaires.com\/fr\/activites-culturelles\/visites-guidees-de-la-ville\/#breadcrumb"},"inLanguage":"fr-FR","potentialAction":[{"@type":"ReadAction","target":["https:\/\/www.academiabuenosaires.com\/fr\/activites-culturelles\/visites-guidees-de-la-ville\/"]}]},{"@type":"ImageObject","inLanguage":"fr-FR","@id":"https:\/\/www.academiabuenosaires.com\/fr\/activites-culturelles\/visites-guidees-de-la-ville\/#primaryimage","url":"https:\/\/www.academiabuenosaires.com\/wp-content\/uploads\/2013\/09\/guided-tours-spanish-buenos-aires-338x184.jpg","contentUrl":"https:\/\/www.academiabuenosaires.com\/wp-content\/uploads\/2013\/09\/guided-tours-spanish-buenos-aires-338x184.jpg"},{"@type":"BreadcrumbList","@id":"https:\/\/www.academiabuenosaires.com\/fr\/activites-culturelles\/visites-guidees-de-la-ville\/#breadcrumb","itemListElement":[{"@type":"ListItem","position":1,"name":"Home","item":"https:\/\/www.academiabuenosaires.com\/fr\/"},{"@type":"ListItem","position":2,"name":"Activit\u00e9s culturelles","item":"https:\/\/www.academiabuenosaires.com\/fr\/activites-culturelles\/"},{"@type":"ListItem","position":3,"name":"Visites guid\u00e9es"}]},{"@type":"WebSite","@id":"https:\/\/www.academiabuenosaires.com\/fr\/#website","url":"https:\/\/www.academiabuenosaires.com\/fr\/","name":"Academia Buenos Aires","description":"spanish courses","potentialAction":[{"@type":"SearchAction","target":{"@type":"EntryPoint","urlTemplate":"https:\/\/www.academiabuenosaires.com\/fr\/?s={search_term_string}"},"query-input":{"@type":"PropertyValueSpecification","valueRequired":true,"valueName":"search_term_string"}}],"inLanguage":"fr-FR"}]}},"_links":{"self":[{"href":"https:\/\/www.academiabuenosaires.com\/fr\/wp-json\/wp\/v2\/pages\/1508","targetHints":{"allow":["GET"]}}],"collection":[{"href":"https:\/\/www.academiabuenosaires.com\/fr\/wp-json\/wp\/v2\/pages"}],"about":[{"href":"https:\/\/www.academiabuenosaires.com\/fr\/wp-json\/wp\/v2\/types\/page"}],"author":[{"embeddable":true,"href":"https:\/\/www.academiabuenosaires.com\/fr\/wp-json\/wp\/v2\/users\/5"}],"replies":[{"embeddable":true,"href":"https:\/\/www.academiabuenosaires.com\/fr\/wp-json\/wp\/v2\/comments?post=1508"}],"version-history":[{"count":0,"href":"https:\/\/www.academiabuenosaires.com\/fr\/wp-json\/wp\/v2\/pages\/1508\/revisions"}],"up":[{"embeddable":true,"href":"https:\/\/www.academiabuenosaires.com\/fr\/wp-json\/wp\/v2\/pages\/1400"}],"wp:attachment":[{"href":"https:\/\/www.academiabuenosaires.com\/fr\/wp-json\/wp\/v2\/media?parent=1508"}],"curies":[{"name":"wp","href":"https:\/\/api.w.org\/{rel}","templated":true}]}}