
{"id":1087,"date":"2013-09-20T09:29:18","date_gmt":"2013-09-20T09:29:18","guid":{"rendered":"https:\/\/www.academiabuenosaires.com\/?page_id=1087"},"modified":"2025-08-03T13:14:49","modified_gmt":"2025-08-03T16:14:49","slug":"qui-sommes-nous","status":"publish","type":"page","link":"https:\/\/www.academiabuenosaires.com\/fr\/linstitut\/qui-sommes-nous\/","title":{"rendered":"Qui sommes-nous?"},"content":{"rendered":"<p>D\u00e9butant comme une petite \u00e9cole de langue, \u00e0 la fin de 2004, nous avons cr\u00e9\u00e9 notre institut dans un bureau encore plus petit, pr\u00e8s de la Plaza de Mayo. Nous \u00e9tions certains que notre service se distinguait par son offre de qualit\u00e9. Nous avons rapidement grandi et Academia Buenos Aires est devenue une des principales \u00e9coles de langues de la r\u00e9gion. Aujourd&rsquo;hui, nous enseignons l\u2019espagnol par la\u00a0m\u00e9thode que nous avons d\u00e9velopp\u00e9e \u00e0 des centaines d&rsquo;\u00e9tudiants du monde entier. Et nous sommes encore plus passionn\u00e9s par notre travail.<\/p>\n<p>Voici, les \u00e9tapes importantes de notre premi\u00e8re d\u00e9cennie. Nous avons emm\u00e9nag\u00e9 dans nos locaux actuels en 2006 et, la m\u00eame ann\u00e9e, nous avons commenc\u00e9 \u00e0 utiliser notre propre programme d&rsquo;\u00e9tude et nos mat\u00e9riels p\u00e9dagogiques. En 2007, apr\u00e8s le succ\u00e8s d\u2019Academia Buenos Aires, nous nous sommes sentis assez confiants pour ouvrir une deuxi\u00e8me <a title=\"Academia Uruguay\" href=\"https:\/\/www.academiauruguay.com\/\" target=\"_blank\" rel=\"noopener\">\u00e9cole \u00e0 Montevideo<\/a>, en Uruguay. Academia Uruguay a la m\u00eame philosophie, la m\u00eame approche p\u00e9dagogique et des prix semblables. En 2009, tout un programme de qualit\u00e9 a \u00e9t\u00e9 mis en \u0153uvre qui nous a permis de continuer \u00e0 exercer notre m\u00e9tier avec professionnalisme. \u00a0En 2010 &#8211; 2016, nous faisions partie\u00a0de\u00a0<a title=\"Tandem International\" href=\"https:\/\/www.academiabuenosaires.com\/fr\/linstitut\/amis\/\" target=\"_blank\" rel=\"noopener\">TANDEM<\/a>, un r\u00e9seau international d&rsquo;\u00e9coles de langues, dont les membres partagent les m\u00eames id\u00e9es et offrent le m\u00eame niveau de qualit\u00e9. En 2011, nous avons cr\u00e9\u00e9 AMERIGO, un partenariat avec des \u00e9coles \u00e0 Cordoba, en Argentine et Santiago du Chili. La m\u00eame ann\u00e9e, nous avons lanc\u00e9 <a title=\"Academia Bariloche \u00e9cole d'espagnol en Patagonie\" href=\"http:\/\/academiabariloche.com\" target=\"_blank\" rel=\"noopener\">Academia Bariloche<\/a> en coop\u00e9ration avec deux professionnels locaux. En 2012, notre \u00e9cole en Uruguay est devenue membre accr\u00e9dit\u00e9 de l&rsquo;Instituto Cervantes. Depuis\u00a02017, Academia Buenos Aires aussi fait partie des centres accr\u00e9dit\u00e9s par l&rsquo;Institut Cervantes.<\/p>\n<p>Nous sommes particuli\u00e8rement fiers du nombre croissant de nos \u00e9tudiants et de leurs retours positifs.\u00a0Certains \u00e9tudiants ne restent qu\u2019une semaine, d&rsquo;autres une ann\u00e9e enti\u00e8re. Ce qu&rsquo;ils partagent tous quel que soit leur \u00e2ge et quelle que soit leur formation, c&rsquo;est leur int\u00e9r\u00eat \u00e0 connaitre l\u2019Argentine et la langue espagnole. C\u2019est important car cet int\u00e9r\u00eat commun cr\u00e9e une atmosph\u00e8re d&rsquo;apprentissage particuli\u00e8rement favorable et agr\u00e9able. Pour beaucoup de <span style=\"text-decoration: underline;\">nos \u00e9tudiants<\/span>, Academia Buenos Aires repr\u00e9sente non seulement une \u00e9cole d\u2019apprentissage de l\u2019espagnol mais aussi le point de r\u00e9f\u00e9rence de tout leur s\u00e9jour \u00e0 Buenos Aires, en Argentine ou m\u00eame en Am\u00e9rique latine. Beaucoup d&rsquo;\u00e9tudiants restent apr\u00e8s les cours pour se parler, se renseigner sur des sites touristiques et la vie \u00e0 Buenos Aires, partager leurs histoires, boire le mat\u00e9 et planifier leur prochain voyage ensemble. Nous, en tant qu&rsquo;acad\u00e9mie, nous essayons de faire de notre mieux pour personnaliser nos services et pour que tout le monde se sente \u00e0 l&rsquo;aise. <a title=\"regardez notre video - Academia Buenos Aires\" href=\"http:\/\/www.youtube.com\/watch?v=yCnfpjL5crM\" target=\"_blank\" rel=\"noopener\"><img loading=\"lazy\" decoding=\"async\" class=\"aligncenter size-full wp-image-2533\" src=\"https:\/\/www.academiabuenosaires.com\/wp-content\/uploads\/2013\/05\/academia-buenos-aires-video-with-watermark.jpg\" alt=\"academia-buenos-aires-video-with-watermark\" width=\"400\" height=\"191\" srcset=\"https:\/\/www.academiabuenosaires.com\/wp-content\/uploads\/2013\/05\/academia-buenos-aires-video-with-watermark.jpg 400w, https:\/\/www.academiabuenosaires.com\/wp-content\/uploads\/2013\/05\/academia-buenos-aires-video-with-watermark-160x76.jpg 160w, https:\/\/www.academiabuenosaires.com\/wp-content\/uploads\/2013\/05\/academia-buenos-aires-video-with-watermark-338x161.jpg 338w\" sizes=\"auto, (max-width: 400px) 100vw, 400px\" \/><\/a><\/p>\n","protected":false},"excerpt":{"rendered":"<p>D\u00e9butant comme une petite \u00e9cole de langue, \u00e0 la fin de 2004, nous avons cr\u00e9\u00e9 notre institut dans un bureau encore plus petit, pr\u00e8s de la Plaza de Mayo. Nous \u00e9tions certains que notre service se distinguait par son offre de qualit\u00e9. Nous avons rapidement grandi et Academia Buenos Aires est devenue une des principales [&hellip;]<\/p>\n","protected":false},"author":5,"featured_media":0,"parent":955,"menu_order":17,"comment_status":"open","ping_status":"open","template":"","meta":{"footnotes":""},"class_list":["post-1087","page","type-page","status-publish","hentry","entry"],"yoast_head":"<!-- This site is optimized with the Yoast SEO plugin v26.0 - https:\/\/yoast.com\/wordpress\/plugins\/seo\/ -->\n<title>Qui sommes-nous? - Academia Buenos Aires<\/title>\n<meta name=\"robots\" content=\"index, follow, max-snippet:-1, max-image-preview:large, max-video-preview:-1\" \/>\n<link rel=\"canonical\" href=\"https:\/\/www.academiabuenosaires.com\/fr\/linstitut\/qui-sommes-nous\/\" \/>\n<meta property=\"og:locale\" content=\"fr_FR\" \/>\n<meta property=\"og:type\" content=\"article\" \/>\n<meta property=\"og:title\" content=\"Qui sommes-nous? - Academia Buenos Aires\" \/>\n<meta property=\"og:description\" content=\"D\u00e9butant comme une petite \u00e9cole de langue, \u00e0 la fin de 2004, nous avons cr\u00e9\u00e9 notre institut dans un bureau encore plus petit, pr\u00e8s de la Plaza de Mayo. Nous \u00e9tions certains que notre service se distinguait par son offre de qualit\u00e9. Nous avons rapidement grandi et Academia Buenos Aires est devenue une des principales [&hellip;]\" \/>\n<meta property=\"og:url\" content=\"https:\/\/www.academiabuenosaires.com\/fr\/linstitut\/qui-sommes-nous\/\" \/>\n<meta property=\"og:site_name\" content=\"Academia Buenos Aires\" \/>\n<meta property=\"article:modified_time\" content=\"2025-08-03T16:14:49+00:00\" \/>\n<meta property=\"og:image\" content=\"https:\/\/www.academiabuenosaires.com\/wp-content\/uploads\/2013\/05\/academia-buenos-aires-video-with-watermark.jpg\" \/>\n\t<meta property=\"og:image:width\" content=\"400\" \/>\n\t<meta property=\"og:image:height\" content=\"191\" \/>\n\t<meta property=\"og:image:type\" content=\"image\/jpeg\" \/>\n<meta name=\"twitter:label1\" content=\"Est. reading time\" \/>\n\t<meta name=\"twitter:data1\" content=\"3 minutes\" \/>\n<script type=\"application\/ld+json\" class=\"yoast-schema-graph\">{\"@context\":\"https:\/\/schema.org\",\"@graph\":[{\"@type\":\"WebPage\",\"@id\":\"https:\/\/www.academiabuenosaires.com\/fr\/linstitut\/qui-sommes-nous\/\",\"url\":\"https:\/\/www.academiabuenosaires.com\/fr\/linstitut\/qui-sommes-nous\/\",\"name\":\"Qui sommes-nous? - Academia Buenos Aires\",\"isPartOf\":{\"@id\":\"https:\/\/www.academiabuenosaires.com\/fr\/#website\"},\"primaryImageOfPage\":{\"@id\":\"https:\/\/www.academiabuenosaires.com\/fr\/linstitut\/qui-sommes-nous\/#primaryimage\"},\"image\":{\"@id\":\"https:\/\/www.academiabuenosaires.com\/fr\/linstitut\/qui-sommes-nous\/#primaryimage\"},\"thumbnailUrl\":\"https:\/\/www.academiabuenosaires.com\/wp-content\/uploads\/2013\/05\/academia-buenos-aires-video-with-watermark.jpg\",\"datePublished\":\"2013-09-20T09:29:18+00:00\",\"dateModified\":\"2025-08-03T16:14:49+00:00\",\"breadcrumb\":{\"@id\":\"https:\/\/www.academiabuenosaires.com\/fr\/linstitut\/qui-sommes-nous\/#breadcrumb\"},\"inLanguage\":\"fr-FR\",\"potentialAction\":[{\"@type\":\"ReadAction\",\"target\":[\"https:\/\/www.academiabuenosaires.com\/fr\/linstitut\/qui-sommes-nous\/\"]}]},{\"@type\":\"ImageObject\",\"inLanguage\":\"fr-FR\",\"@id\":\"https:\/\/www.academiabuenosaires.com\/fr\/linstitut\/qui-sommes-nous\/#primaryimage\",\"url\":\"https:\/\/www.academiabuenosaires.com\/wp-content\/uploads\/2013\/05\/academia-buenos-aires-video-with-watermark.jpg\",\"contentUrl\":\"https:\/\/www.academiabuenosaires.com\/wp-content\/uploads\/2013\/05\/academia-buenos-aires-video-with-watermark.jpg\"},{\"@type\":\"BreadcrumbList\",\"@id\":\"https:\/\/www.academiabuenosaires.com\/fr\/linstitut\/qui-sommes-nous\/#breadcrumb\",\"itemListElement\":[{\"@type\":\"ListItem\",\"position\":1,\"name\":\"Home\",\"item\":\"https:\/\/www.academiabuenosaires.com\/fr\/\"},{\"@type\":\"ListItem\",\"position\":2,\"name\":\"L\u2019Institut\",\"item\":\"https:\/\/www.academiabuenosaires.com\/fr\/linstitut\/\"},{\"@type\":\"ListItem\",\"position\":3,\"name\":\"Qui sommes-nous?\"}]},{\"@type\":\"WebSite\",\"@id\":\"https:\/\/www.academiabuenosaires.com\/fr\/#website\",\"url\":\"https:\/\/www.academiabuenosaires.com\/fr\/\",\"name\":\"Academia Buenos Aires\",\"description\":\"spanish courses\",\"potentialAction\":[{\"@type\":\"SearchAction\",\"target\":{\"@type\":\"EntryPoint\",\"urlTemplate\":\"https:\/\/www.academiabuenosaires.com\/fr\/?s={search_term_string}\"},\"query-input\":{\"@type\":\"PropertyValueSpecification\",\"valueRequired\":true,\"valueName\":\"search_term_string\"}}],\"inLanguage\":\"fr-FR\"}]}<\/script>\n<!-- \/ Yoast SEO plugin. -->","yoast_head_json":{"title":"Qui sommes-nous? - Academia Buenos Aires","robots":{"index":"index","follow":"follow","max-snippet":"max-snippet:-1","max-image-preview":"max-image-preview:large","max-video-preview":"max-video-preview:-1"},"canonical":"https:\/\/www.academiabuenosaires.com\/fr\/linstitut\/qui-sommes-nous\/","og_locale":"fr_FR","og_type":"article","og_title":"Qui sommes-nous? - Academia Buenos Aires","og_description":"D\u00e9butant comme une petite \u00e9cole de langue, \u00e0 la fin de 2004, nous avons cr\u00e9\u00e9 notre institut dans un bureau encore plus petit, pr\u00e8s de la Plaza de Mayo. Nous \u00e9tions certains que notre service se distinguait par son offre de qualit\u00e9. Nous avons rapidement grandi et Academia Buenos Aires est devenue une des principales [&hellip;]","og_url":"https:\/\/www.academiabuenosaires.com\/fr\/linstitut\/qui-sommes-nous\/","og_site_name":"Academia Buenos Aires","article_modified_time":"2025-08-03T16:14:49+00:00","og_image":[{"width":400,"height":191,"url":"https:\/\/www.academiabuenosaires.com\/wp-content\/uploads\/2013\/05\/academia-buenos-aires-video-with-watermark.jpg","type":"image\/jpeg"}],"twitter_misc":{"Est. reading time":"3 minutes"},"schema":{"@context":"https:\/\/schema.org","@graph":[{"@type":"WebPage","@id":"https:\/\/www.academiabuenosaires.com\/fr\/linstitut\/qui-sommes-nous\/","url":"https:\/\/www.academiabuenosaires.com\/fr\/linstitut\/qui-sommes-nous\/","name":"Qui sommes-nous? - Academia Buenos Aires","isPartOf":{"@id":"https:\/\/www.academiabuenosaires.com\/fr\/#website"},"primaryImageOfPage":{"@id":"https:\/\/www.academiabuenosaires.com\/fr\/linstitut\/qui-sommes-nous\/#primaryimage"},"image":{"@id":"https:\/\/www.academiabuenosaires.com\/fr\/linstitut\/qui-sommes-nous\/#primaryimage"},"thumbnailUrl":"https:\/\/www.academiabuenosaires.com\/wp-content\/uploads\/2013\/05\/academia-buenos-aires-video-with-watermark.jpg","datePublished":"2013-09-20T09:29:18+00:00","dateModified":"2025-08-03T16:14:49+00:00","breadcrumb":{"@id":"https:\/\/www.academiabuenosaires.com\/fr\/linstitut\/qui-sommes-nous\/#breadcrumb"},"inLanguage":"fr-FR","potentialAction":[{"@type":"ReadAction","target":["https:\/\/www.academiabuenosaires.com\/fr\/linstitut\/qui-sommes-nous\/"]}]},{"@type":"ImageObject","inLanguage":"fr-FR","@id":"https:\/\/www.academiabuenosaires.com\/fr\/linstitut\/qui-sommes-nous\/#primaryimage","url":"https:\/\/www.academiabuenosaires.com\/wp-content\/uploads\/2013\/05\/academia-buenos-aires-video-with-watermark.jpg","contentUrl":"https:\/\/www.academiabuenosaires.com\/wp-content\/uploads\/2013\/05\/academia-buenos-aires-video-with-watermark.jpg"},{"@type":"BreadcrumbList","@id":"https:\/\/www.academiabuenosaires.com\/fr\/linstitut\/qui-sommes-nous\/#breadcrumb","itemListElement":[{"@type":"ListItem","position":1,"name":"Home","item":"https:\/\/www.academiabuenosaires.com\/fr\/"},{"@type":"ListItem","position":2,"name":"L\u2019Institut","item":"https:\/\/www.academiabuenosaires.com\/fr\/linstitut\/"},{"@type":"ListItem","position":3,"name":"Qui sommes-nous?"}]},{"@type":"WebSite","@id":"https:\/\/www.academiabuenosaires.com\/fr\/#website","url":"https:\/\/www.academiabuenosaires.com\/fr\/","name":"Academia Buenos Aires","description":"spanish courses","potentialAction":[{"@type":"SearchAction","target":{"@type":"EntryPoint","urlTemplate":"https:\/\/www.academiabuenosaires.com\/fr\/?s={search_term_string}"},"query-input":{"@type":"PropertyValueSpecification","valueRequired":true,"valueName":"search_term_string"}}],"inLanguage":"fr-FR"}]}},"_links":{"self":[{"href":"https:\/\/www.academiabuenosaires.com\/fr\/wp-json\/wp\/v2\/pages\/1087","targetHints":{"allow":["GET"]}}],"collection":[{"href":"https:\/\/www.academiabuenosaires.com\/fr\/wp-json\/wp\/v2\/pages"}],"about":[{"href":"https:\/\/www.academiabuenosaires.com\/fr\/wp-json\/wp\/v2\/types\/page"}],"author":[{"embeddable":true,"href":"https:\/\/www.academiabuenosaires.com\/fr\/wp-json\/wp\/v2\/users\/5"}],"replies":[{"embeddable":true,"href":"https:\/\/www.academiabuenosaires.com\/fr\/wp-json\/wp\/v2\/comments?post=1087"}],"version-history":[{"count":0,"href":"https:\/\/www.academiabuenosaires.com\/fr\/wp-json\/wp\/v2\/pages\/1087\/revisions"}],"up":[{"embeddable":true,"href":"https:\/\/www.academiabuenosaires.com\/fr\/wp-json\/wp\/v2\/pages\/955"}],"wp:attachment":[{"href":"https:\/\/www.academiabuenosaires.com\/fr\/wp-json\/wp\/v2\/media?parent=1087"}],"curies":[{"name":"wp","href":"https:\/\/api.w.org\/{rel}","templated":true}]}}