
{"id":5949,"date":"2021-06-28T13:12:34","date_gmt":"2021-06-28T16:12:34","guid":{"rendered":"http:\/\/www.academiabuenosaires.com\/?page_id=5949"},"modified":"2023-04-12T13:35:49","modified_gmt":"2023-04-12T16:35:49","slug":"talleres","status":"publish","type":"page","link":"https:\/\/www.academiabuenosaires.com\/es\/formacion-docente1\/talleres\/","title":{"rendered":"Talleres"},"content":{"rendered":"<p>A lo largo del a\u00f1o ofrecemos distintos talleres cortos y webinars relacionados con la ense\u00f1anza de lenguas.\u00a0<\/p>\n<p>&nbsp;<\/p>\n<h3><b>Talleres 2021<\/b><\/h3>\n<p><span style=\"font-size: 14pt;\"><strong>Taller: \u00abLas primeras clases de espa\u00f1ol en niveles iniciales\u00bb<\/strong><\/span><\/p>\n<p>Destinatarios: interesados en dictar clases E\/LE, profesores de E\/LE y de otras lenguas segundas y extranjeras.<\/p>\n<p>Duraci\u00f3n: 2h<br \/> D\u00eda y horario: mi\u00e9rcoles <strong>14\/07<\/strong>, de 18.30 a 20.30 (hora argentina)<\/p>\n<p>Objetivos:<br \/> &#8211; caracterizaci\u00f3n de qu\u00e9 se entiende por \u00abnivel inicial\u00bb.<br \/> &#8211; dificultades de las primeras clases. <br \/> &#8211; rol docente, tipo de interacci\u00f3n y objetivos de las primeras clases.<br \/> &#8211; primeras actividades, recursos y opciones.<br \/> &#8211; enfoque te\u00f3rico y metodol\u00f3gico.<\/p>\n<p>Docente a cargo: Prof. Rosario Federico, profesora en Academia Buenos Aires, examinadora diploma internacional DELE (Diplomas de Espa\u00f1ol como Lengua Extranjera), niveles iniciales.<\/p>\n<p>Precio: $1000\/USD20 por participante.<\/p>\n<p>Ficha de inscripci\u00f3n: <a href=\"https:\/\/bit.ly\/3gVpkGi\">https:\/\/bit.ly\/3gVpkGi<\/a>\u00a0<br \/> Se otorgan certificados de asistencia.<\/p>\n<p>Contacto: Lic. Prof. Mariela Penna, Directora acad\u00e9mica de Academia Buenos Aires.\u00a0Mail: mariela@academiabuenosaires.com<\/p>\n<p>&nbsp;<\/p>\n<p><span style=\"font-size: 14pt;\"><strong>Taller de espa\u00f1ol para sinohablantes II<\/strong><\/span><\/p>\n<p>Destinatarios: asistentes al taller de espa\u00f1ol para sinohablantes I, interesados en dar clases E\/LE, con alg\u00fan tipo de formaci\u00f3n docente, m\u00e1s all\u00e1 de poseer experiencia, profesores de E\/LE o de otras lenguas segundas y extranjeras.<\/p>\n<p>Duraci\u00f3n: 2h<\/p>\n<p>D\u00eda y horario: mi\u00e9rcoles <strong>07\/07,<\/strong> de 18.00 a 20.00 (hora argentina)<\/p>\n<p>Objetivos: retomar y rediscutir las particularidades de los alumnos sinohablantes profundizar las propuestas del Taller I en relaci\u00f3n con el desarrollo de la conciencia fonol\u00f3gica: fon\u00e9tica para la pronunciaci\u00f3n y la expresividad para lograr una comunicaci\u00f3n efectiva. aspectos l\u00e9xicos, gramaticales y culturales. estrategias para la clase. dise\u00f1o\/transformaci\u00f3n de material E\/LE orientados a sinohablantes como ejemplo de recursos para estudiantes con lenguas distantes del espa\u00f1ol.<\/p>\n<p>Docente a cargo:\u00a0Lic. Prof. Mariela Penna, Directora acad\u00e9mica de Academia Buenos Aires<\/p>\n<p>Precio: $1000\/USD20 por participante.<\/p>\n<p>Ficha de inscripci\u00f3n: <a href=\"http:\/\/www.bit.ly\/sinohablantes2\">www.bit.ly\/sinohablantes2<\/a><br \/>\u00a0Se otorgan certificados de asistencia.<\/p>\n<p>Contacto: mariela@academiabuenosaires.com<\/p>\n","protected":false},"excerpt":{"rendered":"<p>A lo largo del a\u00f1o ofrecemos distintos talleres cortos y webinars relacionados con la ense\u00f1anza de lenguas.\u00a0 &nbsp; Talleres 2021 Taller: \u00abLas primeras clases de espa\u00f1ol en niveles iniciales\u00bb Destinatarios: interesados en dictar clases E\/LE, profesores de E\/LE y de otras lenguas segundas y extranjeras. Duraci\u00f3n: 2h D\u00eda y horario: mi\u00e9rcoles 14\/07, de 18.30 a [&hellip;]<\/p>\n","protected":false},"author":7,"featured_media":0,"parent":2972,"menu_order":0,"comment_status":"closed","ping_status":"open","template":"","meta":{"footnotes":""},"class_list":["post-5949","page","type-page","status-publish","hentry","entry"],"yoast_head":"<!-- This site is optimized with the Yoast SEO plugin v26.0 - https:\/\/yoast.com\/wordpress\/plugins\/seo\/ -->\n<title>Talleres - Academia Buenos Aires<\/title>\n<meta name=\"robots\" content=\"index, follow, max-snippet:-1, max-image-preview:large, max-video-preview:-1\" \/>\n<link rel=\"canonical\" href=\"https:\/\/www.academiabuenosaires.com\/es\/formacion-docente1\/talleres\/\" \/>\n<meta property=\"og:locale\" content=\"es_ES\" \/>\n<meta property=\"og:type\" content=\"article\" \/>\n<meta property=\"og:title\" content=\"Talleres - Academia Buenos Aires\" \/>\n<meta property=\"og:description\" content=\"A lo largo del a\u00f1o ofrecemos distintos talleres cortos y webinars relacionados con la ense\u00f1anza de lenguas.\u00a0 &nbsp; Talleres 2021 Taller: \u00abLas primeras clases de espa\u00f1ol en niveles iniciales\u00bb Destinatarios: interesados en dictar clases E\/LE, profesores de E\/LE y de otras lenguas segundas y extranjeras. Duraci\u00f3n: 2h D\u00eda y horario: mi\u00e9rcoles 14\/07, de 18.30 a [&hellip;]\" \/>\n<meta property=\"og:url\" content=\"https:\/\/www.academiabuenosaires.com\/es\/formacion-docente1\/talleres\/\" \/>\n<meta property=\"og:site_name\" content=\"Academia Buenos Aires\" \/>\n<meta property=\"article:modified_time\" content=\"2023-04-12T16:35:49+00:00\" \/>\n<meta name=\"twitter:label1\" content=\"Est. reading time\" \/>\n\t<meta name=\"twitter:data1\" content=\"2 minutes\" \/>\n<script type=\"application\/ld+json\" class=\"yoast-schema-graph\">{\"@context\":\"https:\/\/schema.org\",\"@graph\":[{\"@type\":\"WebPage\",\"@id\":\"https:\/\/www.academiabuenosaires.com\/es\/formacion-docente1\/talleres\/\",\"url\":\"https:\/\/www.academiabuenosaires.com\/es\/formacion-docente1\/talleres\/\",\"name\":\"Talleres - Academia Buenos Aires\",\"isPartOf\":{\"@id\":\"https:\/\/www.academiabuenosaires.com\/es\/#website\"},\"datePublished\":\"2021-06-28T16:12:34+00:00\",\"dateModified\":\"2023-04-12T16:35:49+00:00\",\"breadcrumb\":{\"@id\":\"https:\/\/www.academiabuenosaires.com\/es\/formacion-docente1\/talleres\/#breadcrumb\"},\"inLanguage\":\"es-ES\",\"potentialAction\":[{\"@type\":\"ReadAction\",\"target\":[\"https:\/\/www.academiabuenosaires.com\/es\/formacion-docente1\/talleres\/\"]}]},{\"@type\":\"BreadcrumbList\",\"@id\":\"https:\/\/www.academiabuenosaires.com\/es\/formacion-docente1\/talleres\/#breadcrumb\",\"itemListElement\":[{\"@type\":\"ListItem\",\"position\":1,\"name\":\"Home\",\"item\":\"https:\/\/www.academiabuenosaires.com\/es\/\"},{\"@type\":\"ListItem\",\"position\":2,\"name\":\"Formaci\u00f3n docente\",\"item\":\"https:\/\/www.academiabuenosaires.com\/es\/formacion-docente1\/\"},{\"@type\":\"ListItem\",\"position\":3,\"name\":\"Talleres\"}]},{\"@type\":\"WebSite\",\"@id\":\"https:\/\/www.academiabuenosaires.com\/es\/#website\",\"url\":\"https:\/\/www.academiabuenosaires.com\/es\/\",\"name\":\"Academia Buenos Aires\",\"description\":\"spanish courses\",\"potentialAction\":[{\"@type\":\"SearchAction\",\"target\":{\"@type\":\"EntryPoint\",\"urlTemplate\":\"https:\/\/www.academiabuenosaires.com\/es\/?s={search_term_string}\"},\"query-input\":{\"@type\":\"PropertyValueSpecification\",\"valueRequired\":true,\"valueName\":\"search_term_string\"}}],\"inLanguage\":\"es-ES\"}]}<\/script>\n<!-- \/ Yoast SEO plugin. -->","yoast_head_json":{"title":"Talleres - Academia Buenos Aires","robots":{"index":"index","follow":"follow","max-snippet":"max-snippet:-1","max-image-preview":"max-image-preview:large","max-video-preview":"max-video-preview:-1"},"canonical":"https:\/\/www.academiabuenosaires.com\/es\/formacion-docente1\/talleres\/","og_locale":"es_ES","og_type":"article","og_title":"Talleres - Academia Buenos Aires","og_description":"A lo largo del a\u00f1o ofrecemos distintos talleres cortos y webinars relacionados con la ense\u00f1anza de lenguas.\u00a0 &nbsp; Talleres 2021 Taller: \u00abLas primeras clases de espa\u00f1ol en niveles iniciales\u00bb Destinatarios: interesados en dictar clases E\/LE, profesores de E\/LE y de otras lenguas segundas y extranjeras. Duraci\u00f3n: 2h D\u00eda y horario: mi\u00e9rcoles 14\/07, de 18.30 a [&hellip;]","og_url":"https:\/\/www.academiabuenosaires.com\/es\/formacion-docente1\/talleres\/","og_site_name":"Academia Buenos Aires","article_modified_time":"2023-04-12T16:35:49+00:00","twitter_misc":{"Est. reading time":"2 minutes"},"schema":{"@context":"https:\/\/schema.org","@graph":[{"@type":"WebPage","@id":"https:\/\/www.academiabuenosaires.com\/es\/formacion-docente1\/talleres\/","url":"https:\/\/www.academiabuenosaires.com\/es\/formacion-docente1\/talleres\/","name":"Talleres - Academia Buenos Aires","isPartOf":{"@id":"https:\/\/www.academiabuenosaires.com\/es\/#website"},"datePublished":"2021-06-28T16:12:34+00:00","dateModified":"2023-04-12T16:35:49+00:00","breadcrumb":{"@id":"https:\/\/www.academiabuenosaires.com\/es\/formacion-docente1\/talleres\/#breadcrumb"},"inLanguage":"es-ES","potentialAction":[{"@type":"ReadAction","target":["https:\/\/www.academiabuenosaires.com\/es\/formacion-docente1\/talleres\/"]}]},{"@type":"BreadcrumbList","@id":"https:\/\/www.academiabuenosaires.com\/es\/formacion-docente1\/talleres\/#breadcrumb","itemListElement":[{"@type":"ListItem","position":1,"name":"Home","item":"https:\/\/www.academiabuenosaires.com\/es\/"},{"@type":"ListItem","position":2,"name":"Formaci\u00f3n docente","item":"https:\/\/www.academiabuenosaires.com\/es\/formacion-docente1\/"},{"@type":"ListItem","position":3,"name":"Talleres"}]},{"@type":"WebSite","@id":"https:\/\/www.academiabuenosaires.com\/es\/#website","url":"https:\/\/www.academiabuenosaires.com\/es\/","name":"Academia Buenos Aires","description":"spanish courses","potentialAction":[{"@type":"SearchAction","target":{"@type":"EntryPoint","urlTemplate":"https:\/\/www.academiabuenosaires.com\/es\/?s={search_term_string}"},"query-input":{"@type":"PropertyValueSpecification","valueRequired":true,"valueName":"search_term_string"}}],"inLanguage":"es-ES"}]}},"_links":{"self":[{"href":"https:\/\/www.academiabuenosaires.com\/es\/wp-json\/wp\/v2\/pages\/5949","targetHints":{"allow":["GET"]}}],"collection":[{"href":"https:\/\/www.academiabuenosaires.com\/es\/wp-json\/wp\/v2\/pages"}],"about":[{"href":"https:\/\/www.academiabuenosaires.com\/es\/wp-json\/wp\/v2\/types\/page"}],"author":[{"embeddable":true,"href":"https:\/\/www.academiabuenosaires.com\/es\/wp-json\/wp\/v2\/users\/7"}],"replies":[{"embeddable":true,"href":"https:\/\/www.academiabuenosaires.com\/es\/wp-json\/wp\/v2\/comments?post=5949"}],"version-history":[{"count":0,"href":"https:\/\/www.academiabuenosaires.com\/es\/wp-json\/wp\/v2\/pages\/5949\/revisions"}],"up":[{"embeddable":true,"href":"https:\/\/www.academiabuenosaires.com\/es\/wp-json\/wp\/v2\/pages\/2972"}],"wp:attachment":[{"href":"https:\/\/www.academiabuenosaires.com\/es\/wp-json\/wp\/v2\/media?parent=5949"}],"curies":[{"name":"wp","href":"https:\/\/api.w.org\/{rel}","templated":true}]}}