
{"id":5769,"date":"2020-12-15T17:09:36","date_gmt":"2020-12-15T20:09:36","guid":{"rendered":"http:\/\/www.academiabuenosaires.com\/?page_id=5769"},"modified":"2022-01-05T21:43:08","modified_gmt":"2022-01-06T00:43:08","slug":"preguntas-frecuentes","status":"publish","type":"page","link":"https:\/\/www.academiabuenosaires.com\/es\/formacion-docente1\/preguntas-frecuentes\/","title":{"rendered":"Preguntas frecuentes"},"content":{"rendered":"<p><strong>\u00bfEl certificado tiene validez internacional?<\/strong><\/p>\n<p><span style=\"font-weight: 400;\">Para este tipo de cursos en E\/LE no existe una certificaci\u00f3n oficial que pueda ser homologada por el Ministerio de Educaci\u00f3n, la validez internacional depende del renombre y de la trayectoria de las escuelas emisoras. En nuestro caso, nuestro diploma est\u00e1 expedido por Academia Buenos Aires, primer y \u00fanico centro acreditado por el Instituto Cervantes en Buenos Aires. Esto significa que incluye nuestro sello y el del Instituto Cervantes.<\/span><\/p>\n<p><span style=\"font-weight: 400;\">Nuestros certificados han tenido muy buena recepci\u00f3n a nivel nacional e internacional, muchos de nuestros exestudiantes se encuentran trabajando en distintos sectores de la ense\u00f1anza.<\/span><\/p>\n<p><span style=\"font-weight: 400;\">Siempre recomendamos consultar en los lugares donde se quiera trabajar para saber qu\u00e9 tipo de requisitos piden en cada caso.<\/span><\/p>\n<p><strong>\u00bfPuedo hacer el curso de formaci\u00f3n si no cumplo con el perfil?<\/strong><\/p>\n<p><strong><span style=\"font-weight: 400;\">\u00a1S\u00ed! Solo deb\u00e9s cumplir con los requisitos de admisi\u00f3n. Si no sos estudiante o egresado de Letras o de una carrera af\u00edn, deber\u00e1s cursar el M\u00f3dulo de Gram\u00e1tica de nivel inicial A1-A2.<\/span><\/strong><\/p>\n<p><strong>\u00bf<b>Cu\u00e1l es la duraci\u00f3n total del Curso de formaci\u00f3n<\/b>?<\/strong><\/p>\n<p><strong><img loading=\"lazy\" decoding=\"async\" class=\"alignright wp-image-5779 size-medium\" src=\"http:\/\/www.academiabuenosaires.com\/wp-content\/uploads\/2013\/11\/academia-uruguay-spanish-teacher-338x225.jpg\" alt=\"academia uruguay spanish teacher\" width=\"338\" height=\"225\" data-id=\"5779\" srcset=\"https:\/\/www.academiabuenosaires.com\/wp-content\/uploads\/2013\/11\/academia-uruguay-spanish-teacher-338x225.jpg 338w, https:\/\/www.academiabuenosaires.com\/wp-content\/uploads\/2013\/11\/academia-uruguay-spanish-teacher-160x107.jpg 160w, https:\/\/www.academiabuenosaires.com\/wp-content\/uploads\/2013\/11\/academia-uruguay-spanish-teacher.jpg 500w\" sizes=\"auto, (max-width: 338px) 100vw, 338px\" \/><\/strong><\/p>\n<p><span style=\"font-weight: 400;\">La duraci\u00f3n total del curso es de 12 semanas (con posibles modificaciones seg\u00fan el calendario de feriados argentinos). Durante ese tiempo tendr\u00e1s 10 encuentros en l\u00ednea (uno por semana) y dos recesos en el medio.\u00a0<\/span><\/p>\n<p><span style=\"font-weight: 400;\">Una semana despu\u00e9s de la \u00faltima clase (semana 13), deber\u00e1s realizar tu entrega final. El periodo de correcci\u00f3n de esa entrega por parte del tutor o la tutora puede tomar hasta dos semanas despu\u00e9s de realizada. En total, desde que comenz\u00e1s las clases hasta que recib\u00eds el certificado, deb\u00e9s calcular un promedio de 15 semanas.<\/span><\/p>\n<p><strong><br \/>\u00bfLa asistencia a clases es obligatoria?, \u00bfse graban las clases?<\/strong><\/p>\n<p><span style=\"font-weight: 400;\">S\u00ed, la asistencia a clases es una parte fundamental de nuestro curso. Tenemos una metodolog\u00eda de taller, que se basa en la interacci\u00f3n entre los estudiantes y el tutor o la tutora. Es fundamental que est\u00e9s presente, que participes y que tengas tu c\u00e1mara y micr\u00f3fono encendidos.\u00a0<\/span><\/p>\n<p><span style=\"font-weight: 400;\">Grabamos todas las clases para que puedas verlas en caso de que hayas tenido problemas t\u00e9cnicos ese d\u00eda o quieras revisar los temas trabajados. Record\u00e1 que para aprobar el curso ten\u00e9s que haber asistido al 80% de las clases, como m\u00ednimo, y que se eval\u00faa la participaci\u00f3n activa de cada encuentro.<\/span><\/p>\n<p><strong>\u00bf<b>Cu\u00e1nto tiempo necesito de dedicaci\u00f3n, adem\u00e1s de las horas de clase, para completar el Curso de formaci\u00f3n<\/b>?<\/strong><\/p>\n<p><span style=\"font-weight: 400;\">Adem\u00e1s de las horas de clase, ten\u00e9s que calcular unas seis horas de dedicaci\u00f3n extra en la semana para poder llevar adelante las tareas y las lecturas. Este es un n\u00famero estimativo, calculado a partir de la experiencia de nuestros exestudiantes, puede tomarte m\u00e1s o menos horas.<\/span><\/p>\n<p><strong><br \/>Si no estudi\u00e9 Letras, \u00bftengo que hacer los\u00a0M\u00f3dulos de Gram\u00e1tica?<\/strong><\/p>\n<p><span style=\"font-weight: 400;\">Depende de tu perfil, si sos estudiante o egresado de una carrera relacionada con la lengua o la ense\u00f1anza de idiomas, no. Si no cumpl\u00eds con el perfil del Curso de formaci\u00f3n, deb\u00e9s hacer el M\u00f3dulo de Gram\u00e1tica de nivel inicial (A1-A2). Este m\u00f3dulo te permitir\u00e1 alcanzar con mayor facilidad los objetivos del curso.<\/span><\/p>\n<p><strong>\u00bfLos cursos son siempre en los mismos horarios?<\/strong><\/p>\n<p><span style=\"font-weight: 400;\">No, el Curso de formaci\u00f3n suele tener un d\u00eda y un horario diferente en cada edici\u00f3n. Buscamos brindar una amplia disponibilidad horaria para que todos puedan acceder seg\u00fan sus necesidades. Las clases pueden ser en d\u00edas de semana o los s\u00e1bados, en turno matutino o vespertino. <\/span><\/p>\n<p><strong>\u00bf<b>El precio del Curso de formaci\u00f3n incluye el material bibliogr\u00e1fico<\/b>?<\/strong><\/p>\n<p><span style=\"font-weight: 400;\">\u00a1S\u00ed! Al comenzar el curso te damos acceso al material en formato digital y una vez finalizado, ese acceso no se revoca. Vas a poder consultar el material siempre que lo necesites.<\/span><\/p>\n<p><strong><br \/>\u00bfAl finalizar el curso voy a estar en condiciones de dar clases?<\/strong><\/p>\n<p><span style=\"font-weight: 400;\">\u00a1Claro! Ese es nuestro objetivo. Ten\u00e9s que pensar que este es un curso para iniciarte en el mundo de ELE, queremos ayudarte a dar esos primeros pasos. Por eso creamos un programa que busca brindarte las herramientas fundamentales para llevar adelante una clase. Por supuesto que este camino no se termina ac\u00e1, siempre va a ser \u00fatil el que sigas form\u00e1ndote y actualizando tus conocimientos.<\/span><\/p>\n","protected":false},"excerpt":{"rendered":"<p>\u00bfEl certificado tiene validez internacional? Para este tipo de cursos en E\/LE no existe una certificaci\u00f3n oficial que pueda ser homologada por el Ministerio de Educaci\u00f3n, la validez internacional depende del renombre y de la trayectoria de las escuelas emisoras. En nuestro caso, nuestro diploma est\u00e1 expedido por Academia Buenos Aires, primer y \u00fanico centro [&hellip;]<\/p>\n","protected":false},"author":7,"featured_media":0,"parent":2972,"menu_order":0,"comment_status":"closed","ping_status":"open","template":"","meta":{"footnotes":""},"class_list":["post-5769","page","type-page","status-publish","hentry","entry"],"yoast_head":"<!-- This site is optimized with the Yoast SEO plugin v26.0 - https:\/\/yoast.com\/wordpress\/plugins\/seo\/ -->\n<title>Preguntas frecuentes - Academia Buenos Aires<\/title>\n<meta name=\"robots\" content=\"index, follow, max-snippet:-1, max-image-preview:large, max-video-preview:-1\" \/>\n<link rel=\"canonical\" href=\"https:\/\/www.academiabuenosaires.com\/es\/formacion-docente1\/preguntas-frecuentes\/\" \/>\n<meta property=\"og:locale\" content=\"es_ES\" \/>\n<meta property=\"og:type\" content=\"article\" \/>\n<meta property=\"og:title\" content=\"Preguntas frecuentes - Academia Buenos Aires\" \/>\n<meta property=\"og:description\" content=\"\u00bfEl certificado tiene validez internacional? Para este tipo de cursos en E\/LE no existe una certificaci\u00f3n oficial que pueda ser homologada por el Ministerio de Educaci\u00f3n, la validez internacional depende del renombre y de la trayectoria de las escuelas emisoras. En nuestro caso, nuestro diploma est\u00e1 expedido por Academia Buenos Aires, primer y \u00fanico centro [&hellip;]\" \/>\n<meta property=\"og:url\" content=\"https:\/\/www.academiabuenosaires.com\/es\/formacion-docente1\/preguntas-frecuentes\/\" \/>\n<meta property=\"og:site_name\" content=\"Academia Buenos Aires\" \/>\n<meta property=\"article:modified_time\" content=\"2022-01-06T00:43:08+00:00\" \/>\n<meta property=\"og:image\" content=\"http:\/\/www.academiabuenosaires.com\/wp-content\/uploads\/2013\/11\/academia-uruguay-spanish-teacher-338x225.jpg\" \/>\n<meta name=\"twitter:label1\" content=\"Est. reading time\" \/>\n\t<meta name=\"twitter:data1\" content=\"4 minutes\" \/>\n<script type=\"application\/ld+json\" class=\"yoast-schema-graph\">{\"@context\":\"https:\/\/schema.org\",\"@graph\":[{\"@type\":\"WebPage\",\"@id\":\"https:\/\/www.academiabuenosaires.com\/es\/formacion-docente1\/preguntas-frecuentes\/\",\"url\":\"https:\/\/www.academiabuenosaires.com\/es\/formacion-docente1\/preguntas-frecuentes\/\",\"name\":\"Preguntas frecuentes - Academia Buenos Aires\",\"isPartOf\":{\"@id\":\"https:\/\/www.academiabuenosaires.com\/es\/#website\"},\"primaryImageOfPage\":{\"@id\":\"https:\/\/www.academiabuenosaires.com\/es\/formacion-docente1\/preguntas-frecuentes\/#primaryimage\"},\"image\":{\"@id\":\"https:\/\/www.academiabuenosaires.com\/es\/formacion-docente1\/preguntas-frecuentes\/#primaryimage\"},\"thumbnailUrl\":\"http:\/\/www.academiabuenosaires.com\/wp-content\/uploads\/2013\/11\/academia-uruguay-spanish-teacher-338x225.jpg\",\"datePublished\":\"2020-12-15T20:09:36+00:00\",\"dateModified\":\"2022-01-06T00:43:08+00:00\",\"breadcrumb\":{\"@id\":\"https:\/\/www.academiabuenosaires.com\/es\/formacion-docente1\/preguntas-frecuentes\/#breadcrumb\"},\"inLanguage\":\"es-ES\",\"potentialAction\":[{\"@type\":\"ReadAction\",\"target\":[\"https:\/\/www.academiabuenosaires.com\/es\/formacion-docente1\/preguntas-frecuentes\/\"]}]},{\"@type\":\"ImageObject\",\"inLanguage\":\"es-ES\",\"@id\":\"https:\/\/www.academiabuenosaires.com\/es\/formacion-docente1\/preguntas-frecuentes\/#primaryimage\",\"url\":\"http:\/\/www.academiabuenosaires.com\/wp-content\/uploads\/2013\/11\/academia-uruguay-spanish-teacher-338x225.jpg\",\"contentUrl\":\"http:\/\/www.academiabuenosaires.com\/wp-content\/uploads\/2013\/11\/academia-uruguay-spanish-teacher-338x225.jpg\"},{\"@type\":\"BreadcrumbList\",\"@id\":\"https:\/\/www.academiabuenosaires.com\/es\/formacion-docente1\/preguntas-frecuentes\/#breadcrumb\",\"itemListElement\":[{\"@type\":\"ListItem\",\"position\":1,\"name\":\"Home\",\"item\":\"https:\/\/www.academiabuenosaires.com\/es\/\"},{\"@type\":\"ListItem\",\"position\":2,\"name\":\"Formaci\u00f3n docente\",\"item\":\"https:\/\/www.academiabuenosaires.com\/es\/formacion-docente1\/\"},{\"@type\":\"ListItem\",\"position\":3,\"name\":\"Preguntas frecuentes\"}]},{\"@type\":\"WebSite\",\"@id\":\"https:\/\/www.academiabuenosaires.com\/es\/#website\",\"url\":\"https:\/\/www.academiabuenosaires.com\/es\/\",\"name\":\"Academia Buenos Aires\",\"description\":\"spanish courses\",\"potentialAction\":[{\"@type\":\"SearchAction\",\"target\":{\"@type\":\"EntryPoint\",\"urlTemplate\":\"https:\/\/www.academiabuenosaires.com\/es\/?s={search_term_string}\"},\"query-input\":{\"@type\":\"PropertyValueSpecification\",\"valueRequired\":true,\"valueName\":\"search_term_string\"}}],\"inLanguage\":\"es-ES\"}]}<\/script>\n<!-- \/ Yoast SEO plugin. -->","yoast_head_json":{"title":"Preguntas frecuentes - Academia Buenos Aires","robots":{"index":"index","follow":"follow","max-snippet":"max-snippet:-1","max-image-preview":"max-image-preview:large","max-video-preview":"max-video-preview:-1"},"canonical":"https:\/\/www.academiabuenosaires.com\/es\/formacion-docente1\/preguntas-frecuentes\/","og_locale":"es_ES","og_type":"article","og_title":"Preguntas frecuentes - Academia Buenos Aires","og_description":"\u00bfEl certificado tiene validez internacional? Para este tipo de cursos en E\/LE no existe una certificaci\u00f3n oficial que pueda ser homologada por el Ministerio de Educaci\u00f3n, la validez internacional depende del renombre y de la trayectoria de las escuelas emisoras. En nuestro caso, nuestro diploma est\u00e1 expedido por Academia Buenos Aires, primer y \u00fanico centro [&hellip;]","og_url":"https:\/\/www.academiabuenosaires.com\/es\/formacion-docente1\/preguntas-frecuentes\/","og_site_name":"Academia Buenos Aires","article_modified_time":"2022-01-06T00:43:08+00:00","og_image":[{"url":"http:\/\/www.academiabuenosaires.com\/wp-content\/uploads\/2013\/11\/academia-uruguay-spanish-teacher-338x225.jpg","type":"","width":"","height":""}],"twitter_misc":{"Est. reading time":"4 minutes"},"schema":{"@context":"https:\/\/schema.org","@graph":[{"@type":"WebPage","@id":"https:\/\/www.academiabuenosaires.com\/es\/formacion-docente1\/preguntas-frecuentes\/","url":"https:\/\/www.academiabuenosaires.com\/es\/formacion-docente1\/preguntas-frecuentes\/","name":"Preguntas frecuentes - Academia Buenos Aires","isPartOf":{"@id":"https:\/\/www.academiabuenosaires.com\/es\/#website"},"primaryImageOfPage":{"@id":"https:\/\/www.academiabuenosaires.com\/es\/formacion-docente1\/preguntas-frecuentes\/#primaryimage"},"image":{"@id":"https:\/\/www.academiabuenosaires.com\/es\/formacion-docente1\/preguntas-frecuentes\/#primaryimage"},"thumbnailUrl":"http:\/\/www.academiabuenosaires.com\/wp-content\/uploads\/2013\/11\/academia-uruguay-spanish-teacher-338x225.jpg","datePublished":"2020-12-15T20:09:36+00:00","dateModified":"2022-01-06T00:43:08+00:00","breadcrumb":{"@id":"https:\/\/www.academiabuenosaires.com\/es\/formacion-docente1\/preguntas-frecuentes\/#breadcrumb"},"inLanguage":"es-ES","potentialAction":[{"@type":"ReadAction","target":["https:\/\/www.academiabuenosaires.com\/es\/formacion-docente1\/preguntas-frecuentes\/"]}]},{"@type":"ImageObject","inLanguage":"es-ES","@id":"https:\/\/www.academiabuenosaires.com\/es\/formacion-docente1\/preguntas-frecuentes\/#primaryimage","url":"http:\/\/www.academiabuenosaires.com\/wp-content\/uploads\/2013\/11\/academia-uruguay-spanish-teacher-338x225.jpg","contentUrl":"http:\/\/www.academiabuenosaires.com\/wp-content\/uploads\/2013\/11\/academia-uruguay-spanish-teacher-338x225.jpg"},{"@type":"BreadcrumbList","@id":"https:\/\/www.academiabuenosaires.com\/es\/formacion-docente1\/preguntas-frecuentes\/#breadcrumb","itemListElement":[{"@type":"ListItem","position":1,"name":"Home","item":"https:\/\/www.academiabuenosaires.com\/es\/"},{"@type":"ListItem","position":2,"name":"Formaci\u00f3n docente","item":"https:\/\/www.academiabuenosaires.com\/es\/formacion-docente1\/"},{"@type":"ListItem","position":3,"name":"Preguntas frecuentes"}]},{"@type":"WebSite","@id":"https:\/\/www.academiabuenosaires.com\/es\/#website","url":"https:\/\/www.academiabuenosaires.com\/es\/","name":"Academia Buenos Aires","description":"spanish courses","potentialAction":[{"@type":"SearchAction","target":{"@type":"EntryPoint","urlTemplate":"https:\/\/www.academiabuenosaires.com\/es\/?s={search_term_string}"},"query-input":{"@type":"PropertyValueSpecification","valueRequired":true,"valueName":"search_term_string"}}],"inLanguage":"es-ES"}]}},"_links":{"self":[{"href":"https:\/\/www.academiabuenosaires.com\/es\/wp-json\/wp\/v2\/pages\/5769","targetHints":{"allow":["GET"]}}],"collection":[{"href":"https:\/\/www.academiabuenosaires.com\/es\/wp-json\/wp\/v2\/pages"}],"about":[{"href":"https:\/\/www.academiabuenosaires.com\/es\/wp-json\/wp\/v2\/types\/page"}],"author":[{"embeddable":true,"href":"https:\/\/www.academiabuenosaires.com\/es\/wp-json\/wp\/v2\/users\/7"}],"replies":[{"embeddable":true,"href":"https:\/\/www.academiabuenosaires.com\/es\/wp-json\/wp\/v2\/comments?post=5769"}],"version-history":[{"count":0,"href":"https:\/\/www.academiabuenosaires.com\/es\/wp-json\/wp\/v2\/pages\/5769\/revisions"}],"up":[{"embeddable":true,"href":"https:\/\/www.academiabuenosaires.com\/es\/wp-json\/wp\/v2\/pages\/2972"}],"wp:attachment":[{"href":"https:\/\/www.academiabuenosaires.com\/es\/wp-json\/wp\/v2\/media?parent=5769"}],"curies":[{"name":"wp","href":"https:\/\/api.w.org\/{rel}","templated":true}]}}