
{"id":5482,"date":"2018-08-01T23:35:11","date_gmt":"2018-08-02T02:35:11","guid":{"rendered":"http:\/\/www.academiabuenosaires.com\/?page_id=5482"},"modified":"2026-03-18T11:35:04","modified_gmt":"2026-03-18T14:35:04","slug":"centro-examen-dele","status":"publish","type":"page","link":"https:\/\/www.academiabuenosaires.com\/es\/cursos-tarifas\/centro-examen-dele\/","title":{"rendered":"Centro examen DELE"},"content":{"rendered":"<p><a href=\"http:\/\/www.academiabuenosaires.com\/wp-content\/uploads\/2018\/08\/logo-dele-test-center.png\"><img loading=\"lazy\" decoding=\"async\" class=\"alignright size-thumbnail wp-image-5492\" src=\"http:\/\/www.academiabuenosaires.com\/wp-content\/uploads\/2018\/08\/logo-dele-test-center-160x160.png\" alt=\"Centro examinador Dele Buenos Aires Argentina\" width=\"160\" height=\"160\" data-id=\"5492\" srcset=\"https:\/\/www.academiabuenosaires.com\/wp-content\/uploads\/2018\/08\/logo-dele-test-center-160x160.png 160w, https:\/\/www.academiabuenosaires.com\/wp-content\/uploads\/2018\/08\/logo-dele-test-center-338x338.png 338w, https:\/\/www.academiabuenosaires.com\/wp-content\/uploads\/2018\/08\/logo-dele-test-center.png 425w\" sizes=\"auto, (max-width: 160px) 100vw, 160px\" \/><\/a>Academia\u00a0Buenos Aires es <strong>centro acreditado para la administraci\u00f3n y evaluaci\u00f3n del examen internacional de espa\u00f1ol DELE<\/strong> (Diploma de Espa\u00f1ol como Lengua Extranjera), el cual se ofrece en 6 (seis)\u00a0niveles diferentes, en varias convocatorias por a\u00f1o, en Argentina (<em>\u00fanicamente<\/em> en formato presencial). El DELE es\u00a0 probablemente el examen de lengua espa\u00f1ola m\u00e1s importante en todo el mundo y el m\u00e1s conocido y respetado en universidades, el mundo de los negocios, la administraci\u00f3n p\u00fablica y muchos otros \u00e1mbitos. Los diplomas DELE son certificaciones de idioma con validez de duraci\u00f3n ilimitada expedidos por el Instituto Cervantes en nombre del Ministerio de Educaci\u00f3n de Espa\u00f1a, para aquellos candidatos que deseen certificar su nivel de espa\u00f1ol. La inscripci\u00f3n para el DELE puede ser realizada en Academia Buenos Aires directamente.<\/p>\n<p>Academia Buenos Aires en Argentina es tambi\u00e9n una <strong>escuela de espa\u00f1ol acreditada por el Instituto Cervantes<\/strong>. Eso significa que ha sido evaluada en el cumplimiento de exigentes requisitos de calidad tanto en lo acad\u00e9mico como en aspectos generales de nuestros servicios. Ofrecemos <strong>preparaci\u00f3n para el examen DELE<\/strong> para todos aquellos interesados en rendir el examen. Nuestros profesores, algunos de los cuales son tambi\u00e9n examinadores oficiales DELE, tienen una vasta experiencia en el campo de la ense\u00f1anza y ayudar\u00e1n a una preparaci\u00f3n eficiente y efectiva para el examen.<\/p>\n<p><a href=\"http:\/\/www.academiabuenosaires.com\/wp-content\/uploads\/2018\/08\/centro-prep.png\"><img loading=\"lazy\" decoding=\"async\" class=\"alignleft size-thumbnail wp-image-5497\" src=\"http:\/\/www.academiabuenosaires.com\/wp-content\/uploads\/2018\/08\/centro-prep-160x160.png\" alt=\"Centro preparador Dele Buenos Aires Argentina\" width=\"160\" height=\"160\" data-id=\"5497\" srcset=\"https:\/\/www.academiabuenosaires.com\/wp-content\/uploads\/2018\/08\/centro-prep-160x160.png 160w, https:\/\/www.academiabuenosaires.com\/wp-content\/uploads\/2018\/08\/centro-prep-338x338.png 338w, https:\/\/www.academiabuenosaires.com\/wp-content\/uploads\/2018\/08\/centro-prep.png 425w\" sizes=\"auto, (max-width: 160px) 100vw, 160px\" \/><\/a>Es as\u00ed que los candidatos pueden prepararse para el examen en la escuela y tambi\u00e9n rendir el DELE en nuestra instituci\u00f3n. O, simplemente, Academia Buenos Aires puede ser elegido como centro examinador y el candidato puede prepararse en otro centro acad\u00e9mico. \u00a1Usted elige!<\/p>\n<p>El examen DELE toma en cuenta y considera igualmente v\u00e1lidas todas las variedades del espa\u00f1ol. Sus 6 (seis) niveles de competencia ling\u00fc\u00edstica se basan en el Marco Com\u00fan Europeo de Referencia para las Lenguas, desde el nivel A1 (principiante) hasta el nivel C2 (equivalente al desempe\u00f1o nativo).<\/p>\n<p>El examen DELE se administra en nuestra escuela en las siguientes fechas de 2026:<\/p>\n<table style=\"height: 152px; border-color: #bab1b1; width: 830px;\" width=\"673\">\n<tbody>\n<tr>\n<td style=\"width: 184px;\"><strong>Fecha<\/strong><\/td>\n<td style=\"width: 345px;\"><strong><span lang=\"ES-AR\">Cierre del plazo de inscripci\u00f3n<\/span><\/strong><\/td>\n<td style=\"width: 301px;\"><strong><span lang=\"ES-AR\">Ex\u00e1menes ofrecidos<\/span><\/strong><\/td>\n<\/tr>\n<tr>\n<td style=\"width: 184px;\"><\/td>\n<td style=\"width: 345px;\"><\/td>\n<td style=\"width: 301px;\"><\/td>\n<\/tr>\n<tr>\n<td style=\"width: 184px;\">22 de mayo<\/td>\n<td style=\"width: 345px;\">8 de abril<\/td>\n<td style=\"width: 301px;\">Escolar A1,A2\/B1, B2\/C1<\/td>\n<\/tr>\n<tr>\n<td style=\"width: 184px;\">23 de mayo<\/td>\n<td style=\"width: 345px;\">8 de abril<\/td>\n<td style=\"width: 301px;\">A1, A2, B1, B2, C1 y C2<\/td>\n<\/tr>\n<tr>\n<td style=\"width: 184px;\">13 de noviembre<\/td>\n<td style=\"width: 345px;\">30 de septiembre<\/td>\n<td style=\"width: 301px;\">A2, Escolar A1,A2\/B1, B2\/C1<\/td>\n<\/tr>\n<tr>\n<td style=\"width: 184px;\">14 de noviembre<\/td>\n<td style=\"width: 345px;\">30 de septiembre<\/td>\n<td style=\"width: 301px;\">A1, B1, B2, C1 y C2<\/td>\n<\/tr>\n<tr>\n<td style=\"width: 184px;\"><\/td>\n<td style=\"width: 345px;\"><\/td>\n<td style=\"width: 301px;\"><\/td>\n<\/tr>\n<\/tbody>\n<\/table>\n<p><strong>\u00a0<\/strong><\/p>\n<p><strong>Los costos 2026<\/strong>\u00a0en d\u00f3lares estadounidenses (para ser pagados en nuestra cuenta bancaria, con tarjeta de cr\u00e9dito o en efectivo) son:<\/p>\n<table style=\"height: 184px; width: 100%;\" width=\"401\">\n<tbody>\n<tr style=\"height: 23px;\">\n<td style=\"height: 23px; width: 42.619048%;\"><strong>Nivel<\/strong><\/td>\n<td style=\"height: 23px; width: 56.428571%;\"><strong>Costo<\/strong><\/td>\n<\/tr>\n<tr>\n<td style=\"width: 42.619048%;\">A1<\/td>\n<td style=\"width: 56.428571%;\">141 USD<\/td>\n<\/tr>\n<tr>\n<td style=\"width: 42.619048%;\">A2<\/td>\n<td style=\"width: 56.428571%;\">181 USD<\/td>\n<\/tr>\n<tr>\n<td style=\"width: 42.619048%;\">B1<\/td>\n<td style=\"width: 56.428571%;\">202 USD<\/td>\n<\/tr>\n<tr>\n<td style=\"width: 42.619048%;\">B2<\/td>\n<td style=\"width: 56.428571%;\">232 USD<\/td>\n<\/tr>\n<tr>\n<td style=\"width: 42.619048%;\">C1<\/td>\n<td style=\"width: 56.428571%;\">248 USD<\/td>\n<\/tr>\n<tr>\n<td style=\"width: 42.619048%;\">C2<\/td>\n<td style=\"width: 56.428571%;\">261 USD<\/td>\n<\/tr>\n<tr>\n<td style=\"width: 42.619048%;\">A1E, A2\/B1 E, B2\/C1 E<\/td>\n<td style=\"width: 56.428571%;\">141 USD, 202 USD, 248 USD<\/td>\n<\/tr>\n<\/tbody>\n<\/table>\n<p>Para efectivizar la inscripci\u00f3n, es posible concurrir a nuestras oficinas personalmente (Hip\u00f3lito Yrigoyen 571, piso 4, Buenos Aires) o completar los formularios online y envi\u00e1rnoslos. En ese caso, es necesario seguir estos pasos:<\/p>\n<ol>\n<li>Descargar los formularios de inscripci\u00f3n (en <a href=\"https:\/\/www.dropbox.com\/scl\/fi\/6grczle6dpco9cesikorq\/formulario_inscripcion_DELE_2026_0.pdf?rlkey=25rugyobwyf0tq973xu5ekuzd&amp;dl=0\" target=\"_blank\" rel=\"noopener\">espa\u00f1ol<\/a>, <a href=\"https:\/\/www.dropbox.com\/scl\/fi\/kensbo226izgvac2g0pk4\/DELE_enrolment-form_2026-ingl-s-English.pdf?rlkey=zf1o8sc972vvvkw3lpqdvltt0&amp;dl=0\" target=\"_blank\" rel=\"noopener\">ingl\u00e9s<\/a>), completarlos, imprimirlos, firmarlos y escanearlos.<\/li>\n<li>Enviarnos la inscripci\u00f3n escaneada y una copia escaneada del pasaporte (debe incluirse la p\u00e1gina en la que est\u00e1 la foto) para verificar la identidad a dele@academiabuenosaires.com<\/li>\n<li>Recibir nuestra confirmaci\u00f3n y la informaci\u00f3n de pago.<\/li>\n<li>Mandar el comprobante de pago a\u00a0<span lang=\"ES-AR\"><a><span lang=\"DE\">dele@academiabuenosaires.com.<\/span><\/a><\/span><\/li>\n<li>Recibir nuestra confirmaci\u00f3n y la declaraci\u00f3n de inscripci\u00f3n.<\/li>\n<\/ol>\n<p>Si decidiera preparar su examen DELE en Academia Buenos Aires, estar\u00edamos muy contentos\u00a0 de brindarle informaci\u00f3n detallada sobre su actual nivel general de espa\u00f1ol, el nivel DELE al cual es conveniente que se presente, sus dificultades o problem\u00e1ticas espec\u00edficas en torno al examen y el tiempo de preparaci\u00f3n necesario para aprobarlo exitosamente. Env\u00edenos un breve mail a dele@academiabuenosaires.com<\/p>\n","protected":false},"excerpt":{"rendered":"<p>Academia\u00a0Buenos Aires es centro acreditado para la administraci\u00f3n y evaluaci\u00f3n del examen internacional de espa\u00f1ol DELE (Diploma de Espa\u00f1ol como Lengua Extranjera), el cual se ofrece en 6 (seis)\u00a0niveles diferentes, en varias convocatorias por a\u00f1o, en Argentina (\u00fanicamente en formato presencial). El DELE es\u00a0 probablemente el examen de lengua espa\u00f1ola m\u00e1s importante en todo el [&hellip;]<\/p>\n","protected":false},"author":7,"featured_media":0,"parent":1095,"menu_order":0,"comment_status":"closed","ping_status":"open","template":"","meta":{"footnotes":""},"class_list":["post-5482","page","type-page","status-publish","hentry","entry"],"yoast_head":"<!-- This site is optimized with the Yoast SEO plugin v26.0 - https:\/\/yoast.com\/wordpress\/plugins\/seo\/ -->\n<title>Centro examen DELE - Academia Buenos Aires<\/title>\n<meta name=\"robots\" content=\"index, follow, max-snippet:-1, max-image-preview:large, max-video-preview:-1\" \/>\n<link rel=\"canonical\" href=\"https:\/\/www.academiabuenosaires.com\/es\/cursos-tarifas\/centro-examen-dele\/\" \/>\n<meta property=\"og:locale\" content=\"es_ES\" \/>\n<meta property=\"og:type\" content=\"article\" \/>\n<meta property=\"og:title\" content=\"Centro examen DELE - Academia Buenos Aires\" \/>\n<meta property=\"og:description\" content=\"Academia\u00a0Buenos Aires es centro acreditado para la administraci\u00f3n y evaluaci\u00f3n del examen internacional de espa\u00f1ol DELE (Diploma de Espa\u00f1ol como Lengua Extranjera), el cual se ofrece en 6 (seis)\u00a0niveles diferentes, en varias convocatorias por a\u00f1o, en Argentina (\u00fanicamente en formato presencial). El DELE es\u00a0 probablemente el examen de lengua espa\u00f1ola m\u00e1s importante en todo el [&hellip;]\" \/>\n<meta property=\"og:url\" content=\"https:\/\/www.academiabuenosaires.com\/es\/cursos-tarifas\/centro-examen-dele\/\" \/>\n<meta property=\"og:site_name\" content=\"Academia Buenos Aires\" \/>\n<meta property=\"article:modified_time\" content=\"2026-03-18T14:35:04+00:00\" \/>\n<meta property=\"og:image\" content=\"https:\/\/www.academiabuenosaires.com\/wp-content\/uploads\/2018\/08\/logo-dele-test-center.png\" \/>\n\t<meta property=\"og:image:width\" content=\"425\" \/>\n\t<meta property=\"og:image:height\" content=\"425\" \/>\n\t<meta property=\"og:image:type\" content=\"image\/png\" \/>\n<meta name=\"twitter:label1\" content=\"Est. reading time\" \/>\n\t<meta name=\"twitter:data1\" content=\"3 minutes\" \/>\n<script type=\"application\/ld+json\" class=\"yoast-schema-graph\">{\"@context\":\"https:\/\/schema.org\",\"@graph\":[{\"@type\":\"WebPage\",\"@id\":\"https:\/\/www.academiabuenosaires.com\/es\/cursos-tarifas\/centro-examen-dele\/\",\"url\":\"https:\/\/www.academiabuenosaires.com\/es\/cursos-tarifas\/centro-examen-dele\/\",\"name\":\"Centro examen DELE - Academia Buenos Aires\",\"isPartOf\":{\"@id\":\"https:\/\/www.academiabuenosaires.com\/es\/#website\"},\"primaryImageOfPage\":{\"@id\":\"https:\/\/www.academiabuenosaires.com\/es\/cursos-tarifas\/centro-examen-dele\/#primaryimage\"},\"image\":{\"@id\":\"https:\/\/www.academiabuenosaires.com\/es\/cursos-tarifas\/centro-examen-dele\/#primaryimage\"},\"thumbnailUrl\":\"http:\/\/www.academiabuenosaires.com\/wp-content\/uploads\/2018\/08\/logo-dele-test-center-160x160.png\",\"datePublished\":\"2018-08-02T02:35:11+00:00\",\"dateModified\":\"2026-03-18T14:35:04+00:00\",\"breadcrumb\":{\"@id\":\"https:\/\/www.academiabuenosaires.com\/es\/cursos-tarifas\/centro-examen-dele\/#breadcrumb\"},\"inLanguage\":\"es-ES\",\"potentialAction\":[{\"@type\":\"ReadAction\",\"target\":[\"https:\/\/www.academiabuenosaires.com\/es\/cursos-tarifas\/centro-examen-dele\/\"]}]},{\"@type\":\"ImageObject\",\"inLanguage\":\"es-ES\",\"@id\":\"https:\/\/www.academiabuenosaires.com\/es\/cursos-tarifas\/centro-examen-dele\/#primaryimage\",\"url\":\"http:\/\/www.academiabuenosaires.com\/wp-content\/uploads\/2018\/08\/logo-dele-test-center-160x160.png\",\"contentUrl\":\"http:\/\/www.academiabuenosaires.com\/wp-content\/uploads\/2018\/08\/logo-dele-test-center-160x160.png\"},{\"@type\":\"BreadcrumbList\",\"@id\":\"https:\/\/www.academiabuenosaires.com\/es\/cursos-tarifas\/centro-examen-dele\/#breadcrumb\",\"itemListElement\":[{\"@type\":\"ListItem\",\"position\":1,\"name\":\"Home\",\"item\":\"https:\/\/www.academiabuenosaires.com\/es\/\"},{\"@type\":\"ListItem\",\"position\":2,\"name\":\"Cursos &#038; tarifas\",\"item\":\"https:\/\/www.academiabuenosaires.com\/es\/cursos-tarifas\/\"},{\"@type\":\"ListItem\",\"position\":3,\"name\":\"Centro examen DELE\"}]},{\"@type\":\"WebSite\",\"@id\":\"https:\/\/www.academiabuenosaires.com\/es\/#website\",\"url\":\"https:\/\/www.academiabuenosaires.com\/es\/\",\"name\":\"Academia Buenos Aires\",\"description\":\"spanish courses\",\"potentialAction\":[{\"@type\":\"SearchAction\",\"target\":{\"@type\":\"EntryPoint\",\"urlTemplate\":\"https:\/\/www.academiabuenosaires.com\/es\/?s={search_term_string}\"},\"query-input\":{\"@type\":\"PropertyValueSpecification\",\"valueRequired\":true,\"valueName\":\"search_term_string\"}}],\"inLanguage\":\"es-ES\"}]}<\/script>\n<!-- \/ Yoast SEO plugin. -->","yoast_head_json":{"title":"Centro examen DELE - Academia Buenos Aires","robots":{"index":"index","follow":"follow","max-snippet":"max-snippet:-1","max-image-preview":"max-image-preview:large","max-video-preview":"max-video-preview:-1"},"canonical":"https:\/\/www.academiabuenosaires.com\/es\/cursos-tarifas\/centro-examen-dele\/","og_locale":"es_ES","og_type":"article","og_title":"Centro examen DELE - Academia Buenos Aires","og_description":"Academia\u00a0Buenos Aires es centro acreditado para la administraci\u00f3n y evaluaci\u00f3n del examen internacional de espa\u00f1ol DELE (Diploma de Espa\u00f1ol como Lengua Extranjera), el cual se ofrece en 6 (seis)\u00a0niveles diferentes, en varias convocatorias por a\u00f1o, en Argentina (\u00fanicamente en formato presencial). El DELE es\u00a0 probablemente el examen de lengua espa\u00f1ola m\u00e1s importante en todo el [&hellip;]","og_url":"https:\/\/www.academiabuenosaires.com\/es\/cursos-tarifas\/centro-examen-dele\/","og_site_name":"Academia Buenos Aires","article_modified_time":"2026-03-18T14:35:04+00:00","og_image":[{"width":425,"height":425,"url":"https:\/\/www.academiabuenosaires.com\/wp-content\/uploads\/2018\/08\/logo-dele-test-center.png","type":"image\/png"}],"twitter_misc":{"Est. reading time":"3 minutes"},"schema":{"@context":"https:\/\/schema.org","@graph":[{"@type":"WebPage","@id":"https:\/\/www.academiabuenosaires.com\/es\/cursos-tarifas\/centro-examen-dele\/","url":"https:\/\/www.academiabuenosaires.com\/es\/cursos-tarifas\/centro-examen-dele\/","name":"Centro examen DELE - Academia Buenos Aires","isPartOf":{"@id":"https:\/\/www.academiabuenosaires.com\/es\/#website"},"primaryImageOfPage":{"@id":"https:\/\/www.academiabuenosaires.com\/es\/cursos-tarifas\/centro-examen-dele\/#primaryimage"},"image":{"@id":"https:\/\/www.academiabuenosaires.com\/es\/cursos-tarifas\/centro-examen-dele\/#primaryimage"},"thumbnailUrl":"http:\/\/www.academiabuenosaires.com\/wp-content\/uploads\/2018\/08\/logo-dele-test-center-160x160.png","datePublished":"2018-08-02T02:35:11+00:00","dateModified":"2026-03-18T14:35:04+00:00","breadcrumb":{"@id":"https:\/\/www.academiabuenosaires.com\/es\/cursos-tarifas\/centro-examen-dele\/#breadcrumb"},"inLanguage":"es-ES","potentialAction":[{"@type":"ReadAction","target":["https:\/\/www.academiabuenosaires.com\/es\/cursos-tarifas\/centro-examen-dele\/"]}]},{"@type":"ImageObject","inLanguage":"es-ES","@id":"https:\/\/www.academiabuenosaires.com\/es\/cursos-tarifas\/centro-examen-dele\/#primaryimage","url":"http:\/\/www.academiabuenosaires.com\/wp-content\/uploads\/2018\/08\/logo-dele-test-center-160x160.png","contentUrl":"http:\/\/www.academiabuenosaires.com\/wp-content\/uploads\/2018\/08\/logo-dele-test-center-160x160.png"},{"@type":"BreadcrumbList","@id":"https:\/\/www.academiabuenosaires.com\/es\/cursos-tarifas\/centro-examen-dele\/#breadcrumb","itemListElement":[{"@type":"ListItem","position":1,"name":"Home","item":"https:\/\/www.academiabuenosaires.com\/es\/"},{"@type":"ListItem","position":2,"name":"Cursos &#038; tarifas","item":"https:\/\/www.academiabuenosaires.com\/es\/cursos-tarifas\/"},{"@type":"ListItem","position":3,"name":"Centro examen DELE"}]},{"@type":"WebSite","@id":"https:\/\/www.academiabuenosaires.com\/es\/#website","url":"https:\/\/www.academiabuenosaires.com\/es\/","name":"Academia Buenos Aires","description":"spanish courses","potentialAction":[{"@type":"SearchAction","target":{"@type":"EntryPoint","urlTemplate":"https:\/\/www.academiabuenosaires.com\/es\/?s={search_term_string}"},"query-input":{"@type":"PropertyValueSpecification","valueRequired":true,"valueName":"search_term_string"}}],"inLanguage":"es-ES"}]}},"_links":{"self":[{"href":"https:\/\/www.academiabuenosaires.com\/es\/wp-json\/wp\/v2\/pages\/5482","targetHints":{"allow":["GET"]}}],"collection":[{"href":"https:\/\/www.academiabuenosaires.com\/es\/wp-json\/wp\/v2\/pages"}],"about":[{"href":"https:\/\/www.academiabuenosaires.com\/es\/wp-json\/wp\/v2\/types\/page"}],"author":[{"embeddable":true,"href":"https:\/\/www.academiabuenosaires.com\/es\/wp-json\/wp\/v2\/users\/7"}],"replies":[{"embeddable":true,"href":"https:\/\/www.academiabuenosaires.com\/es\/wp-json\/wp\/v2\/comments?post=5482"}],"version-history":[{"count":0,"href":"https:\/\/www.academiabuenosaires.com\/es\/wp-json\/wp\/v2\/pages\/5482\/revisions"}],"up":[{"embeddable":true,"href":"https:\/\/www.academiabuenosaires.com\/es\/wp-json\/wp\/v2\/pages\/1095"}],"wp:attachment":[{"href":"https:\/\/www.academiabuenosaires.com\/es\/wp-json\/wp\/v2\/media?parent=5482"}],"curies":[{"name":"wp","href":"https:\/\/api.w.org\/{rel}","templated":true}]}}