
{"id":3682,"date":"2014-03-05T01:02:03","date_gmt":"2014-03-05T04:02:03","guid":{"rendered":"https:\/\/www.academiabuenosaires.com\/?page_id=3682"},"modified":"2024-08-23T16:00:34","modified_gmt":"2024-08-23T19:00:34","slug":"util","status":"publish","type":"page","link":"https:\/\/www.academiabuenosaires.com\/es\/util\/","title":{"rendered":"\u00datil"},"content":{"rendered":"<h3><strong>Enlaces e informaci\u00f3n \u00fatiles<\/strong><\/h3>\n<p><strong>Traslado desde el aeropuerto<\/strong><\/p>\n<p>Es muy probable que usted llegue al aeropuerto internacional de Buenos Aires, aeropuerto Ministro Pistarini, conocido como Ezeiza (EZE).\u00a0Para que usted tenga el comienzo m\u00e1s simple y conveniente en Buenos Aires, nos complace ofrecerle el servicio de traslado desde el aeropuerto hasta su destino en la ciudad \u2013casa, hostel, hotel, etc. Si ha elegido esta opci\u00f3n, usted tomar\u00e1 un auto de \u201cOn Baires\u201d, un servicio de auto con chofer que lo llevar\u00e1 hasta su alojamiento. En el aeropuerto internacional de Ezeiza, On Baires\u00a0tiene su mostrador justo despu\u00e9s de migraciones, sobre el lado izquierdo. El personal de On Baires\u00a0lo estar\u00e1 esperando en su mostrador, usted deber\u00e1 presentarse all\u00ed y ser\u00e1 trasladado directamente a su direcci\u00f3n. On Baires\u00a0no le cobrar\u00e1 por el traslado (usted har\u00e1 el pago correspondiente en Academia).<\/p>\n<p>Tan pronto como salga de migraciones, usted ver\u00e1 que muchas personas le ofrecen servicios de traslado a la capital. Nosotros le recomendamos no aceptar estos servicios que suelen aprovecharse de los turistas.<\/p>\n<p><strong>\u00bfC\u00f3mo pagar online?<\/strong><br \/> <a href=\"http:\/\/goo.gl\/cLl1lI\" target=\"_blank\">http:\/\/goo.gl\/cLl1lI<\/a><\/p>\n<p><strong>Estudiar espa\u00f1ol en otras ciudades<\/strong><\/p>\n<p>Usted puede continuar con sus estudios de espa\u00f1ol en nuestras otras escuelas en Montevideo o en Bariloche. Si est\u00e1 interesado en otras escuelas de espa\u00f1ol de la regi\u00f3n, por favor, consulte con nosotros por descuentos.<\/p>\n<p><u>Escuelas bajo la misma direcci\u00f3n<\/u><br \/> Montevideo, Uruguay: <a title=\"Academia Uruguay Spanish courses in Montevideo\" href=\"http:\/\/www.academiauruguay.com\" target=\"_blank\">www.academiauruguay.com<\/a><\/p>\n<p><u>Nuestras escuelas asociadas en la regi\u00f3n<\/u><br \/> Santiago, Chile: \u00a0<a title=\"Tandem Santiago spanish school\" href=\"http:\/\/www.tandemsantiago.cl\" target=\"_blank\">www.tandemsantiago.cl<\/a><br \/> Cordoba, Argentina: <a title=\"SET Cordoba spanish courses\" href=\"http:\/\/www.learningspanish.com.ar\" target=\"_blank\">www.learningspanish.com.ar<\/a><br \/> Mendoza, Argentina: <a title=\"Intercultural Mendoza Spanish courses\" href=\"http:\/\/www.intercultural.com.ar\" target=\"_blank\">www.intercultural.com.ar<\/a><\/p>\n<p><strong>Salud<\/strong><\/p>\n<p>Hospital Alem\u00e1n : <a title=\"German hospital\" href=\"http:\/\/www.hospitalaleman.org.ar\" target=\"_blank\">www.hospitalaleman.org.ar<\/a><\/p>\n<p><strong>Turismo responsable<\/strong><br \/> Toda una lista de proveedores de hoteles, hostels, agencias de turismo, etc.\u00a0<\/p>\n<p><strong>Gu\u00edas <\/strong><br \/> Footprint: <a href=\"http:\/\/www.footprinttravelguides.com\/latin-america\/argentina\/\" target=\"_blank\">www.footprinttravelguides.com\/latin-america\/argentina\/<\/a><br \/> Lonely Planet: <a href=\"http:\/\/www.lonelyplanet.com\" target=\"_blank\">www.lonelyplanet.com<\/a><\/p>\n<p><strong>Agencias de turismo<\/strong><br \/> Hay muchas agencias de viajes y turismo. Por turismo responsable, ingrese en\u00a0<a href=\"http:\/\/andatravel.com.ar\/\">http:\/\/andatravel.com.ar\/<\/a><\/p>\n<p><strong>Noticias \u2013 \u00a1Est\u00e9 al d\u00eda!<\/strong><br \/> <a href=\"http:\/\/www.clarin.com\" target=\"_blank\">www.clarin.com<\/a><br \/> <a href=\"http:\/\/www.pagina12.com.ar\" target=\"_blank\">www.pagina12.com.ar<\/a><br \/> <a href=\"http:\/\/www.lanacion.com.ar\" target=\"_blank\">www.lanacion.com.ar<\/a><\/p>\n<p><strong>Qu\u00e9 hacer en Buenos Aires<\/strong><\/p>\n<p><a href=\"http:\/\/www.buenosaires.gov.ar\" target=\"_blank\">www.buenosaires.gov.ar<\/a><\/p>\n","protected":false},"excerpt":{"rendered":"<p>Enlaces e informaci\u00f3n \u00fatiles Traslado desde el aeropuerto Es muy probable que usted llegue al aeropuerto internacional de Buenos Aires, aeropuerto Ministro Pistarini, conocido como Ezeiza (EZE).\u00a0Para que usted tenga el comienzo m\u00e1s simple y conveniente en Buenos Aires, nos complace ofrecerle el servicio de traslado desde el aeropuerto hasta su destino en la ciudad [&hellip;]<\/p>\n","protected":false},"author":5,"featured_media":0,"parent":0,"menu_order":38,"comment_status":"closed","ping_status":"closed","template":"","meta":{"footnotes":""},"class_list":["post-3682","page","type-page","status-publish","hentry","entry"],"yoast_head":"<!-- This site is optimized with the Yoast SEO plugin v26.0 - https:\/\/yoast.com\/wordpress\/plugins\/seo\/ -->\n<title>\u00datil - Academia Buenos Aires<\/title>\n<meta name=\"robots\" content=\"index, follow, max-snippet:-1, max-image-preview:large, max-video-preview:-1\" \/>\n<link rel=\"canonical\" href=\"https:\/\/www.academiabuenosaires.com\/es\/util\/\" \/>\n<meta property=\"og:locale\" content=\"es_ES\" \/>\n<meta property=\"og:type\" content=\"article\" \/>\n<meta property=\"og:title\" content=\"\u00datil - Academia Buenos Aires\" \/>\n<meta property=\"og:description\" content=\"Enlaces e informaci\u00f3n \u00fatiles Traslado desde el aeropuerto Es muy probable que usted llegue al aeropuerto internacional de Buenos Aires, aeropuerto Ministro Pistarini, conocido como Ezeiza (EZE).\u00a0Para que usted tenga el comienzo m\u00e1s simple y conveniente en Buenos Aires, nos complace ofrecerle el servicio de traslado desde el aeropuerto hasta su destino en la ciudad [&hellip;]\" \/>\n<meta property=\"og:url\" content=\"https:\/\/www.academiabuenosaires.com\/es\/util\/\" \/>\n<meta property=\"og:site_name\" content=\"Academia Buenos Aires\" \/>\n<meta property=\"article:modified_time\" content=\"2024-08-23T19:00:34+00:00\" \/>\n<meta name=\"twitter:label1\" content=\"Est. reading time\" \/>\n\t<meta name=\"twitter:data1\" content=\"2 minutes\" \/>\n<script type=\"application\/ld+json\" class=\"yoast-schema-graph\">{\"@context\":\"https:\/\/schema.org\",\"@graph\":[{\"@type\":\"WebPage\",\"@id\":\"https:\/\/www.academiabuenosaires.com\/es\/util\/\",\"url\":\"https:\/\/www.academiabuenosaires.com\/es\/util\/\",\"name\":\"\u00datil - Academia Buenos Aires\",\"isPartOf\":{\"@id\":\"https:\/\/www.academiabuenosaires.com\/es\/#website\"},\"datePublished\":\"2014-03-05T04:02:03+00:00\",\"dateModified\":\"2024-08-23T19:00:34+00:00\",\"breadcrumb\":{\"@id\":\"https:\/\/www.academiabuenosaires.com\/es\/util\/#breadcrumb\"},\"inLanguage\":\"es-ES\",\"potentialAction\":[{\"@type\":\"ReadAction\",\"target\":[\"https:\/\/www.academiabuenosaires.com\/es\/util\/\"]}]},{\"@type\":\"BreadcrumbList\",\"@id\":\"https:\/\/www.academiabuenosaires.com\/es\/util\/#breadcrumb\",\"itemListElement\":[{\"@type\":\"ListItem\",\"position\":1,\"name\":\"Home\",\"item\":\"https:\/\/www.academiabuenosaires.com\/es\/\"},{\"@type\":\"ListItem\",\"position\":2,\"name\":\"\u00datil\"}]},{\"@type\":\"WebSite\",\"@id\":\"https:\/\/www.academiabuenosaires.com\/es\/#website\",\"url\":\"https:\/\/www.academiabuenosaires.com\/es\/\",\"name\":\"Academia Buenos Aires\",\"description\":\"spanish courses\",\"potentialAction\":[{\"@type\":\"SearchAction\",\"target\":{\"@type\":\"EntryPoint\",\"urlTemplate\":\"https:\/\/www.academiabuenosaires.com\/es\/?s={search_term_string}\"},\"query-input\":{\"@type\":\"PropertyValueSpecification\",\"valueRequired\":true,\"valueName\":\"search_term_string\"}}],\"inLanguage\":\"es-ES\"}]}<\/script>\n<!-- \/ Yoast SEO plugin. -->","yoast_head_json":{"title":"\u00datil - Academia Buenos Aires","robots":{"index":"index","follow":"follow","max-snippet":"max-snippet:-1","max-image-preview":"max-image-preview:large","max-video-preview":"max-video-preview:-1"},"canonical":"https:\/\/www.academiabuenosaires.com\/es\/util\/","og_locale":"es_ES","og_type":"article","og_title":"\u00datil - Academia Buenos Aires","og_description":"Enlaces e informaci\u00f3n \u00fatiles Traslado desde el aeropuerto Es muy probable que usted llegue al aeropuerto internacional de Buenos Aires, aeropuerto Ministro Pistarini, conocido como Ezeiza (EZE).\u00a0Para que usted tenga el comienzo m\u00e1s simple y conveniente en Buenos Aires, nos complace ofrecerle el servicio de traslado desde el aeropuerto hasta su destino en la ciudad [&hellip;]","og_url":"https:\/\/www.academiabuenosaires.com\/es\/util\/","og_site_name":"Academia Buenos Aires","article_modified_time":"2024-08-23T19:00:34+00:00","twitter_misc":{"Est. reading time":"2 minutes"},"schema":{"@context":"https:\/\/schema.org","@graph":[{"@type":"WebPage","@id":"https:\/\/www.academiabuenosaires.com\/es\/util\/","url":"https:\/\/www.academiabuenosaires.com\/es\/util\/","name":"\u00datil - Academia Buenos Aires","isPartOf":{"@id":"https:\/\/www.academiabuenosaires.com\/es\/#website"},"datePublished":"2014-03-05T04:02:03+00:00","dateModified":"2024-08-23T19:00:34+00:00","breadcrumb":{"@id":"https:\/\/www.academiabuenosaires.com\/es\/util\/#breadcrumb"},"inLanguage":"es-ES","potentialAction":[{"@type":"ReadAction","target":["https:\/\/www.academiabuenosaires.com\/es\/util\/"]}]},{"@type":"BreadcrumbList","@id":"https:\/\/www.academiabuenosaires.com\/es\/util\/#breadcrumb","itemListElement":[{"@type":"ListItem","position":1,"name":"Home","item":"https:\/\/www.academiabuenosaires.com\/es\/"},{"@type":"ListItem","position":2,"name":"\u00datil"}]},{"@type":"WebSite","@id":"https:\/\/www.academiabuenosaires.com\/es\/#website","url":"https:\/\/www.academiabuenosaires.com\/es\/","name":"Academia Buenos Aires","description":"spanish courses","potentialAction":[{"@type":"SearchAction","target":{"@type":"EntryPoint","urlTemplate":"https:\/\/www.academiabuenosaires.com\/es\/?s={search_term_string}"},"query-input":{"@type":"PropertyValueSpecification","valueRequired":true,"valueName":"search_term_string"}}],"inLanguage":"es-ES"}]}},"_links":{"self":[{"href":"https:\/\/www.academiabuenosaires.com\/es\/wp-json\/wp\/v2\/pages\/3682","targetHints":{"allow":["GET"]}}],"collection":[{"href":"https:\/\/www.academiabuenosaires.com\/es\/wp-json\/wp\/v2\/pages"}],"about":[{"href":"https:\/\/www.academiabuenosaires.com\/es\/wp-json\/wp\/v2\/types\/page"}],"author":[{"embeddable":true,"href":"https:\/\/www.academiabuenosaires.com\/es\/wp-json\/wp\/v2\/users\/5"}],"replies":[{"embeddable":true,"href":"https:\/\/www.academiabuenosaires.com\/es\/wp-json\/wp\/v2\/comments?post=3682"}],"version-history":[{"count":0,"href":"https:\/\/www.academiabuenosaires.com\/es\/wp-json\/wp\/v2\/pages\/3682\/revisions"}],"wp:attachment":[{"href":"https:\/\/www.academiabuenosaires.com\/es\/wp-json\/wp\/v2\/media?parent=3682"}],"curies":[{"name":"wp","href":"https:\/\/api.w.org\/{rel}","templated":true}]}}