
{"id":3304,"date":"2013-11-19T20:41:40","date_gmt":"2013-11-19T20:41:40","guid":{"rendered":"https:\/\/www.academiabuenosaires.com\/?page_id=3304"},"modified":"2013-11-19T20:41:40","modified_gmt":"2013-11-19T20:41:40","slug":"creditos","status":"publish","type":"page","link":"https:\/\/www.academiabuenosaires.com\/es\/creditos\/","title":{"rendered":"Cr\u00e9ditos"},"content":{"rendered":"<p>Dise\u00f1o web:<\/p>\n<p>Fr\u00e9d\u00e9ric Kalfon<\/p>\n<p>&nbsp;<\/p>\n<p>Programaci\u00f3n:<\/p>\n<p>Andreas Hempfling<\/p>\n<p>&nbsp;<\/p>\n<p>Gesti\u00f3n del proyecto:<\/p>\n<p>Anna M\u00e1tyus<\/p>\n<p>&nbsp;<\/p>\n<p>Textos:<\/p>\n<p>Utz Hoeser, Anna M\u00e1tyus<\/p>\n<p>&nbsp;<\/p>\n<p>Im\u00e1genes:<\/p>\n<p>Diana Apolinario, Anna M\u00e1tyus, Utz Hoeser, Foto Ruta, Voluntario Global<\/p>\n","protected":false},"excerpt":{"rendered":"<p>Dise\u00f1o web: Fr\u00e9d\u00e9ric Kalfon &nbsp; Programaci\u00f3n: Andreas Hempfling &nbsp; Gesti\u00f3n del proyecto: Anna M\u00e1tyus &nbsp; Textos: Utz Hoeser, Anna M\u00e1tyus &nbsp; Im\u00e1genes: Diana Apolinario, Anna M\u00e1tyus, Utz Hoeser, Foto Ruta, Voluntario Global<\/p>\n","protected":false},"author":5,"featured_media":0,"parent":0,"menu_order":38,"comment_status":"closed","ping_status":"closed","template":"","meta":{"footnotes":""},"class_list":["post-3304","page","type-page","status-publish","hentry","entry"],"yoast_head":"<!-- This site is optimized with the Yoast SEO plugin v26.0 - https:\/\/yoast.com\/wordpress\/plugins\/seo\/ -->\n<title>Cr\u00e9ditos - Academia Buenos Aires<\/title>\n<meta name=\"robots\" content=\"index, follow, max-snippet:-1, max-image-preview:large, max-video-preview:-1\" \/>\n<link rel=\"canonical\" href=\"https:\/\/www.academiabuenosaires.com\/es\/creditos\/\" \/>\n<meta property=\"og:locale\" content=\"es_ES\" \/>\n<meta property=\"og:type\" content=\"article\" \/>\n<meta property=\"og:title\" content=\"Cr\u00e9ditos - Academia Buenos Aires\" \/>\n<meta property=\"og:description\" content=\"Dise\u00f1o web: Fr\u00e9d\u00e9ric Kalfon &nbsp; Programaci\u00f3n: Andreas Hempfling &nbsp; Gesti\u00f3n del proyecto: Anna M\u00e1tyus &nbsp; Textos: Utz Hoeser, Anna M\u00e1tyus &nbsp; Im\u00e1genes: Diana Apolinario, Anna M\u00e1tyus, Utz Hoeser, Foto Ruta, Voluntario Global\" \/>\n<meta property=\"og:url\" content=\"https:\/\/www.academiabuenosaires.com\/es\/creditos\/\" \/>\n<meta property=\"og:site_name\" content=\"Academia Buenos Aires\" \/>\n<script type=\"application\/ld+json\" class=\"yoast-schema-graph\">{\"@context\":\"https:\/\/schema.org\",\"@graph\":[{\"@type\":\"WebPage\",\"@id\":\"https:\/\/www.academiabuenosaires.com\/es\/creditos\/\",\"url\":\"https:\/\/www.academiabuenosaires.com\/es\/creditos\/\",\"name\":\"Cr\u00e9ditos - Academia Buenos Aires\",\"isPartOf\":{\"@id\":\"https:\/\/www.academiabuenosaires.com\/es\/#website\"},\"datePublished\":\"2013-11-19T20:41:40+00:00\",\"breadcrumb\":{\"@id\":\"https:\/\/www.academiabuenosaires.com\/es\/creditos\/#breadcrumb\"},\"inLanguage\":\"es-ES\",\"potentialAction\":[{\"@type\":\"ReadAction\",\"target\":[\"https:\/\/www.academiabuenosaires.com\/es\/creditos\/\"]}]},{\"@type\":\"BreadcrumbList\",\"@id\":\"https:\/\/www.academiabuenosaires.com\/es\/creditos\/#breadcrumb\",\"itemListElement\":[{\"@type\":\"ListItem\",\"position\":1,\"name\":\"Home\",\"item\":\"https:\/\/www.academiabuenosaires.com\/es\/\"},{\"@type\":\"ListItem\",\"position\":2,\"name\":\"Cr\u00e9ditos\"}]},{\"@type\":\"WebSite\",\"@id\":\"https:\/\/www.academiabuenosaires.com\/es\/#website\",\"url\":\"https:\/\/www.academiabuenosaires.com\/es\/\",\"name\":\"Academia Buenos Aires\",\"description\":\"spanish courses\",\"potentialAction\":[{\"@type\":\"SearchAction\",\"target\":{\"@type\":\"EntryPoint\",\"urlTemplate\":\"https:\/\/www.academiabuenosaires.com\/es\/?s={search_term_string}\"},\"query-input\":{\"@type\":\"PropertyValueSpecification\",\"valueRequired\":true,\"valueName\":\"search_term_string\"}}],\"inLanguage\":\"es-ES\"}]}<\/script>\n<!-- \/ Yoast SEO plugin. -->","yoast_head_json":{"title":"Cr\u00e9ditos - Academia Buenos Aires","robots":{"index":"index","follow":"follow","max-snippet":"max-snippet:-1","max-image-preview":"max-image-preview:large","max-video-preview":"max-video-preview:-1"},"canonical":"https:\/\/www.academiabuenosaires.com\/es\/creditos\/","og_locale":"es_ES","og_type":"article","og_title":"Cr\u00e9ditos - Academia Buenos Aires","og_description":"Dise\u00f1o web: Fr\u00e9d\u00e9ric Kalfon &nbsp; Programaci\u00f3n: Andreas Hempfling &nbsp; Gesti\u00f3n del proyecto: Anna M\u00e1tyus &nbsp; Textos: Utz Hoeser, Anna M\u00e1tyus &nbsp; Im\u00e1genes: Diana Apolinario, Anna M\u00e1tyus, Utz Hoeser, Foto Ruta, Voluntario Global","og_url":"https:\/\/www.academiabuenosaires.com\/es\/creditos\/","og_site_name":"Academia Buenos Aires","schema":{"@context":"https:\/\/schema.org","@graph":[{"@type":"WebPage","@id":"https:\/\/www.academiabuenosaires.com\/es\/creditos\/","url":"https:\/\/www.academiabuenosaires.com\/es\/creditos\/","name":"Cr\u00e9ditos - Academia Buenos Aires","isPartOf":{"@id":"https:\/\/www.academiabuenosaires.com\/es\/#website"},"datePublished":"2013-11-19T20:41:40+00:00","breadcrumb":{"@id":"https:\/\/www.academiabuenosaires.com\/es\/creditos\/#breadcrumb"},"inLanguage":"es-ES","potentialAction":[{"@type":"ReadAction","target":["https:\/\/www.academiabuenosaires.com\/es\/creditos\/"]}]},{"@type":"BreadcrumbList","@id":"https:\/\/www.academiabuenosaires.com\/es\/creditos\/#breadcrumb","itemListElement":[{"@type":"ListItem","position":1,"name":"Home","item":"https:\/\/www.academiabuenosaires.com\/es\/"},{"@type":"ListItem","position":2,"name":"Cr\u00e9ditos"}]},{"@type":"WebSite","@id":"https:\/\/www.academiabuenosaires.com\/es\/#website","url":"https:\/\/www.academiabuenosaires.com\/es\/","name":"Academia Buenos Aires","description":"spanish courses","potentialAction":[{"@type":"SearchAction","target":{"@type":"EntryPoint","urlTemplate":"https:\/\/www.academiabuenosaires.com\/es\/?s={search_term_string}"},"query-input":{"@type":"PropertyValueSpecification","valueRequired":true,"valueName":"search_term_string"}}],"inLanguage":"es-ES"}]}},"_links":{"self":[{"href":"https:\/\/www.academiabuenosaires.com\/es\/wp-json\/wp\/v2\/pages\/3304","targetHints":{"allow":["GET"]}}],"collection":[{"href":"https:\/\/www.academiabuenosaires.com\/es\/wp-json\/wp\/v2\/pages"}],"about":[{"href":"https:\/\/www.academiabuenosaires.com\/es\/wp-json\/wp\/v2\/types\/page"}],"author":[{"embeddable":true,"href":"https:\/\/www.academiabuenosaires.com\/es\/wp-json\/wp\/v2\/users\/5"}],"replies":[{"embeddable":true,"href":"https:\/\/www.academiabuenosaires.com\/es\/wp-json\/wp\/v2\/comments?post=3304"}],"version-history":[{"count":0,"href":"https:\/\/www.academiabuenosaires.com\/es\/wp-json\/wp\/v2\/pages\/3304\/revisions"}],"wp:attachment":[{"href":"https:\/\/www.academiabuenosaires.com\/es\/wp-json\/wp\/v2\/media?parent=3304"}],"curies":[{"name":"wp","href":"https:\/\/api.w.org\/{rel}","templated":true}]}}