
{"id":2994,"date":"2013-11-03T16:29:20","date_gmt":"2013-11-03T16:29:20","guid":{"rendered":"https:\/\/www.academiabuenosaires.com\/?page_id=2994"},"modified":"2014-04-30T20:16:37","modified_gmt":"2014-04-30T23:16:37","slug":"lecturas","status":"publish","type":"page","link":"https:\/\/www.academiabuenosaires.com\/es\/buenos-aires-y-argentina\/nuestras-recomendaciones\/lecturas\/","title":{"rendered":"Para leer"},"content":{"rendered":"<p>Libros de viajes sobre Argentina<\/p>\n<ul>\n<li>Bruce Chatwin, <i>In Patagonia (1977)<\/i> \u2013 Chatwin lo lleva con \u00e9l a lo largo de su traves\u00eda por Patagonia.<\/li>\n<li>Charles Darwin, <i>El voyage of the Beagle (1839)<\/i> <i>\u2013<\/i> El libro describe la expedici\u00f3n de Darwin a Tierra del Fuego que le llev\u00f3 casi cinco a\u00f1os, en lugar de los dos a\u00f1os planificados en primera instancia.<a title=\"Motorcycle diaries\" href=\"http:\/\/goo.gl\/Ohx1Us\" target=\"_blank\"><img loading=\"lazy\" decoding=\"async\" class=\"size-full wp-image-3043 alignright\" alt=\"academia-buenos-aires-che-guevara-book\" src=\"https:\/\/www.academiabuenosaires.com\/wp-content\/uploads\/2013\/10\/academia-buenos-aires-che-guevara-book.jpg\" width=\"180\" height=\"345\" data-id=\"3043\" srcset=\"https:\/\/www.academiabuenosaires.com\/wp-content\/uploads\/2013\/10\/academia-buenos-aires-che-guevara-book.jpg 180w, https:\/\/www.academiabuenosaires.com\/wp-content\/uploads\/2013\/10\/academia-buenos-aires-che-guevara-book-83x160.jpg 83w, https:\/\/www.academiabuenosaires.com\/wp-content\/uploads\/2013\/10\/academia-buenos-aires-che-guevara-book-176x338.jpg 176w\" sizes=\"auto, (max-width: 180px) 100vw, 180px\" \/><\/a> <i><\/i><\/li>\n<li><i>Diarios de motocicleta (ed. 1993) <\/i>\u2013 Diario del viaje en motocicleta a trav\u00e9s de Sudam\u00e9rica realizado por Ernesto \u2018Che\u2019 Guevara junto a su amigo Alberto Granado.<\/li>\n<\/ul>\n<p>Literatura<\/p>\n<ul>\n<li>Jorge Luis Borges, <i>El Aleph (1945)<\/i> \u2013 El m\u00e1s aclamado autor argentino.<\/li>\n<li>Julio Cort\u00e1zar, <i>Rayuela (1966)<\/i> \u2013 Usted puede leer este libro seg\u00fan el orden secuencial de sus cap\u00edtulos o siguiendo las instrucciones adjuntas, \u201csaltando\u201d de un cap\u00edtulo a otro.<\/li>\n<li>Horacio Quiroga, <i>Cuentos de Amor, de Locura y de Muerte (1917)<\/i> \u2013 Nacido en Uruguay. Maestro del cuento corto latinoamericano, frecuentemente comparado con Edgar Allan Poe.<\/li>\n<li>Manuel Puig, <i>Cae la Noche Tropical (1988)<\/i> \u2013 Como en una novela de la tarde, dos hermanas, se\u00f1oras \u201cbien\u201d de Buenos Aires que viven en R\u00edo de Janeiro, evocan el pasado y conversan sobre los amores de una vecina m\u00e1s joven, argentina y exiliada pol\u00edtica (como el mismo escritor lo fue).<\/li>\n<li>Alejandro Dolina, <i>Cr\u00f3nicas del \u00c1ngel Gris (1988) \u2013 <\/i>Uno de los libros m\u00e1s porte\u00f1os de Argentina.<\/li>\n<\/ul>\n","protected":false},"excerpt":{"rendered":"<p>Libros de viajes sobre Argentina Bruce Chatwin, In Patagonia (1977) \u2013 Chatwin lo lleva con \u00e9l a lo largo de su traves\u00eda por Patagonia. Charles Darwin, El voyage of the Beagle (1839) \u2013 El libro describe la expedici\u00f3n de Darwin a Tierra del Fuego que le llev\u00f3 casi cinco a\u00f1os, en lugar de los dos [&hellip;]<\/p>\n","protected":false},"author":5,"featured_media":0,"parent":2838,"menu_order":0,"comment_status":"closed","ping_status":"closed","template":"our-recomm.php","meta":{"footnotes":""},"class_list":["post-2994","page","type-page","status-publish","hentry","entry"],"yoast_head":"<!-- This site is optimized with the Yoast SEO plugin v26.0 - https:\/\/yoast.com\/wordpress\/plugins\/seo\/ -->\n<title>Para leer - Academia Buenos Aires<\/title>\n<meta name=\"robots\" content=\"index, follow, max-snippet:-1, max-image-preview:large, max-video-preview:-1\" \/>\n<link rel=\"canonical\" href=\"https:\/\/www.academiabuenosaires.com\/es\/buenos-aires-y-argentina\/nuestras-recomendaciones\/lecturas\/\" \/>\n<meta property=\"og:locale\" content=\"es_ES\" \/>\n<meta property=\"og:type\" content=\"article\" \/>\n<meta property=\"og:title\" content=\"Para leer - Academia Buenos Aires\" \/>\n<meta property=\"og:description\" content=\"Libros de viajes sobre Argentina Bruce Chatwin, In Patagonia (1977) \u2013 Chatwin lo lleva con \u00e9l a lo largo de su traves\u00eda por Patagonia. Charles Darwin, El voyage of the Beagle (1839) \u2013 El libro describe la expedici\u00f3n de Darwin a Tierra del Fuego que le llev\u00f3 casi cinco a\u00f1os, en lugar de los dos [&hellip;]\" \/>\n<meta property=\"og:url\" content=\"https:\/\/www.academiabuenosaires.com\/es\/buenos-aires-y-argentina\/nuestras-recomendaciones\/lecturas\/\" \/>\n<meta property=\"og:site_name\" content=\"Academia Buenos Aires\" \/>\n<meta property=\"article:modified_time\" content=\"2014-04-30T23:16:37+00:00\" \/>\n<meta property=\"og:image\" content=\"https:\/\/www.academiabuenosaires.com\/wp-content\/uploads\/2013\/10\/academia-buenos-aires-che-guevara-book.jpg\" \/>\n<meta name=\"twitter:label1\" content=\"Est. reading time\" \/>\n\t<meta name=\"twitter:data1\" content=\"1 minute\" \/>\n<script type=\"application\/ld+json\" class=\"yoast-schema-graph\">{\"@context\":\"https:\/\/schema.org\",\"@graph\":[{\"@type\":\"WebPage\",\"@id\":\"https:\/\/www.academiabuenosaires.com\/es\/buenos-aires-y-argentina\/nuestras-recomendaciones\/lecturas\/\",\"url\":\"https:\/\/www.academiabuenosaires.com\/es\/buenos-aires-y-argentina\/nuestras-recomendaciones\/lecturas\/\",\"name\":\"Para leer - Academia Buenos Aires\",\"isPartOf\":{\"@id\":\"https:\/\/www.academiabuenosaires.com\/es\/#website\"},\"primaryImageOfPage\":{\"@id\":\"https:\/\/www.academiabuenosaires.com\/es\/buenos-aires-y-argentina\/nuestras-recomendaciones\/lecturas\/#primaryimage\"},\"image\":{\"@id\":\"https:\/\/www.academiabuenosaires.com\/es\/buenos-aires-y-argentina\/nuestras-recomendaciones\/lecturas\/#primaryimage\"},\"thumbnailUrl\":\"https:\/\/www.academiabuenosaires.com\/wp-content\/uploads\/2013\/10\/academia-buenos-aires-che-guevara-book.jpg\",\"datePublished\":\"2013-11-03T16:29:20+00:00\",\"dateModified\":\"2014-04-30T23:16:37+00:00\",\"breadcrumb\":{\"@id\":\"https:\/\/www.academiabuenosaires.com\/es\/buenos-aires-y-argentina\/nuestras-recomendaciones\/lecturas\/#breadcrumb\"},\"inLanguage\":\"es-ES\",\"potentialAction\":[{\"@type\":\"ReadAction\",\"target\":[\"https:\/\/www.academiabuenosaires.com\/es\/buenos-aires-y-argentina\/nuestras-recomendaciones\/lecturas\/\"]}]},{\"@type\":\"ImageObject\",\"inLanguage\":\"es-ES\",\"@id\":\"https:\/\/www.academiabuenosaires.com\/es\/buenos-aires-y-argentina\/nuestras-recomendaciones\/lecturas\/#primaryimage\",\"url\":\"https:\/\/www.academiabuenosaires.com\/wp-content\/uploads\/2013\/10\/academia-buenos-aires-che-guevara-book.jpg\",\"contentUrl\":\"https:\/\/www.academiabuenosaires.com\/wp-content\/uploads\/2013\/10\/academia-buenos-aires-che-guevara-book.jpg\"},{\"@type\":\"BreadcrumbList\",\"@id\":\"https:\/\/www.academiabuenosaires.com\/es\/buenos-aires-y-argentina\/nuestras-recomendaciones\/lecturas\/#breadcrumb\",\"itemListElement\":[{\"@type\":\"ListItem\",\"position\":1,\"name\":\"Home\",\"item\":\"https:\/\/www.academiabuenosaires.com\/es\/\"},{\"@type\":\"ListItem\",\"position\":2,\"name\":\"Buenos Aires &#038; Argentina\",\"item\":\"https:\/\/www.academiabuenosaires.com\/es\/buenos-aires-y-argentina\/\"},{\"@type\":\"ListItem\",\"position\":3,\"name\":\"Nuestras recomendaciones\",\"item\":\"https:\/\/www.academiabuenosaires.com\/es\/buenos-aires-y-argentina\/nuestras-recomendaciones\/\"},{\"@type\":\"ListItem\",\"position\":4,\"name\":\"Para leer\"}]},{\"@type\":\"WebSite\",\"@id\":\"https:\/\/www.academiabuenosaires.com\/es\/#website\",\"url\":\"https:\/\/www.academiabuenosaires.com\/es\/\",\"name\":\"Academia Buenos Aires\",\"description\":\"spanish courses\",\"potentialAction\":[{\"@type\":\"SearchAction\",\"target\":{\"@type\":\"EntryPoint\",\"urlTemplate\":\"https:\/\/www.academiabuenosaires.com\/es\/?s={search_term_string}\"},\"query-input\":{\"@type\":\"PropertyValueSpecification\",\"valueRequired\":true,\"valueName\":\"search_term_string\"}}],\"inLanguage\":\"es-ES\"}]}<\/script>\n<!-- \/ Yoast SEO plugin. -->","yoast_head_json":{"title":"Para leer - Academia Buenos Aires","robots":{"index":"index","follow":"follow","max-snippet":"max-snippet:-1","max-image-preview":"max-image-preview:large","max-video-preview":"max-video-preview:-1"},"canonical":"https:\/\/www.academiabuenosaires.com\/es\/buenos-aires-y-argentina\/nuestras-recomendaciones\/lecturas\/","og_locale":"es_ES","og_type":"article","og_title":"Para leer - Academia Buenos Aires","og_description":"Libros de viajes sobre Argentina Bruce Chatwin, In Patagonia (1977) \u2013 Chatwin lo lleva con \u00e9l a lo largo de su traves\u00eda por Patagonia. Charles Darwin, El voyage of the Beagle (1839) \u2013 El libro describe la expedici\u00f3n de Darwin a Tierra del Fuego que le llev\u00f3 casi cinco a\u00f1os, en lugar de los dos [&hellip;]","og_url":"https:\/\/www.academiabuenosaires.com\/es\/buenos-aires-y-argentina\/nuestras-recomendaciones\/lecturas\/","og_site_name":"Academia Buenos Aires","article_modified_time":"2014-04-30T23:16:37+00:00","og_image":[{"url":"https:\/\/www.academiabuenosaires.com\/wp-content\/uploads\/2013\/10\/academia-buenos-aires-che-guevara-book.jpg","type":"","width":"","height":""}],"twitter_misc":{"Est. reading time":"1 minute"},"schema":{"@context":"https:\/\/schema.org","@graph":[{"@type":"WebPage","@id":"https:\/\/www.academiabuenosaires.com\/es\/buenos-aires-y-argentina\/nuestras-recomendaciones\/lecturas\/","url":"https:\/\/www.academiabuenosaires.com\/es\/buenos-aires-y-argentina\/nuestras-recomendaciones\/lecturas\/","name":"Para leer - Academia Buenos Aires","isPartOf":{"@id":"https:\/\/www.academiabuenosaires.com\/es\/#website"},"primaryImageOfPage":{"@id":"https:\/\/www.academiabuenosaires.com\/es\/buenos-aires-y-argentina\/nuestras-recomendaciones\/lecturas\/#primaryimage"},"image":{"@id":"https:\/\/www.academiabuenosaires.com\/es\/buenos-aires-y-argentina\/nuestras-recomendaciones\/lecturas\/#primaryimage"},"thumbnailUrl":"https:\/\/www.academiabuenosaires.com\/wp-content\/uploads\/2013\/10\/academia-buenos-aires-che-guevara-book.jpg","datePublished":"2013-11-03T16:29:20+00:00","dateModified":"2014-04-30T23:16:37+00:00","breadcrumb":{"@id":"https:\/\/www.academiabuenosaires.com\/es\/buenos-aires-y-argentina\/nuestras-recomendaciones\/lecturas\/#breadcrumb"},"inLanguage":"es-ES","potentialAction":[{"@type":"ReadAction","target":["https:\/\/www.academiabuenosaires.com\/es\/buenos-aires-y-argentina\/nuestras-recomendaciones\/lecturas\/"]}]},{"@type":"ImageObject","inLanguage":"es-ES","@id":"https:\/\/www.academiabuenosaires.com\/es\/buenos-aires-y-argentina\/nuestras-recomendaciones\/lecturas\/#primaryimage","url":"https:\/\/www.academiabuenosaires.com\/wp-content\/uploads\/2013\/10\/academia-buenos-aires-che-guevara-book.jpg","contentUrl":"https:\/\/www.academiabuenosaires.com\/wp-content\/uploads\/2013\/10\/academia-buenos-aires-che-guevara-book.jpg"},{"@type":"BreadcrumbList","@id":"https:\/\/www.academiabuenosaires.com\/es\/buenos-aires-y-argentina\/nuestras-recomendaciones\/lecturas\/#breadcrumb","itemListElement":[{"@type":"ListItem","position":1,"name":"Home","item":"https:\/\/www.academiabuenosaires.com\/es\/"},{"@type":"ListItem","position":2,"name":"Buenos Aires &#038; Argentina","item":"https:\/\/www.academiabuenosaires.com\/es\/buenos-aires-y-argentina\/"},{"@type":"ListItem","position":3,"name":"Nuestras recomendaciones","item":"https:\/\/www.academiabuenosaires.com\/es\/buenos-aires-y-argentina\/nuestras-recomendaciones\/"},{"@type":"ListItem","position":4,"name":"Para leer"}]},{"@type":"WebSite","@id":"https:\/\/www.academiabuenosaires.com\/es\/#website","url":"https:\/\/www.academiabuenosaires.com\/es\/","name":"Academia Buenos Aires","description":"spanish courses","potentialAction":[{"@type":"SearchAction","target":{"@type":"EntryPoint","urlTemplate":"https:\/\/www.academiabuenosaires.com\/es\/?s={search_term_string}"},"query-input":{"@type":"PropertyValueSpecification","valueRequired":true,"valueName":"search_term_string"}}],"inLanguage":"es-ES"}]}},"_links":{"self":[{"href":"https:\/\/www.academiabuenosaires.com\/es\/wp-json\/wp\/v2\/pages\/2994","targetHints":{"allow":["GET"]}}],"collection":[{"href":"https:\/\/www.academiabuenosaires.com\/es\/wp-json\/wp\/v2\/pages"}],"about":[{"href":"https:\/\/www.academiabuenosaires.com\/es\/wp-json\/wp\/v2\/types\/page"}],"author":[{"embeddable":true,"href":"https:\/\/www.academiabuenosaires.com\/es\/wp-json\/wp\/v2\/users\/5"}],"replies":[{"embeddable":true,"href":"https:\/\/www.academiabuenosaires.com\/es\/wp-json\/wp\/v2\/comments?post=2994"}],"version-history":[{"count":0,"href":"https:\/\/www.academiabuenosaires.com\/es\/wp-json\/wp\/v2\/pages\/2994\/revisions"}],"up":[{"embeddable":true,"href":"https:\/\/www.academiabuenosaires.com\/es\/wp-json\/wp\/v2\/pages\/2838"}],"wp:attachment":[{"href":"https:\/\/www.academiabuenosaires.com\/es\/wp-json\/wp\/v2\/media?parent=2994"}],"curies":[{"name":"wp","href":"https:\/\/api.w.org\/{rel}","templated":true}]}}