
{"id":2993,"date":"2013-11-03T16:20:36","date_gmt":"2013-11-03T16:20:36","guid":{"rendered":"https:\/\/www.academiabuenosaires.com\/?page_id=2993"},"modified":"2014-04-30T20:08:43","modified_gmt":"2014-04-30T23:08:43","slug":"paseando","status":"publish","type":"page","link":"https:\/\/www.academiabuenosaires.com\/es\/buenos-aires-y-argentina\/descubra-argentina\/paseando\/","title":{"rendered":"Paseando"},"content":{"rendered":"<p>El tama\u00f1o del pa\u00eds y las limitaciones de tiempo usualmente justifican tomar un <strong>avi\u00f3n<\/strong> para viajar por el pa\u00eds o al exterior. Buenos Aires tiene dos aeropuertos: los vuelos internaciones llegan a Ezeiza, a unos cuarenta minutos del centro de Buenos Aires; mientras que los vuelos de cabotaje y regionales llegan al Aeroparque Jorge Newbery, a unos veinte minutos del centro en taxi. Hay actualmente dos grandes aerol\u00edneas operando para vuelos nacionales. Los precios var\u00edan por temporada y en algunos casos son m\u00e1s altos para extranjeros. El costo promedio de un pasaje ida y vuelta en un vuelo nacional puede variar entre US$ 200 y US$ 500. Volar del extremo norte al sur lleva alrededor de cinco horas. Los vuelos deben ser reservados localmente. Es posible hacer viajes s\u00f3lo de ida. Usted puede visitar los sitios de <a href=\"http:\/\/www.aerolineas.com.ar\/Welcome\">Aerol\u00edneas Argentina<\/a> y de <a href=\"http:\/\/www.lan.com\/es_ar\/sitio_personas\/index.htmlhttp:\/www.lan.com\/es_ar\/sitio_personas\/index.html\">LAN <\/a>por vuelos y horarios.<\/p>\n<p>De las grandes aerol\u00edneas internacionales operan: Aeroflot, Avianca, Aerol\u00edneas Argentinas, Air France, American Airlines, Alitalia, Aeroperu, Austral, BQB, British Airways, Canadian Airlines, Dinar, Iberia, KLM, Lan Chile, Lloyd Aero Boliviano, Lufthansa, Malaysia Airlines, South African Airways, Swissair, TAM, Vasp.<\/p>\n<p>Viajar en <strong>micro<\/strong> (buses de larga distancia) por Latinoam\u00e9rica puede cambiar sus preconceptos acerca de las traves\u00edas en \u00f3mnibus. Los micros de larga distancia son r\u00e1pidos y c\u00f3modos; algunos inclusive proveen comidas a bordo. La mayor\u00eda de las tarifas son relativamente baratas para los est\u00e1ndares internacionales, pero los precios pueden fluctuar. Los viajes pueden ser bastante largos e incluir usualmente una noche (Buenos Aires-Ushuaia, por ejemplo: 48 horas). Puede ver y comparar las tarifas y opciones de varias empresas de micros <a title=\"plataforma10\" href=\"www.plataforma10.com.ar\" target=\"_blank\">aqu\u00ed<\/a>.<\/p>\n<p>Operadores privados manejan algunas de las l\u00edneas <strong>ferroviarias<\/strong>, mientras que otras est\u00e1n bajo control p\u00fablico. Salvo excepciones, han mostrado poco inter\u00e9s en mantener el servicio en las l\u00edneas de pasajeros, incluso en las superpobladas y desfinanciadas l\u00edneas urbanas y suburbanas de Buenos Aires. Una l\u00ednea a rescatar es la que conecta por la costa Buenos Aires y Bah\u00eda Blanca. Una l\u00ednea m\u00e1s bien lenta ahora conecta Buenos Aires con la provincia de Formosa en el norte. Y otra nueva l\u00ednea va de la costa atl\u00e1ntica bonaerense a la patag\u00f3nica ciudad de San Mart\u00edn de los Andes.<\/p>\n<p>&nbsp;<\/p>\n","protected":false},"excerpt":{"rendered":"<p>El tama\u00f1o del pa\u00eds y las limitaciones de tiempo usualmente justifican tomar un avi\u00f3n para viajar por el pa\u00eds o al exterior. Buenos Aires tiene dos aeropuertos: los vuelos internaciones llegan a Ezeiza, a unos cuarenta minutos del centro de Buenos Aires; mientras que los vuelos de cabotaje y regionales llegan al Aeroparque Jorge Newbery, [&hellip;]<\/p>\n","protected":false},"author":5,"featured_media":0,"parent":2836,"menu_order":12,"comment_status":"closed","ping_status":"closed","template":"discover-arg.php","meta":{"footnotes":""},"class_list":["post-2993","page","type-page","status-publish","hentry","entry"],"yoast_head":"<!-- This site is optimized with the Yoast SEO plugin v26.0 - https:\/\/yoast.com\/wordpress\/plugins\/seo\/ -->\n<title>Paseando - Academia Buenos Aires<\/title>\n<meta name=\"robots\" content=\"index, follow, max-snippet:-1, max-image-preview:large, max-video-preview:-1\" \/>\n<link rel=\"canonical\" href=\"https:\/\/www.academiabuenosaires.com\/es\/buenos-aires-y-argentina\/descubra-argentina\/paseando\/\" \/>\n<meta property=\"og:locale\" content=\"es_ES\" \/>\n<meta property=\"og:type\" content=\"article\" \/>\n<meta property=\"og:title\" content=\"Paseando - Academia Buenos Aires\" \/>\n<meta property=\"og:description\" content=\"El tama\u00f1o del pa\u00eds y las limitaciones de tiempo usualmente justifican tomar un avi\u00f3n para viajar por el pa\u00eds o al exterior. Buenos Aires tiene dos aeropuertos: los vuelos internaciones llegan a Ezeiza, a unos cuarenta minutos del centro de Buenos Aires; mientras que los vuelos de cabotaje y regionales llegan al Aeroparque Jorge Newbery, [&hellip;]\" \/>\n<meta property=\"og:url\" content=\"https:\/\/www.academiabuenosaires.com\/es\/buenos-aires-y-argentina\/descubra-argentina\/paseando\/\" \/>\n<meta property=\"og:site_name\" content=\"Academia Buenos Aires\" \/>\n<meta property=\"article:modified_time\" content=\"2014-04-30T23:08:43+00:00\" \/>\n<meta name=\"twitter:label1\" content=\"Est. reading time\" \/>\n\t<meta name=\"twitter:data1\" content=\"2 minutes\" \/>\n<script type=\"application\/ld+json\" class=\"yoast-schema-graph\">{\"@context\":\"https:\/\/schema.org\",\"@graph\":[{\"@type\":\"WebPage\",\"@id\":\"https:\/\/www.academiabuenosaires.com\/es\/buenos-aires-y-argentina\/descubra-argentina\/paseando\/\",\"url\":\"https:\/\/www.academiabuenosaires.com\/es\/buenos-aires-y-argentina\/descubra-argentina\/paseando\/\",\"name\":\"Paseando - Academia Buenos Aires\",\"isPartOf\":{\"@id\":\"https:\/\/www.academiabuenosaires.com\/es\/#website\"},\"datePublished\":\"2013-11-03T16:20:36+00:00\",\"dateModified\":\"2014-04-30T23:08:43+00:00\",\"breadcrumb\":{\"@id\":\"https:\/\/www.academiabuenosaires.com\/es\/buenos-aires-y-argentina\/descubra-argentina\/paseando\/#breadcrumb\"},\"inLanguage\":\"es-ES\",\"potentialAction\":[{\"@type\":\"ReadAction\",\"target\":[\"https:\/\/www.academiabuenosaires.com\/es\/buenos-aires-y-argentina\/descubra-argentina\/paseando\/\"]}]},{\"@type\":\"BreadcrumbList\",\"@id\":\"https:\/\/www.academiabuenosaires.com\/es\/buenos-aires-y-argentina\/descubra-argentina\/paseando\/#breadcrumb\",\"itemListElement\":[{\"@type\":\"ListItem\",\"position\":1,\"name\":\"Home\",\"item\":\"https:\/\/www.academiabuenosaires.com\/es\/\"},{\"@type\":\"ListItem\",\"position\":2,\"name\":\"Buenos Aires &#038; Argentina\",\"item\":\"https:\/\/www.academiabuenosaires.com\/es\/buenos-aires-y-argentina\/\"},{\"@type\":\"ListItem\",\"position\":3,\"name\":\"Descubra Argentina\",\"item\":\"https:\/\/www.academiabuenosaires.com\/es\/buenos-aires-y-argentina\/descubra-argentina\/\"},{\"@type\":\"ListItem\",\"position\":4,\"name\":\"Paseando\"}]},{\"@type\":\"WebSite\",\"@id\":\"https:\/\/www.academiabuenosaires.com\/es\/#website\",\"url\":\"https:\/\/www.academiabuenosaires.com\/es\/\",\"name\":\"Academia Buenos Aires\",\"description\":\"spanish courses\",\"potentialAction\":[{\"@type\":\"SearchAction\",\"target\":{\"@type\":\"EntryPoint\",\"urlTemplate\":\"https:\/\/www.academiabuenosaires.com\/es\/?s={search_term_string}\"},\"query-input\":{\"@type\":\"PropertyValueSpecification\",\"valueRequired\":true,\"valueName\":\"search_term_string\"}}],\"inLanguage\":\"es-ES\"}]}<\/script>\n<!-- \/ Yoast SEO plugin. -->","yoast_head_json":{"title":"Paseando - Academia Buenos Aires","robots":{"index":"index","follow":"follow","max-snippet":"max-snippet:-1","max-image-preview":"max-image-preview:large","max-video-preview":"max-video-preview:-1"},"canonical":"https:\/\/www.academiabuenosaires.com\/es\/buenos-aires-y-argentina\/descubra-argentina\/paseando\/","og_locale":"es_ES","og_type":"article","og_title":"Paseando - Academia Buenos Aires","og_description":"El tama\u00f1o del pa\u00eds y las limitaciones de tiempo usualmente justifican tomar un avi\u00f3n para viajar por el pa\u00eds o al exterior. Buenos Aires tiene dos aeropuertos: los vuelos internaciones llegan a Ezeiza, a unos cuarenta minutos del centro de Buenos Aires; mientras que los vuelos de cabotaje y regionales llegan al Aeroparque Jorge Newbery, [&hellip;]","og_url":"https:\/\/www.academiabuenosaires.com\/es\/buenos-aires-y-argentina\/descubra-argentina\/paseando\/","og_site_name":"Academia Buenos Aires","article_modified_time":"2014-04-30T23:08:43+00:00","twitter_misc":{"Est. reading time":"2 minutes"},"schema":{"@context":"https:\/\/schema.org","@graph":[{"@type":"WebPage","@id":"https:\/\/www.academiabuenosaires.com\/es\/buenos-aires-y-argentina\/descubra-argentina\/paseando\/","url":"https:\/\/www.academiabuenosaires.com\/es\/buenos-aires-y-argentina\/descubra-argentina\/paseando\/","name":"Paseando - Academia Buenos Aires","isPartOf":{"@id":"https:\/\/www.academiabuenosaires.com\/es\/#website"},"datePublished":"2013-11-03T16:20:36+00:00","dateModified":"2014-04-30T23:08:43+00:00","breadcrumb":{"@id":"https:\/\/www.academiabuenosaires.com\/es\/buenos-aires-y-argentina\/descubra-argentina\/paseando\/#breadcrumb"},"inLanguage":"es-ES","potentialAction":[{"@type":"ReadAction","target":["https:\/\/www.academiabuenosaires.com\/es\/buenos-aires-y-argentina\/descubra-argentina\/paseando\/"]}]},{"@type":"BreadcrumbList","@id":"https:\/\/www.academiabuenosaires.com\/es\/buenos-aires-y-argentina\/descubra-argentina\/paseando\/#breadcrumb","itemListElement":[{"@type":"ListItem","position":1,"name":"Home","item":"https:\/\/www.academiabuenosaires.com\/es\/"},{"@type":"ListItem","position":2,"name":"Buenos Aires &#038; Argentina","item":"https:\/\/www.academiabuenosaires.com\/es\/buenos-aires-y-argentina\/"},{"@type":"ListItem","position":3,"name":"Descubra Argentina","item":"https:\/\/www.academiabuenosaires.com\/es\/buenos-aires-y-argentina\/descubra-argentina\/"},{"@type":"ListItem","position":4,"name":"Paseando"}]},{"@type":"WebSite","@id":"https:\/\/www.academiabuenosaires.com\/es\/#website","url":"https:\/\/www.academiabuenosaires.com\/es\/","name":"Academia Buenos Aires","description":"spanish courses","potentialAction":[{"@type":"SearchAction","target":{"@type":"EntryPoint","urlTemplate":"https:\/\/www.academiabuenosaires.com\/es\/?s={search_term_string}"},"query-input":{"@type":"PropertyValueSpecification","valueRequired":true,"valueName":"search_term_string"}}],"inLanguage":"es-ES"}]}},"_links":{"self":[{"href":"https:\/\/www.academiabuenosaires.com\/es\/wp-json\/wp\/v2\/pages\/2993","targetHints":{"allow":["GET"]}}],"collection":[{"href":"https:\/\/www.academiabuenosaires.com\/es\/wp-json\/wp\/v2\/pages"}],"about":[{"href":"https:\/\/www.academiabuenosaires.com\/es\/wp-json\/wp\/v2\/types\/page"}],"author":[{"embeddable":true,"href":"https:\/\/www.academiabuenosaires.com\/es\/wp-json\/wp\/v2\/users\/5"}],"replies":[{"embeddable":true,"href":"https:\/\/www.academiabuenosaires.com\/es\/wp-json\/wp\/v2\/comments?post=2993"}],"version-history":[{"count":0,"href":"https:\/\/www.academiabuenosaires.com\/es\/wp-json\/wp\/v2\/pages\/2993\/revisions"}],"up":[{"embeddable":true,"href":"https:\/\/www.academiabuenosaires.com\/es\/wp-json\/wp\/v2\/pages\/2836"}],"wp:attachment":[{"href":"https:\/\/www.academiabuenosaires.com\/es\/wp-json\/wp\/v2\/media?parent=2993"}],"curies":[{"name":"wp","href":"https:\/\/api.w.org\/{rel}","templated":true}]}}