
{"id":2972,"date":"2013-11-03T12:14:33","date_gmt":"2013-11-03T12:14:33","guid":{"rendered":"https:\/\/www.academiabuenosaires.com\/?page_id=2972"},"modified":"2023-01-02T18:55:42","modified_gmt":"2023-01-02T21:55:42","slug":"formacion-docente1","status":"publish","type":"page","link":"https:\/\/www.academiabuenosaires.com\/es\/formacion-docente1\/","title":{"rendered":"Formaci\u00f3n docente"},"content":{"rendered":"<p><span style=\"font-weight: 400;\">\u00bfQuer\u00e9s ser profesor de espa\u00f1ol? En Academia Buenos Aires contamos con cursos de formaci\u00f3n destinados a ayudarte en este camino.<\/span><\/p>\n<h3><strong>Curso de formaci\u00f3n para profesores de E\/LE (Espa\u00f1ol Lengua Extranjera) en modalidad virtual\u00a0<\/strong><\/h3>\n<p><span style=\"font-weight: 400;\">El curso de formaci\u00f3n para profesores de E\/LE en modalidad virtual est\u00e1 dirigido a quienes quieran iniciarse en el mundo de la ense\u00f1anza de espa\u00f1ol para extranjeros. Se centra tanto en la metodolog\u00eda como en la pr\u00e1ctica. Buscamos dotar a los participantes de herramientas b\u00e1sicas que les permitan planificar una clase de espa\u00f1ol. A lo largo de los encuentros se analizan diversos enfoques sobre el proceso de ense\u00f1anza-aprendizaje de la lengua extranjera y sus implicancias en los roles de profesores y estudiantes, la ense\u00f1anza de la Gram\u00e1tica, el desarrollo de materiales did\u00e1cticos y la aplicaci\u00f3n de tareas comunicativas. Adem\u00e1s, los estudiantes deben resolver tareas te\u00f3rico-pr\u00e1cticas en base a los contenidos trabajados en clase.\u00a0Tambi\u00e9n cuentan con observaci\u00f3n de clases grabadas.<br \/> <\/span><\/p>\n<p><span style=\"font-weight: 400;\"><img loading=\"lazy\" decoding=\"async\" class=\" wp-image-5784 size-full aligncenter\" src=\"http:\/\/www.academiabuenosaires.com\/wp-content\/uploads\/2013\/11\/students-in-break-at-academia-uruguay.jpg\" alt=\"formaci\u00f3n docente Espa\u00f1ol Lengua Extranjera para profesores\" width=\"940\" height=\"400\" data-id=\"5784\" srcset=\"https:\/\/www.academiabuenosaires.com\/wp-content\/uploads\/2013\/11\/students-in-break-at-academia-uruguay.jpg 940w, https:\/\/www.academiabuenosaires.com\/wp-content\/uploads\/2013\/11\/students-in-break-at-academia-uruguay-160x68.jpg 160w, https:\/\/www.academiabuenosaires.com\/wp-content\/uploads\/2013\/11\/students-in-break-at-academia-uruguay-338x144.jpg 338w\" sizes=\"auto, (max-width: 940px) 100vw, 940px\" \/><\/span><\/p>\n<table style=\"height: 204px;\" width=\"706\" cellpadding=\"5\">\n<tbody>\n<tr>\n<td style=\"background-color: #dbd5d5; border-color: #7a7777;\"><b>12 semanas.\u00a0<\/b><span style=\"font-weight: 400;\">Aprox. 6h por semana.<\/span><\/td>\n<\/tr>\n<tr>\n<td style=\"background-color: #dbd5d5; border-color: #7a7777;\"><strong>100% en l\u00ednea.<\/strong> Clases en vivo y trabajo en plataforma virtual.<\/td>\n<\/tr>\n<tr>\n<td style=\"background-color: #dbd5d5; border-color: #7a7777;\"><strong>Certificado.<\/strong>\u00a0<a href=\"https:\/\/www.academiabuenosaires.com\/es\/certificado\/\" target=\"_blank\">Ver ejemplo de certificado<\/a><\/td>\n<\/tr>\n<tr>\n<td style=\"background-color: #dbd5d5; border-color: #7a7777;\"><strong>10 clases de 3,5h<\/strong>. Material te\u00f3rico y tareas.<\/td>\n<\/tr>\n<tr>\n<td style=\"background-color: #dbd5d5; border-color: #7a7777;\"><strong><a href=\"https:\/\/www.academiabuenosaires.com\/es\/formacion-docente1\/precios-y-formas-de-pago\/\" target=\"_blank\">Precios y formas de pago<\/a><\/strong><\/td>\n<\/tr>\n<tr>\n<td style=\"background-color: #dbd5d5; border-color: #7a7777;\"><strong><a href=\"https:\/\/www.academiabuenosaires.com\/es\/formacion-docente1\/fechas-y-horarios-2\/\" target=\"_blank\">Pr\u00f3ximas fechas<\/a><\/strong><\/td>\n<\/tr>\n<\/tbody>\n<\/table>\n<p>&nbsp;<\/p>\n<p><strong>+ Perfil de los participantes<\/strong><\/p>\n<p>La formaci\u00f3n est\u00e1 orientada principalmente a estudiantes o egresados de la carrera de Letras o afines: profesores de idiomas, traductores, correctores de estilo, etc. En caso de no ser hispanohablante nativo, ser\u00e1 obligatorio acreditar al menos un nivel C1 de espa\u00f1ol. No se requiere experiencia previa ni formaci\u00f3n espec\u00edfica en la ense\u00f1anza de lenguas extranjeras. En caso de no cumplir con dicho perfil, el aspirante deber\u00e1 cursar previamente el M\u00f3dulo de Gram\u00e1tica de nivel inicial (A1-A2) para adquirir herramientas que le permitan aprovechar mejor los contenidos del curso.<\/p>\n<p><strong>+ Metodolog\u00eda<\/strong><\/p>\n<p><span style=\"font-weight: 400;\">A pesar de tratarse de un curso en l\u00ednea, buscamos que durante los encuentros se genere la misma din\u00e1mica de trabajo que se genera en clases presenciales. Por eso, la participaci\u00f3n activa de los estudiantes es un requisito fundamental. Las clases se desarrollan de manera sincr\u00f3nica a modo de taller, donde el tutor o la tutora conduce debates a partir de las lecturas propuestas y de las experiencias personales de cada uno. Pedimos que, en la medida de lo posible, los estudiantes tengan siempre la c\u00e1mara y el micr\u00f3fono habilitados para mantener una conversaci\u00f3n fluida.\u00a0<\/span><\/p>\n<p><span style=\"font-weight: 400;\">Luego de cada encuentro los estudiantes deben resolver distintos tipos de tareas te\u00f3rico-pr\u00e1cticas orientadas a que pongan en uso los conceptos trabajados. Cuando haya entregas, deber\u00e1n hacerse antes del encuentro siguiente. El curso cuenta con un enfoque basado en la acci\u00f3n y en la reflexi\u00f3n, en el que se llega al conocimiento de forma activa y colaborativa, a trav\u00e9s de un proceso de descubrimiento. El tutor o la tutora acompa\u00f1a al grupo y hace devoluciones de las entregas, con el fin de enriquecerlas. Algunas tareas se realizan de forma individual y otras en peque\u00f1os grupos o parejas. <\/span><\/p>\n<p><strong>+ Certificaci\u00f3n<\/strong><\/p>\n<p><span style=\"font-weight: 400;\">Una vez aprobado el curso, luego de haber completado de manera satisfactoria la entrega final, el alumno recibir\u00e1 un certificado emitido por Academia Buenos Aires que incluye el sello de la escuela y el de Centro Acreditado por el Instituto Cervantes. All\u00ed se indicar\u00e1 el curso realizado, la cantidad de horas y la calificaci\u00f3n final. Tambi\u00e9n se le brindar\u00e1 un anal\u00edtico con sus calificaciones parciales.<\/span><\/p>\n<p><strong>+ Programa<\/strong><\/p>\n<p><span style=\"font-weight: 400;\">1)<\/span> <span style=\"font-weight: 400;\">M\u00f3dulo ense\u00f1anza de espa\u00f1ol como lengua extranjera<\/span><\/p>\n<ul>\n<li><span style=\"font-weight: 400;\">Enfoques y m\u00e9todos en la ense\u00f1anza de ELE<\/span><\/li>\n<li><span style=\"font-weight: 400;\">MCER: niveles y contenidos<\/span><\/li>\n<li><span style=\"font-weight: 400;\">An\u00e1lisis cr\u00edtico de materiales: criterios para su selecci\u00f3n y uso<\/span><\/li>\n<li><span style=\"font-weight: 400;\">Contenido sociocultural en la clase de espa\u00f1ol<\/span><\/li>\n<li><span style=\"font-weight: 400;\">Espa\u00f1ol e interculturalidad<\/span><\/li>\n<\/ul>\n<p><span style=\"font-weight: 400;\">\u00a02)<\/span> <span style=\"font-weight: 400;\">M\u00f3dulo din\u00e1mica de clase<\/span><\/p>\n<ul>\n<li><span style=\"font-weight: 400;\">El rol del profesor en la clase<\/span><\/li>\n<li><span style=\"font-weight: 400;\">El rol del estudiante en la clase<\/span><\/li>\n<li><span style=\"font-weight: 400;\">Uso del lenguaje e instrucciones<\/span><\/li>\n<li><span style=\"font-weight: 400;\">Gram\u00e1tica: el aprendizaje mediante descubrimiento guiado<\/span><\/li>\n<li><span style=\"font-weight: 400;\">Manejo de grupos: aprendizaje colaborativo<\/span><\/li>\n<li><span style=\"font-weight: 400;\">Correcci\u00f3n de errores<\/span><\/li>\n<li><span style=\"font-weight: 400;\">Tratamiento de dudas seg\u00fan el nivel<\/span><\/li>\n<\/ul>\n<p><span style=\"font-weight: 400;\">3) <\/span><span style=\"font-weight: 400;\">M\u00f3dulo pr\u00e1ctico<\/span><\/p>\n<ul>\n<li><span style=\"font-weight: 400;\">Dise\u00f1o y planificaci\u00f3n de clases<\/span><\/li>\n<li><span style=\"font-weight: 400;\">An\u00e1lisis cr\u00edtico y creaci\u00f3n de recursos did\u00e1cticos<\/span><\/li>\n<li><span style=\"font-weight: 400;\">Componente l\u00fadico en la clase de espa\u00f1ol<\/span><\/li>\n<li><span style=\"font-weight: 400;\">Evaluaci\u00f3n<\/span><\/li>\n<li><span style=\"font-weight: 400;\">Aprendizaje reflexivo<\/span><\/li>\n<\/ul>\n<h4><span style=\"color: #3366ff;\"><strong><a style=\"color: #3366ff;\" href=\"https:\/\/mcusercontent.com\/fc844800f40e83c32afb50408\/files\/61373c1d-4dc4-7a7a-8d75-b8f09db342d8\/Programa_Curso_de_formaci\u00f3n_para_profesores_ELE_enero2022.02.pdf\" target=\"_blank\">M\u00e1s informaci\u00f3n<\/a><\/strong><\/span><\/h4>\n<h3>\u00a0<\/h3>\n<h3><b>M\u00f3dulos de Gram\u00e1tica para profesores de espa\u00f1ol<\/b><\/h3>\n<p><span style=\"font-weight: 400;\">Estos cursos buscan hacer conscientes a los estudiantes de algunos conceptos gramaticales que ya utilizan por ser hablantes nativos de la lengua y acercarlos a los contenidos m\u00e1s relevantes que se suelen abordar en una clase de espa\u00f1ol como lengua extranjera.<\/span><\/p>\n<h4><span style=\"color: #3366ff;\"><strong><a style=\"color: #3366ff;\" href=\"https:\/\/www.academiabuenosaires.com\/es\/formacion-docente1\/modulo-de-gramatica\/\" target=\"_blank\">M\u00e1s informaci\u00f3n<\/a><\/strong><\/span><\/h4>\n<p>&nbsp;<\/p>\n<h3><b>Tutor\u00edas privadas para profesores de espa\u00f1ol<\/b><\/h3>\n<p><span style=\"font-weight: 400;\">Las tutor\u00edas privadas con docentes especializados est\u00e1n pensadas para ayudar a profesores o futuros profesores de espa\u00f1ol que necesiten trabajar en base a sus objetivos personales sobre algunos elementos puntuales de la ense\u00f1anza de la lengua. El programa es personalizado: se crea en funci\u00f3n de sus necesidades e intereses.<\/span><\/p>\n<h4><span style=\"color: #3366ff;\"><strong><a style=\"color: #3366ff;\" href=\"https:\/\/www.academiabuenosaires.com\/es\/formacion-docente1\/tutorias-privadas\/\" target=\"_blank\">M\u00e1s informaci\u00f3n<\/a><\/strong><\/span><\/h4>\n<p>&nbsp;<\/p>\n<h3>Talleres y webinars<\/h3>\n<p><span style=\"font-weight: 400;\">A lo largo del a\u00f1o ofrecemos distintos talleres cortos y webinars relacionados con la ense\u00f1anza de lenguas.\u00a0<\/span><\/p>\n<h4><span style=\"color: #3366ff;\"><strong><a style=\"color: #3366ff;\" href=\"https:\/\/www.academiabuenosaires.com\/es\/formacion-docente1\/talleres\/\" target=\"_blank\">M\u00e1s informaci\u00f3n<\/a><\/strong><\/span><\/h4>\n<p>&nbsp;<\/p>\n<h3><b>Inscripciones y consultas<\/b><\/h3>\n<h4><span style=\"font-weight: 400;\">Por mail a <\/span><strong><span style=\"color: #3366ff;\"><a style=\"color: #3366ff;\" href=\"mailto:formacion@academiabuenosaires.com\">formacion@academiabuenosaires.com<\/a><\/span><\/strong><\/h4>\n","protected":false},"excerpt":{"rendered":"<p>\u00bfQuer\u00e9s ser profesor de espa\u00f1ol? En Academia Buenos Aires contamos con cursos de formaci\u00f3n destinados a ayudarte en este camino. Curso de formaci\u00f3n para profesores de E\/LE (Espa\u00f1ol Lengua Extranjera) en modalidad virtual\u00a0 El curso de formaci\u00f3n para profesores de E\/LE en modalidad virtual est\u00e1 dirigido a quienes quieran iniciarse en el mundo de la [&hellip;]<\/p>\n","protected":false},"author":5,"featured_media":0,"parent":0,"menu_order":38,"comment_status":"closed","ping_status":"closed","template":"","meta":{"footnotes":""},"class_list":["post-2972","page","type-page","status-publish","hentry","entry"],"yoast_head":"<!-- This site is optimized with the Yoast SEO plugin v26.0 - https:\/\/yoast.com\/wordpress\/plugins\/seo\/ -->\n<title>Formaci\u00f3n docente - Academia Buenos Aires<\/title>\n<meta name=\"robots\" content=\"index, follow, max-snippet:-1, max-image-preview:large, max-video-preview:-1\" \/>\n<link rel=\"canonical\" href=\"https:\/\/www.academiabuenosaires.com\/es\/formacion-docente1\/\" \/>\n<meta property=\"og:locale\" content=\"es_ES\" \/>\n<meta property=\"og:type\" content=\"article\" \/>\n<meta property=\"og:title\" content=\"Formaci\u00f3n docente - Academia Buenos Aires\" \/>\n<meta property=\"og:description\" content=\"\u00bfQuer\u00e9s ser profesor de espa\u00f1ol? En Academia Buenos Aires contamos con cursos de formaci\u00f3n destinados a ayudarte en este camino. Curso de formaci\u00f3n para profesores de E\/LE (Espa\u00f1ol Lengua Extranjera) en modalidad virtual\u00a0 El curso de formaci\u00f3n para profesores de E\/LE en modalidad virtual est\u00e1 dirigido a quienes quieran iniciarse en el mundo de la [&hellip;]\" \/>\n<meta property=\"og:url\" content=\"https:\/\/www.academiabuenosaires.com\/es\/formacion-docente1\/\" \/>\n<meta property=\"og:site_name\" content=\"Academia Buenos Aires\" \/>\n<meta property=\"article:modified_time\" content=\"2023-01-02T21:55:42+00:00\" \/>\n<meta property=\"og:image\" content=\"http:\/\/www.academiabuenosaires.com\/wp-content\/uploads\/2013\/11\/students-in-break-at-academia-uruguay.jpg\" \/>\n<meta name=\"twitter:label1\" content=\"Est. reading time\" \/>\n\t<meta name=\"twitter:data1\" content=\"4 minutes\" \/>\n<script type=\"application\/ld+json\" class=\"yoast-schema-graph\">{\"@context\":\"https:\/\/schema.org\",\"@graph\":[{\"@type\":\"WebPage\",\"@id\":\"https:\/\/www.academiabuenosaires.com\/es\/formacion-docente1\/\",\"url\":\"https:\/\/www.academiabuenosaires.com\/es\/formacion-docente1\/\",\"name\":\"Formaci\u00f3n docente - Academia Buenos Aires\",\"isPartOf\":{\"@id\":\"https:\/\/www.academiabuenosaires.com\/es\/#website\"},\"primaryImageOfPage\":{\"@id\":\"https:\/\/www.academiabuenosaires.com\/es\/formacion-docente1\/#primaryimage\"},\"image\":{\"@id\":\"https:\/\/www.academiabuenosaires.com\/es\/formacion-docente1\/#primaryimage\"},\"thumbnailUrl\":\"http:\/\/www.academiabuenosaires.com\/wp-content\/uploads\/2013\/11\/students-in-break-at-academia-uruguay.jpg\",\"datePublished\":\"2013-11-03T12:14:33+00:00\",\"dateModified\":\"2023-01-02T21:55:42+00:00\",\"breadcrumb\":{\"@id\":\"https:\/\/www.academiabuenosaires.com\/es\/formacion-docente1\/#breadcrumb\"},\"inLanguage\":\"es-ES\",\"potentialAction\":[{\"@type\":\"ReadAction\",\"target\":[\"https:\/\/www.academiabuenosaires.com\/es\/formacion-docente1\/\"]}]},{\"@type\":\"ImageObject\",\"inLanguage\":\"es-ES\",\"@id\":\"https:\/\/www.academiabuenosaires.com\/es\/formacion-docente1\/#primaryimage\",\"url\":\"http:\/\/www.academiabuenosaires.com\/wp-content\/uploads\/2013\/11\/students-in-break-at-academia-uruguay.jpg\",\"contentUrl\":\"http:\/\/www.academiabuenosaires.com\/wp-content\/uploads\/2013\/11\/students-in-break-at-academia-uruguay.jpg\"},{\"@type\":\"BreadcrumbList\",\"@id\":\"https:\/\/www.academiabuenosaires.com\/es\/formacion-docente1\/#breadcrumb\",\"itemListElement\":[{\"@type\":\"ListItem\",\"position\":1,\"name\":\"Home\",\"item\":\"https:\/\/www.academiabuenosaires.com\/es\/\"},{\"@type\":\"ListItem\",\"position\":2,\"name\":\"Formaci\u00f3n docente\"}]},{\"@type\":\"WebSite\",\"@id\":\"https:\/\/www.academiabuenosaires.com\/es\/#website\",\"url\":\"https:\/\/www.academiabuenosaires.com\/es\/\",\"name\":\"Academia Buenos Aires\",\"description\":\"spanish courses\",\"potentialAction\":[{\"@type\":\"SearchAction\",\"target\":{\"@type\":\"EntryPoint\",\"urlTemplate\":\"https:\/\/www.academiabuenosaires.com\/es\/?s={search_term_string}\"},\"query-input\":{\"@type\":\"PropertyValueSpecification\",\"valueRequired\":true,\"valueName\":\"search_term_string\"}}],\"inLanguage\":\"es-ES\"}]}<\/script>\n<!-- \/ Yoast SEO plugin. -->","yoast_head_json":{"title":"Formaci\u00f3n docente - Academia Buenos Aires","robots":{"index":"index","follow":"follow","max-snippet":"max-snippet:-1","max-image-preview":"max-image-preview:large","max-video-preview":"max-video-preview:-1"},"canonical":"https:\/\/www.academiabuenosaires.com\/es\/formacion-docente1\/","og_locale":"es_ES","og_type":"article","og_title":"Formaci\u00f3n docente - Academia Buenos Aires","og_description":"\u00bfQuer\u00e9s ser profesor de espa\u00f1ol? En Academia Buenos Aires contamos con cursos de formaci\u00f3n destinados a ayudarte en este camino. Curso de formaci\u00f3n para profesores de E\/LE (Espa\u00f1ol Lengua Extranjera) en modalidad virtual\u00a0 El curso de formaci\u00f3n para profesores de E\/LE en modalidad virtual est\u00e1 dirigido a quienes quieran iniciarse en el mundo de la [&hellip;]","og_url":"https:\/\/www.academiabuenosaires.com\/es\/formacion-docente1\/","og_site_name":"Academia Buenos Aires","article_modified_time":"2023-01-02T21:55:42+00:00","og_image":[{"url":"http:\/\/www.academiabuenosaires.com\/wp-content\/uploads\/2013\/11\/students-in-break-at-academia-uruguay.jpg","type":"","width":"","height":""}],"twitter_misc":{"Est. reading time":"4 minutes"},"schema":{"@context":"https:\/\/schema.org","@graph":[{"@type":"WebPage","@id":"https:\/\/www.academiabuenosaires.com\/es\/formacion-docente1\/","url":"https:\/\/www.academiabuenosaires.com\/es\/formacion-docente1\/","name":"Formaci\u00f3n docente - Academia Buenos Aires","isPartOf":{"@id":"https:\/\/www.academiabuenosaires.com\/es\/#website"},"primaryImageOfPage":{"@id":"https:\/\/www.academiabuenosaires.com\/es\/formacion-docente1\/#primaryimage"},"image":{"@id":"https:\/\/www.academiabuenosaires.com\/es\/formacion-docente1\/#primaryimage"},"thumbnailUrl":"http:\/\/www.academiabuenosaires.com\/wp-content\/uploads\/2013\/11\/students-in-break-at-academia-uruguay.jpg","datePublished":"2013-11-03T12:14:33+00:00","dateModified":"2023-01-02T21:55:42+00:00","breadcrumb":{"@id":"https:\/\/www.academiabuenosaires.com\/es\/formacion-docente1\/#breadcrumb"},"inLanguage":"es-ES","potentialAction":[{"@type":"ReadAction","target":["https:\/\/www.academiabuenosaires.com\/es\/formacion-docente1\/"]}]},{"@type":"ImageObject","inLanguage":"es-ES","@id":"https:\/\/www.academiabuenosaires.com\/es\/formacion-docente1\/#primaryimage","url":"http:\/\/www.academiabuenosaires.com\/wp-content\/uploads\/2013\/11\/students-in-break-at-academia-uruguay.jpg","contentUrl":"http:\/\/www.academiabuenosaires.com\/wp-content\/uploads\/2013\/11\/students-in-break-at-academia-uruguay.jpg"},{"@type":"BreadcrumbList","@id":"https:\/\/www.academiabuenosaires.com\/es\/formacion-docente1\/#breadcrumb","itemListElement":[{"@type":"ListItem","position":1,"name":"Home","item":"https:\/\/www.academiabuenosaires.com\/es\/"},{"@type":"ListItem","position":2,"name":"Formaci\u00f3n docente"}]},{"@type":"WebSite","@id":"https:\/\/www.academiabuenosaires.com\/es\/#website","url":"https:\/\/www.academiabuenosaires.com\/es\/","name":"Academia Buenos Aires","description":"spanish courses","potentialAction":[{"@type":"SearchAction","target":{"@type":"EntryPoint","urlTemplate":"https:\/\/www.academiabuenosaires.com\/es\/?s={search_term_string}"},"query-input":{"@type":"PropertyValueSpecification","valueRequired":true,"valueName":"search_term_string"}}],"inLanguage":"es-ES"}]}},"_links":{"self":[{"href":"https:\/\/www.academiabuenosaires.com\/es\/wp-json\/wp\/v2\/pages\/2972","targetHints":{"allow":["GET"]}}],"collection":[{"href":"https:\/\/www.academiabuenosaires.com\/es\/wp-json\/wp\/v2\/pages"}],"about":[{"href":"https:\/\/www.academiabuenosaires.com\/es\/wp-json\/wp\/v2\/types\/page"}],"author":[{"embeddable":true,"href":"https:\/\/www.academiabuenosaires.com\/es\/wp-json\/wp\/v2\/users\/5"}],"replies":[{"embeddable":true,"href":"https:\/\/www.academiabuenosaires.com\/es\/wp-json\/wp\/v2\/comments?post=2972"}],"version-history":[{"count":0,"href":"https:\/\/www.academiabuenosaires.com\/es\/wp-json\/wp\/v2\/pages\/2972\/revisions"}],"wp:attachment":[{"href":"https:\/\/www.academiabuenosaires.com\/es\/wp-json\/wp\/v2\/media?parent=2972"}],"curies":[{"name":"wp","href":"https:\/\/api.w.org\/{rel}","templated":true}]}}