
{"id":1634,"date":"2013-10-03T12:53:45","date_gmt":"2013-10-03T12:53:45","guid":{"rendered":"https:\/\/www.academiabuenosaires.com\/?page_id=1634"},"modified":"2014-04-25T14:12:49","modified_gmt":"2014-04-25T17:12:49","slug":"trabajo-voluntario","status":"publish","type":"page","link":"https:\/\/www.academiabuenosaires.com\/es\/trabajo-voluntario\/","title":{"rendered":"Trabajo voluntario"},"content":{"rendered":"<p><strong>Es la mejor manera de usar y mejorar el Espa\u00f1ol y de realizar una inmersi\u00f3n cultural completa.<\/strong>\u00a0Academia Buenos Aires le ofrece la oportunidad de combinar un curso de Espa\u00f1ol con trabajo voluntario. Puede trabajar con diferentes organizaciones y proyectos en Buenos Aires, que benefician a personas de sectores distintos y con problem\u00e1ticas particulares. \u00a1Comparta su tiempo, sus ideas y habilidades con la gente de Argentina y viva de una manera \u00fanica su cultura!<\/p>\n<p><a href=\"https:\/\/www.academiabuenosaires.com\/wp-content\/uploads\/2013\/09\/volunteering.jpg\"><img loading=\"lazy\" decoding=\"async\" class=\"aligncenter size-full wp-image-2448\" alt=\"volunteering\" src=\"https:\/\/www.academiabuenosaires.com\/wp-content\/uploads\/2013\/09\/volunteering.jpg\" width=\"744\" height=\"493\" srcset=\"https:\/\/www.academiabuenosaires.com\/wp-content\/uploads\/2013\/09\/volunteering.jpg 744w, https:\/\/www.academiabuenosaires.com\/wp-content\/uploads\/2013\/09\/volunteering-160x106.jpg 160w, https:\/\/www.academiabuenosaires.com\/wp-content\/uploads\/2013\/09\/volunteering-338x223.jpg 338w\" sizes=\"auto, (max-width: 744px) 100vw, 744px\" \/><\/a> Consideramos el trabajo voluntario como una experiencia de intercambio en la que el voluntario brinda su trabajo como aporte a las organizaciones sociales y la gente le brinda un espacio para compartir experiencias. Recibir a un voluntario requiere ceder tiempo para integrarlo a la rutina y\u00a0darle a conocer su forma de vida. Ser voluntario no es para nosotros un acto de caridad, sino estar dispuesto a conocer y respetar al otro.<\/p>\n<p>Trabajamos con varias organizaciones diferentes y\u00a0en ning\u00fan caso tiene que pagar por la organizaci\u00f3n del trabajo. Si las organizaciones requieren un aporte financiero, Academia Buenos Aires realizar\u00e1 el pago respectivo. El per\u00edodo de <a title=\"curso intensivo de espa\u00f1ol\" href=\"https:\/\/www.academiabuenosaires.com\/es\/courses\/curso-intensivo-de-espanol\/\" target=\"_blank\">curso de espa\u00f1ol<\/a> debe ser mayor a 3 semanas. En todos los casos se requiere que el voluntario tenga conocimientos de espa\u00f1ol como para poder comunicarse con la gente en los proyectos. Consideramos que se debe tener un <a title=\"niveles\" href=\"https:\/\/www.academiabuenosaires.com\/es\/cursos-tarifas\/niveles\/\" target=\"_blank\">nivel 4<\/a> para poder realizar las diversas tareas. Nuestro programa de voluntariado es para todas las personas dispuestas a brindar parte de su tiempo por un per\u00edodo\u00a0m\u00ednimo de 4 semanas en los proyectos, durante o despu\u00e9s del curso de Espa\u00f1ol, y sin restricci\u00f3n de edad. Cuando se contacta con nosotros, nos explica lo que est\u00e1 buscando, qu\u00e9 tipo de tareas de trabajo social le interesan, y cu\u00e1les son sus expectativas. En cuanto a las clases de Espa\u00f1ol, puede hacer el\u00a0<a href=\"https:\/\/www.academiabuenosaires.com\/test_autoevaluacion\/\" target=\"_blank\">test de nivel\u00a0<\/a>en l\u00ednea que luego, cuando llegue, ser\u00e1 corroborado con un examen oral. De acuerdo a su nivel, se le asignar\u00e1 un grupo o clase particular, seg\u00fan su pedido. Tambi\u00e9n nos puede comunicar sus preferencias de alojamiento, si necesita nuestra ayuda con eso.<\/p>\n<p>En general, el programa social comienza con un programa de orientaci\u00f3n de un d\u00eda, en el que va a conocer los lugares donde va a trabajar. Luego le asignar\u00e1n una tarea de acuerdo con lo que la organizaci\u00f3n requiera, su disponibilidad de horarios, nivel de espa\u00f1ol alcanzado y \u00e1reas de su inter\u00e9s. \u00bfQu\u00e9 tareas se pueden realizar como voluntario? Obviamente la respuesta depende de la instituci\u00f3n donde organicemos su estad\u00eda. Hay varias opciones para la organizaci\u00f3n del trabajo voluntario. Algunas de ellas son: programas educativos y recreativos para ni\u00f1os y adolescentes, campa\u00f1as medioambientales, organizar y realizar talleres de ingl\u00e9s, arte y computaci\u00f3n, construir casas para familias desfavorecidas, ayudar en comedores para indigentes, hacer traducciones, trabajar en un orfanato, con ni\u00f1os de la calle y mucho m\u00e1s.. Tenga en cuenta que, a medida que mejore su nivel de espa\u00f1ol, podr\u00e1 comunicarse m\u00e1s fluidamente con las personas con las que trabaja y, as\u00ed, realizar tareas distintas. Eso vale para todas las actividades de voluntariado. Lo \u00a0esperamos, su ayuda es necesaria.<\/p>\n","protected":false},"excerpt":{"rendered":"<p>Es la mejor manera de usar y mejorar el Espa\u00f1ol y de realizar una inmersi\u00f3n cultural completa.\u00a0Academia Buenos Aires le ofrece la oportunidad de combinar un curso de Espa\u00f1ol con trabajo voluntario. Puede trabajar con diferentes organizaciones y proyectos en Buenos Aires, que benefician a personas de sectores distintos y con problem\u00e1ticas particulares. \u00a1Comparta su [&hellip;]<\/p>\n","protected":false},"author":5,"featured_media":0,"parent":0,"menu_order":38,"comment_status":"closed","ping_status":"closed","template":"","meta":{"footnotes":""},"class_list":["post-1634","page","type-page","status-publish","hentry","entry"],"yoast_head":"<!-- This site is optimized with the Yoast SEO plugin v26.0 - https:\/\/yoast.com\/wordpress\/plugins\/seo\/ -->\n<title>Trabajo voluntario - Academia Buenos Aires<\/title>\n<meta name=\"robots\" content=\"index, follow, max-snippet:-1, max-image-preview:large, max-video-preview:-1\" \/>\n<link rel=\"canonical\" href=\"https:\/\/www.academiabuenosaires.com\/es\/trabajo-voluntario\/\" \/>\n<meta property=\"og:locale\" content=\"es_ES\" \/>\n<meta property=\"og:type\" content=\"article\" \/>\n<meta property=\"og:title\" content=\"Trabajo voluntario - Academia Buenos Aires\" \/>\n<meta property=\"og:description\" content=\"Es la mejor manera de usar y mejorar el Espa\u00f1ol y de realizar una inmersi\u00f3n cultural completa.\u00a0Academia Buenos Aires le ofrece la oportunidad de combinar un curso de Espa\u00f1ol con trabajo voluntario. Puede trabajar con diferentes organizaciones y proyectos en Buenos Aires, que benefician a personas de sectores distintos y con problem\u00e1ticas particulares. \u00a1Comparta su [&hellip;]\" \/>\n<meta property=\"og:url\" content=\"https:\/\/www.academiabuenosaires.com\/es\/trabajo-voluntario\/\" \/>\n<meta property=\"og:site_name\" content=\"Academia Buenos Aires\" \/>\n<meta property=\"article:modified_time\" content=\"2014-04-25T17:12:49+00:00\" \/>\n<meta property=\"og:image\" content=\"https:\/\/www.academiabuenosaires.com\/wp-content\/uploads\/2013\/09\/volunteering.jpg\" \/>\n<meta name=\"twitter:label1\" content=\"Est. reading time\" \/>\n\t<meta name=\"twitter:data1\" content=\"3 minutes\" \/>\n<script type=\"application\/ld+json\" class=\"yoast-schema-graph\">{\"@context\":\"https:\/\/schema.org\",\"@graph\":[{\"@type\":\"WebPage\",\"@id\":\"https:\/\/www.academiabuenosaires.com\/es\/trabajo-voluntario\/\",\"url\":\"https:\/\/www.academiabuenosaires.com\/es\/trabajo-voluntario\/\",\"name\":\"Trabajo voluntario - Academia Buenos Aires\",\"isPartOf\":{\"@id\":\"https:\/\/www.academiabuenosaires.com\/es\/#website\"},\"primaryImageOfPage\":{\"@id\":\"https:\/\/www.academiabuenosaires.com\/es\/trabajo-voluntario\/#primaryimage\"},\"image\":{\"@id\":\"https:\/\/www.academiabuenosaires.com\/es\/trabajo-voluntario\/#primaryimage\"},\"thumbnailUrl\":\"https:\/\/www.academiabuenosaires.com\/wp-content\/uploads\/2013\/09\/volunteering.jpg\",\"datePublished\":\"2013-10-03T12:53:45+00:00\",\"dateModified\":\"2014-04-25T17:12:49+00:00\",\"breadcrumb\":{\"@id\":\"https:\/\/www.academiabuenosaires.com\/es\/trabajo-voluntario\/#breadcrumb\"},\"inLanguage\":\"es-ES\",\"potentialAction\":[{\"@type\":\"ReadAction\",\"target\":[\"https:\/\/www.academiabuenosaires.com\/es\/trabajo-voluntario\/\"]}]},{\"@type\":\"ImageObject\",\"inLanguage\":\"es-ES\",\"@id\":\"https:\/\/www.academiabuenosaires.com\/es\/trabajo-voluntario\/#primaryimage\",\"url\":\"https:\/\/www.academiabuenosaires.com\/wp-content\/uploads\/2013\/09\/volunteering.jpg\",\"contentUrl\":\"https:\/\/www.academiabuenosaires.com\/wp-content\/uploads\/2013\/09\/volunteering.jpg\"},{\"@type\":\"BreadcrumbList\",\"@id\":\"https:\/\/www.academiabuenosaires.com\/es\/trabajo-voluntario\/#breadcrumb\",\"itemListElement\":[{\"@type\":\"ListItem\",\"position\":1,\"name\":\"Home\",\"item\":\"https:\/\/www.academiabuenosaires.com\/es\/\"},{\"@type\":\"ListItem\",\"position\":2,\"name\":\"Trabajo voluntario\"}]},{\"@type\":\"WebSite\",\"@id\":\"https:\/\/www.academiabuenosaires.com\/es\/#website\",\"url\":\"https:\/\/www.academiabuenosaires.com\/es\/\",\"name\":\"Academia Buenos Aires\",\"description\":\"spanish courses\",\"potentialAction\":[{\"@type\":\"SearchAction\",\"target\":{\"@type\":\"EntryPoint\",\"urlTemplate\":\"https:\/\/www.academiabuenosaires.com\/es\/?s={search_term_string}\"},\"query-input\":{\"@type\":\"PropertyValueSpecification\",\"valueRequired\":true,\"valueName\":\"search_term_string\"}}],\"inLanguage\":\"es-ES\"}]}<\/script>\n<!-- \/ Yoast SEO plugin. -->","yoast_head_json":{"title":"Trabajo voluntario - Academia Buenos Aires","robots":{"index":"index","follow":"follow","max-snippet":"max-snippet:-1","max-image-preview":"max-image-preview:large","max-video-preview":"max-video-preview:-1"},"canonical":"https:\/\/www.academiabuenosaires.com\/es\/trabajo-voluntario\/","og_locale":"es_ES","og_type":"article","og_title":"Trabajo voluntario - Academia Buenos Aires","og_description":"Es la mejor manera de usar y mejorar el Espa\u00f1ol y de realizar una inmersi\u00f3n cultural completa.\u00a0Academia Buenos Aires le ofrece la oportunidad de combinar un curso de Espa\u00f1ol con trabajo voluntario. Puede trabajar con diferentes organizaciones y proyectos en Buenos Aires, que benefician a personas de sectores distintos y con problem\u00e1ticas particulares. \u00a1Comparta su [&hellip;]","og_url":"https:\/\/www.academiabuenosaires.com\/es\/trabajo-voluntario\/","og_site_name":"Academia Buenos Aires","article_modified_time":"2014-04-25T17:12:49+00:00","og_image":[{"url":"https:\/\/www.academiabuenosaires.com\/wp-content\/uploads\/2013\/09\/volunteering.jpg","type":"","width":"","height":""}],"twitter_misc":{"Est. reading time":"3 minutes"},"schema":{"@context":"https:\/\/schema.org","@graph":[{"@type":"WebPage","@id":"https:\/\/www.academiabuenosaires.com\/es\/trabajo-voluntario\/","url":"https:\/\/www.academiabuenosaires.com\/es\/trabajo-voluntario\/","name":"Trabajo voluntario - Academia Buenos Aires","isPartOf":{"@id":"https:\/\/www.academiabuenosaires.com\/es\/#website"},"primaryImageOfPage":{"@id":"https:\/\/www.academiabuenosaires.com\/es\/trabajo-voluntario\/#primaryimage"},"image":{"@id":"https:\/\/www.academiabuenosaires.com\/es\/trabajo-voluntario\/#primaryimage"},"thumbnailUrl":"https:\/\/www.academiabuenosaires.com\/wp-content\/uploads\/2013\/09\/volunteering.jpg","datePublished":"2013-10-03T12:53:45+00:00","dateModified":"2014-04-25T17:12:49+00:00","breadcrumb":{"@id":"https:\/\/www.academiabuenosaires.com\/es\/trabajo-voluntario\/#breadcrumb"},"inLanguage":"es-ES","potentialAction":[{"@type":"ReadAction","target":["https:\/\/www.academiabuenosaires.com\/es\/trabajo-voluntario\/"]}]},{"@type":"ImageObject","inLanguage":"es-ES","@id":"https:\/\/www.academiabuenosaires.com\/es\/trabajo-voluntario\/#primaryimage","url":"https:\/\/www.academiabuenosaires.com\/wp-content\/uploads\/2013\/09\/volunteering.jpg","contentUrl":"https:\/\/www.academiabuenosaires.com\/wp-content\/uploads\/2013\/09\/volunteering.jpg"},{"@type":"BreadcrumbList","@id":"https:\/\/www.academiabuenosaires.com\/es\/trabajo-voluntario\/#breadcrumb","itemListElement":[{"@type":"ListItem","position":1,"name":"Home","item":"https:\/\/www.academiabuenosaires.com\/es\/"},{"@type":"ListItem","position":2,"name":"Trabajo voluntario"}]},{"@type":"WebSite","@id":"https:\/\/www.academiabuenosaires.com\/es\/#website","url":"https:\/\/www.academiabuenosaires.com\/es\/","name":"Academia Buenos Aires","description":"spanish courses","potentialAction":[{"@type":"SearchAction","target":{"@type":"EntryPoint","urlTemplate":"https:\/\/www.academiabuenosaires.com\/es\/?s={search_term_string}"},"query-input":{"@type":"PropertyValueSpecification","valueRequired":true,"valueName":"search_term_string"}}],"inLanguage":"es-ES"}]}},"_links":{"self":[{"href":"https:\/\/www.academiabuenosaires.com\/es\/wp-json\/wp\/v2\/pages\/1634","targetHints":{"allow":["GET"]}}],"collection":[{"href":"https:\/\/www.academiabuenosaires.com\/es\/wp-json\/wp\/v2\/pages"}],"about":[{"href":"https:\/\/www.academiabuenosaires.com\/es\/wp-json\/wp\/v2\/types\/page"}],"author":[{"embeddable":true,"href":"https:\/\/www.academiabuenosaires.com\/es\/wp-json\/wp\/v2\/users\/5"}],"replies":[{"embeddable":true,"href":"https:\/\/www.academiabuenosaires.com\/es\/wp-json\/wp\/v2\/comments?post=1634"}],"version-history":[{"count":0,"href":"https:\/\/www.academiabuenosaires.com\/es\/wp-json\/wp\/v2\/pages\/1634\/revisions"}],"wp:attachment":[{"href":"https:\/\/www.academiabuenosaires.com\/es\/wp-json\/wp\/v2\/media?parent=1634"}],"curies":[{"name":"wp","href":"https:\/\/api.w.org\/{rel}","templated":true}]}}