
{"id":1551,"date":"2013-09-30T15:37:38","date_gmt":"2013-09-30T15:37:38","guid":{"rendered":"https:\/\/www.academiabuenosaires.com\/?page_id=1551"},"modified":"2014-04-24T17:07:13","modified_gmt":"2014-04-24T20:07:13","slug":"actividades-deportivas","status":"publish","type":"page","link":"https:\/\/www.academiabuenosaires.com\/es\/actividades\/actividades-deportivas\/","title":{"rendered":"Actividades deportivas"},"content":{"rendered":"<p><strong>En Buenos Aires usted puede disfrutar de los partidos de f\u00fatbol m\u00e1s apasionantes de Latinoam\u00e9rica.<\/strong> Seguramente habr\u00e1 o\u00eddo hablar de los cl\u00e1sicos partidos entre River Plate y Boca Juniors, dos de los m\u00e1s famosos clubes de f\u00fatbol. Si usted quiere, tambi\u00e9n lo acompa\u00f1amos a la cancha. <img loading=\"lazy\" decoding=\"async\" class=\"alignright size-medium wp-image-1629\" alt=\"students watching an argentne polo match\" src=\"https:\/\/www.academiabuenosaires.com\/wp-content\/uploads\/2013\/09\/argentine-polo1-338x217.jpg\" width=\"338\" height=\"217\" srcset=\"https:\/\/www.academiabuenosaires.com\/wp-content\/uploads\/2013\/09\/argentine-polo1-338x217.jpg 338w, https:\/\/www.academiabuenosaires.com\/wp-content\/uploads\/2013\/09\/argentine-polo1-160x102.jpg 160w, https:\/\/www.academiabuenosaires.com\/wp-content\/uploads\/2013\/09\/argentine-polo1.jpg 691w\" sizes=\"auto, (max-width: 338px) 100vw, 338px\" \/><\/p>\n<p>Es tambi\u00e9n muy recomendable ver un partido de polo. Esta experiencia es muy diferente: un escenario incre\u00edble pero mucho m\u00e1s tranquilo. Con p\u00fablico y participantes de otro nivel econ\u00f3mico, se pueden apreciar tanto los h\u00e1bitos relajados en las tribunas, como la alta velocidad y el riesgo en el campo donde los jugadores exhiben sus notables destrezas f\u00edsicas y t\u00e9cnicas.<\/p>\n<p>Asimismo, puede asistir a las numerosas competiciones de otros populares deportes, como tenis, hockey sobre c\u00e9sped, equitaci\u00f3n, remo, nataci\u00f3n, etc.; o tomar clases y\/o practicarlos. Si le gusta escalar (<a title=\"boulder buenow aires\" href=\"http:\/\/puntocumbre.com\/\" target=\"_blank\">boulder<\/a>), le podemos poner en contacto con un centro a pocos minutos de la escuela.<\/p>\n","protected":false},"excerpt":{"rendered":"<p>En Buenos Aires usted puede disfrutar de los partidos de f\u00fatbol m\u00e1s apasionantes de Latinoam\u00e9rica. Seguramente habr\u00e1 o\u00eddo hablar de los cl\u00e1sicos partidos entre River Plate y Boca Juniors, dos de los m\u00e1s famosos clubes de f\u00fatbol. Si usted quiere, tambi\u00e9n lo acompa\u00f1amos a la cancha. Es tambi\u00e9n muy recomendable ver un partido de polo. [&hellip;]<\/p>\n","protected":false},"author":5,"featured_media":0,"parent":1451,"menu_order":0,"comment_status":"closed","ping_status":"closed","template":"","meta":{"footnotes":""},"class_list":["post-1551","page","type-page","status-publish","hentry","entry"],"yoast_head":"<!-- This site is optimized with the Yoast SEO plugin v26.0 - https:\/\/yoast.com\/wordpress\/plugins\/seo\/ -->\n<title>Actividades deportivas - Academia Buenos Aires<\/title>\n<meta name=\"robots\" content=\"index, follow, max-snippet:-1, max-image-preview:large, max-video-preview:-1\" \/>\n<link rel=\"canonical\" href=\"https:\/\/www.academiabuenosaires.com\/es\/actividades\/actividades-deportivas\/\" \/>\n<meta property=\"og:locale\" content=\"es_ES\" \/>\n<meta property=\"og:type\" content=\"article\" \/>\n<meta property=\"og:title\" content=\"Actividades deportivas - Academia Buenos Aires\" \/>\n<meta property=\"og:description\" content=\"En Buenos Aires usted puede disfrutar de los partidos de f\u00fatbol m\u00e1s apasionantes de Latinoam\u00e9rica. Seguramente habr\u00e1 o\u00eddo hablar de los cl\u00e1sicos partidos entre River Plate y Boca Juniors, dos de los m\u00e1s famosos clubes de f\u00fatbol. Si usted quiere, tambi\u00e9n lo acompa\u00f1amos a la cancha. Es tambi\u00e9n muy recomendable ver un partido de polo. [&hellip;]\" \/>\n<meta property=\"og:url\" content=\"https:\/\/www.academiabuenosaires.com\/es\/actividades\/actividades-deportivas\/\" \/>\n<meta property=\"og:site_name\" content=\"Academia Buenos Aires\" \/>\n<meta property=\"article:modified_time\" content=\"2014-04-24T20:07:13+00:00\" \/>\n<meta property=\"og:image\" content=\"https:\/\/www.academiabuenosaires.com\/wp-content\/uploads\/2013\/09\/argentine-polo1-338x217.jpg\" \/>\n<meta name=\"twitter:label1\" content=\"Est. reading time\" \/>\n\t<meta name=\"twitter:data1\" content=\"1 minute\" \/>\n<script type=\"application\/ld+json\" class=\"yoast-schema-graph\">{\"@context\":\"https:\/\/schema.org\",\"@graph\":[{\"@type\":\"WebPage\",\"@id\":\"https:\/\/www.academiabuenosaires.com\/es\/actividades\/actividades-deportivas\/\",\"url\":\"https:\/\/www.academiabuenosaires.com\/es\/actividades\/actividades-deportivas\/\",\"name\":\"Actividades deportivas - Academia Buenos Aires\",\"isPartOf\":{\"@id\":\"https:\/\/www.academiabuenosaires.com\/es\/#website\"},\"primaryImageOfPage\":{\"@id\":\"https:\/\/www.academiabuenosaires.com\/es\/actividades\/actividades-deportivas\/#primaryimage\"},\"image\":{\"@id\":\"https:\/\/www.academiabuenosaires.com\/es\/actividades\/actividades-deportivas\/#primaryimage\"},\"thumbnailUrl\":\"https:\/\/www.academiabuenosaires.com\/wp-content\/uploads\/2013\/09\/argentine-polo1-338x217.jpg\",\"datePublished\":\"2013-09-30T15:37:38+00:00\",\"dateModified\":\"2014-04-24T20:07:13+00:00\",\"breadcrumb\":{\"@id\":\"https:\/\/www.academiabuenosaires.com\/es\/actividades\/actividades-deportivas\/#breadcrumb\"},\"inLanguage\":\"es-ES\",\"potentialAction\":[{\"@type\":\"ReadAction\",\"target\":[\"https:\/\/www.academiabuenosaires.com\/es\/actividades\/actividades-deportivas\/\"]}]},{\"@type\":\"ImageObject\",\"inLanguage\":\"es-ES\",\"@id\":\"https:\/\/www.academiabuenosaires.com\/es\/actividades\/actividades-deportivas\/#primaryimage\",\"url\":\"https:\/\/www.academiabuenosaires.com\/wp-content\/uploads\/2013\/09\/argentine-polo1-338x217.jpg\",\"contentUrl\":\"https:\/\/www.academiabuenosaires.com\/wp-content\/uploads\/2013\/09\/argentine-polo1-338x217.jpg\"},{\"@type\":\"BreadcrumbList\",\"@id\":\"https:\/\/www.academiabuenosaires.com\/es\/actividades\/actividades-deportivas\/#breadcrumb\",\"itemListElement\":[{\"@type\":\"ListItem\",\"position\":1,\"name\":\"Home\",\"item\":\"https:\/\/www.academiabuenosaires.com\/es\/\"},{\"@type\":\"ListItem\",\"position\":2,\"name\":\"Actividades\",\"item\":\"https:\/\/www.academiabuenosaires.com\/es\/actividades\/\"},{\"@type\":\"ListItem\",\"position\":3,\"name\":\"Actividades deportivas\"}]},{\"@type\":\"WebSite\",\"@id\":\"https:\/\/www.academiabuenosaires.com\/es\/#website\",\"url\":\"https:\/\/www.academiabuenosaires.com\/es\/\",\"name\":\"Academia Buenos Aires\",\"description\":\"spanish courses\",\"potentialAction\":[{\"@type\":\"SearchAction\",\"target\":{\"@type\":\"EntryPoint\",\"urlTemplate\":\"https:\/\/www.academiabuenosaires.com\/es\/?s={search_term_string}\"},\"query-input\":{\"@type\":\"PropertyValueSpecification\",\"valueRequired\":true,\"valueName\":\"search_term_string\"}}],\"inLanguage\":\"es-ES\"}]}<\/script>\n<!-- \/ Yoast SEO plugin. -->","yoast_head_json":{"title":"Actividades deportivas - Academia Buenos Aires","robots":{"index":"index","follow":"follow","max-snippet":"max-snippet:-1","max-image-preview":"max-image-preview:large","max-video-preview":"max-video-preview:-1"},"canonical":"https:\/\/www.academiabuenosaires.com\/es\/actividades\/actividades-deportivas\/","og_locale":"es_ES","og_type":"article","og_title":"Actividades deportivas - Academia Buenos Aires","og_description":"En Buenos Aires usted puede disfrutar de los partidos de f\u00fatbol m\u00e1s apasionantes de Latinoam\u00e9rica. Seguramente habr\u00e1 o\u00eddo hablar de los cl\u00e1sicos partidos entre River Plate y Boca Juniors, dos de los m\u00e1s famosos clubes de f\u00fatbol. Si usted quiere, tambi\u00e9n lo acompa\u00f1amos a la cancha. Es tambi\u00e9n muy recomendable ver un partido de polo. [&hellip;]","og_url":"https:\/\/www.academiabuenosaires.com\/es\/actividades\/actividades-deportivas\/","og_site_name":"Academia Buenos Aires","article_modified_time":"2014-04-24T20:07:13+00:00","og_image":[{"url":"https:\/\/www.academiabuenosaires.com\/wp-content\/uploads\/2013\/09\/argentine-polo1-338x217.jpg","type":"","width":"","height":""}],"twitter_misc":{"Est. reading time":"1 minute"},"schema":{"@context":"https:\/\/schema.org","@graph":[{"@type":"WebPage","@id":"https:\/\/www.academiabuenosaires.com\/es\/actividades\/actividades-deportivas\/","url":"https:\/\/www.academiabuenosaires.com\/es\/actividades\/actividades-deportivas\/","name":"Actividades deportivas - Academia Buenos Aires","isPartOf":{"@id":"https:\/\/www.academiabuenosaires.com\/es\/#website"},"primaryImageOfPage":{"@id":"https:\/\/www.academiabuenosaires.com\/es\/actividades\/actividades-deportivas\/#primaryimage"},"image":{"@id":"https:\/\/www.academiabuenosaires.com\/es\/actividades\/actividades-deportivas\/#primaryimage"},"thumbnailUrl":"https:\/\/www.academiabuenosaires.com\/wp-content\/uploads\/2013\/09\/argentine-polo1-338x217.jpg","datePublished":"2013-09-30T15:37:38+00:00","dateModified":"2014-04-24T20:07:13+00:00","breadcrumb":{"@id":"https:\/\/www.academiabuenosaires.com\/es\/actividades\/actividades-deportivas\/#breadcrumb"},"inLanguage":"es-ES","potentialAction":[{"@type":"ReadAction","target":["https:\/\/www.academiabuenosaires.com\/es\/actividades\/actividades-deportivas\/"]}]},{"@type":"ImageObject","inLanguage":"es-ES","@id":"https:\/\/www.academiabuenosaires.com\/es\/actividades\/actividades-deportivas\/#primaryimage","url":"https:\/\/www.academiabuenosaires.com\/wp-content\/uploads\/2013\/09\/argentine-polo1-338x217.jpg","contentUrl":"https:\/\/www.academiabuenosaires.com\/wp-content\/uploads\/2013\/09\/argentine-polo1-338x217.jpg"},{"@type":"BreadcrumbList","@id":"https:\/\/www.academiabuenosaires.com\/es\/actividades\/actividades-deportivas\/#breadcrumb","itemListElement":[{"@type":"ListItem","position":1,"name":"Home","item":"https:\/\/www.academiabuenosaires.com\/es\/"},{"@type":"ListItem","position":2,"name":"Actividades","item":"https:\/\/www.academiabuenosaires.com\/es\/actividades\/"},{"@type":"ListItem","position":3,"name":"Actividades deportivas"}]},{"@type":"WebSite","@id":"https:\/\/www.academiabuenosaires.com\/es\/#website","url":"https:\/\/www.academiabuenosaires.com\/es\/","name":"Academia Buenos Aires","description":"spanish courses","potentialAction":[{"@type":"SearchAction","target":{"@type":"EntryPoint","urlTemplate":"https:\/\/www.academiabuenosaires.com\/es\/?s={search_term_string}"},"query-input":{"@type":"PropertyValueSpecification","valueRequired":true,"valueName":"search_term_string"}}],"inLanguage":"es-ES"}]}},"_links":{"self":[{"href":"https:\/\/www.academiabuenosaires.com\/es\/wp-json\/wp\/v2\/pages\/1551","targetHints":{"allow":["GET"]}}],"collection":[{"href":"https:\/\/www.academiabuenosaires.com\/es\/wp-json\/wp\/v2\/pages"}],"about":[{"href":"https:\/\/www.academiabuenosaires.com\/es\/wp-json\/wp\/v2\/types\/page"}],"author":[{"embeddable":true,"href":"https:\/\/www.academiabuenosaires.com\/es\/wp-json\/wp\/v2\/users\/5"}],"replies":[{"embeddable":true,"href":"https:\/\/www.academiabuenosaires.com\/es\/wp-json\/wp\/v2\/comments?post=1551"}],"version-history":[{"count":0,"href":"https:\/\/www.academiabuenosaires.com\/es\/wp-json\/wp\/v2\/pages\/1551\/revisions"}],"up":[{"embeddable":true,"href":"https:\/\/www.academiabuenosaires.com\/es\/wp-json\/wp\/v2\/pages\/1451"}],"wp:attachment":[{"href":"https:\/\/www.academiabuenosaires.com\/es\/wp-json\/wp\/v2\/media?parent=1551"}],"curies":[{"name":"wp","href":"https:\/\/api.w.org\/{rel}","templated":true}]}}