
{"id":1539,"date":"2013-09-30T14:59:25","date_gmt":"2013-09-30T14:59:25","guid":{"rendered":"https:\/\/www.academiabuenosaires.com\/?page_id=1539"},"modified":"2014-04-24T17:08:26","modified_gmt":"2014-04-24T20:08:26","slug":"otras-actividades","status":"publish","type":"page","link":"https:\/\/www.academiabuenosaires.com\/es\/actividades\/otras-actividades\/","title":{"rendered":"Otras actividades"},"content":{"rendered":"<p>Aprender a hacer algo es una de las mejores maneras de practicar y mejorar su espa\u00f1ol. Usted puede perfeccionar una habilidad que ya tiene o aprender a hacer algo que siempre quiso hacer; mientras, casi sin darse cuenta, conversa, pregunta, responde, oye y piensa en espa\u00f1ol. Aproveche la oportunidad de llevar la inmersi\u00f3n en la lengua un poco m\u00e1s all\u00e1.<\/p>\n<ul>\n<li>Clases de\u00a0salsa: Academia Buenos Aires no puede dejar de lado el sabor de los ritmos latinos.<\/li>\n<li>Clases de\u00a0yoga: Si es amante de esta disciplina puede seguir practic\u00e1ndola en Buenos Aires. Si no, es una buena oportunidad para empezar a hacerlo. Las clases de yoga se pueden hacer dos veces por semana.<\/li>\n<li>Clases de\u00a0cocina: Espec\u00edficamente de comida t\u00edpica argentina, para conocer y degustar los sabores de nuestra tierra, en sus exquisitas carnes y deliciosos vinos.<\/li>\n<li>Encuentros con profesionales: Academia Buenos Aires le ofrece la oportunidad de poder conversar con\u00a0profesionales\u00a0de distintas disciplinas (acad\u00e9micas, profesionales, deportivas, etc), de saber c\u00f3mo se desarrollan en Argentina y de intercambiar ideas acerca de las mismas.<\/li>\n<li>De vez en cuando organizamos un asado para nuestros estudiantes. La siguiente imagen no fue tomada en uno de estos eventos, pero si le puede dar una idea de qu\u00e9 se trata.<a href=\"https:\/\/www.academiabuenosaires.com\/wp-content\/uploads\/2013\/09\/asado1.jpg\"><img loading=\"lazy\" decoding=\"async\" class=\"alignright size-full wp-image-1638\" alt=\"argentine asado\" src=\"https:\/\/www.academiabuenosaires.com\/wp-content\/uploads\/2013\/09\/asado1.jpg\" width=\"744\" height=\"266\" srcset=\"https:\/\/www.academiabuenosaires.com\/wp-content\/uploads\/2013\/09\/asado1.jpg 744w, https:\/\/www.academiabuenosaires.com\/wp-content\/uploads\/2013\/09\/asado1-160x57.jpg 160w, https:\/\/www.academiabuenosaires.com\/wp-content\/uploads\/2013\/09\/asado1-338x120.jpg 338w\" sizes=\"auto, (max-width: 744px) 100vw, 744px\" \/><\/a><\/li>\n<li>Danza Contempor\u00e1nea: La escena de la danza contempor\u00e1nea tiene en Buenos Aires una de sus capitales m\u00e1s din\u00e1micas y pujantes. Usted puede tomar clases con bailarines profesionales y asistir a espect\u00e1culos de primer nivel.<\/li>\n<li>Clases de flamenco: No podemos olvidar la herencia cultural y musical que Espa\u00f1a le ha legado a Argentina. Buenos Aires le ofrece tanto espect\u00e1culos, como clases flamenco, de baile y\/o de m\u00fasica, para experimentar el ritmo gitano.<\/li>\n<li>Clases de canto individuales: Los m\u00e1s diversos g\u00e9neros musicales se encuentran en Buenos Aires. No s\u00f3lo en espect\u00e1culos y discos, sino tambi\u00e9n en los profesionales del canto que pueden ayudarlo a trabajar su propia voz, en el g\u00e9nero que prefiera.<\/li>\n<li>Orfebrer\u00eda: La ense\u00f1anza y la pr\u00e1ctica de este arte y oficio encuentran su apogeo en Buenos Aires, que ofrece una conjunci\u00f3n de los materiales y tradiciones m\u00e1s nobles, con las tendencias m\u00e1s modernas e innovadoras del dise\u00f1o.<\/li>\n<\/ul>\n","protected":false},"excerpt":{"rendered":"<p>Aprender a hacer algo es una de las mejores maneras de practicar y mejorar su espa\u00f1ol. Usted puede perfeccionar una habilidad que ya tiene o aprender a hacer algo que siempre quiso hacer; mientras, casi sin darse cuenta, conversa, pregunta, responde, oye y piensa en espa\u00f1ol. Aproveche la oportunidad de llevar la inmersi\u00f3n en la [&hellip;]<\/p>\n","protected":false},"author":5,"featured_media":0,"parent":1451,"menu_order":0,"comment_status":"closed","ping_status":"closed","template":"","meta":{"footnotes":""},"class_list":["post-1539","page","type-page","status-publish","hentry","entry"],"yoast_head":"<!-- This site is optimized with the Yoast SEO plugin v26.0 - https:\/\/yoast.com\/wordpress\/plugins\/seo\/ -->\n<title>Otras actividades - Academia Buenos Aires<\/title>\n<meta name=\"robots\" content=\"index, follow, max-snippet:-1, max-image-preview:large, max-video-preview:-1\" \/>\n<link rel=\"canonical\" href=\"https:\/\/www.academiabuenosaires.com\/es\/actividades\/otras-actividades\/\" \/>\n<meta property=\"og:locale\" content=\"es_ES\" \/>\n<meta property=\"og:type\" content=\"article\" \/>\n<meta property=\"og:title\" content=\"Otras actividades - Academia Buenos Aires\" \/>\n<meta property=\"og:description\" content=\"Aprender a hacer algo es una de las mejores maneras de practicar y mejorar su espa\u00f1ol. Usted puede perfeccionar una habilidad que ya tiene o aprender a hacer algo que siempre quiso hacer; mientras, casi sin darse cuenta, conversa, pregunta, responde, oye y piensa en espa\u00f1ol. Aproveche la oportunidad de llevar la inmersi\u00f3n en la [&hellip;]\" \/>\n<meta property=\"og:url\" content=\"https:\/\/www.academiabuenosaires.com\/es\/actividades\/otras-actividades\/\" \/>\n<meta property=\"og:site_name\" content=\"Academia Buenos Aires\" \/>\n<meta property=\"article:modified_time\" content=\"2014-04-24T20:08:26+00:00\" \/>\n<meta property=\"og:image\" content=\"https:\/\/www.academiabuenosaires.com\/wp-content\/uploads\/2013\/09\/asado1.jpg\" \/>\n<meta name=\"twitter:label1\" content=\"Est. reading time\" \/>\n\t<meta name=\"twitter:data1\" content=\"2 minutes\" \/>\n<script type=\"application\/ld+json\" class=\"yoast-schema-graph\">{\"@context\":\"https:\/\/schema.org\",\"@graph\":[{\"@type\":\"WebPage\",\"@id\":\"https:\/\/www.academiabuenosaires.com\/es\/actividades\/otras-actividades\/\",\"url\":\"https:\/\/www.academiabuenosaires.com\/es\/actividades\/otras-actividades\/\",\"name\":\"Otras actividades - Academia Buenos Aires\",\"isPartOf\":{\"@id\":\"https:\/\/www.academiabuenosaires.com\/es\/#website\"},\"primaryImageOfPage\":{\"@id\":\"https:\/\/www.academiabuenosaires.com\/es\/actividades\/otras-actividades\/#primaryimage\"},\"image\":{\"@id\":\"https:\/\/www.academiabuenosaires.com\/es\/actividades\/otras-actividades\/#primaryimage\"},\"thumbnailUrl\":\"https:\/\/www.academiabuenosaires.com\/wp-content\/uploads\/2013\/09\/asado1.jpg\",\"datePublished\":\"2013-09-30T14:59:25+00:00\",\"dateModified\":\"2014-04-24T20:08:26+00:00\",\"breadcrumb\":{\"@id\":\"https:\/\/www.academiabuenosaires.com\/es\/actividades\/otras-actividades\/#breadcrumb\"},\"inLanguage\":\"es-ES\",\"potentialAction\":[{\"@type\":\"ReadAction\",\"target\":[\"https:\/\/www.academiabuenosaires.com\/es\/actividades\/otras-actividades\/\"]}]},{\"@type\":\"ImageObject\",\"inLanguage\":\"es-ES\",\"@id\":\"https:\/\/www.academiabuenosaires.com\/es\/actividades\/otras-actividades\/#primaryimage\",\"url\":\"https:\/\/www.academiabuenosaires.com\/wp-content\/uploads\/2013\/09\/asado1.jpg\",\"contentUrl\":\"https:\/\/www.academiabuenosaires.com\/wp-content\/uploads\/2013\/09\/asado1.jpg\"},{\"@type\":\"BreadcrumbList\",\"@id\":\"https:\/\/www.academiabuenosaires.com\/es\/actividades\/otras-actividades\/#breadcrumb\",\"itemListElement\":[{\"@type\":\"ListItem\",\"position\":1,\"name\":\"Home\",\"item\":\"https:\/\/www.academiabuenosaires.com\/es\/\"},{\"@type\":\"ListItem\",\"position\":2,\"name\":\"Actividades\",\"item\":\"https:\/\/www.academiabuenosaires.com\/es\/actividades\/\"},{\"@type\":\"ListItem\",\"position\":3,\"name\":\"Otras actividades\"}]},{\"@type\":\"WebSite\",\"@id\":\"https:\/\/www.academiabuenosaires.com\/es\/#website\",\"url\":\"https:\/\/www.academiabuenosaires.com\/es\/\",\"name\":\"Academia Buenos Aires\",\"description\":\"spanish courses\",\"potentialAction\":[{\"@type\":\"SearchAction\",\"target\":{\"@type\":\"EntryPoint\",\"urlTemplate\":\"https:\/\/www.academiabuenosaires.com\/es\/?s={search_term_string}\"},\"query-input\":{\"@type\":\"PropertyValueSpecification\",\"valueRequired\":true,\"valueName\":\"search_term_string\"}}],\"inLanguage\":\"es-ES\"}]}<\/script>\n<!-- \/ Yoast SEO plugin. -->","yoast_head_json":{"title":"Otras actividades - Academia Buenos Aires","robots":{"index":"index","follow":"follow","max-snippet":"max-snippet:-1","max-image-preview":"max-image-preview:large","max-video-preview":"max-video-preview:-1"},"canonical":"https:\/\/www.academiabuenosaires.com\/es\/actividades\/otras-actividades\/","og_locale":"es_ES","og_type":"article","og_title":"Otras actividades - Academia Buenos Aires","og_description":"Aprender a hacer algo es una de las mejores maneras de practicar y mejorar su espa\u00f1ol. Usted puede perfeccionar una habilidad que ya tiene o aprender a hacer algo que siempre quiso hacer; mientras, casi sin darse cuenta, conversa, pregunta, responde, oye y piensa en espa\u00f1ol. Aproveche la oportunidad de llevar la inmersi\u00f3n en la [&hellip;]","og_url":"https:\/\/www.academiabuenosaires.com\/es\/actividades\/otras-actividades\/","og_site_name":"Academia Buenos Aires","article_modified_time":"2014-04-24T20:08:26+00:00","og_image":[{"url":"https:\/\/www.academiabuenosaires.com\/wp-content\/uploads\/2013\/09\/asado1.jpg","type":"","width":"","height":""}],"twitter_misc":{"Est. reading time":"2 minutes"},"schema":{"@context":"https:\/\/schema.org","@graph":[{"@type":"WebPage","@id":"https:\/\/www.academiabuenosaires.com\/es\/actividades\/otras-actividades\/","url":"https:\/\/www.academiabuenosaires.com\/es\/actividades\/otras-actividades\/","name":"Otras actividades - Academia Buenos Aires","isPartOf":{"@id":"https:\/\/www.academiabuenosaires.com\/es\/#website"},"primaryImageOfPage":{"@id":"https:\/\/www.academiabuenosaires.com\/es\/actividades\/otras-actividades\/#primaryimage"},"image":{"@id":"https:\/\/www.academiabuenosaires.com\/es\/actividades\/otras-actividades\/#primaryimage"},"thumbnailUrl":"https:\/\/www.academiabuenosaires.com\/wp-content\/uploads\/2013\/09\/asado1.jpg","datePublished":"2013-09-30T14:59:25+00:00","dateModified":"2014-04-24T20:08:26+00:00","breadcrumb":{"@id":"https:\/\/www.academiabuenosaires.com\/es\/actividades\/otras-actividades\/#breadcrumb"},"inLanguage":"es-ES","potentialAction":[{"@type":"ReadAction","target":["https:\/\/www.academiabuenosaires.com\/es\/actividades\/otras-actividades\/"]}]},{"@type":"ImageObject","inLanguage":"es-ES","@id":"https:\/\/www.academiabuenosaires.com\/es\/actividades\/otras-actividades\/#primaryimage","url":"https:\/\/www.academiabuenosaires.com\/wp-content\/uploads\/2013\/09\/asado1.jpg","contentUrl":"https:\/\/www.academiabuenosaires.com\/wp-content\/uploads\/2013\/09\/asado1.jpg"},{"@type":"BreadcrumbList","@id":"https:\/\/www.academiabuenosaires.com\/es\/actividades\/otras-actividades\/#breadcrumb","itemListElement":[{"@type":"ListItem","position":1,"name":"Home","item":"https:\/\/www.academiabuenosaires.com\/es\/"},{"@type":"ListItem","position":2,"name":"Actividades","item":"https:\/\/www.academiabuenosaires.com\/es\/actividades\/"},{"@type":"ListItem","position":3,"name":"Otras actividades"}]},{"@type":"WebSite","@id":"https:\/\/www.academiabuenosaires.com\/es\/#website","url":"https:\/\/www.academiabuenosaires.com\/es\/","name":"Academia Buenos Aires","description":"spanish courses","potentialAction":[{"@type":"SearchAction","target":{"@type":"EntryPoint","urlTemplate":"https:\/\/www.academiabuenosaires.com\/es\/?s={search_term_string}"},"query-input":{"@type":"PropertyValueSpecification","valueRequired":true,"valueName":"search_term_string"}}],"inLanguage":"es-ES"}]}},"_links":{"self":[{"href":"https:\/\/www.academiabuenosaires.com\/es\/wp-json\/wp\/v2\/pages\/1539","targetHints":{"allow":["GET"]}}],"collection":[{"href":"https:\/\/www.academiabuenosaires.com\/es\/wp-json\/wp\/v2\/pages"}],"about":[{"href":"https:\/\/www.academiabuenosaires.com\/es\/wp-json\/wp\/v2\/types\/page"}],"author":[{"embeddable":true,"href":"https:\/\/www.academiabuenosaires.com\/es\/wp-json\/wp\/v2\/users\/5"}],"replies":[{"embeddable":true,"href":"https:\/\/www.academiabuenosaires.com\/es\/wp-json\/wp\/v2\/comments?post=1539"}],"version-history":[{"count":0,"href":"https:\/\/www.academiabuenosaires.com\/es\/wp-json\/wp\/v2\/pages\/1539\/revisions"}],"up":[{"embeddable":true,"href":"https:\/\/www.academiabuenosaires.com\/es\/wp-json\/wp\/v2\/pages\/1451"}],"wp:attachment":[{"href":"https:\/\/www.academiabuenosaires.com\/es\/wp-json\/wp\/v2\/media?parent=1539"}],"curies":[{"name":"wp","href":"https:\/\/api.w.org\/{rel}","templated":true}]}}