
{"id":1238,"date":"2013-09-25T11:42:37","date_gmt":"2013-09-25T11:42:37","guid":{"rendered":"https:\/\/www.academiabuenosaires.com\/?page_id=1238"},"modified":"2024-12-18T11:33:20","modified_gmt":"2024-12-18T14:33:20","slug":"alojamiento","status":"publish","type":"page","link":"https:\/\/www.academiabuenosaires.com\/es\/alojamiento\/","title":{"rendered":"Alojamiento"},"content":{"rendered":"<p>La oferta de alojamiento es parte esencial de nuestros servicios. Academia Buenos Aires le propone varias posibilidades de alojamiento durante su estad\u00eda en Buenos Aires. Usted elige si prefiere quedarse en <a title=\"casa de familia\" href=\"https:\/\/www.academiabuenosaires.com\/es\/accommodation\/casa-de-familia\/\" target=\"_blank\">casa de una familia argentina<\/a>, en un <a title=\"hostal Buenos Aires\" href=\"https:\/\/www.academiabuenosaires.com\/de\/accommodation\/hostal\/\" target=\"_blank\">hostal<\/a>, en un <a title=\"apartamento compartido\" href=\"https:\/\/www.academiabuenosaires.com\/es\/accommodation\/apartamento-compartido\/\" target=\"_blank\">departamento<\/a> o en un <a title=\"hotel Buenos Aires\" href=\"https:\/\/www.academiabuenosaires.com\/es\/accommodation\/hotel-3\/\" target=\"_blank\">hotel<\/a>. Creemos que el alojamiento juega un rol muy importante en los programas de estudio en el extranjero y podemos hacer mucho para que sea exitoso. Dirigimos nuestros esfuerzos para asegurarle un servicio de alojamiento que satisface altos est\u00e1ndares. Encontrar alojamiento en Buenos Aires es dif\u00edcil, especialmente si todav\u00eda no ha llegado a la ciudad. D\u00e9jenos ocuparnos de todo lo relacionado con la b\u00fasqueda del alojamiento. Nos aseguramos de que sus inquietudes sean resueltas para su satisfacci\u00f3n. Nuestro servicio de alojamiento es opcional y, si usted lo prefiere, es libre de organizarlo por su cuenta.<\/p>\n","protected":false},"excerpt":{"rendered":"<p>La oferta de alojamiento es parte esencial de nuestros servicios. Academia Buenos Aires le propone varias posibilidades de alojamiento durante su estad\u00eda en Buenos Aires. Usted elige si prefiere quedarse en casa de una familia argentina, en un hostal, en un departamento o en un hotel. Creemos que el alojamiento juega un rol muy importante [&hellip;]<\/p>\n","protected":false},"author":5,"featured_media":0,"parent":0,"menu_order":38,"comment_status":"open","ping_status":"open","template":"","meta":{"footnotes":""},"class_list":["post-1238","page","type-page","status-publish","hentry","entry"],"yoast_head":"<!-- This site is optimized with the Yoast SEO plugin v26.0 - https:\/\/yoast.com\/wordpress\/plugins\/seo\/ -->\n<title>Alojamiento - Academia Buenos Aires<\/title>\n<meta name=\"robots\" content=\"index, follow, max-snippet:-1, max-image-preview:large, max-video-preview:-1\" \/>\n<link rel=\"canonical\" href=\"https:\/\/www.academiabuenosaires.com\/es\/alojamiento\/\" \/>\n<meta property=\"og:locale\" content=\"es_ES\" \/>\n<meta property=\"og:type\" content=\"article\" \/>\n<meta property=\"og:title\" content=\"Alojamiento - Academia Buenos Aires\" \/>\n<meta property=\"og:description\" content=\"La oferta de alojamiento es parte esencial de nuestros servicios. Academia Buenos Aires le propone varias posibilidades de alojamiento durante su estad\u00eda en Buenos Aires. Usted elige si prefiere quedarse en casa de una familia argentina, en un hostal, en un departamento o en un hotel. Creemos que el alojamiento juega un rol muy importante [&hellip;]\" \/>\n<meta property=\"og:url\" content=\"https:\/\/www.academiabuenosaires.com\/es\/alojamiento\/\" \/>\n<meta property=\"og:site_name\" content=\"Academia Buenos Aires\" \/>\n<meta property=\"article:modified_time\" content=\"2024-12-18T14:33:20+00:00\" \/>\n<meta name=\"twitter:label1\" content=\"Est. reading time\" \/>\n\t<meta name=\"twitter:data1\" content=\"1 minute\" \/>\n<script type=\"application\/ld+json\" class=\"yoast-schema-graph\">{\"@context\":\"https:\/\/schema.org\",\"@graph\":[{\"@type\":\"WebPage\",\"@id\":\"https:\/\/www.academiabuenosaires.com\/es\/alojamiento\/\",\"url\":\"https:\/\/www.academiabuenosaires.com\/es\/alojamiento\/\",\"name\":\"Alojamiento - Academia Buenos Aires\",\"isPartOf\":{\"@id\":\"https:\/\/www.academiabuenosaires.com\/es\/#website\"},\"datePublished\":\"2013-09-25T11:42:37+00:00\",\"dateModified\":\"2024-12-18T14:33:20+00:00\",\"breadcrumb\":{\"@id\":\"https:\/\/www.academiabuenosaires.com\/es\/alojamiento\/#breadcrumb\"},\"inLanguage\":\"es-ES\",\"potentialAction\":[{\"@type\":\"ReadAction\",\"target\":[\"https:\/\/www.academiabuenosaires.com\/es\/alojamiento\/\"]}]},{\"@type\":\"BreadcrumbList\",\"@id\":\"https:\/\/www.academiabuenosaires.com\/es\/alojamiento\/#breadcrumb\",\"itemListElement\":[{\"@type\":\"ListItem\",\"position\":1,\"name\":\"Home\",\"item\":\"https:\/\/www.academiabuenosaires.com\/es\/\"},{\"@type\":\"ListItem\",\"position\":2,\"name\":\"Alojamiento\"}]},{\"@type\":\"WebSite\",\"@id\":\"https:\/\/www.academiabuenosaires.com\/es\/#website\",\"url\":\"https:\/\/www.academiabuenosaires.com\/es\/\",\"name\":\"Academia Buenos Aires\",\"description\":\"spanish courses\",\"potentialAction\":[{\"@type\":\"SearchAction\",\"target\":{\"@type\":\"EntryPoint\",\"urlTemplate\":\"https:\/\/www.academiabuenosaires.com\/es\/?s={search_term_string}\"},\"query-input\":{\"@type\":\"PropertyValueSpecification\",\"valueRequired\":true,\"valueName\":\"search_term_string\"}}],\"inLanguage\":\"es-ES\"}]}<\/script>\n<!-- \/ Yoast SEO plugin. -->","yoast_head_json":{"title":"Alojamiento - Academia Buenos Aires","robots":{"index":"index","follow":"follow","max-snippet":"max-snippet:-1","max-image-preview":"max-image-preview:large","max-video-preview":"max-video-preview:-1"},"canonical":"https:\/\/www.academiabuenosaires.com\/es\/alojamiento\/","og_locale":"es_ES","og_type":"article","og_title":"Alojamiento - Academia Buenos Aires","og_description":"La oferta de alojamiento es parte esencial de nuestros servicios. Academia Buenos Aires le propone varias posibilidades de alojamiento durante su estad\u00eda en Buenos Aires. Usted elige si prefiere quedarse en casa de una familia argentina, en un hostal, en un departamento o en un hotel. Creemos que el alojamiento juega un rol muy importante [&hellip;]","og_url":"https:\/\/www.academiabuenosaires.com\/es\/alojamiento\/","og_site_name":"Academia Buenos Aires","article_modified_time":"2024-12-18T14:33:20+00:00","twitter_misc":{"Est. reading time":"1 minute"},"schema":{"@context":"https:\/\/schema.org","@graph":[{"@type":"WebPage","@id":"https:\/\/www.academiabuenosaires.com\/es\/alojamiento\/","url":"https:\/\/www.academiabuenosaires.com\/es\/alojamiento\/","name":"Alojamiento - Academia Buenos Aires","isPartOf":{"@id":"https:\/\/www.academiabuenosaires.com\/es\/#website"},"datePublished":"2013-09-25T11:42:37+00:00","dateModified":"2024-12-18T14:33:20+00:00","breadcrumb":{"@id":"https:\/\/www.academiabuenosaires.com\/es\/alojamiento\/#breadcrumb"},"inLanguage":"es-ES","potentialAction":[{"@type":"ReadAction","target":["https:\/\/www.academiabuenosaires.com\/es\/alojamiento\/"]}]},{"@type":"BreadcrumbList","@id":"https:\/\/www.academiabuenosaires.com\/es\/alojamiento\/#breadcrumb","itemListElement":[{"@type":"ListItem","position":1,"name":"Home","item":"https:\/\/www.academiabuenosaires.com\/es\/"},{"@type":"ListItem","position":2,"name":"Alojamiento"}]},{"@type":"WebSite","@id":"https:\/\/www.academiabuenosaires.com\/es\/#website","url":"https:\/\/www.academiabuenosaires.com\/es\/","name":"Academia Buenos Aires","description":"spanish courses","potentialAction":[{"@type":"SearchAction","target":{"@type":"EntryPoint","urlTemplate":"https:\/\/www.academiabuenosaires.com\/es\/?s={search_term_string}"},"query-input":{"@type":"PropertyValueSpecification","valueRequired":true,"valueName":"search_term_string"}}],"inLanguage":"es-ES"}]}},"_links":{"self":[{"href":"https:\/\/www.academiabuenosaires.com\/es\/wp-json\/wp\/v2\/pages\/1238","targetHints":{"allow":["GET"]}}],"collection":[{"href":"https:\/\/www.academiabuenosaires.com\/es\/wp-json\/wp\/v2\/pages"}],"about":[{"href":"https:\/\/www.academiabuenosaires.com\/es\/wp-json\/wp\/v2\/types\/page"}],"author":[{"embeddable":true,"href":"https:\/\/www.academiabuenosaires.com\/es\/wp-json\/wp\/v2\/users\/5"}],"replies":[{"embeddable":true,"href":"https:\/\/www.academiabuenosaires.com\/es\/wp-json\/wp\/v2\/comments?post=1238"}],"version-history":[{"count":0,"href":"https:\/\/www.academiabuenosaires.com\/es\/wp-json\/wp\/v2\/pages\/1238\/revisions"}],"wp:attachment":[{"href":"https:\/\/www.academiabuenosaires.com\/es\/wp-json\/wp\/v2\/media?parent=1238"}],"curies":[{"name":"wp","href":"https:\/\/api.w.org\/{rel}","templated":true}]}}