
{"id":1060,"date":"2013-09-19T16:04:04","date_gmt":"2013-09-19T16:04:04","guid":{"rendered":"https:\/\/www.academiabuenosaires.com\/?page_id=1060"},"modified":"2025-08-03T13:15:37","modified_gmt":"2025-08-03T16:15:37","slug":"sobre-nosotros","status":"publish","type":"page","link":"https:\/\/www.academiabuenosaires.com\/es\/la-academia\/sobre-nosotros\/","title":{"rendered":"Sobre nosotros"},"content":{"rendered":"<p>Hacia fines de 2004, comenzamos como una peque\u00f1a escuela en una a\u00fan m\u00e1s peque\u00f1a oficina a metros de Plaza de Mayo. Est\u00e1bamos seguros de que nuestro servicio se destacar\u00eda por la calidad que ten\u00eda para ofrecer. Crecimos r\u00e1pidamente de la mano de nuestro nombre (y hemos estado a la altura de nuestro nombre) y Academia Buenos Aires se ha convertido en una de las escuelas l\u00edderes en la ense\u00f1anza de espa\u00f1ol en la regi\u00f3n. Hoy ense\u00f1amos espa\u00f1ol a cientos de estudiantes de todo el mundo siguiendo nuestra metodolog\u00eda de ense\u00f1anza desarrollada bajo el imperativo de la innovaci\u00f3n. Y estamos todav\u00eda m\u00e1s apasionados por nuestro trabajo.<\/p>\n<p>Nos trasladamos a nuestras actuales instalaciones en el a\u00f1o 2006 y comenzamos a usar nuestro propio plan de estudios y nuestros propios materiales did\u00e1cticos ese mismo a\u00f1o. Para el a\u00f1o 2007 sentimos la suficiente confianza para abrir una segunda <a title=\"Academia Uruguay\" href=\"https:\/\/www.academiauruguay.com\/\" target=\"_blank\" rel=\"noopener\">escuela en Montevideo<\/a>, Uruguay, con la misma filosof\u00eda, la misma perspectiva did\u00e1ctica y precios similares. En 2009, nuestra escuela implement\u00f3 exitosamente un plan de calidad total, lo que nos llev\u00f3 a alcanzar una mayor profesionalizaci\u00f3n en nuestras operaciones. De\u00a02010 a 2016, nos unimos a la red internacional de escuelas <a title=\"TANDEM\u00ae International\" href=\"https:\/\/www.academiabuenosaires.com\/es\/la-academia\/institutos-amigos\/\" target=\"_blank\" rel=\"noopener\">Tandem<\/a>, con la que compartimos los mismos ideales y que constituye un sin\u00f3nimo de calidad en la ense\u00f1anza de idiomas. Para el 2011, creamos una alianza de calidad con escuelas asociadas en C\u00f3rdoba, Argentina y Santiago de Chile, denominada\u00a0 AMERIGO. Ese mismo a\u00f1o lanzamos <a title=\"Academia Bariloche Patagonia\" href=\"http:\/\/academiabariloche.com\" target=\"_blank\" rel=\"noopener\">Academia Bariloche<\/a> en cooperaci\u00f3n con dos profesionales locales. Y en 2012 nuestra escuela en Uruguay se convirti\u00f3 en Centro Asociado del Instituto Cervantes y desde el 1\/1\/2017 Academia Buenos Aires tambi\u00e9n forma parte de los Centros Asociados del Instituto Cervantes.<\/p>\n<p>A lo largo de los a\u00f1os hemos sido recomendados por la mayor\u00eda de las mejores gu\u00edas para viajeros (Lonely Planet, Footprint, etc.) y muchas agencias internacionales especializadas en turismo idiom\u00e1tico se han convertido en nuestros embajadores alrededor del mundo. Sin embargo, la prueba m\u00e1s importante y contundente del \u00e9xito de nuestros m\u00e9todos de ense\u00f1anza y profesores no es un dato institucional, sino el continuo incremento en la cantidad de <span style=\"text-decoration: underline;\">estudiantes<\/span> y su evaluaci\u00f3n tan positiva. <a title=\"nuestro video - Academia Buenos Aires\" href=\"http:\/\/www.youtube.com\/watch?v=yCnfpjL5crM\" target=\"_blank\" rel=\"noopener\"><img loading=\"lazy\" decoding=\"async\" class=\"aligncenter size-full wp-image-2533\" src=\"https:\/\/www.academiabuenosaires.com\/wp-content\/uploads\/2013\/05\/academia-buenos-aires-video-with-watermark.jpg\" alt=\"academia-buenos-aires-video-with-watermark\" width=\"400\" height=\"191\" srcset=\"https:\/\/www.academiabuenosaires.com\/wp-content\/uploads\/2013\/05\/academia-buenos-aires-video-with-watermark.jpg 400w, https:\/\/www.academiabuenosaires.com\/wp-content\/uploads\/2013\/05\/academia-buenos-aires-video-with-watermark-160x76.jpg 160w, https:\/\/www.academiabuenosaires.com\/wp-content\/uploads\/2013\/05\/academia-buenos-aires-video-with-watermark-338x161.jpg 338w\" sizes=\"auto, (max-width: 400px) 100vw, 400px\" \/><\/a><\/p>\n","protected":false},"excerpt":{"rendered":"<p>Hacia fines de 2004, comenzamos como una peque\u00f1a escuela en una a\u00fan m\u00e1s peque\u00f1a oficina a metros de Plaza de Mayo. Est\u00e1bamos seguros de que nuestro servicio se destacar\u00eda por la calidad que ten\u00eda para ofrecer. Crecimos r\u00e1pidamente de la mano de nuestro nombre (y hemos estado a la altura de nuestro nombre) y Academia [&hellip;]<\/p>\n","protected":false},"author":5,"featured_media":0,"parent":1059,"menu_order":17,"comment_status":"open","ping_status":"open","template":"","meta":{"footnotes":""},"class_list":["post-1060","page","type-page","status-publish","hentry","entry"],"yoast_head":"<!-- This site is optimized with the Yoast SEO plugin v26.0 - https:\/\/yoast.com\/wordpress\/plugins\/seo\/ -->\n<title>Sobre nosotros - Academia Buenos Aires<\/title>\n<meta name=\"description\" content=\"Academia Buenos Aires se ha convertido en una escuela l\u00edder de espa\u00f1ol en Am\u00e9rica Latina. Forma parte de los Centros Asociados del Instituto Cervantes.\" \/>\n<meta name=\"robots\" content=\"index, follow, max-snippet:-1, max-image-preview:large, max-video-preview:-1\" \/>\n<link rel=\"canonical\" href=\"https:\/\/www.academiabuenosaires.com\/es\/la-academia\/sobre-nosotros\/\" \/>\n<meta property=\"og:locale\" content=\"es_ES\" \/>\n<meta property=\"og:type\" content=\"article\" \/>\n<meta property=\"og:title\" content=\"Sobre nosotros - Academia Buenos Aires\" \/>\n<meta property=\"og:description\" content=\"Academia Buenos Aires se ha convertido en una escuela l\u00edder de espa\u00f1ol en Am\u00e9rica Latina. Forma parte de los Centros Asociados del Instituto Cervantes.\" \/>\n<meta property=\"og:url\" content=\"https:\/\/www.academiabuenosaires.com\/es\/la-academia\/sobre-nosotros\/\" \/>\n<meta property=\"og:site_name\" content=\"Academia Buenos Aires\" \/>\n<meta property=\"article:modified_time\" content=\"2025-08-03T16:15:37+00:00\" \/>\n<meta property=\"og:image\" content=\"https:\/\/www.academiabuenosaires.com\/wp-content\/uploads\/2013\/05\/academia-buenos-aires-video-with-watermark.jpg\" \/>\n\t<meta property=\"og:image:width\" content=\"400\" \/>\n\t<meta property=\"og:image:height\" content=\"191\" \/>\n\t<meta property=\"og:image:type\" content=\"image\/jpeg\" \/>\n<meta name=\"twitter:label1\" content=\"Est. reading time\" \/>\n\t<meta name=\"twitter:data1\" content=\"2 minutes\" \/>\n<script type=\"application\/ld+json\" class=\"yoast-schema-graph\">{\"@context\":\"https:\/\/schema.org\",\"@graph\":[{\"@type\":\"WebPage\",\"@id\":\"https:\/\/www.academiabuenosaires.com\/es\/la-academia\/sobre-nosotros\/\",\"url\":\"https:\/\/www.academiabuenosaires.com\/es\/la-academia\/sobre-nosotros\/\",\"name\":\"Sobre nosotros - Academia Buenos Aires\",\"isPartOf\":{\"@id\":\"https:\/\/www.academiabuenosaires.com\/es\/#website\"},\"primaryImageOfPage\":{\"@id\":\"https:\/\/www.academiabuenosaires.com\/es\/la-academia\/sobre-nosotros\/#primaryimage\"},\"image\":{\"@id\":\"https:\/\/www.academiabuenosaires.com\/es\/la-academia\/sobre-nosotros\/#primaryimage\"},\"thumbnailUrl\":\"https:\/\/www.academiabuenosaires.com\/wp-content\/uploads\/2013\/05\/academia-buenos-aires-video-with-watermark.jpg\",\"datePublished\":\"2013-09-19T16:04:04+00:00\",\"dateModified\":\"2025-08-03T16:15:37+00:00\",\"description\":\"Academia Buenos Aires se ha convertido en una escuela l\u00edder de espa\u00f1ol en Am\u00e9rica Latina. Forma parte de los Centros Asociados del Instituto Cervantes.\",\"breadcrumb\":{\"@id\":\"https:\/\/www.academiabuenosaires.com\/es\/la-academia\/sobre-nosotros\/#breadcrumb\"},\"inLanguage\":\"es-ES\",\"potentialAction\":[{\"@type\":\"ReadAction\",\"target\":[\"https:\/\/www.academiabuenosaires.com\/es\/la-academia\/sobre-nosotros\/\"]}]},{\"@type\":\"ImageObject\",\"inLanguage\":\"es-ES\",\"@id\":\"https:\/\/www.academiabuenosaires.com\/es\/la-academia\/sobre-nosotros\/#primaryimage\",\"url\":\"https:\/\/www.academiabuenosaires.com\/wp-content\/uploads\/2013\/05\/academia-buenos-aires-video-with-watermark.jpg\",\"contentUrl\":\"https:\/\/www.academiabuenosaires.com\/wp-content\/uploads\/2013\/05\/academia-buenos-aires-video-with-watermark.jpg\"},{\"@type\":\"BreadcrumbList\",\"@id\":\"https:\/\/www.academiabuenosaires.com\/es\/la-academia\/sobre-nosotros\/#breadcrumb\",\"itemListElement\":[{\"@type\":\"ListItem\",\"position\":1,\"name\":\"Home\",\"item\":\"https:\/\/www.academiabuenosaires.com\/es\/\"},{\"@type\":\"ListItem\",\"position\":2,\"name\":\"La Academia\",\"item\":\"https:\/\/www.academiabuenosaires.com\/es\/la-academia\/\"},{\"@type\":\"ListItem\",\"position\":3,\"name\":\"Sobre nosotros\"}]},{\"@type\":\"WebSite\",\"@id\":\"https:\/\/www.academiabuenosaires.com\/es\/#website\",\"url\":\"https:\/\/www.academiabuenosaires.com\/es\/\",\"name\":\"Academia Buenos Aires\",\"description\":\"spanish courses\",\"potentialAction\":[{\"@type\":\"SearchAction\",\"target\":{\"@type\":\"EntryPoint\",\"urlTemplate\":\"https:\/\/www.academiabuenosaires.com\/es\/?s={search_term_string}\"},\"query-input\":{\"@type\":\"PropertyValueSpecification\",\"valueRequired\":true,\"valueName\":\"search_term_string\"}}],\"inLanguage\":\"es-ES\"}]}<\/script>\n<!-- \/ Yoast SEO plugin. -->","yoast_head_json":{"title":"Sobre nosotros - Academia Buenos Aires","description":"Academia Buenos Aires se ha convertido en una escuela l\u00edder de espa\u00f1ol en Am\u00e9rica Latina. Forma parte de los Centros Asociados del Instituto Cervantes.","robots":{"index":"index","follow":"follow","max-snippet":"max-snippet:-1","max-image-preview":"max-image-preview:large","max-video-preview":"max-video-preview:-1"},"canonical":"https:\/\/www.academiabuenosaires.com\/es\/la-academia\/sobre-nosotros\/","og_locale":"es_ES","og_type":"article","og_title":"Sobre nosotros - Academia Buenos Aires","og_description":"Academia Buenos Aires se ha convertido en una escuela l\u00edder de espa\u00f1ol en Am\u00e9rica Latina. Forma parte de los Centros Asociados del Instituto Cervantes.","og_url":"https:\/\/www.academiabuenosaires.com\/es\/la-academia\/sobre-nosotros\/","og_site_name":"Academia Buenos Aires","article_modified_time":"2025-08-03T16:15:37+00:00","og_image":[{"width":400,"height":191,"url":"https:\/\/www.academiabuenosaires.com\/wp-content\/uploads\/2013\/05\/academia-buenos-aires-video-with-watermark.jpg","type":"image\/jpeg"}],"twitter_misc":{"Est. reading time":"2 minutes"},"schema":{"@context":"https:\/\/schema.org","@graph":[{"@type":"WebPage","@id":"https:\/\/www.academiabuenosaires.com\/es\/la-academia\/sobre-nosotros\/","url":"https:\/\/www.academiabuenosaires.com\/es\/la-academia\/sobre-nosotros\/","name":"Sobre nosotros - Academia Buenos Aires","isPartOf":{"@id":"https:\/\/www.academiabuenosaires.com\/es\/#website"},"primaryImageOfPage":{"@id":"https:\/\/www.academiabuenosaires.com\/es\/la-academia\/sobre-nosotros\/#primaryimage"},"image":{"@id":"https:\/\/www.academiabuenosaires.com\/es\/la-academia\/sobre-nosotros\/#primaryimage"},"thumbnailUrl":"https:\/\/www.academiabuenosaires.com\/wp-content\/uploads\/2013\/05\/academia-buenos-aires-video-with-watermark.jpg","datePublished":"2013-09-19T16:04:04+00:00","dateModified":"2025-08-03T16:15:37+00:00","description":"Academia Buenos Aires se ha convertido en una escuela l\u00edder de espa\u00f1ol en Am\u00e9rica Latina. Forma parte de los Centros Asociados del Instituto Cervantes.","breadcrumb":{"@id":"https:\/\/www.academiabuenosaires.com\/es\/la-academia\/sobre-nosotros\/#breadcrumb"},"inLanguage":"es-ES","potentialAction":[{"@type":"ReadAction","target":["https:\/\/www.academiabuenosaires.com\/es\/la-academia\/sobre-nosotros\/"]}]},{"@type":"ImageObject","inLanguage":"es-ES","@id":"https:\/\/www.academiabuenosaires.com\/es\/la-academia\/sobre-nosotros\/#primaryimage","url":"https:\/\/www.academiabuenosaires.com\/wp-content\/uploads\/2013\/05\/academia-buenos-aires-video-with-watermark.jpg","contentUrl":"https:\/\/www.academiabuenosaires.com\/wp-content\/uploads\/2013\/05\/academia-buenos-aires-video-with-watermark.jpg"},{"@type":"BreadcrumbList","@id":"https:\/\/www.academiabuenosaires.com\/es\/la-academia\/sobre-nosotros\/#breadcrumb","itemListElement":[{"@type":"ListItem","position":1,"name":"Home","item":"https:\/\/www.academiabuenosaires.com\/es\/"},{"@type":"ListItem","position":2,"name":"La Academia","item":"https:\/\/www.academiabuenosaires.com\/es\/la-academia\/"},{"@type":"ListItem","position":3,"name":"Sobre nosotros"}]},{"@type":"WebSite","@id":"https:\/\/www.academiabuenosaires.com\/es\/#website","url":"https:\/\/www.academiabuenosaires.com\/es\/","name":"Academia Buenos Aires","description":"spanish courses","potentialAction":[{"@type":"SearchAction","target":{"@type":"EntryPoint","urlTemplate":"https:\/\/www.academiabuenosaires.com\/es\/?s={search_term_string}"},"query-input":{"@type":"PropertyValueSpecification","valueRequired":true,"valueName":"search_term_string"}}],"inLanguage":"es-ES"}]}},"_links":{"self":[{"href":"https:\/\/www.academiabuenosaires.com\/es\/wp-json\/wp\/v2\/pages\/1060","targetHints":{"allow":["GET"]}}],"collection":[{"href":"https:\/\/www.academiabuenosaires.com\/es\/wp-json\/wp\/v2\/pages"}],"about":[{"href":"https:\/\/www.academiabuenosaires.com\/es\/wp-json\/wp\/v2\/types\/page"}],"author":[{"embeddable":true,"href":"https:\/\/www.academiabuenosaires.com\/es\/wp-json\/wp\/v2\/users\/5"}],"replies":[{"embeddable":true,"href":"https:\/\/www.academiabuenosaires.com\/es\/wp-json\/wp\/v2\/comments?post=1060"}],"version-history":[{"count":0,"href":"https:\/\/www.academiabuenosaires.com\/es\/wp-json\/wp\/v2\/pages\/1060\/revisions"}],"up":[{"embeddable":true,"href":"https:\/\/www.academiabuenosaires.com\/es\/wp-json\/wp\/v2\/pages\/1059"}],"wp:attachment":[{"href":"https:\/\/www.academiabuenosaires.com\/es\/wp-json\/wp\/v2\/media?parent=1060"}],"curies":[{"name":"wp","href":"https:\/\/api.w.org\/{rel}","templated":true}]}}