
{"id":3258,"date":"2013-11-16T04:25:40","date_gmt":"2013-11-16T04:25:40","guid":{"rendered":"https:\/\/www.academiabuenosaires.com\/?page_id=3258"},"modified":"2014-03-05T01:13:16","modified_gmt":"2014-03-05T04:13:16","slug":"kritiken","status":"publish","type":"page","link":"https:\/\/www.academiabuenosaires.com\/de\/kritiken\/","title":{"rendered":"Kritiken"},"content":{"rendered":"<p>Wir sind uns sicher, dass wir Sie am besten von der Qualit\u00e4t unserer Programme \u00fcberzeugen k\u00f6nnen, indem wir unsere ehemaligen Studenten zu Wort kommen lassen. In diesem Abschnitt haben wir eine Reihe von Kommentaren ehemaliger Studenten aufgelistet. Danke daf\u00fcr, dass Sie Academia Buenos Aires gew\u00e4hlt haben!<\/p>\n","protected":false},"excerpt":{"rendered":"<p>Wir sind uns sicher, dass wir Sie am besten von der Qualit\u00e4t unserer Programme \u00fcberzeugen k\u00f6nnen, indem wir unsere ehemaligen Studenten zu Wort kommen lassen. In diesem Abschnitt haben wir eine Reihe von Kommentaren ehemaliger Studenten aufgelistet. Danke daf\u00fcr, dass Sie Academia Buenos Aires gew\u00e4hlt haben!<\/p>\n","protected":false},"author":5,"featured_media":0,"parent":0,"menu_order":38,"comment_status":"closed","ping_status":"closed","template":"reviews.php","meta":{"footnotes":""},"class_list":["post-3258","page","type-page","status-publish","hentry","entry"],"yoast_head":"<!-- This site is optimized with the Yoast SEO plugin v26.0 - https:\/\/yoast.com\/wordpress\/plugins\/seo\/ -->\n<title>Kritiken - Academia Buenos Aires<\/title>\n<meta name=\"robots\" content=\"index, follow, max-snippet:-1, max-image-preview:large, max-video-preview:-1\" \/>\n<link rel=\"canonical\" href=\"https:\/\/www.academiabuenosaires.com\/de\/kritiken\/\" \/>\n<meta property=\"og:locale\" content=\"de_DE\" \/>\n<meta property=\"og:type\" content=\"article\" \/>\n<meta property=\"og:title\" content=\"Kritiken - Academia Buenos Aires\" \/>\n<meta property=\"og:description\" content=\"Wir sind uns sicher, dass wir Sie am besten von der Qualit\u00e4t unserer Programme \u00fcberzeugen k\u00f6nnen, indem wir unsere ehemaligen Studenten zu Wort kommen lassen. In diesem Abschnitt haben wir eine Reihe von Kommentaren ehemaliger Studenten aufgelistet. Danke daf\u00fcr, dass Sie Academia Buenos Aires gew\u00e4hlt haben!\" \/>\n<meta property=\"og:url\" content=\"https:\/\/www.academiabuenosaires.com\/de\/kritiken\/\" \/>\n<meta property=\"og:site_name\" content=\"Academia Buenos Aires\" \/>\n<meta property=\"article:modified_time\" content=\"2014-03-05T04:13:16+00:00\" \/>\n<script type=\"application\/ld+json\" class=\"yoast-schema-graph\">{\"@context\":\"https:\/\/schema.org\",\"@graph\":[{\"@type\":\"WebPage\",\"@id\":\"https:\/\/www.academiabuenosaires.com\/de\/kritiken\/\",\"url\":\"https:\/\/www.academiabuenosaires.com\/de\/kritiken\/\",\"name\":\"Kritiken - Academia Buenos Aires\",\"isPartOf\":{\"@id\":\"https:\/\/www.academiabuenosaires.com\/de\/#website\"},\"datePublished\":\"2013-11-16T04:25:40+00:00\",\"dateModified\":\"2014-03-05T04:13:16+00:00\",\"breadcrumb\":{\"@id\":\"https:\/\/www.academiabuenosaires.com\/de\/kritiken\/#breadcrumb\"},\"inLanguage\":\"de-DE\",\"potentialAction\":[{\"@type\":\"ReadAction\",\"target\":[\"https:\/\/www.academiabuenosaires.com\/de\/kritiken\/\"]}]},{\"@type\":\"BreadcrumbList\",\"@id\":\"https:\/\/www.academiabuenosaires.com\/de\/kritiken\/#breadcrumb\",\"itemListElement\":[{\"@type\":\"ListItem\",\"position\":1,\"name\":\"Home\",\"item\":\"https:\/\/www.academiabuenosaires.com\/de\/\"},{\"@type\":\"ListItem\",\"position\":2,\"name\":\"Kritiken\"}]},{\"@type\":\"WebSite\",\"@id\":\"https:\/\/www.academiabuenosaires.com\/de\/#website\",\"url\":\"https:\/\/www.academiabuenosaires.com\/de\/\",\"name\":\"Academia Buenos Aires\",\"description\":\"spanish courses\",\"potentialAction\":[{\"@type\":\"SearchAction\",\"target\":{\"@type\":\"EntryPoint\",\"urlTemplate\":\"https:\/\/www.academiabuenosaires.com\/de\/?s={search_term_string}\"},\"query-input\":{\"@type\":\"PropertyValueSpecification\",\"valueRequired\":true,\"valueName\":\"search_term_string\"}}],\"inLanguage\":\"de-DE\"}]}<\/script>\n<!-- \/ Yoast SEO plugin. -->","yoast_head_json":{"title":"Kritiken - Academia Buenos Aires","robots":{"index":"index","follow":"follow","max-snippet":"max-snippet:-1","max-image-preview":"max-image-preview:large","max-video-preview":"max-video-preview:-1"},"canonical":"https:\/\/www.academiabuenosaires.com\/de\/kritiken\/","og_locale":"de_DE","og_type":"article","og_title":"Kritiken - Academia Buenos Aires","og_description":"Wir sind uns sicher, dass wir Sie am besten von der Qualit\u00e4t unserer Programme \u00fcberzeugen k\u00f6nnen, indem wir unsere ehemaligen Studenten zu Wort kommen lassen. In diesem Abschnitt haben wir eine Reihe von Kommentaren ehemaliger Studenten aufgelistet. Danke daf\u00fcr, dass Sie Academia Buenos Aires gew\u00e4hlt haben!","og_url":"https:\/\/www.academiabuenosaires.com\/de\/kritiken\/","og_site_name":"Academia Buenos Aires","article_modified_time":"2014-03-05T04:13:16+00:00","schema":{"@context":"https:\/\/schema.org","@graph":[{"@type":"WebPage","@id":"https:\/\/www.academiabuenosaires.com\/de\/kritiken\/","url":"https:\/\/www.academiabuenosaires.com\/de\/kritiken\/","name":"Kritiken - Academia Buenos Aires","isPartOf":{"@id":"https:\/\/www.academiabuenosaires.com\/de\/#website"},"datePublished":"2013-11-16T04:25:40+00:00","dateModified":"2014-03-05T04:13:16+00:00","breadcrumb":{"@id":"https:\/\/www.academiabuenosaires.com\/de\/kritiken\/#breadcrumb"},"inLanguage":"de-DE","potentialAction":[{"@type":"ReadAction","target":["https:\/\/www.academiabuenosaires.com\/de\/kritiken\/"]}]},{"@type":"BreadcrumbList","@id":"https:\/\/www.academiabuenosaires.com\/de\/kritiken\/#breadcrumb","itemListElement":[{"@type":"ListItem","position":1,"name":"Home","item":"https:\/\/www.academiabuenosaires.com\/de\/"},{"@type":"ListItem","position":2,"name":"Kritiken"}]},{"@type":"WebSite","@id":"https:\/\/www.academiabuenosaires.com\/de\/#website","url":"https:\/\/www.academiabuenosaires.com\/de\/","name":"Academia Buenos Aires","description":"spanish courses","potentialAction":[{"@type":"SearchAction","target":{"@type":"EntryPoint","urlTemplate":"https:\/\/www.academiabuenosaires.com\/de\/?s={search_term_string}"},"query-input":{"@type":"PropertyValueSpecification","valueRequired":true,"valueName":"search_term_string"}}],"inLanguage":"de-DE"}]}},"_links":{"self":[{"href":"https:\/\/www.academiabuenosaires.com\/de\/wp-json\/wp\/v2\/pages\/3258","targetHints":{"allow":["GET"]}}],"collection":[{"href":"https:\/\/www.academiabuenosaires.com\/de\/wp-json\/wp\/v2\/pages"}],"about":[{"href":"https:\/\/www.academiabuenosaires.com\/de\/wp-json\/wp\/v2\/types\/page"}],"author":[{"embeddable":true,"href":"https:\/\/www.academiabuenosaires.com\/de\/wp-json\/wp\/v2\/users\/5"}],"replies":[{"embeddable":true,"href":"https:\/\/www.academiabuenosaires.com\/de\/wp-json\/wp\/v2\/comments?post=3258"}],"version-history":[{"count":0,"href":"https:\/\/www.academiabuenosaires.com\/de\/wp-json\/wp\/v2\/pages\/3258\/revisions"}],"wp:attachment":[{"href":"https:\/\/www.academiabuenosaires.com\/de\/wp-json\/wp\/v2\/media?parent=3258"}],"curies":[{"name":"wp","href":"https:\/\/api.w.org\/{rel}","templated":true}]}}