
{"id":3008,"date":"2013-11-04T11:35:20","date_gmt":"2013-11-04T11:35:20","guid":{"rendered":"https:\/\/www.academiabuenosaires.com\/?page_id=3008"},"modified":"2014-04-22T10:37:02","modified_gmt":"2014-04-22T13:37:02","slug":"nahverkehrssystem","status":"publish","type":"page","link":"https:\/\/www.academiabuenosaires.com\/de\/buenos-aires-argentinien\/das-leben-buenos-aires\/nahverkehrssystem\/","title":{"rendered":"Nahverkehrssystem"},"content":{"rendered":"<p>Die Stadt hat ein ausgepr\u00e4gtes \u00f6ffentliches Nahverkehrssystem. Die U-Bahn-, Bus- und Taxipreise sind im Vergleich zu anderen Hauptst\u00e4dten niedrig. Wir empfehlen auf jeden Fall f\u00fcr wenig Geld eine sogenannte SUBE-Karte zu kaufen. Durch diese Chipkarte zahlen Sie in allen Bussen weniger und Sie k\u00f6nnen Sie an jeder U-Bahn Station immer wieder mit Geld aufladen.<\/p>\n<p><strong>U-Bahn<\/strong>:\u00a0F\u00fcnf Linien verbinden gro\u00dfe Teile der Stadt. Alle sind schnell, sicher und p\u00fcnktlich. Sehr billig. Leider nur bis 22:30 Uhr.<\/p>\n<p><strong>Busse (collectivos)<\/strong>:\u00a0Es gibt in Buenos Aires mehr als 400 Buslinien. Ihre Chancen stehen also nicht allzu schlecht, einen Bus zu finden, der sie an Ihr Ziel bringt. Bitte beachten Sie, dass alle Argentinier sich strikt daran halten, wer zu erst an der Bushaltestelle war und in dieser Reihenfolge auch in den Bus einsteigen. Stellen Sie sich also in der Schlange an und respektieren Sie, dass \u00e4ltere Leute, Schwangere und Eltern mit kleinen Kinder als erstes in den Bus einsteigen.<\/p>\n<p><strong>Taxis<\/strong> sind schwarz und gelb gestrichen. Wenn sie frei sind, leuchtet ein rotes Licht. Die Taxis hier haben standardisierte Preise. Gemessen am internationalen Standard sind Taxis hier recht g\u00fcnstig. Achten Sie immer darauf, dass Sie mit einem \u201eRadio Taxi\u201c fahren, die mit einem Schild auf dem Dach gekennzeichnet sind. Noch besser ist es, wenn Sie einen solchen Taxi per Telefon bestellen (sie kommen innerhalb von 5 Minuten). Normalerweise geben Taxifahrer nicht mehr als 50 Pesos R\u00fcckgeld, achten Sie also darauf, dass Sie auch kleinere Scheine zur Hand haben.<\/p>\n<p><a href=\"https:\/\/www.academiabuenosaires.com\/wp-content\/uploads\/2013\/10\/transport-taximeter-buenos-aires.jpg\"><img loading=\"lazy\" decoding=\"async\" class=\"aligncenter size-full wp-image-3123\" src=\"https:\/\/www.academiabuenosaires.com\/wp-content\/uploads\/2013\/10\/transport-taximeter-buenos-aires.jpg\" alt=\"transport-taximeter-buenos-aires\" width=\"940\" height=\"400\" data-id=\"3123\" srcset=\"https:\/\/www.academiabuenosaires.com\/wp-content\/uploads\/2013\/10\/transport-taximeter-buenos-aires.jpg 940w, https:\/\/www.academiabuenosaires.com\/wp-content\/uploads\/2013\/10\/transport-taximeter-buenos-aires-160x68.jpg 160w, https:\/\/www.academiabuenosaires.com\/wp-content\/uploads\/2013\/10\/transport-taximeter-buenos-aires-338x143.jpg 338w\" sizes=\"auto, (max-width: 940px) 100vw, 940px\" \/><\/a><\/p>\n<p>Um von A nach B zu gelangen, kann man auch diese <a href=\"http:\/\/mapa.buenosaires.gob.ar\/\" target=\"_blank\">interaktive Karte<\/a> nutzen!<\/p>\n","protected":false},"excerpt":{"rendered":"<p>Die Stadt hat ein ausgepr\u00e4gtes \u00f6ffentliches Nahverkehrssystem. Die U-Bahn-, Bus- und Taxipreise sind im Vergleich zu anderen Hauptst\u00e4dten niedrig. Wir empfehlen auf jeden Fall f\u00fcr wenig Geld eine sogenannte SUBE-Karte zu kaufen. Durch diese Chipkarte zahlen Sie in allen Bussen weniger und Sie k\u00f6nnen Sie an jeder U-Bahn Station immer wieder mit Geld aufladen. U-Bahn:\u00a0F\u00fcnf [&hellip;]<\/p>\n","protected":false},"author":5,"featured_media":0,"parent":2820,"menu_order":10,"comment_status":"closed","ping_status":"closed","template":"living-in-bsas.php","meta":{"footnotes":""},"class_list":["post-3008","page","type-page","status-publish","hentry","entry"],"yoast_head":"<!-- This site is optimized with the Yoast SEO plugin v26.0 - https:\/\/yoast.com\/wordpress\/plugins\/seo\/ -->\n<title>Nahverkehrssystem - Academia Buenos Aires<\/title>\n<meta name=\"robots\" content=\"index, follow, max-snippet:-1, max-image-preview:large, max-video-preview:-1\" \/>\n<link rel=\"canonical\" href=\"https:\/\/www.academiabuenosaires.com\/de\/buenos-aires-argentinien\/das-leben-buenos-aires\/nahverkehrssystem\/\" \/>\n<meta property=\"og:locale\" content=\"de_DE\" \/>\n<meta property=\"og:type\" content=\"article\" \/>\n<meta property=\"og:title\" content=\"Nahverkehrssystem - Academia Buenos Aires\" \/>\n<meta property=\"og:description\" content=\"Die Stadt hat ein ausgepr\u00e4gtes \u00f6ffentliches Nahverkehrssystem. Die U-Bahn-, Bus- und Taxipreise sind im Vergleich zu anderen Hauptst\u00e4dten niedrig. Wir empfehlen auf jeden Fall f\u00fcr wenig Geld eine sogenannte SUBE-Karte zu kaufen. Durch diese Chipkarte zahlen Sie in allen Bussen weniger und Sie k\u00f6nnen Sie an jeder U-Bahn Station immer wieder mit Geld aufladen. U-Bahn:\u00a0F\u00fcnf [&hellip;]\" \/>\n<meta property=\"og:url\" content=\"https:\/\/www.academiabuenosaires.com\/de\/buenos-aires-argentinien\/das-leben-buenos-aires\/nahverkehrssystem\/\" \/>\n<meta property=\"og:site_name\" content=\"Academia Buenos Aires\" \/>\n<meta property=\"article:modified_time\" content=\"2014-04-22T13:37:02+00:00\" \/>\n<meta property=\"og:image\" content=\"https:\/\/www.academiabuenosaires.com\/wp-content\/uploads\/2013\/10\/transport-taximeter-buenos-aires.jpg\" \/>\n<meta name=\"twitter:label1\" content=\"Est. reading time\" \/>\n\t<meta name=\"twitter:data1\" content=\"1 Minute\" \/>\n<script type=\"application\/ld+json\" class=\"yoast-schema-graph\">{\"@context\":\"https:\/\/schema.org\",\"@graph\":[{\"@type\":\"WebPage\",\"@id\":\"https:\/\/www.academiabuenosaires.com\/de\/buenos-aires-argentinien\/das-leben-buenos-aires\/nahverkehrssystem\/\",\"url\":\"https:\/\/www.academiabuenosaires.com\/de\/buenos-aires-argentinien\/das-leben-buenos-aires\/nahverkehrssystem\/\",\"name\":\"Nahverkehrssystem - Academia Buenos Aires\",\"isPartOf\":{\"@id\":\"https:\/\/www.academiabuenosaires.com\/de\/#website\"},\"primaryImageOfPage\":{\"@id\":\"https:\/\/www.academiabuenosaires.com\/de\/buenos-aires-argentinien\/das-leben-buenos-aires\/nahverkehrssystem\/#primaryimage\"},\"image\":{\"@id\":\"https:\/\/www.academiabuenosaires.com\/de\/buenos-aires-argentinien\/das-leben-buenos-aires\/nahverkehrssystem\/#primaryimage\"},\"thumbnailUrl\":\"https:\/\/www.academiabuenosaires.com\/wp-content\/uploads\/2013\/10\/transport-taximeter-buenos-aires.jpg\",\"datePublished\":\"2013-11-04T11:35:20+00:00\",\"dateModified\":\"2014-04-22T13:37:02+00:00\",\"breadcrumb\":{\"@id\":\"https:\/\/www.academiabuenosaires.com\/de\/buenos-aires-argentinien\/das-leben-buenos-aires\/nahverkehrssystem\/#breadcrumb\"},\"inLanguage\":\"de-DE\",\"potentialAction\":[{\"@type\":\"ReadAction\",\"target\":[\"https:\/\/www.academiabuenosaires.com\/de\/buenos-aires-argentinien\/das-leben-buenos-aires\/nahverkehrssystem\/\"]}]},{\"@type\":\"ImageObject\",\"inLanguage\":\"de-DE\",\"@id\":\"https:\/\/www.academiabuenosaires.com\/de\/buenos-aires-argentinien\/das-leben-buenos-aires\/nahverkehrssystem\/#primaryimage\",\"url\":\"https:\/\/www.academiabuenosaires.com\/wp-content\/uploads\/2013\/10\/transport-taximeter-buenos-aires.jpg\",\"contentUrl\":\"https:\/\/www.academiabuenosaires.com\/wp-content\/uploads\/2013\/10\/transport-taximeter-buenos-aires.jpg\"},{\"@type\":\"BreadcrumbList\",\"@id\":\"https:\/\/www.academiabuenosaires.com\/de\/buenos-aires-argentinien\/das-leben-buenos-aires\/nahverkehrssystem\/#breadcrumb\",\"itemListElement\":[{\"@type\":\"ListItem\",\"position\":1,\"name\":\"Home\",\"item\":\"https:\/\/www.academiabuenosaires.com\/de\/\"},{\"@type\":\"ListItem\",\"position\":2,\"name\":\"Buenos Aires &#038; Argentinien\",\"item\":\"https:\/\/www.academiabuenosaires.com\/de\/buenos-aires-argentinien\/\"},{\"@type\":\"ListItem\",\"position\":3,\"name\":\"Das Leben in Buenos Aires\",\"item\":\"https:\/\/www.academiabuenosaires.com\/de\/buenos-aires-argentinien\/das-leben-buenos-aires\/\"},{\"@type\":\"ListItem\",\"position\":4,\"name\":\"Nahverkehrssystem\"}]},{\"@type\":\"WebSite\",\"@id\":\"https:\/\/www.academiabuenosaires.com\/de\/#website\",\"url\":\"https:\/\/www.academiabuenosaires.com\/de\/\",\"name\":\"Academia Buenos Aires\",\"description\":\"spanish courses\",\"potentialAction\":[{\"@type\":\"SearchAction\",\"target\":{\"@type\":\"EntryPoint\",\"urlTemplate\":\"https:\/\/www.academiabuenosaires.com\/de\/?s={search_term_string}\"},\"query-input\":{\"@type\":\"PropertyValueSpecification\",\"valueRequired\":true,\"valueName\":\"search_term_string\"}}],\"inLanguage\":\"de-DE\"}]}<\/script>\n<!-- \/ Yoast SEO plugin. -->","yoast_head_json":{"title":"Nahverkehrssystem - Academia Buenos Aires","robots":{"index":"index","follow":"follow","max-snippet":"max-snippet:-1","max-image-preview":"max-image-preview:large","max-video-preview":"max-video-preview:-1"},"canonical":"https:\/\/www.academiabuenosaires.com\/de\/buenos-aires-argentinien\/das-leben-buenos-aires\/nahverkehrssystem\/","og_locale":"de_DE","og_type":"article","og_title":"Nahverkehrssystem - Academia Buenos Aires","og_description":"Die Stadt hat ein ausgepr\u00e4gtes \u00f6ffentliches Nahverkehrssystem. Die U-Bahn-, Bus- und Taxipreise sind im Vergleich zu anderen Hauptst\u00e4dten niedrig. Wir empfehlen auf jeden Fall f\u00fcr wenig Geld eine sogenannte SUBE-Karte zu kaufen. Durch diese Chipkarte zahlen Sie in allen Bussen weniger und Sie k\u00f6nnen Sie an jeder U-Bahn Station immer wieder mit Geld aufladen. U-Bahn:\u00a0F\u00fcnf [&hellip;]","og_url":"https:\/\/www.academiabuenosaires.com\/de\/buenos-aires-argentinien\/das-leben-buenos-aires\/nahverkehrssystem\/","og_site_name":"Academia Buenos Aires","article_modified_time":"2014-04-22T13:37:02+00:00","og_image":[{"url":"https:\/\/www.academiabuenosaires.com\/wp-content\/uploads\/2013\/10\/transport-taximeter-buenos-aires.jpg","type":"","width":"","height":""}],"twitter_misc":{"Est. reading time":"1 Minute"},"schema":{"@context":"https:\/\/schema.org","@graph":[{"@type":"WebPage","@id":"https:\/\/www.academiabuenosaires.com\/de\/buenos-aires-argentinien\/das-leben-buenos-aires\/nahverkehrssystem\/","url":"https:\/\/www.academiabuenosaires.com\/de\/buenos-aires-argentinien\/das-leben-buenos-aires\/nahverkehrssystem\/","name":"Nahverkehrssystem - Academia Buenos Aires","isPartOf":{"@id":"https:\/\/www.academiabuenosaires.com\/de\/#website"},"primaryImageOfPage":{"@id":"https:\/\/www.academiabuenosaires.com\/de\/buenos-aires-argentinien\/das-leben-buenos-aires\/nahverkehrssystem\/#primaryimage"},"image":{"@id":"https:\/\/www.academiabuenosaires.com\/de\/buenos-aires-argentinien\/das-leben-buenos-aires\/nahverkehrssystem\/#primaryimage"},"thumbnailUrl":"https:\/\/www.academiabuenosaires.com\/wp-content\/uploads\/2013\/10\/transport-taximeter-buenos-aires.jpg","datePublished":"2013-11-04T11:35:20+00:00","dateModified":"2014-04-22T13:37:02+00:00","breadcrumb":{"@id":"https:\/\/www.academiabuenosaires.com\/de\/buenos-aires-argentinien\/das-leben-buenos-aires\/nahverkehrssystem\/#breadcrumb"},"inLanguage":"de-DE","potentialAction":[{"@type":"ReadAction","target":["https:\/\/www.academiabuenosaires.com\/de\/buenos-aires-argentinien\/das-leben-buenos-aires\/nahverkehrssystem\/"]}]},{"@type":"ImageObject","inLanguage":"de-DE","@id":"https:\/\/www.academiabuenosaires.com\/de\/buenos-aires-argentinien\/das-leben-buenos-aires\/nahverkehrssystem\/#primaryimage","url":"https:\/\/www.academiabuenosaires.com\/wp-content\/uploads\/2013\/10\/transport-taximeter-buenos-aires.jpg","contentUrl":"https:\/\/www.academiabuenosaires.com\/wp-content\/uploads\/2013\/10\/transport-taximeter-buenos-aires.jpg"},{"@type":"BreadcrumbList","@id":"https:\/\/www.academiabuenosaires.com\/de\/buenos-aires-argentinien\/das-leben-buenos-aires\/nahverkehrssystem\/#breadcrumb","itemListElement":[{"@type":"ListItem","position":1,"name":"Home","item":"https:\/\/www.academiabuenosaires.com\/de\/"},{"@type":"ListItem","position":2,"name":"Buenos Aires &#038; Argentinien","item":"https:\/\/www.academiabuenosaires.com\/de\/buenos-aires-argentinien\/"},{"@type":"ListItem","position":3,"name":"Das Leben in Buenos Aires","item":"https:\/\/www.academiabuenosaires.com\/de\/buenos-aires-argentinien\/das-leben-buenos-aires\/"},{"@type":"ListItem","position":4,"name":"Nahverkehrssystem"}]},{"@type":"WebSite","@id":"https:\/\/www.academiabuenosaires.com\/de\/#website","url":"https:\/\/www.academiabuenosaires.com\/de\/","name":"Academia Buenos Aires","description":"spanish courses","potentialAction":[{"@type":"SearchAction","target":{"@type":"EntryPoint","urlTemplate":"https:\/\/www.academiabuenosaires.com\/de\/?s={search_term_string}"},"query-input":{"@type":"PropertyValueSpecification","valueRequired":true,"valueName":"search_term_string"}}],"inLanguage":"de-DE"}]}},"_links":{"self":[{"href":"https:\/\/www.academiabuenosaires.com\/de\/wp-json\/wp\/v2\/pages\/3008","targetHints":{"allow":["GET"]}}],"collection":[{"href":"https:\/\/www.academiabuenosaires.com\/de\/wp-json\/wp\/v2\/pages"}],"about":[{"href":"https:\/\/www.academiabuenosaires.com\/de\/wp-json\/wp\/v2\/types\/page"}],"author":[{"embeddable":true,"href":"https:\/\/www.academiabuenosaires.com\/de\/wp-json\/wp\/v2\/users\/5"}],"replies":[{"embeddable":true,"href":"https:\/\/www.academiabuenosaires.com\/de\/wp-json\/wp\/v2\/comments?post=3008"}],"version-history":[{"count":0,"href":"https:\/\/www.academiabuenosaires.com\/de\/wp-json\/wp\/v2\/pages\/3008\/revisions"}],"up":[{"embeddable":true,"href":"https:\/\/www.academiabuenosaires.com\/de\/wp-json\/wp\/v2\/pages\/2820"}],"wp:attachment":[{"href":"https:\/\/www.academiabuenosaires.com\/de\/wp-json\/wp\/v2\/media?parent=3008"}],"curies":[{"name":"wp","href":"https:\/\/api.w.org\/{rel}","templated":true}]}}