
{"id":3001,"date":"2013-11-04T11:20:45","date_gmt":"2013-11-04T11:20:45","guid":{"rendered":"https:\/\/www.academiabuenosaires.com\/?page_id=3001"},"modified":"2014-04-22T11:06:14","modified_gmt":"2014-04-22T14:06:14","slug":"langstreckenreisen","status":"publish","type":"page","link":"https:\/\/www.academiabuenosaires.com\/de\/buenos-aires-argentinien\/argentinien\/langstreckenreisen\/","title":{"rendered":"Langstreckenreisen"},"content":{"rendered":"<p>Die verschiedenen Regionen in Argentinien bieten ein breitgef\u00e4chertes Programm an Ausfl\u00fcgen, Reisen und Wanderungen. \u00a0Argentinien laesst sich in 7 Regionen aufteilen.<\/p>\n<ul>\n<li>Nordwesten: Jujuy, Salta, Tucum\u00e1n, Catamarca, Santiago del Estero, La Rioja<\/li>\n<\/ul>\n<p>Der Nordwesten von Argentinien hat eine vielf\u00e4ltige Landschaft, die f\u00fcr ihre malerische Sch\u00f6nheit bekannt ist. Neben dem Naturreichtum ist die Region auch bekannt f\u00fcr ihre arch\u00e4ologischen Standorte, pr\u00e4kolumbianische Ruinen und koloniale St\u00e4dte. In dieser Region wird viel Tabak und Zucker angebaut, aber es ist gleichzeitig auch eine der \u00e4rmsten Regionen des Landes.<\/p>\n<p>\u2192\u00a0Zwei der \u00e4ltesten St\u00e4dte Argentiniens sind das Tor zum Nordwesten. Santiago del Estero und Tucum\u00e1n sind 15 Stunden per Bus\u00a0von Buenos Aires entfernt. Diese kolonialen St\u00e4dte sind Zeugen wichtiger historischer Ereignisse gewesen und gleichzeitig das Tor zu den Anden.<br \/>\u2192\u00a0Las Salinas Grandes sind grosse Salzw\u00fcsten auf einer H\u00f6he von 4000 Metern, wo man sich wie auf einem anderen Planeten f\u00fchlt. Tipp: Mieten Sie ein Auto und fahren Sie von einer nahegelegenen Stadt los, um diese surreale Landschaft zu besichtigen.<br \/>\u2192\u00a0In den Provinzen Salta, Jujuy und Catamarca ist die Puna zu finden, eine H\u00f6henstufe der Anden, die durch ihre wundersch\u00f6ne Grasvegetation gekennzeichnet ist. Diese Region ist eine der h\u00f6chsten bewohnten Gebiete in der ganzen Welt. Mieten Sie ein Auto oder nehmen Sie den \u201eTren de las Nubes\u201c (\u201eWolkenzug\u201c), um von Salta in dieses abgelegene Gebiet zu fahren.<\/p>\n<p><a href=\"https:\/\/www.academiabuenosaires.com\/wp-content\/uploads\/2013\/11\/north-western-argentina.jpg\"><img loading=\"lazy\" decoding=\"async\" class=\"aligncenter size-full wp-image-3091\" src=\"https:\/\/www.academiabuenosaires.com\/wp-content\/uploads\/2013\/11\/north-western-argentina.jpg\" alt=\"north-western-argentina\" width=\"940\" height=\"400\" data-id=\"3091\" srcset=\"https:\/\/www.academiabuenosaires.com\/wp-content\/uploads\/2013\/11\/north-western-argentina.jpg 940w, https:\/\/www.academiabuenosaires.com\/wp-content\/uploads\/2013\/11\/north-western-argentina-160x68.jpg 160w, https:\/\/www.academiabuenosaires.com\/wp-content\/uploads\/2013\/11\/north-western-argentina-338x143.jpg 338w\" sizes=\"auto, (max-width: 940px) 100vw, 940px\" \/><\/a><\/p>\n<ul>\n<li>Nordosten: Misiones, Corrientes, Entre R\u00edos, Santa Fe<\/li>\n<\/ul>\n<p>Diese Region wird auch Mesopotamien genannt und ist der facettenreichste Teil des Landes. Drei Fl\u00fcsse fliessen durch das Gebiet: Iguaz\u00fa, Paran\u00e1 und Uruguay. Die Landschaft reicht von tropischen Regenw\u00e4ldern im Norden bis hin zu Pampa Graslandschaften im S\u00fcden.<\/p>\n<p>\u2192\u00a0Die Iguaz\u00fa Wassef\u00e4lle sind die gr\u00f6ssten in ganz S\u00fcdamerika und ein Naturwunder, das Sie nicht verpassen sollten. Die Wasserf\u00e4lle sind 4 mal so breit wie die Niagaraf\u00e4lle und man kann sie von allen Seiten bestaunen: von oben, von unten und ja, auch von inmitten der Wasserf\u00e4lle. Von\u00a0Buenos Aires braucht man 17 Stunden mit dem Bus oder 2 Stunden mit dem Flugzeug, um bis nach Puerto Iguaz\u00fa zu kommen, wo man die Nationalparks besichtigen kann, von der argentinischen und der brasilianischen Seite.<\/p>\n<p><a href=\"https:\/\/www.academiabuenosaires.com\/wp-content\/uploads\/2013\/11\/iguazu-north-eastern-argentina.jpg\"><img loading=\"lazy\" decoding=\"async\" class=\"aligncenter size-full wp-image-3083\" src=\"https:\/\/www.academiabuenosaires.com\/wp-content\/uploads\/2013\/11\/iguazu-north-eastern-argentina.jpg\" alt=\"iguazu-north-eastern-argentina\" width=\"940\" height=\"400\" data-id=\"3083\" srcset=\"https:\/\/www.academiabuenosaires.com\/wp-content\/uploads\/2013\/11\/iguazu-north-eastern-argentina.jpg 940w, https:\/\/www.academiabuenosaires.com\/wp-content\/uploads\/2013\/11\/iguazu-north-eastern-argentina-160x68.jpg 160w, https:\/\/www.academiabuenosaires.com\/wp-content\/uploads\/2013\/11\/iguazu-north-eastern-argentina-338x143.jpg 338w\" sizes=\"auto, (max-width: 940px) 100vw, 940px\" \/><\/a><\/p>\n<ul>\n<li>Westen: San Juan, Mendoza, Neuquen<\/li>\n<\/ul>\n<p>Diese Region hat ein trockeneres Klima und liegt dort, wo die Anden die Grenze zu Chile bilden.<\/p>\n<p>\u2192\u00a0F\u00fcr alle, die Wein und wundersch\u00f6ne Landschaft lieben, ist Mendoza das perfekte Reiseziel. Nach einer 14 st\u00fcndigen Busfahrt oder einen gute Stunde im Flieger werden Sie von Buenos Aires aus in der Provinzhauptstadt ankommen. Von dort aus ist es einfach, diverse malerische Orte zu besuchen. Mieten Sie ein Fahrrad, um durch die Weinfelder zu radeln oder fahren Sie in die Berge, um Rafting zu machen, Kajak zu fahren oder klettern zu gehen.<\/p>\n<p>\u2192\u00a0Der Aconcagua ist ein 6.960 Meter hoher Berg und somit der h\u00f6chste Berg ganz Amerikas. Er liegt 112 km westlich von Mendoza. Sie k\u00f6nnen\u00a0eine gef\u00fchrte Wander- oder Kletter- Tour mitmachen, oder alleine losziehen&#8230; wenn Sie\u00a0ein sehr (sehr) erfahrener Kletterer sind.<\/p>\n<p>\u2192\u00a0Valle de la Luna bedeutet \u201eMondtal\u201c auf Deutsch und ist der Spitzname f\u00fcr den Parque Ischigualasto, ein Naturschutzgebiet, das 300km von der Provinzhauptstadt San Juan entfernt liegt. Diese einzigartigen Steinformationen geben einen kleinen Einblick in die Evolution unserer Erde in der Triasperiode und zeigen die verschiedensten Formen und Schichten<i> <\/i>in Form von Ablagerungen und Mineralien. Der Park ist ein UNESCO Weltkulturerbe und eines der wichtigsten pal\u00e4ontologischen Felder der Welt.<\/p>\n<p><a href=\"https:\/\/www.academiabuenosaires.com\/wp-content\/uploads\/2013\/11\/mendoza-eastern-argentina.jpg\"><img loading=\"lazy\" decoding=\"async\" class=\"aligncenter size-full wp-image-3087\" src=\"https:\/\/www.academiabuenosaires.com\/wp-content\/uploads\/2013\/11\/mendoza-eastern-argentina.jpg\" alt=\"mendoza-eastern-argentina\" width=\"940\" height=\"400\" data-id=\"3087\" srcset=\"https:\/\/www.academiabuenosaires.com\/wp-content\/uploads\/2013\/11\/mendoza-eastern-argentina.jpg 940w, https:\/\/www.academiabuenosaires.com\/wp-content\/uploads\/2013\/11\/mendoza-eastern-argentina-160x68.jpg 160w, https:\/\/www.academiabuenosaires.com\/wp-content\/uploads\/2013\/11\/mendoza-eastern-argentina-338x143.jpg 338w\" sizes=\"auto, (max-width: 940px) 100vw, 940px\" \/><\/a><\/p>\n<ul>\n<li>Las Pampas: Die Provinz Buenos Aires und die Pampas<\/li>\n<\/ul>\n<p>Diese Region ist das urspr\u00fcngliche Siedlungsgebiet der Gauchos, der argentinischen Cowboys. Die Pampa ist eine weite Graslandschaft, die haupts\u00e4chlich f\u00fcr die Landwirtschaft genutzt wird und als Weidefl\u00e4che f\u00fcr die Tiere. Mehr Informationen bez\u00fcglich Reisen in dieser Region finden Sie unter <a title=\"Das Leben in Buenos Aires\" href=\"https:\/\/www.academiabuenosaires.com\/de\/buenos-aires-argentinien\/das-leben-buenos-aires\/\" target=\"_blank\">Leben in Buenos Aires<\/a>.<\/p>\n<ul>\n<li>Die Berge im Landesinneren: C\u00f3rdoba, San Luis<\/li>\n<\/ul>\n<p>Die Berge in C\u00f3rdoba und San Luis erheben sich aus der flachen, trockenen Pampa. Dieser Teil im Landesinneren ist auch bekannt als die &#8222;Zentralen Berge&#8220; und hat ein gem\u00e4ssigtes Klima. Richtung s\u00fcdwesten, wo die Pampas liegen, wird es immer trockener. Die Sommer sind heiss und die Winter extrem kalt trocken.<\/p>\n<p>\u2192\u00a0C\u00f3rdoba wurde im Jahre 1573 gegr\u00fcndet und ist eine der St\u00e4dte, die ihre kolonialekoloniale Architektur am besten erhalten hat. Diverse Universit\u00e4ten machen C\u00f3rdoba zur atraktiven Studentenstadt mit einem ausgepr\u00e4gten Nachtleben. Nach 11 Stunden Busfahrt (z.B. eine Nacht) von Buenos Aires aus, kommen Sie in dieser wundersch\u00f6nen Stadt an und wenn Sie ersteinmal dort sind, k\u00f6nnen Sie sich C\u00f3rdoba ganz einfach erlaufen, obwohl es eine der gr\u00f6ssten St\u00e4dte Argentiniens ist. Nehmen Sie einen Bus zu den kleinen St\u00e4dten in den sierras (Bergketten), um einen Tag mit klettern oder wandern in traumhafter Natur zu verbringen oder um einfach an einem kleinen See Sonne zu tanken.<br \/>\u2192\u00a0Im Norden der Provinz San Luis liegen die San Luis Berge, eine Berg- und H\u00fcgelformation mit einer Durchschnittsh\u00f6he von 1500 Metern. Der Quijadas Sierras National Park ist ein Teil des Gebirges mit dunkelroten Steinformationen, die sich um das Tal herum erstrecken. Die einzige M\u00f6glichkeit den Park zu erreichen ist mit dem Auto oder mit einer gef\u00fchrten Tour von San Luis aus. Bitte beachten, dass es verboten ist, alleine und ohne F\u00fchrer durch den Park zu laufen.\u00a0<br \/>\u2192\u00a0Villa General Belgrano ist eine kleine Stadt 85km s\u00fcdlich von C\u00f3rdoba, die fast komplett Deutsch ist. Es ist ein zentraler Ausgangspunkt f\u00fcr Fahrten in die Berge der Umgebung, wie zum Beispiel La Cumbrecita, Villa Alpina und um den Cerro Champaqu\u00ed zu besteigen. Das bekannteste j\u00e4hrliche Ereignis in Villa General Belgrano ist das Oktoberfest mit deutscher Livemusik, Lederhosen und einer Menge Bier. Busse von C\u00f3rdoba aus fahren mehrmals am Tag.<\/p>\n<ul>\n<li>Patagonien: Puerto Madryn, Pen\u00ednsula Valdes, Santa Cruz, R\u00edo Negro<\/li>\n<\/ul>\n<p>Patagonien ist eine der am d\u00fcnnsten besiedelsten Regionen auf der Welt. In einigen Gegenden lebt nur ein Einwohner pro Quadratkilometer. Riesige Gletscher und majest\u00e4tische Berge zeichnen die Landschaft, ein Paradies f\u00fcr Naturfreunde. Klettern, Wandern und Skifahren sind nur einige der Aktivit\u00e4ten, um den Aufenthalt in Patagonien zu geniessen. In den Bergen von Patagonien kann man die beeindruckensten Aussichten ganz S\u00fcdamerikas geniessen. Das Klima ist das ganze Jahr \u00fcber recht k\u00fchl, obwohl es in den zentral gelegenen Orten im Sommer w\u00e4rmer werden kann.<\/p>\n<p>\u2192\u00a0Von Buenos Aires aus sind es 23 Stunden im Bus oder 2 Stunden im Flugzeug bis nach San Carlos de Bariloche. Diese Stadt ist DAS Skigebiet in Argentinien und wird wegen der vielen Seen, Wasserf\u00e4lle und verschneiten Berge auch die Schweiz Argentiniens genannt. Bariloche ist der beste Ausgangspunkt, um den Nahuel Huapi Nationalpark zu besuchen und die Stadt ist das ganze Jahr \u00fcber einen Besuch wert.<br \/>\u2192\u00a0Puerto Madryn ist eine Stadt an der Ostk\u00fcste Argentiniens: der perfekte Ort, um Wale, Pinguine, Seel\u00f6wen und Seeelefanten in freier Natur zu beobachten. Die Pen\u00ednsula Valdes, das Reservat, wo man all diese Tiere sehen kann, ist ein UNESCO Weltkulturerbe. Von Buenos Aires aus erreicht man diesen aussergw\u00f6hnlichen Ort Puerto Madryn in 20 Stunden mit dem Bus oder 2 Stunden mit dem Flugzeug.<\/p>\n<p><a href=\"https:\/\/www.academiabuenosaires.com\/wp-content\/uploads\/2013\/11\/Patagonia-landscape.jpg\"><img loading=\"lazy\" decoding=\"async\" class=\"aligncenter size-full wp-image-3095\" src=\"https:\/\/www.academiabuenosaires.com\/wp-content\/uploads\/2013\/11\/Patagonia-landscape.jpg\" alt=\"Patagonia-landscape\" width=\"940\" height=\"400\" data-id=\"3095\" srcset=\"https:\/\/www.academiabuenosaires.com\/wp-content\/uploads\/2013\/11\/Patagonia-landscape.jpg 940w, https:\/\/www.academiabuenosaires.com\/wp-content\/uploads\/2013\/11\/Patagonia-landscape-160x68.jpg 160w, https:\/\/www.academiabuenosaires.com\/wp-content\/uploads\/2013\/11\/Patagonia-landscape-338x143.jpg 338w\" sizes=\"auto, (max-width: 940px) 100vw, 940px\" \/><\/a><\/p>\n<ul>\n<li>Feuerland (Tierra del Fuego): Ushuaia, Kap Hoorn (Chile)<\/li>\n<\/ul>\n<p>Die Insel Feuerland (Tierra del Fuego) liegt am s\u00fcdlichsten Zipfel von S\u00fcdamerika. Ein Teil ist argentinisch und der andere chilenisch. Es gibt ein grosses Wald- und Berggebiet, das im Winter zum Ski fahren und im Sommer zum Wandern einl\u00e4dt. Um zur Insel zu gelangen, muss man chilenisches Gebiet durchqueren: Es gibt keine Strasse oder F\u00e4hren, die das argentinische Festland und die Insel verbinden.<\/p>\n<p>\u2192\u00a0Ushuaia ist die gr\u00f6sste Stadt in Feuerland. Es ist die s\u00fcdlichste Stadt der Welt und w\u00e4chst schnell. Zu Beginn des 20. Jahrhunderts war die Stadt um ein Gef\u00e4ngnis herum angesiedelt, in dem Schwerverbrecher untergebracht waren, die vom Festland auf die Insel geschickt wurden. Das Gef\u00e4ngnis wurde im Jahre 1947 geschlossen und ist jetzt eine Touristenattraktion. Vom Hafen in Ushuaia aus kann man in den Sommermonaten Kreuzfahrten in die Antarktis unternehmen.<br \/>\u2192\u00a0Der Parque Nacional Tierra del Fuego erstreckt sich von der chilenischen Grenze im Westen bis hin zum Lago Fagnano im Norden. Einige Teile sind f\u00fcr Besucher nicht ge\u00f6ffnet. Der Parkeingang liegt 12km von Ushuaia entfernt. Dort erh\u00e4lt man eine Karte mit den Wegen und Pfaden sowie den Highlights des Parks. Neben wandern k\u00f6nnen Sie auch eine F\u00e4hre nehmen, um zu verschiedenen Inseln \u00fcberzusetzen. Dort k\u00f6nnen Sie nicht nur den Tag, sondern auch die Nacht verbringen.<\/p>\n<p><a href=\"https:\/\/www.academiabuenosaires.com\/wp-content\/uploads\/2013\/10\/Fireland-Tierra-de-Fuego.jpg\"><img loading=\"lazy\" decoding=\"async\" class=\"aligncenter size-full wp-image-3140\" src=\"https:\/\/www.academiabuenosaires.com\/wp-content\/uploads\/2013\/10\/Fireland-Tierra-de-Fuego.jpg\" alt=\"Fireland-Tierra-de-Fuego\" width=\"940\" height=\"400\" data-id=\"3140\" srcset=\"https:\/\/www.academiabuenosaires.com\/wp-content\/uploads\/2013\/10\/Fireland-Tierra-de-Fuego.jpg 940w, https:\/\/www.academiabuenosaires.com\/wp-content\/uploads\/2013\/10\/Fireland-Tierra-de-Fuego-160x68.jpg 160w, https:\/\/www.academiabuenosaires.com\/wp-content\/uploads\/2013\/10\/Fireland-Tierra-de-Fuego-338x143.jpg 338w\" sizes=\"auto, (max-width: 940px) 100vw, 940px\" \/><\/a><\/p>\n","protected":false},"excerpt":{"rendered":"<p>Die verschiedenen Regionen in Argentinien bieten ein breitgef\u00e4chertes Programm an Ausfl\u00fcgen, Reisen und Wanderungen. \u00a0Argentinien laesst sich in 7 Regionen aufteilen. Nordwesten: Jujuy, Salta, Tucum\u00e1n, Catamarca, Santiago del Estero, La Rioja Der Nordwesten von Argentinien hat eine vielf\u00e4ltige Landschaft, die f\u00fcr ihre malerische Sch\u00f6nheit bekannt ist. Neben dem Naturreichtum ist die Region auch bekannt f\u00fcr [&hellip;]<\/p>\n","protected":false},"author":5,"featured_media":0,"parent":2821,"menu_order":11,"comment_status":"closed","ping_status":"closed","template":"discover-arg.php","meta":{"footnotes":""},"class_list":["post-3001","page","type-page","status-publish","hentry","entry"],"yoast_head":"<!-- This site is optimized with the Yoast SEO plugin v26.0 - https:\/\/yoast.com\/wordpress\/plugins\/seo\/ -->\n<title>Langstreckenreisen - Academia Buenos Aires<\/title>\n<meta name=\"robots\" content=\"index, follow, max-snippet:-1, max-image-preview:large, max-video-preview:-1\" \/>\n<link rel=\"canonical\" href=\"https:\/\/www.academiabuenosaires.com\/de\/buenos-aires-argentinien\/argentinien\/langstreckenreisen\/\" \/>\n<meta property=\"og:locale\" content=\"de_DE\" \/>\n<meta property=\"og:type\" content=\"article\" \/>\n<meta property=\"og:title\" content=\"Langstreckenreisen - Academia Buenos Aires\" \/>\n<meta property=\"og:description\" content=\"Die verschiedenen Regionen in Argentinien bieten ein breitgef\u00e4chertes Programm an Ausfl\u00fcgen, Reisen und Wanderungen. \u00a0Argentinien laesst sich in 7 Regionen aufteilen. Nordwesten: Jujuy, Salta, Tucum\u00e1n, Catamarca, Santiago del Estero, La Rioja Der Nordwesten von Argentinien hat eine vielf\u00e4ltige Landschaft, die f\u00fcr ihre malerische Sch\u00f6nheit bekannt ist. Neben dem Naturreichtum ist die Region auch bekannt f\u00fcr [&hellip;]\" \/>\n<meta property=\"og:url\" content=\"https:\/\/www.academiabuenosaires.com\/de\/buenos-aires-argentinien\/argentinien\/langstreckenreisen\/\" \/>\n<meta property=\"og:site_name\" content=\"Academia Buenos Aires\" \/>\n<meta property=\"article:modified_time\" content=\"2014-04-22T14:06:14+00:00\" \/>\n<meta property=\"og:image\" content=\"https:\/\/www.academiabuenosaires.com\/wp-content\/uploads\/2013\/11\/north-western-argentina.jpg\" \/>\n<meta name=\"twitter:label1\" content=\"Est. reading time\" \/>\n\t<meta name=\"twitter:data1\" content=\"7 Minuten\" \/>\n<script type=\"application\/ld+json\" class=\"yoast-schema-graph\">{\"@context\":\"https:\/\/schema.org\",\"@graph\":[{\"@type\":\"WebPage\",\"@id\":\"https:\/\/www.academiabuenosaires.com\/de\/buenos-aires-argentinien\/argentinien\/langstreckenreisen\/\",\"url\":\"https:\/\/www.academiabuenosaires.com\/de\/buenos-aires-argentinien\/argentinien\/langstreckenreisen\/\",\"name\":\"Langstreckenreisen - Academia Buenos Aires\",\"isPartOf\":{\"@id\":\"https:\/\/www.academiabuenosaires.com\/de\/#website\"},\"primaryImageOfPage\":{\"@id\":\"https:\/\/www.academiabuenosaires.com\/de\/buenos-aires-argentinien\/argentinien\/langstreckenreisen\/#primaryimage\"},\"image\":{\"@id\":\"https:\/\/www.academiabuenosaires.com\/de\/buenos-aires-argentinien\/argentinien\/langstreckenreisen\/#primaryimage\"},\"thumbnailUrl\":\"https:\/\/www.academiabuenosaires.com\/wp-content\/uploads\/2013\/11\/north-western-argentina.jpg\",\"datePublished\":\"2013-11-04T11:20:45+00:00\",\"dateModified\":\"2014-04-22T14:06:14+00:00\",\"breadcrumb\":{\"@id\":\"https:\/\/www.academiabuenosaires.com\/de\/buenos-aires-argentinien\/argentinien\/langstreckenreisen\/#breadcrumb\"},\"inLanguage\":\"de-DE\",\"potentialAction\":[{\"@type\":\"ReadAction\",\"target\":[\"https:\/\/www.academiabuenosaires.com\/de\/buenos-aires-argentinien\/argentinien\/langstreckenreisen\/\"]}]},{\"@type\":\"ImageObject\",\"inLanguage\":\"de-DE\",\"@id\":\"https:\/\/www.academiabuenosaires.com\/de\/buenos-aires-argentinien\/argentinien\/langstreckenreisen\/#primaryimage\",\"url\":\"https:\/\/www.academiabuenosaires.com\/wp-content\/uploads\/2013\/11\/north-western-argentina.jpg\",\"contentUrl\":\"https:\/\/www.academiabuenosaires.com\/wp-content\/uploads\/2013\/11\/north-western-argentina.jpg\"},{\"@type\":\"BreadcrumbList\",\"@id\":\"https:\/\/www.academiabuenosaires.com\/de\/buenos-aires-argentinien\/argentinien\/langstreckenreisen\/#breadcrumb\",\"itemListElement\":[{\"@type\":\"ListItem\",\"position\":1,\"name\":\"Home\",\"item\":\"https:\/\/www.academiabuenosaires.com\/de\/\"},{\"@type\":\"ListItem\",\"position\":2,\"name\":\"Buenos Aires &#038; Argentinien\",\"item\":\"https:\/\/www.academiabuenosaires.com\/de\/buenos-aires-argentinien\/\"},{\"@type\":\"ListItem\",\"position\":3,\"name\":\"Argentinien\",\"item\":\"https:\/\/www.academiabuenosaires.com\/de\/buenos-aires-argentinien\/argentinien\/\"},{\"@type\":\"ListItem\",\"position\":4,\"name\":\"Langstreckenreisen\"}]},{\"@type\":\"WebSite\",\"@id\":\"https:\/\/www.academiabuenosaires.com\/de\/#website\",\"url\":\"https:\/\/www.academiabuenosaires.com\/de\/\",\"name\":\"Academia Buenos Aires\",\"description\":\"spanish courses\",\"potentialAction\":[{\"@type\":\"SearchAction\",\"target\":{\"@type\":\"EntryPoint\",\"urlTemplate\":\"https:\/\/www.academiabuenosaires.com\/de\/?s={search_term_string}\"},\"query-input\":{\"@type\":\"PropertyValueSpecification\",\"valueRequired\":true,\"valueName\":\"search_term_string\"}}],\"inLanguage\":\"de-DE\"}]}<\/script>\n<!-- \/ Yoast SEO plugin. -->","yoast_head_json":{"title":"Langstreckenreisen - Academia Buenos Aires","robots":{"index":"index","follow":"follow","max-snippet":"max-snippet:-1","max-image-preview":"max-image-preview:large","max-video-preview":"max-video-preview:-1"},"canonical":"https:\/\/www.academiabuenosaires.com\/de\/buenos-aires-argentinien\/argentinien\/langstreckenreisen\/","og_locale":"de_DE","og_type":"article","og_title":"Langstreckenreisen - Academia Buenos Aires","og_description":"Die verschiedenen Regionen in Argentinien bieten ein breitgef\u00e4chertes Programm an Ausfl\u00fcgen, Reisen und Wanderungen. \u00a0Argentinien laesst sich in 7 Regionen aufteilen. Nordwesten: Jujuy, Salta, Tucum\u00e1n, Catamarca, Santiago del Estero, La Rioja Der Nordwesten von Argentinien hat eine vielf\u00e4ltige Landschaft, die f\u00fcr ihre malerische Sch\u00f6nheit bekannt ist. Neben dem Naturreichtum ist die Region auch bekannt f\u00fcr [&hellip;]","og_url":"https:\/\/www.academiabuenosaires.com\/de\/buenos-aires-argentinien\/argentinien\/langstreckenreisen\/","og_site_name":"Academia Buenos Aires","article_modified_time":"2014-04-22T14:06:14+00:00","og_image":[{"url":"https:\/\/www.academiabuenosaires.com\/wp-content\/uploads\/2013\/11\/north-western-argentina.jpg","type":"","width":"","height":""}],"twitter_misc":{"Est. reading time":"7 Minuten"},"schema":{"@context":"https:\/\/schema.org","@graph":[{"@type":"WebPage","@id":"https:\/\/www.academiabuenosaires.com\/de\/buenos-aires-argentinien\/argentinien\/langstreckenreisen\/","url":"https:\/\/www.academiabuenosaires.com\/de\/buenos-aires-argentinien\/argentinien\/langstreckenreisen\/","name":"Langstreckenreisen - Academia Buenos Aires","isPartOf":{"@id":"https:\/\/www.academiabuenosaires.com\/de\/#website"},"primaryImageOfPage":{"@id":"https:\/\/www.academiabuenosaires.com\/de\/buenos-aires-argentinien\/argentinien\/langstreckenreisen\/#primaryimage"},"image":{"@id":"https:\/\/www.academiabuenosaires.com\/de\/buenos-aires-argentinien\/argentinien\/langstreckenreisen\/#primaryimage"},"thumbnailUrl":"https:\/\/www.academiabuenosaires.com\/wp-content\/uploads\/2013\/11\/north-western-argentina.jpg","datePublished":"2013-11-04T11:20:45+00:00","dateModified":"2014-04-22T14:06:14+00:00","breadcrumb":{"@id":"https:\/\/www.academiabuenosaires.com\/de\/buenos-aires-argentinien\/argentinien\/langstreckenreisen\/#breadcrumb"},"inLanguage":"de-DE","potentialAction":[{"@type":"ReadAction","target":["https:\/\/www.academiabuenosaires.com\/de\/buenos-aires-argentinien\/argentinien\/langstreckenreisen\/"]}]},{"@type":"ImageObject","inLanguage":"de-DE","@id":"https:\/\/www.academiabuenosaires.com\/de\/buenos-aires-argentinien\/argentinien\/langstreckenreisen\/#primaryimage","url":"https:\/\/www.academiabuenosaires.com\/wp-content\/uploads\/2013\/11\/north-western-argentina.jpg","contentUrl":"https:\/\/www.academiabuenosaires.com\/wp-content\/uploads\/2013\/11\/north-western-argentina.jpg"},{"@type":"BreadcrumbList","@id":"https:\/\/www.academiabuenosaires.com\/de\/buenos-aires-argentinien\/argentinien\/langstreckenreisen\/#breadcrumb","itemListElement":[{"@type":"ListItem","position":1,"name":"Home","item":"https:\/\/www.academiabuenosaires.com\/de\/"},{"@type":"ListItem","position":2,"name":"Buenos Aires &#038; Argentinien","item":"https:\/\/www.academiabuenosaires.com\/de\/buenos-aires-argentinien\/"},{"@type":"ListItem","position":3,"name":"Argentinien","item":"https:\/\/www.academiabuenosaires.com\/de\/buenos-aires-argentinien\/argentinien\/"},{"@type":"ListItem","position":4,"name":"Langstreckenreisen"}]},{"@type":"WebSite","@id":"https:\/\/www.academiabuenosaires.com\/de\/#website","url":"https:\/\/www.academiabuenosaires.com\/de\/","name":"Academia Buenos Aires","description":"spanish courses","potentialAction":[{"@type":"SearchAction","target":{"@type":"EntryPoint","urlTemplate":"https:\/\/www.academiabuenosaires.com\/de\/?s={search_term_string}"},"query-input":{"@type":"PropertyValueSpecification","valueRequired":true,"valueName":"search_term_string"}}],"inLanguage":"de-DE"}]}},"_links":{"self":[{"href":"https:\/\/www.academiabuenosaires.com\/de\/wp-json\/wp\/v2\/pages\/3001","targetHints":{"allow":["GET"]}}],"collection":[{"href":"https:\/\/www.academiabuenosaires.com\/de\/wp-json\/wp\/v2\/pages"}],"about":[{"href":"https:\/\/www.academiabuenosaires.com\/de\/wp-json\/wp\/v2\/types\/page"}],"author":[{"embeddable":true,"href":"https:\/\/www.academiabuenosaires.com\/de\/wp-json\/wp\/v2\/users\/5"}],"replies":[{"embeddable":true,"href":"https:\/\/www.academiabuenosaires.com\/de\/wp-json\/wp\/v2\/comments?post=3001"}],"version-history":[{"count":0,"href":"https:\/\/www.academiabuenosaires.com\/de\/wp-json\/wp\/v2\/pages\/3001\/revisions"}],"up":[{"embeddable":true,"href":"https:\/\/www.academiabuenosaires.com\/de\/wp-json\/wp\/v2\/pages\/2821"}],"wp:attachment":[{"href":"https:\/\/www.academiabuenosaires.com\/de\/wp-json\/wp\/v2\/media?parent=3001"}],"curies":[{"name":"wp","href":"https:\/\/api.w.org\/{rel}","templated":true}]}}