
{"id":2786,"date":"2013-10-23T21:26:02","date_gmt":"2013-10-23T21:26:02","guid":{"rendered":"https:\/\/www.academiabuenosaires.com\/?page_id=2786"},"modified":"2013-11-16T02:14:44","modified_gmt":"2013-11-16T02:14:44","slug":"buenos-aires-argentinien","status":"publish","type":"page","link":"https:\/\/www.academiabuenosaires.com\/de\/buenos-aires-argentinien\/","title":{"rendered":"Buenos Aires &#038; Argentinien"},"content":{"rendered":"<p>So\u2026Sie suchen also nach Informationen \u00fcber Buenos Aires und Argentinien? Nun, da sind Sie hier richtig am Platz. Links sehen Sie eine Karte von Argentinien und seinen Regionen. Streichen Sie einfach mit der Mouse dr\u00fcber und bekommen Sie einen ersten Eindruck.<\/p>\n<p>Im Men\u00fc oben finden Sie den Zugang zu genaueren Beschreibungen von kurzen und l\u00e4ngeren Ausfl\u00fcgen und Reisen in Argentinien, n\u00fctzlichen Informationen zu Buenos Aires und Empfehlungen, um Ihren Aufenthalt noch angenehmer zu gestalten.<\/p>\n","protected":false},"excerpt":{"rendered":"<p>So\u2026Sie suchen also nach Informationen \u00fcber Buenos Aires und Argentinien? Nun, da sind Sie hier richtig am Platz. Links sehen Sie eine Karte von Argentinien und seinen Regionen. Streichen Sie einfach mit der Mouse dr\u00fcber und bekommen Sie einen ersten Eindruck. Im Men\u00fc oben finden Sie den Zugang zu genaueren Beschreibungen von kurzen und l\u00e4ngeren [&hellip;]<\/p>\n","protected":false},"author":5,"featured_media":0,"parent":0,"menu_order":38,"comment_status":"closed","ping_status":"closed","template":"bsas-and-arg.php","meta":{"footnotes":""},"class_list":["post-2786","page","type-page","status-publish","hentry","entry"],"yoast_head":"<!-- This site is optimized with the Yoast SEO plugin v26.0 - https:\/\/yoast.com\/wordpress\/plugins\/seo\/ -->\n<title>Buenos Aires &amp; Argentinien - Academia Buenos Aires<\/title>\n<meta name=\"robots\" content=\"index, follow, max-snippet:-1, max-image-preview:large, max-video-preview:-1\" \/>\n<link rel=\"canonical\" href=\"https:\/\/www.academiabuenosaires.com\/de\/buenos-aires-argentinien\/\" \/>\n<meta property=\"og:locale\" content=\"de_DE\" \/>\n<meta property=\"og:type\" content=\"article\" \/>\n<meta property=\"og:title\" content=\"Buenos Aires &amp; Argentinien - Academia Buenos Aires\" \/>\n<meta property=\"og:description\" content=\"So\u2026Sie suchen also nach Informationen \u00fcber Buenos Aires und Argentinien? Nun, da sind Sie hier richtig am Platz. Links sehen Sie eine Karte von Argentinien und seinen Regionen. Streichen Sie einfach mit der Mouse dr\u00fcber und bekommen Sie einen ersten Eindruck. Im Men\u00fc oben finden Sie den Zugang zu genaueren Beschreibungen von kurzen und l\u00e4ngeren [&hellip;]\" \/>\n<meta property=\"og:url\" content=\"https:\/\/www.academiabuenosaires.com\/de\/buenos-aires-argentinien\/\" \/>\n<meta property=\"og:site_name\" content=\"Academia Buenos Aires\" \/>\n<meta property=\"article:modified_time\" content=\"2013-11-16T02:14:44+00:00\" \/>\n<script type=\"application\/ld+json\" class=\"yoast-schema-graph\">{\"@context\":\"https:\/\/schema.org\",\"@graph\":[{\"@type\":\"WebPage\",\"@id\":\"https:\/\/www.academiabuenosaires.com\/de\/buenos-aires-argentinien\/\",\"url\":\"https:\/\/www.academiabuenosaires.com\/de\/buenos-aires-argentinien\/\",\"name\":\"Buenos Aires & Argentinien - Academia Buenos Aires\",\"isPartOf\":{\"@id\":\"https:\/\/www.academiabuenosaires.com\/de\/#website\"},\"datePublished\":\"2013-10-23T21:26:02+00:00\",\"dateModified\":\"2013-11-16T02:14:44+00:00\",\"breadcrumb\":{\"@id\":\"https:\/\/www.academiabuenosaires.com\/de\/buenos-aires-argentinien\/#breadcrumb\"},\"inLanguage\":\"de-DE\",\"potentialAction\":[{\"@type\":\"ReadAction\",\"target\":[\"https:\/\/www.academiabuenosaires.com\/de\/buenos-aires-argentinien\/\"]}]},{\"@type\":\"BreadcrumbList\",\"@id\":\"https:\/\/www.academiabuenosaires.com\/de\/buenos-aires-argentinien\/#breadcrumb\",\"itemListElement\":[{\"@type\":\"ListItem\",\"position\":1,\"name\":\"Home\",\"item\":\"https:\/\/www.academiabuenosaires.com\/de\/\"},{\"@type\":\"ListItem\",\"position\":2,\"name\":\"Buenos Aires &#038; Argentinien\"}]},{\"@type\":\"WebSite\",\"@id\":\"https:\/\/www.academiabuenosaires.com\/de\/#website\",\"url\":\"https:\/\/www.academiabuenosaires.com\/de\/\",\"name\":\"Academia Buenos Aires\",\"description\":\"spanish courses\",\"potentialAction\":[{\"@type\":\"SearchAction\",\"target\":{\"@type\":\"EntryPoint\",\"urlTemplate\":\"https:\/\/www.academiabuenosaires.com\/de\/?s={search_term_string}\"},\"query-input\":{\"@type\":\"PropertyValueSpecification\",\"valueRequired\":true,\"valueName\":\"search_term_string\"}}],\"inLanguage\":\"de-DE\"}]}<\/script>\n<!-- \/ Yoast SEO plugin. -->","yoast_head_json":{"title":"Buenos Aires & Argentinien - Academia Buenos Aires","robots":{"index":"index","follow":"follow","max-snippet":"max-snippet:-1","max-image-preview":"max-image-preview:large","max-video-preview":"max-video-preview:-1"},"canonical":"https:\/\/www.academiabuenosaires.com\/de\/buenos-aires-argentinien\/","og_locale":"de_DE","og_type":"article","og_title":"Buenos Aires & Argentinien - Academia Buenos Aires","og_description":"So\u2026Sie suchen also nach Informationen \u00fcber Buenos Aires und Argentinien? Nun, da sind Sie hier richtig am Platz. Links sehen Sie eine Karte von Argentinien und seinen Regionen. Streichen Sie einfach mit der Mouse dr\u00fcber und bekommen Sie einen ersten Eindruck. Im Men\u00fc oben finden Sie den Zugang zu genaueren Beschreibungen von kurzen und l\u00e4ngeren [&hellip;]","og_url":"https:\/\/www.academiabuenosaires.com\/de\/buenos-aires-argentinien\/","og_site_name":"Academia Buenos Aires","article_modified_time":"2013-11-16T02:14:44+00:00","schema":{"@context":"https:\/\/schema.org","@graph":[{"@type":"WebPage","@id":"https:\/\/www.academiabuenosaires.com\/de\/buenos-aires-argentinien\/","url":"https:\/\/www.academiabuenosaires.com\/de\/buenos-aires-argentinien\/","name":"Buenos Aires & Argentinien - Academia Buenos Aires","isPartOf":{"@id":"https:\/\/www.academiabuenosaires.com\/de\/#website"},"datePublished":"2013-10-23T21:26:02+00:00","dateModified":"2013-11-16T02:14:44+00:00","breadcrumb":{"@id":"https:\/\/www.academiabuenosaires.com\/de\/buenos-aires-argentinien\/#breadcrumb"},"inLanguage":"de-DE","potentialAction":[{"@type":"ReadAction","target":["https:\/\/www.academiabuenosaires.com\/de\/buenos-aires-argentinien\/"]}]},{"@type":"BreadcrumbList","@id":"https:\/\/www.academiabuenosaires.com\/de\/buenos-aires-argentinien\/#breadcrumb","itemListElement":[{"@type":"ListItem","position":1,"name":"Home","item":"https:\/\/www.academiabuenosaires.com\/de\/"},{"@type":"ListItem","position":2,"name":"Buenos Aires &#038; Argentinien"}]},{"@type":"WebSite","@id":"https:\/\/www.academiabuenosaires.com\/de\/#website","url":"https:\/\/www.academiabuenosaires.com\/de\/","name":"Academia Buenos Aires","description":"spanish courses","potentialAction":[{"@type":"SearchAction","target":{"@type":"EntryPoint","urlTemplate":"https:\/\/www.academiabuenosaires.com\/de\/?s={search_term_string}"},"query-input":{"@type":"PropertyValueSpecification","valueRequired":true,"valueName":"search_term_string"}}],"inLanguage":"de-DE"}]}},"_links":{"self":[{"href":"https:\/\/www.academiabuenosaires.com\/de\/wp-json\/wp\/v2\/pages\/2786","targetHints":{"allow":["GET"]}}],"collection":[{"href":"https:\/\/www.academiabuenosaires.com\/de\/wp-json\/wp\/v2\/pages"}],"about":[{"href":"https:\/\/www.academiabuenosaires.com\/de\/wp-json\/wp\/v2\/types\/page"}],"author":[{"embeddable":true,"href":"https:\/\/www.academiabuenosaires.com\/de\/wp-json\/wp\/v2\/users\/5"}],"replies":[{"embeddable":true,"href":"https:\/\/www.academiabuenosaires.com\/de\/wp-json\/wp\/v2\/comments?post=2786"}],"version-history":[{"count":0,"href":"https:\/\/www.academiabuenosaires.com\/de\/wp-json\/wp\/v2\/pages\/2786\/revisions"}],"wp:attachment":[{"href":"https:\/\/www.academiabuenosaires.com\/de\/wp-json\/wp\/v2\/media?parent=2786"}],"curies":[{"name":"wp","href":"https:\/\/api.w.org\/{rel}","templated":true}]}}