
{"id":2522,"date":"2013-10-08T15:30:48","date_gmt":"2013-10-08T15:30:48","guid":{"rendered":"https:\/\/www.academiabuenosaires.com\/?page_id=2522"},"modified":"2013-11-16T02:39:37","modified_gmt":"2013-11-16T02:39:37","slug":"gruppen-und-agenturen","status":"publish","type":"page","link":"https:\/\/www.academiabuenosaires.com\/de\/gruppen-und-agenturen\/","title":{"rendered":"Agenturen"},"content":{"rendered":"<p><b>Academia Buenos Aires ist Ihr Partner f\u00fcr hochwertige Sprachreiseprogramme und Gruppenreisen in Argentinien.<\/b> Seit vielen Jahren bieten wir Sprachreiseprogramme an und wissen worauf es ankommt. Mit unserem pers\u00f6nlichen und professionellen Ansatz warden wir Ihren hohen Anspr\u00fcchen gerecht. Wir versuchen immer, die genauen Bed\u00fcrfnisse unserer Kunden zu verstehen und darauf aufbauend herausragende Sprachaufenthalte f\u00fcr Erwachsene und Jugendliche zu organisieren. In der Tat haben wir unterschiedliche Programme f\u00fcr unterschiedliche Altersgruppen und unterschiedliche Herkunftsl\u00e4nder. Unsere Studenten kommen aus der ganzen Welt und viele sind auch bereit, als Referenz zu dienen.<\/p>\n","protected":false},"excerpt":{"rendered":"<p>Academia Buenos Aires ist Ihr Partner f\u00fcr hochwertige Sprachreiseprogramme und Gruppenreisen in Argentinien. Seit vielen Jahren bieten wir Sprachreiseprogramme an und wissen worauf es ankommt. Mit unserem pers\u00f6nlichen und professionellen Ansatz warden wir Ihren hohen Anspr\u00fcchen gerecht. Wir versuchen immer, die genauen Bed\u00fcrfnisse unserer Kunden zu verstehen und darauf aufbauend herausragende Sprachaufenthalte f\u00fcr Erwachsene und [&hellip;]<\/p>\n","protected":false},"author":5,"featured_media":0,"parent":0,"menu_order":38,"comment_status":"closed","ping_status":"closed","template":"","meta":{"footnotes":""},"class_list":["post-2522","page","type-page","status-publish","hentry","entry"],"yoast_head":"<!-- This site is optimized with the Yoast SEO plugin v26.0 - https:\/\/yoast.com\/wordpress\/plugins\/seo\/ -->\n<title>Agenturen - Academia Buenos Aires<\/title>\n<meta name=\"robots\" content=\"index, follow, max-snippet:-1, max-image-preview:large, max-video-preview:-1\" \/>\n<link rel=\"canonical\" href=\"https:\/\/www.academiabuenosaires.com\/de\/gruppen-und-agenturen\/\" \/>\n<meta property=\"og:locale\" content=\"de_DE\" \/>\n<meta property=\"og:type\" content=\"article\" \/>\n<meta property=\"og:title\" content=\"Agenturen - Academia Buenos Aires\" \/>\n<meta property=\"og:description\" content=\"Academia Buenos Aires ist Ihr Partner f\u00fcr hochwertige Sprachreiseprogramme und Gruppenreisen in Argentinien. Seit vielen Jahren bieten wir Sprachreiseprogramme an und wissen worauf es ankommt. Mit unserem pers\u00f6nlichen und professionellen Ansatz warden wir Ihren hohen Anspr\u00fcchen gerecht. Wir versuchen immer, die genauen Bed\u00fcrfnisse unserer Kunden zu verstehen und darauf aufbauend herausragende Sprachaufenthalte f\u00fcr Erwachsene und [&hellip;]\" \/>\n<meta property=\"og:url\" content=\"https:\/\/www.academiabuenosaires.com\/de\/gruppen-und-agenturen\/\" \/>\n<meta property=\"og:site_name\" content=\"Academia Buenos Aires\" \/>\n<meta property=\"article:modified_time\" content=\"2013-11-16T02:39:37+00:00\" \/>\n<script type=\"application\/ld+json\" class=\"yoast-schema-graph\">{\"@context\":\"https:\/\/schema.org\",\"@graph\":[{\"@type\":\"WebPage\",\"@id\":\"https:\/\/www.academiabuenosaires.com\/de\/gruppen-und-agenturen\/\",\"url\":\"https:\/\/www.academiabuenosaires.com\/de\/gruppen-und-agenturen\/\",\"name\":\"Agenturen - Academia Buenos Aires\",\"isPartOf\":{\"@id\":\"https:\/\/www.academiabuenosaires.com\/de\/#website\"},\"datePublished\":\"2013-10-08T15:30:48+00:00\",\"dateModified\":\"2013-11-16T02:39:37+00:00\",\"breadcrumb\":{\"@id\":\"https:\/\/www.academiabuenosaires.com\/de\/gruppen-und-agenturen\/#breadcrumb\"},\"inLanguage\":\"de-DE\",\"potentialAction\":[{\"@type\":\"ReadAction\",\"target\":[\"https:\/\/www.academiabuenosaires.com\/de\/gruppen-und-agenturen\/\"]}]},{\"@type\":\"BreadcrumbList\",\"@id\":\"https:\/\/www.academiabuenosaires.com\/de\/gruppen-und-agenturen\/#breadcrumb\",\"itemListElement\":[{\"@type\":\"ListItem\",\"position\":1,\"name\":\"Home\",\"item\":\"https:\/\/www.academiabuenosaires.com\/de\/\"},{\"@type\":\"ListItem\",\"position\":2,\"name\":\"Agenturen\"}]},{\"@type\":\"WebSite\",\"@id\":\"https:\/\/www.academiabuenosaires.com\/de\/#website\",\"url\":\"https:\/\/www.academiabuenosaires.com\/de\/\",\"name\":\"Academia Buenos Aires\",\"description\":\"spanish courses\",\"potentialAction\":[{\"@type\":\"SearchAction\",\"target\":{\"@type\":\"EntryPoint\",\"urlTemplate\":\"https:\/\/www.academiabuenosaires.com\/de\/?s={search_term_string}\"},\"query-input\":{\"@type\":\"PropertyValueSpecification\",\"valueRequired\":true,\"valueName\":\"search_term_string\"}}],\"inLanguage\":\"de-DE\"}]}<\/script>\n<!-- \/ Yoast SEO plugin. -->","yoast_head_json":{"title":"Agenturen - Academia Buenos Aires","robots":{"index":"index","follow":"follow","max-snippet":"max-snippet:-1","max-image-preview":"max-image-preview:large","max-video-preview":"max-video-preview:-1"},"canonical":"https:\/\/www.academiabuenosaires.com\/de\/gruppen-und-agenturen\/","og_locale":"de_DE","og_type":"article","og_title":"Agenturen - Academia Buenos Aires","og_description":"Academia Buenos Aires ist Ihr Partner f\u00fcr hochwertige Sprachreiseprogramme und Gruppenreisen in Argentinien. Seit vielen Jahren bieten wir Sprachreiseprogramme an und wissen worauf es ankommt. Mit unserem pers\u00f6nlichen und professionellen Ansatz warden wir Ihren hohen Anspr\u00fcchen gerecht. Wir versuchen immer, die genauen Bed\u00fcrfnisse unserer Kunden zu verstehen und darauf aufbauend herausragende Sprachaufenthalte f\u00fcr Erwachsene und [&hellip;]","og_url":"https:\/\/www.academiabuenosaires.com\/de\/gruppen-und-agenturen\/","og_site_name":"Academia Buenos Aires","article_modified_time":"2013-11-16T02:39:37+00:00","schema":{"@context":"https:\/\/schema.org","@graph":[{"@type":"WebPage","@id":"https:\/\/www.academiabuenosaires.com\/de\/gruppen-und-agenturen\/","url":"https:\/\/www.academiabuenosaires.com\/de\/gruppen-und-agenturen\/","name":"Agenturen - Academia Buenos Aires","isPartOf":{"@id":"https:\/\/www.academiabuenosaires.com\/de\/#website"},"datePublished":"2013-10-08T15:30:48+00:00","dateModified":"2013-11-16T02:39:37+00:00","breadcrumb":{"@id":"https:\/\/www.academiabuenosaires.com\/de\/gruppen-und-agenturen\/#breadcrumb"},"inLanguage":"de-DE","potentialAction":[{"@type":"ReadAction","target":["https:\/\/www.academiabuenosaires.com\/de\/gruppen-und-agenturen\/"]}]},{"@type":"BreadcrumbList","@id":"https:\/\/www.academiabuenosaires.com\/de\/gruppen-und-agenturen\/#breadcrumb","itemListElement":[{"@type":"ListItem","position":1,"name":"Home","item":"https:\/\/www.academiabuenosaires.com\/de\/"},{"@type":"ListItem","position":2,"name":"Agenturen"}]},{"@type":"WebSite","@id":"https:\/\/www.academiabuenosaires.com\/de\/#website","url":"https:\/\/www.academiabuenosaires.com\/de\/","name":"Academia Buenos Aires","description":"spanish courses","potentialAction":[{"@type":"SearchAction","target":{"@type":"EntryPoint","urlTemplate":"https:\/\/www.academiabuenosaires.com\/de\/?s={search_term_string}"},"query-input":{"@type":"PropertyValueSpecification","valueRequired":true,"valueName":"search_term_string"}}],"inLanguage":"de-DE"}]}},"_links":{"self":[{"href":"https:\/\/www.academiabuenosaires.com\/de\/wp-json\/wp\/v2\/pages\/2522","targetHints":{"allow":["GET"]}}],"collection":[{"href":"https:\/\/www.academiabuenosaires.com\/de\/wp-json\/wp\/v2\/pages"}],"about":[{"href":"https:\/\/www.academiabuenosaires.com\/de\/wp-json\/wp\/v2\/types\/page"}],"author":[{"embeddable":true,"href":"https:\/\/www.academiabuenosaires.com\/de\/wp-json\/wp\/v2\/users\/5"}],"replies":[{"embeddable":true,"href":"https:\/\/www.academiabuenosaires.com\/de\/wp-json\/wp\/v2\/comments?post=2522"}],"version-history":[{"count":0,"href":"https:\/\/www.academiabuenosaires.com\/de\/wp-json\/wp\/v2\/pages\/2522\/revisions"}],"wp:attachment":[{"href":"https:\/\/www.academiabuenosaires.com\/de\/wp-json\/wp\/v2\/media?parent=2522"}],"curies":[{"name":"wp","href":"https:\/\/api.w.org\/{rel}","templated":true}]}}