
{"id":1633,"date":"2013-10-03T12:50:04","date_gmt":"2013-10-03T12:50:04","guid":{"rendered":"https:\/\/www.academiabuenosaires.com\/?page_id=1633"},"modified":"2014-04-21T15:07:38","modified_gmt":"2014-04-21T18:07:38","slug":"freiwilligenarbeit","status":"publish","type":"page","link":"https:\/\/www.academiabuenosaires.com\/de\/freiwilligenarbeit\/","title":{"rendered":"Freiwilligenarbeit"},"content":{"rendered":"<p>Academia Buenos Aires bietet die M\u00f6glichkeit, einen Sprachkurs an unserer Academia mit anschlie\u00dfender Freiwilligenarbeit zu kombinieren. Sie k\u00f6nnen mit verschiedenen Organisationen und Projekten in Buenos Aires zusammenarbeiten, die Menschen aus verschiedenen Sektoren und mit unterschiedlichen Problematiken helfen. Teilen Sie Ihre Zeit, Ideen und F\u00e4higkeiten mit den Menschen in Argentinien und erleben Sie so auf eine besondere Art und Weise ihre Kultur!<\/p>\n<p><a href=\"https:\/\/www.academiabuenosaires.com\/wp-content\/uploads\/2013\/09\/volunteering.jpg\"><img loading=\"lazy\" decoding=\"async\" class=\"aligncenter size-full wp-image-2447\" src=\"https:\/\/www.academiabuenosaires.com\/wp-content\/uploads\/2013\/09\/volunteering.jpg\" alt=\"volunteering\" width=\"744\" height=\"493\" srcset=\"https:\/\/www.academiabuenosaires.com\/wp-content\/uploads\/2013\/09\/volunteering.jpg 744w, https:\/\/www.academiabuenosaires.com\/wp-content\/uploads\/2013\/09\/volunteering-160x106.jpg 160w, https:\/\/www.academiabuenosaires.com\/wp-content\/uploads\/2013\/09\/volunteering-338x223.jpg 338w\" sizes=\"auto, (max-width: 744px) 100vw, 744px\" \/><\/a> Wir betrachten die Freiwilligenarbeit als einen (Erfahrungs-)Austausch: Der Freiwillige bringt seine Arbeit ein und die Menschen in den unterst\u00fctzten Projekten bieten ihm einen Platz, um Erfahrungen auszutauschen. Einen Freiwilligen zu empfangen, bedeutet, sich Zeit zu nehmen, um ihn in die Routine zu integrieren und ihn eine andere Lebensweise kennenlernen zu lassen. Freiwilliger zu sein ist f\u00fcr uns keine Wohlt\u00e4tigkeitshandlung, sondern bedeutet bereit zu sein, andere Kulturen kennenzulernen und zu respektieren.<\/p>\n<p>Academia Buenos Aires arbeitet mit verschiedenen Organisationen zusammen.\u00a0In keinem Fall m\u00fcssen Sie eine Geb\u00fchr f\u00fcr die Organisation\/ Vermittlung bezahlen. Wenn die Organisationen einen finanziellen Beitrag fordern, \u00fcbernimmt Academia Buenos Aires die entsprechende Zahlung. Der <a title=\"Intensivkurs Spanisch\" href=\"https:\/\/www.academiabuenosaires.com\/de\/courses\/intensivkurs-spanisch\/\" target=\"_blank\">Sprachkurs<\/a> muss jedoch \u00fcber einen Zeitraum von mindestens 3 Wochen erfolgen.\u00a0Sie m\u00fcssen \u00fcber ausreichende Spanischkenntnisse verf\u00fcgen, um sich mit den Menschen in den Projekten verst\u00e4ndigen zu k\u00f6nnen. Vorrausgesetzt wird mindestens <a title=\"niveaustufen\" href=\"https:\/\/www.academiabuenosaires.com\/de\/kurse-und-preise\/niveaustufen\/\" target=\"_blank\">Niveaustufe 4<\/a>. Unser\u00a0Freiwilligenprogramm\u00a0ist f\u00fcr alle Menschen gedacht, die bereit sind, ihre Zeit f\u00fcr einen\u00a0Mindestdauer von 4 Wochen\u00a0anzubieten und es besteht keine\u00a0Alterseinschr\u00e4nkung. Es gibt keinen besseren Weg Spanisch anzuwenden und zu verbessern und gleichzeitig in eine andere Kultur einzutauchen! Wenn Sie mit uns das erste Mal in Kontakt treten, erkl\u00e4ren Sie uns, was Sie suchen, an welchem Bereich der Sozialarbeit Sie interessiert sind und welche Erwartungen Sie haben. Hinsichtlich des Spanischunterrichts, k\u00f6nnen Sie online einen Einstufungstest machen, der sp\u00e4ter bei Ankunft in einer m\u00fcndlichen Pr\u00fcfung best\u00e4tigt wird. Je nach Wunsch k\u00f6nnen Sie entweder Einzelunterricht nehmen oder werden einer Klasse Ihres Niveaus zugeteilt. Sie k\u00f6nnen uns auch Ihre Unterkunftsw\u00fcnsche mitteilen, wir helfen Ihnen gerne etwas Geeignetes zu finden.<\/p>\n<p>Das Freiwilligenprogramm beginnt in der Regel mit einem Orientierungstag, an dem Sie zum Projekt fahren, in dem Sie arbeiten werden. Danach werden Sie einer Aufgabe zugeteilt, abh\u00e4ngig vom Bedarf der Organisation, Ihrer Verf\u00fcgbarkeit, erreichten Spanischkenntnissen und Interessensgebieten. Welche Aufgaben k\u00f6nnen Sie als Freiwilliger ausf\u00fchren? Selbstverst\u00e4ndlich h\u00e4ngt die Antwort von der jeweiligen Organisation ab, mit der wir Ihren Aufenthalt organisieren. M\u00f6gliche Aufgaben(gebiete) sind: Bildungs-, Nachhilfe-und Freizeitprogramme f\u00fcr Kinder und Jugendliche, Umweltschutzkampagnen, Organisieren und Durchf\u00fchren von Englisch-, Kunst und Computer-Workshops, das Bauen von H\u00e4usern f\u00fcr sozial-benachteiligte Familien, \u00dcbersetzungen, Hilfe in Suppenk\u00fcchen, Arbeit in Waisenh\u00e4usern, mit Strassenkindern, etc. Beachten Sie: Je besser die Spanischkenntnisse, umso leichter ist die Kommunikation mit den Menschen mit denen Sie arbeiten und umso anspruchsvollere Aufgaben bekommen Sie. Dies gilt f\u00fcr alle unsere Freiwilligent\u00e4tigkeiten! Wir erwarten Sie, Ihre Hilfe ist n\u00f6tig.\u00a0Wichtig! Academia Buenos Aires\u00a0vermittelt ausschlie\u00dflich den Kontakt zu ausgew\u00e4hlten Projekten und hilft bei Anfragen oder Problemen. Haftung durch Academia Buenos Aires ist ausgeschlossen. F\u00fcr die Organisation von Versicherungen, Fl\u00fcgen, Unterkunft, Verpflegung, Visum und sonstigen organisatorischen Dingen ist der Freiwillige\u00a0selbst verantwortlich, ebenso wie f\u00fcr die pers\u00f6nliche Sicherheit.<\/p>\n","protected":false},"excerpt":{"rendered":"<p>Academia Buenos Aires bietet die M\u00f6glichkeit, einen Sprachkurs an unserer Academia mit anschlie\u00dfender Freiwilligenarbeit zu kombinieren. Sie k\u00f6nnen mit verschiedenen Organisationen und Projekten in Buenos Aires zusammenarbeiten, die Menschen aus verschiedenen Sektoren und mit unterschiedlichen Problematiken helfen. Teilen Sie Ihre Zeit, Ideen und F\u00e4higkeiten mit den Menschen in Argentinien und erleben Sie so auf eine [&hellip;]<\/p>\n","protected":false},"author":5,"featured_media":0,"parent":0,"menu_order":38,"comment_status":"closed","ping_status":"closed","template":"","meta":{"footnotes":""},"class_list":["post-1633","page","type-page","status-publish","hentry","entry"],"yoast_head":"<!-- This site is optimized with the Yoast SEO plugin v26.0 - https:\/\/yoast.com\/wordpress\/plugins\/seo\/ -->\n<title>Freiwilligenarbeit - Academia Buenos Aires<\/title>\n<meta name=\"robots\" content=\"index, follow, max-snippet:-1, max-image-preview:large, max-video-preview:-1\" \/>\n<link rel=\"canonical\" href=\"https:\/\/www.academiabuenosaires.com\/de\/freiwilligenarbeit\/\" \/>\n<meta property=\"og:locale\" content=\"de_DE\" \/>\n<meta property=\"og:type\" content=\"article\" \/>\n<meta property=\"og:title\" content=\"Freiwilligenarbeit - Academia Buenos Aires\" \/>\n<meta property=\"og:description\" content=\"Academia Buenos Aires bietet die M\u00f6glichkeit, einen Sprachkurs an unserer Academia mit anschlie\u00dfender Freiwilligenarbeit zu kombinieren. Sie k\u00f6nnen mit verschiedenen Organisationen und Projekten in Buenos Aires zusammenarbeiten, die Menschen aus verschiedenen Sektoren und mit unterschiedlichen Problematiken helfen. Teilen Sie Ihre Zeit, Ideen und F\u00e4higkeiten mit den Menschen in Argentinien und erleben Sie so auf eine [&hellip;]\" \/>\n<meta property=\"og:url\" content=\"https:\/\/www.academiabuenosaires.com\/de\/freiwilligenarbeit\/\" \/>\n<meta property=\"og:site_name\" content=\"Academia Buenos Aires\" \/>\n<meta property=\"article:modified_time\" content=\"2014-04-21T18:07:38+00:00\" \/>\n<meta property=\"og:image\" content=\"https:\/\/www.academiabuenosaires.com\/wp-content\/uploads\/2013\/09\/volunteering.jpg\" \/>\n<meta name=\"twitter:label1\" content=\"Est. reading time\" \/>\n\t<meta name=\"twitter:data1\" content=\"3 Minuten\" \/>\n<script type=\"application\/ld+json\" class=\"yoast-schema-graph\">{\"@context\":\"https:\/\/schema.org\",\"@graph\":[{\"@type\":\"WebPage\",\"@id\":\"https:\/\/www.academiabuenosaires.com\/de\/freiwilligenarbeit\/\",\"url\":\"https:\/\/www.academiabuenosaires.com\/de\/freiwilligenarbeit\/\",\"name\":\"Freiwilligenarbeit - Academia Buenos Aires\",\"isPartOf\":{\"@id\":\"https:\/\/www.academiabuenosaires.com\/de\/#website\"},\"primaryImageOfPage\":{\"@id\":\"https:\/\/www.academiabuenosaires.com\/de\/freiwilligenarbeit\/#primaryimage\"},\"image\":{\"@id\":\"https:\/\/www.academiabuenosaires.com\/de\/freiwilligenarbeit\/#primaryimage\"},\"thumbnailUrl\":\"https:\/\/www.academiabuenosaires.com\/wp-content\/uploads\/2013\/09\/volunteering.jpg\",\"datePublished\":\"2013-10-03T12:50:04+00:00\",\"dateModified\":\"2014-04-21T18:07:38+00:00\",\"breadcrumb\":{\"@id\":\"https:\/\/www.academiabuenosaires.com\/de\/freiwilligenarbeit\/#breadcrumb\"},\"inLanguage\":\"de-DE\",\"potentialAction\":[{\"@type\":\"ReadAction\",\"target\":[\"https:\/\/www.academiabuenosaires.com\/de\/freiwilligenarbeit\/\"]}]},{\"@type\":\"ImageObject\",\"inLanguage\":\"de-DE\",\"@id\":\"https:\/\/www.academiabuenosaires.com\/de\/freiwilligenarbeit\/#primaryimage\",\"url\":\"https:\/\/www.academiabuenosaires.com\/wp-content\/uploads\/2013\/09\/volunteering.jpg\",\"contentUrl\":\"https:\/\/www.academiabuenosaires.com\/wp-content\/uploads\/2013\/09\/volunteering.jpg\"},{\"@type\":\"BreadcrumbList\",\"@id\":\"https:\/\/www.academiabuenosaires.com\/de\/freiwilligenarbeit\/#breadcrumb\",\"itemListElement\":[{\"@type\":\"ListItem\",\"position\":1,\"name\":\"Home\",\"item\":\"https:\/\/www.academiabuenosaires.com\/de\/\"},{\"@type\":\"ListItem\",\"position\":2,\"name\":\"Freiwilligenarbeit\"}]},{\"@type\":\"WebSite\",\"@id\":\"https:\/\/www.academiabuenosaires.com\/de\/#website\",\"url\":\"https:\/\/www.academiabuenosaires.com\/de\/\",\"name\":\"Academia Buenos Aires\",\"description\":\"spanish courses\",\"potentialAction\":[{\"@type\":\"SearchAction\",\"target\":{\"@type\":\"EntryPoint\",\"urlTemplate\":\"https:\/\/www.academiabuenosaires.com\/de\/?s={search_term_string}\"},\"query-input\":{\"@type\":\"PropertyValueSpecification\",\"valueRequired\":true,\"valueName\":\"search_term_string\"}}],\"inLanguage\":\"de-DE\"}]}<\/script>\n<!-- \/ Yoast SEO plugin. -->","yoast_head_json":{"title":"Freiwilligenarbeit - Academia Buenos Aires","robots":{"index":"index","follow":"follow","max-snippet":"max-snippet:-1","max-image-preview":"max-image-preview:large","max-video-preview":"max-video-preview:-1"},"canonical":"https:\/\/www.academiabuenosaires.com\/de\/freiwilligenarbeit\/","og_locale":"de_DE","og_type":"article","og_title":"Freiwilligenarbeit - Academia Buenos Aires","og_description":"Academia Buenos Aires bietet die M\u00f6glichkeit, einen Sprachkurs an unserer Academia mit anschlie\u00dfender Freiwilligenarbeit zu kombinieren. Sie k\u00f6nnen mit verschiedenen Organisationen und Projekten in Buenos Aires zusammenarbeiten, die Menschen aus verschiedenen Sektoren und mit unterschiedlichen Problematiken helfen. Teilen Sie Ihre Zeit, Ideen und F\u00e4higkeiten mit den Menschen in Argentinien und erleben Sie so auf eine [&hellip;]","og_url":"https:\/\/www.academiabuenosaires.com\/de\/freiwilligenarbeit\/","og_site_name":"Academia Buenos Aires","article_modified_time":"2014-04-21T18:07:38+00:00","og_image":[{"url":"https:\/\/www.academiabuenosaires.com\/wp-content\/uploads\/2013\/09\/volunteering.jpg","type":"","width":"","height":""}],"twitter_misc":{"Est. reading time":"3 Minuten"},"schema":{"@context":"https:\/\/schema.org","@graph":[{"@type":"WebPage","@id":"https:\/\/www.academiabuenosaires.com\/de\/freiwilligenarbeit\/","url":"https:\/\/www.academiabuenosaires.com\/de\/freiwilligenarbeit\/","name":"Freiwilligenarbeit - Academia Buenos Aires","isPartOf":{"@id":"https:\/\/www.academiabuenosaires.com\/de\/#website"},"primaryImageOfPage":{"@id":"https:\/\/www.academiabuenosaires.com\/de\/freiwilligenarbeit\/#primaryimage"},"image":{"@id":"https:\/\/www.academiabuenosaires.com\/de\/freiwilligenarbeit\/#primaryimage"},"thumbnailUrl":"https:\/\/www.academiabuenosaires.com\/wp-content\/uploads\/2013\/09\/volunteering.jpg","datePublished":"2013-10-03T12:50:04+00:00","dateModified":"2014-04-21T18:07:38+00:00","breadcrumb":{"@id":"https:\/\/www.academiabuenosaires.com\/de\/freiwilligenarbeit\/#breadcrumb"},"inLanguage":"de-DE","potentialAction":[{"@type":"ReadAction","target":["https:\/\/www.academiabuenosaires.com\/de\/freiwilligenarbeit\/"]}]},{"@type":"ImageObject","inLanguage":"de-DE","@id":"https:\/\/www.academiabuenosaires.com\/de\/freiwilligenarbeit\/#primaryimage","url":"https:\/\/www.academiabuenosaires.com\/wp-content\/uploads\/2013\/09\/volunteering.jpg","contentUrl":"https:\/\/www.academiabuenosaires.com\/wp-content\/uploads\/2013\/09\/volunteering.jpg"},{"@type":"BreadcrumbList","@id":"https:\/\/www.academiabuenosaires.com\/de\/freiwilligenarbeit\/#breadcrumb","itemListElement":[{"@type":"ListItem","position":1,"name":"Home","item":"https:\/\/www.academiabuenosaires.com\/de\/"},{"@type":"ListItem","position":2,"name":"Freiwilligenarbeit"}]},{"@type":"WebSite","@id":"https:\/\/www.academiabuenosaires.com\/de\/#website","url":"https:\/\/www.academiabuenosaires.com\/de\/","name":"Academia Buenos Aires","description":"spanish courses","potentialAction":[{"@type":"SearchAction","target":{"@type":"EntryPoint","urlTemplate":"https:\/\/www.academiabuenosaires.com\/de\/?s={search_term_string}"},"query-input":{"@type":"PropertyValueSpecification","valueRequired":true,"valueName":"search_term_string"}}],"inLanguage":"de-DE"}]}},"_links":{"self":[{"href":"https:\/\/www.academiabuenosaires.com\/de\/wp-json\/wp\/v2\/pages\/1633","targetHints":{"allow":["GET"]}}],"collection":[{"href":"https:\/\/www.academiabuenosaires.com\/de\/wp-json\/wp\/v2\/pages"}],"about":[{"href":"https:\/\/www.academiabuenosaires.com\/de\/wp-json\/wp\/v2\/types\/page"}],"author":[{"embeddable":true,"href":"https:\/\/www.academiabuenosaires.com\/de\/wp-json\/wp\/v2\/users\/5"}],"replies":[{"embeddable":true,"href":"https:\/\/www.academiabuenosaires.com\/de\/wp-json\/wp\/v2\/comments?post=1633"}],"version-history":[{"count":0,"href":"https:\/\/www.academiabuenosaires.com\/de\/wp-json\/wp\/v2\/pages\/1633\/revisions"}],"wp:attachment":[{"href":"https:\/\/www.academiabuenosaires.com\/de\/wp-json\/wp\/v2\/media?parent=1633"}],"curies":[{"name":"wp","href":"https:\/\/api.w.org\/{rel}","templated":true}]}}